{"id":2167,"date":"2018-08-07T11:45:56","date_gmt":"2018-08-07T09:45:56","guid":{"rendered":"http:\/\/agora.xtec.cat\/zer-baixmontseny\/?page_id=2167"},"modified":"2021-06-04T10:27:28","modified_gmt":"2021-06-04T08:27:28","slug":"el-montseny-a-lescola","status":"publish","type":"page","link":"https:\/\/agora.xtec.cat\/zer-baixmontseny\/escola-beta\/projectes\/el-montseny-a-lescola\/","title":{"rendered":"El Montseny a l&#8217;escola"},"content":{"rendered":"<p><strong>SORTIDES 2021 :<\/strong>Dimecres 24 de febrer CS.- Estudiem un espai acotat del bosc.\u00a0 \u00a0 \u00a0 \u00a0 \u00a0 \u00a0 <a href=\"https:\/\/agora.xtec.cat\/zer-baixmontseny\/wp-content\/uploads\/usu1001\/2021\/06\/2021-06-04-10_16_53-El-Montseny-a-lescola.png\"><img loading=\"lazy\" decoding=\"async\" class=\"size-full wp-image-4910 alignleft\" src=\"https:\/\/agora.xtec.cat\/zer-baixmontseny\/wp-content\/uploads\/usu1001\/2021\/06\/2021-06-04-10_16_53-El-Montseny-a-lescola.png\" alt=\"\" width=\"144\" height=\"146\" \/><\/a><br \/>\nDimecres 10 de mar\u00e7 Cicle inicial.- anem a visitar un hort.<br \/>\nCicle mitj\u00e0- els animals del riu.<br \/>\nDimecres 14 d&#8217;abril Cicle mitj\u00e0 &#8211; el bosc de ribera<br \/>\nDivendres 16 d&#8217;abril &#8211; La Resclosa de Can Benet.<\/p>\n<p>&nbsp;<\/p>\n<p style=\"text-align: justify;\"><a href=\"http:\/\/www.elmontsenyalescola.cat\/\" target=\"_blank\" rel=\"noopener noreferrer\">\u00abEl Montseny a l\u2019escola\u00bb<\/a> \u00e9s un programa d\u2019educaci\u00f3 ambiental que pret\u00e9n apropar el Parc Natural i Reserva de la Biosfera del Montseny a la poblaci\u00f3 local. S\u2019adre\u00e7a a les escoles d\u2019educaci\u00f3 prim\u00e0ria dels municipis que integren l\u2019espai protegit.<\/p>\n<p style=\"text-align: justify;\">L\u2019objectiu b\u00e0sic del programa \u00e9s crear un recurs educatiu \u00fatil i compatible amb el curr\u00edculum escolar i contribuir al fet que els alumnes de prim\u00e0ria coneguin el seu entorn proper, apreci\u00efn el seu patrimoni, siguin conscients que el medi \u00e9s sensible a l\u2019acci\u00f3 humana i participin activament en la seva conservaci\u00f3 i millora.<\/p>\n<p style=\"text-align: justify;\">Un altre objectiu del programa \u00e9s que pugui servir de plataforma per compartir treballs i experi\u00e8ncies entre escoles dels municipis del Parc, educadors ambientals i els gestors del Parc. Amb aquest recurs tamb\u00e9 es vol fomentar la qualitat dels programes educatius que s\u2019hi desenvolupen.<\/p>\n<p style=\"text-align: justify;\">Aquest programa, tot i que s\u2019ha elaborat perqu\u00e8 qualsevol centre d\u2019educaci\u00f3 prim\u00e0ria pugui utilitzar totalment o parcialment aquest material did\u00e0ctic, s\u2019adre\u00e7a especialment a les escoles de prim\u00e0ria dels municipis que formen el Parc Natural i Reserva de la Biosfera del Montseny. En aquest sentit, per realitzar les activitats les escoles adherides al programa tenen el suport de l\u2019\u00f2rgan gestor del Parc i d\u2019entitats d\u2019educaci\u00f3 ambiental amb una dilatada experi\u00e8ncia educativa en l\u2019\u00e0mbit de l\u2019espai natural protegit.<\/p>\n<p style=\"text-align: justify;\">El programa \u00abEl Montseny a l\u2019escola\u00bb s\u2019ha elaborat a partir d\u2019una fonamentaci\u00f3 pedag\u00f2gica.<\/p>\n<p style=\"text-align: justify;\">L\u2019alumnat de Cicle Inicial treballa <a href=\"http:\/\/www.elmontsenyalescola.cat\/els-cicles\/el-montseny-i-la-pagesia\/\">El Montseny i la pagesia<\/a>.<\/p>\n<p><a href=\"https:\/\/agora.xtec.cat\/zer-baixmontseny\/wp-content\/uploads\/usu1001\/2021\/06\/pagesia.jpg\"><img loading=\"lazy\" decoding=\"async\" class=\"size-full wp-image-4911 alignleft\" src=\"https:\/\/agora.xtec.cat\/zer-baixmontseny\/wp-content\/uploads\/usu1001\/2021\/06\/pagesia.jpg\" alt=\"\" width=\"280\" height=\"139\" \/><\/a><\/p>\n<p>&nbsp;<\/p>\n<p>&nbsp;<\/p>\n<p>&nbsp;<\/p>\n<p>&nbsp;<\/p>\n<p style=\"text-align: justify;\">L\u2019alumnat de Cicle Mitj\u00e0 treballa <a href=\"https:\/\/sites.google.com\/a\/ceiplestelada.org\/montseny_i_laigua_cm_estelada\/\" target=\"_blank\" rel=\"noopener noreferrer\">El Montseny i l\u2019aigua<\/a>.<\/p>\n<p><a href=\"https:\/\/agora.xtec.cat\/zer-baixmontseny\/wp-content\/uploads\/usu1001\/2021\/06\/aigua.jpg\"><img loading=\"lazy\" decoding=\"async\" class=\"size-full wp-image-4912 alignleft\" src=\"https:\/\/agora.xtec.cat\/zer-baixmontseny\/wp-content\/uploads\/usu1001\/2021\/06\/aigua.jpg\" alt=\"\" width=\"280\" height=\"139\" \/><\/a><\/p>\n<p>&nbsp;<\/p>\n<p>&nbsp;<\/p>\n<p>&nbsp;<\/p>\n<p>&nbsp;<\/p>\n<p style=\"text-align: justify;\">L\u2019alumnat de Cicle Superior treballa <a href=\"http:\/\/www.elmontsenyalescola.cat\/els-cicles\/els-boscos-del-montseny\/\">El Montseny i els boscos<\/a>.<\/p>\n<p><a href=\"https:\/\/agora.xtec.cat\/zer-baixmontseny\/wp-content\/uploads\/usu1001\/2021\/06\/boscos.jpg\"><img loading=\"lazy\" decoding=\"async\" class=\"size-full wp-image-4913 alignleft\" src=\"https:\/\/agora.xtec.cat\/zer-baixmontseny\/wp-content\/uploads\/usu1001\/2021\/06\/boscos.jpg\" alt=\"\" width=\"280\" height=\"139\" \/><\/a><\/p>\n<p>&nbsp;<\/p>\n<p>&nbsp;<\/p>\n<p>&nbsp;<\/p>\n<p style=\"text-align: justify;\">\n","protected":false},"excerpt":{"rendered":"<p>SORTIDES 2021 :Dimecres 24 de febrer CS.- Estudiem un espai acotat del bosc.\u00a0 \u00a0 \u00a0 \u00a0 \u00a0 \u00a0 <a href=\"https:\/\/agora.xtec.cat\/zer-baixmontseny\/wp-content\/uploads\/usu1001\/2021\/06\/2021-06-04-10_16_53-El-Montseny-a-lescola.png\"><\/a><br \/>\nDimecres 10 de mar\u00e7 Cicle inicial.- anem a visitar un hort.<br \/>\nCicle mitj\u00e0- els animals del riu.<br \/>\nDimecres 14 d&#8217;abril Cicle mitj\u00e0 &#8211; el bosc de ribera<br \/>\nDivendres 16&hellip;  <a href=\"https:\/\/agora.xtec.cat\/zer-baixmontseny\/escola-beta\/projectes\/el-montseny-a-lescola\/\" title=\"Read El Montseny a l&#8217;escola\">Llegeix m\u00e9s\u00bb<\/a><\/p>\n","protected":false},"author":1,"featured_media":0,"parent":2138,"menu_order":0,"comment_status":"closed","ping_status":"closed","template":"page-templates\/side-menu.php","meta":{"_bbp_topic_count":0,"_bbp_reply_count":0,"_bbp_total_topic_count":0,"_bbp_total_reply_count":0,"_bbp_voice_count":0,"_bbp_anonymous_reply_count":0,"_bbp_topic_count_hidden":0,"_bbp_reply_count_hidden":0,"_bbp_forum_subforum_count":0,"footnotes":""},"class_list":["post-2167","page","type-page","status-publish","hentry"],"post_mailing_queue_ids":[],"_links":{"self":[{"href":"https:\/\/agora.xtec.cat\/zer-baixmontseny\/wp-json\/wp\/v2\/pages\/2167","targetHints":{"allow":["GET"]}}],"collection":[{"href":"https:\/\/agora.xtec.cat\/zer-baixmontseny\/wp-json\/wp\/v2\/pages"}],"about":[{"href":"https:\/\/agora.xtec.cat\/zer-baixmontseny\/wp-json\/wp\/v2\/types\/page"}],"author":[{"embeddable":true,"href":"https:\/\/agora.xtec.cat\/zer-baixmontseny\/wp-json\/wp\/v2\/users\/1"}],"replies":[{"embeddable":true,"href":"https:\/\/agora.xtec.cat\/zer-baixmontseny\/wp-json\/wp\/v2\/comments?post=2167"}],"version-history":[{"count":4,"href":"https:\/\/agora.xtec.cat\/zer-baixmontseny\/wp-json\/wp\/v2\/pages\/2167\/revisions"}],"predecessor-version":[{"id":4919,"href":"https:\/\/agora.xtec.cat\/zer-baixmontseny\/wp-json\/wp\/v2\/pages\/2167\/revisions\/4919"}],"up":[{"embeddable":true,"href":"https:\/\/agora.xtec.cat\/zer-baixmontseny\/wp-json\/wp\/v2\/pages\/2138"}],"wp:attachment":[{"href":"https:\/\/agora.xtec.cat\/zer-baixmontseny\/wp-json\/wp\/v2\/media?parent=2167"}],"curies":[{"name":"wp","href":"https:\/\/api.w.org\/{rel}","templated":true}]}}