{"id":1829,"date":"2017-11-29T22:02:34","date_gmt":"2017-11-29T21:02:34","guid":{"rendered":"http:\/\/agora.xtec.cat\/zer-baixmontseny\/?page_id=1829"},"modified":"2020-12-09T17:03:19","modified_gmt":"2020-12-09T16:03:19","slug":"ilec-el-gust-per-la-lectura","status":"publish","type":"page","link":"https:\/\/agora.xtec.cat\/zer-baixmontseny\/zer\/ilec-el-gust-per-la-lectura\/","title":{"rendered":"ILEC &#8211; EL GUST PER LA LECTURA"},"content":{"rendered":"<p><a href=\"https:\/\/agora.xtec.cat\/zer-baixmontseny\/wp-content\/uploads\/usu1001\/2020\/12\/ILEC-PT-1.png\"><img loading=\"lazy\" decoding=\"async\" class=\"alignleft size-large wp-image-4030\" src=\"https:\/\/agora.xtec.cat\/zer-baixmontseny\/wp-content\/uploads\/usu1001\/2020\/12\/ILEC-PT-1-592x1024.png\" alt=\"\" width=\"592\" height=\"1024\" srcset=\"https:\/\/agora.xtec.cat\/zer-baixmontseny\/wp-content\/uploads\/usu1001\/2020\/12\/ILEC-PT-1-592x1024.png 592w, https:\/\/agora.xtec.cat\/zer-baixmontseny\/wp-content\/uploads\/usu1001\/2020\/12\/ILEC-PT-1-173x300.png 173w, https:\/\/agora.xtec.cat\/zer-baixmontseny\/wp-content\/uploads\/usu1001\/2020\/12\/ILEC-PT-1-768x1328.png 768w, https:\/\/agora.xtec.cat\/zer-baixmontseny\/wp-content\/uploads\/usu1001\/2020\/12\/ILEC-PT-1.png 1184w\" sizes=\"auto, (max-width: 592px) 100vw, 592px\" \/><\/a><\/p>\n<p><img loading=\"lazy\" decoding=\"async\" class=\"alignleft size-large wp-image-3066\" src=\"https:\/\/agora.xtec.cat\/zer-baixmontseny\/wp-content\/uploads\/usu1001\/2019\/06\/INFO-ILECZER1-1024x793.png\" alt=\"\" width=\"1024\" height=\"793\" srcset=\"https:\/\/agora.xtec.cat\/zer-baixmontseny\/wp-content\/uploads\/usu1001\/2019\/06\/INFO-ILECZER1-1024x793.png 1024w, https:\/\/agora.xtec.cat\/zer-baixmontseny\/wp-content\/uploads\/usu1001\/2019\/06\/INFO-ILECZER1-300x232.png 300w, https:\/\/agora.xtec.cat\/zer-baixmontseny\/wp-content\/uploads\/usu1001\/2019\/06\/INFO-ILECZER1-768x594.png 768w, https:\/\/agora.xtec.cat\/zer-baixmontseny\/wp-content\/uploads\/usu1001\/2019\/06\/INFO-ILECZER1.png 1584w\" sizes=\"auto, (max-width: 1024px) 100vw, 1024px\" \/><\/p>\n<p>Enguany la ZER Baix Montseny ha comen\u00e7at la formaci\u00f3 ILEC.<\/p>\n<p>Una formaci\u00f3 que t\u00e9 una durada de tres anys i es fonamenta en els eixos i objectius seg\u00fcents:<\/p>\n<p><strong>Eixos:<\/strong><\/p>\n<ol>\n<li><strong>Saber llegir<\/strong><br \/>\nL&#8217;aprenentatge de la lectura com a desenvolupament de la capacitat de llegir, de comprendre i d&#8217;interpretar textos.<br \/>\nL&#8217;assoliment de les habilitats funcionals b\u00e0siques de lectura correspon al cicle inicial de l&#8217;educaci\u00f3 prim\u00e0ria i \u00e9s en aquest cicle on s&#8217;han de prendre les mesures de suport necess\u00e0ries amb els alumnes que hi presenten dificultats. Correspon als cicles posteriors continuar el treball de les estrat\u00e8gies lectores, adaptades a les necessitats de cada moment.<\/li>\n<li><strong>Llegir per aprendre<\/strong><br \/>\nL&#8217;\u00fas de la lectura per a l&#8217;aprenentatge. Els alumnes han de desenvolupar la seva responsabilitat en l&#8217;aprenentatge i tenir la capacitat d&#8217;utilitzar la lectura com a eina per a l&#8217;acc\u00e9s a la informaci\u00f3, la descoberta i l&#8217;ampliaci\u00f3 de coneixements, \u00e9s a dir, l&#8217;\u00fas de la lectura com a instrument d&#8217;aprenentatge en totes les \u00e0rees del curr\u00edculum.<\/li>\n<li><strong>Gust per llegir<\/strong><br \/>\nEl gust per llegir s&#8217;adquireix desenvolupant l&#8217;h\u00e0bit lector i fomentant la lectura sistem\u00e0tica en qualsevol suport, aprenent a reflexionar sobre el que s&#8217;ha llegit, sabent-ho explicar mitjan\u00e7ant evid\u00e8ncies orals o escrites i sabent-ho compartir.<\/li>\n<\/ol>\n<p><strong>Objectius generals<\/strong>:<\/p>\n<ol>\n<li>Millorar la compet\u00e8ncia lectora per augmentar el rendiment acad\u00e8mic de tots els alumnes i afavorir aix\u00ed l&#8217;\u00e8xit educatiu.<\/li>\n<li>\u00a0Aconseguir que els infants i joves assumeixin les seves responsabilitats com a aprenents aut\u00f2noms\u00a0 amb capacitat per accedir a la informaci\u00f3 i al coneixement, fent de la lectura l&#8217;eina per a l&#8217;aprenentatge en totes les \u00e0rees i mat\u00e8ries del curr\u00edculum.<\/li>\n<li>Formar bons lectors que gaudeixin i aprenguin llegint.<\/li>\n<\/ol>\n<p>&nbsp;<\/p>\n<p>&nbsp;<\/p>\n<p>&nbsp;<\/p>\n<p>&nbsp;<\/p>\n<p>&nbsp;<\/p>\n<p>&nbsp;<\/p>\n<p>&nbsp;<\/p>\n<p>&nbsp;<\/p>\n<p>&nbsp;<\/p>\n<p>&nbsp;<\/p>\n<p>&nbsp;<\/p>\n<p>&nbsp;<\/p>\n<p>&nbsp;<\/p>\n<p>&nbsp;<\/p>\n<p>&nbsp;<\/p>\n<p>&nbsp;<\/p>\n<p>&nbsp;<\/p>\n<p>&nbsp;<\/p>\n<p>&nbsp;<\/p>\n<p>&nbsp;<\/p>\n<p>&nbsp;<\/p>\n<p>&nbsp;<\/p>\n<p>&nbsp;<\/p>\n<p>&nbsp;<\/p>\n<p>&nbsp;<\/p>\n<p>&nbsp;<\/p>\n<p>&nbsp;<\/p>\n<p>&nbsp;<\/p>\n","protected":false},"excerpt":{"rendered":"<p><a href=\"https:\/\/agora.xtec.cat\/zer-baixmontseny\/wp-content\/uploads\/usu1001\/2020\/12\/ILEC-PT-1.png\"><\/a><\/p>\n<p>Enguany la ZER Baix Montseny ha comen\u00e7at la formaci\u00f3 ILEC.<br \/>\nUna formaci\u00f3 que t\u00e9 una durada de tres anys i es fonamenta en els eixos i objectius seg\u00fcents:<br \/>\nEixos:<\/p>\n<ol>\n<li>Saber llegir<br \/>\nL&#8217;aprenentatge de la lectura com a desenvolupament de la capacitat de llegir, de comprendre i d&#8217;interpretar textos.<br \/>\nL&#8217;assoliment&hellip;  <a href=\"https:\/\/agora.xtec.cat\/zer-baixmontseny\/zer\/ilec-el-gust-per-la-lectura\/\" title=\"Read ILEC &#8211; EL GUST PER LA LECTURA\">Llegeix m\u00e9s\u00bb<\/a><\/p>\n","protected":false},"author":1,"featured_media":0,"parent":19,"menu_order":0,"comment_status":"closed","ping_status":"closed","template":"","meta":{"_bbp_topic_count":0,"_bbp_reply_count":0,"_bbp_total_topic_count":0,"_bbp_total_reply_count":0,"_bbp_voice_count":0,"_bbp_anonymous_reply_count":0,"_bbp_topic_count_hidden":0,"_bbp_reply_count_hidden":0,"_bbp_forum_subforum_count":0,"footnotes":""},"class_list":["post-1829","page","type-page","status-publish","hentry"],"post_mailing_queue_ids":[],"_links":{"self":[{"href":"https:\/\/agora.xtec.cat\/zer-baixmontseny\/wp-json\/wp\/v2\/pages\/1829","targetHints":{"allow":["GET"]}}],"collection":[{"href":"https:\/\/agora.xtec.cat\/zer-baixmontseny\/wp-json\/wp\/v2\/pages"}],"about":[{"href":"https:\/\/agora.xtec.cat\/zer-baixmontseny\/wp-json\/wp\/v2\/types\/page"}],"author":[{"embeddable":true,"href":"https:\/\/agora.xtec.cat\/zer-baixmontseny\/wp-json\/wp\/v2\/users\/1"}],"replies":[{"embeddable":true,"href":"https:\/\/agora.xtec.cat\/zer-baixmontseny\/wp-json\/wp\/v2\/comments?post=1829"}],"version-history":[{"count":4,"href":"https:\/\/agora.xtec.cat\/zer-baixmontseny\/wp-json\/wp\/v2\/pages\/1829\/revisions"}],"predecessor-version":[{"id":4032,"href":"https:\/\/agora.xtec.cat\/zer-baixmontseny\/wp-json\/wp\/v2\/pages\/1829\/revisions\/4032"}],"up":[{"embeddable":true,"href":"https:\/\/agora.xtec.cat\/zer-baixmontseny\/wp-json\/wp\/v2\/pages\/19"}],"wp:attachment":[{"href":"https:\/\/agora.xtec.cat\/zer-baixmontseny\/wp-json\/wp\/v2\/media?parent=1829"}],"curies":[{"name":"wp","href":"https:\/\/api.w.org\/{rel}","templated":true}]}}