{"id":7112,"date":"2019-07-18T15:45:52","date_gmt":"2019-07-18T13:45:52","guid":{"rendered":"http:\/\/agora.xtec.cat\/zer-altllucanes\/?page_id=7112"},"modified":"2025-11-20T15:30:16","modified_gmt":"2025-11-20T14:30:16","slug":"localitzacio-la-forja","status":"publish","type":"page","link":"https:\/\/agora.xtec.cat\/zer-altllucanes\/localitzacio-la-forja\/","title":{"rendered":"Dades generals La Forja"},"content":{"rendered":"<p>L&#8217;Escola La Forja \u00e9s una escola rural i p\u00fablica del municipi d&#8217;Alpens.<\/p>\n<h5><strong>DADES DE CONTACTE<\/strong><\/h5>\n<table>\n<tbody>\n<tr style=\"height: 44px;\">\n<td style=\"width: 168px; height: 44px;\">\n<h6>ESCOLA LA FORJA<\/h6>\n<\/td>\n<td style=\"width: 302px; height: 44px;\">\n<ul>\n<li><span style=\"font-weight: 400;\">Carrera Llu\u00e7anesa, 8<\/span><\/li>\n<li>Alpens<\/li>\n<li><span style=\"font-weight: 400;\"><a href=\"https:\/\/goo.gl\/maps\/xetg9rtNRzXmK6rR6\">Ubicaci\u00f3 Escola La Forja<\/a><\/span><\/li>\n<\/ul>\n<\/td>\n<td style=\"width: 310px; height: 44px;\">\n<ul style=\"font-size: 14px; font-family: 'Helvetica Neue', Helvetica, Helvetica, Arial, sans-serif;\">\n<li><b>Tel\u00e8fon<\/b>: <span style=\"font-weight: 400;\">93 852 70 07<\/span><\/li>\n<li><b>Correu @<\/b>: <a href=\"mailto:a8000086@xtec.cat\"><span style=\"font-weight: 400;\">a8000086@xtec.cat<\/span><\/a><\/li>\n<li><strong>Directora escola<\/strong>: <span style=\"font-weight: 400;\">Meritxell Pujol<\/span><\/li>\n<\/ul>\n<\/td>\n<\/tr>\n<\/tbody>\n<\/table>\n<h5><strong>HORARI<\/strong><\/h5>\n<p><span style=\"font-weight: 400;\">L&#8217;<strong>horari<\/strong> dels centres de la ZER s&#8217;estableix d&#8217;acord amb\u00a0 l&#8217;<\/span><a href=\"https:\/\/dogc.gencat.cat\/ca\/pdogc_canals_interns\/pdogc_resultats_fitxa\/?action=fitxa&amp;mode=single&amp;documentId=845626&amp;language=ca_ES\"><span style=\"font-weight: 400;\">Ordre EDU\/56\/2019<\/span><\/a><span style=\"font-weight: 400;\">, del 26 de mar\u00e7, pel segon cicle d&#8217;Educaci\u00f3 Infantil i l&#8217;etapa de Prim\u00e0ria.<\/span><\/p>\n<table style=\"height: 83px; width: 320px;\">\n<tbody>\n<tr style=\"height: 43px;\">\n<td style=\"height: 83px; width: 125px;\" rowspan=\"2\"><b>Horari escolar<\/b><\/td>\n<td style=\"height: 43px; width: 64px;\"><b>Mat\u00ed<\/b><\/td>\n<td style=\"height: 43px; width: 121px;\"><span style=\"font-weight: 400;\">09.00h-12.30h<\/span><\/td>\n<\/tr>\n<tr style=\"height: 40px;\">\n<td style=\"height: 40px; width: 64px;\"><b>Tarda<\/b><\/td>\n<td style=\"height: 40px; width: 121px;\"><span style=\"font-weight: 400;\">15.00h-16.30h<\/span><\/td>\n<\/tr>\n<\/tbody>\n<\/table>\n<p><span style=\"font-weight: 400;\">Les 4 escoles de la ZER tenim programat el <strong>Suport Personalitzat Escolar (SEP)<\/strong>\u00a0per als alumnes que ho requereixin, d&#8217;acord amb la <\/span><a href=\"http:\/\/xtec.gencat.cat\/web\/.content\/alfresco\/d\/d\/workspace\/SpacesStore\/0081\/c373acae-0158-4107-9830-81afeb4de868\/Resolucio_SEP2013.pdf\"><span style=\"font-weight: 400;\">Resoluci\u00f3 d&#8217;11 de juny de 2013<\/span><\/a><span style=\"font-weight: 400;\"> de la Direcci\u00f3 General d&#8217;Educaci\u00f3 Infantil i Prim\u00e0ria, que ordena el suport escolar personalitzat.<\/span><\/p>\n<h5><strong>CALENDARI<br \/>\n<\/strong><\/h5>\n<p><img loading=\"lazy\" decoding=\"async\" class=\"aligncenter size-large wp-image-11101\" src=\"https:\/\/agora.xtec.cat\/zer-altllucanes\/wp-content\/uploads\/usu1122\/2025\/11\/ESCOLA-LA-FORJA-724x1024.jpg\" alt=\"\" width=\"724\" height=\"1024\" srcset=\"https:\/\/agora.xtec.cat\/zer-altllucanes\/wp-content\/uploads\/usu1122\/2025\/11\/ESCOLA-LA-FORJA-724x1024.jpg 724w, https:\/\/agora.xtec.cat\/zer-altllucanes\/wp-content\/uploads\/usu1122\/2025\/11\/ESCOLA-LA-FORJA-212x300.jpg 212w, https:\/\/agora.xtec.cat\/zer-altllucanes\/wp-content\/uploads\/usu1122\/2025\/11\/ESCOLA-LA-FORJA-768x1086.jpg 768w, https:\/\/agora.xtec.cat\/zer-altllucanes\/wp-content\/uploads\/usu1122\/2025\/11\/ESCOLA-LA-FORJA-1086x1536.jpg 1086w, https:\/\/agora.xtec.cat\/zer-altllucanes\/wp-content\/uploads\/usu1122\/2025\/11\/ESCOLA-LA-FORJA.jpg 1414w\" sizes=\"auto, (max-width: 724px) 100vw, 724px\" \/><\/p>\n<h5><strong>IMATGES ESCOLA LA FORJA<\/strong><\/h5>\n\r\n\t<div class=\"slideshow_container slideshow_container_style-light\" style=\"height: 300px; \" data-slideshow-id=\"10046\" data-style-name=\"style-light\" data-style-version=\"2.3.1\" >\r\n\r\n\t\t\t\t\t<div class=\"slideshow_loading_icon\"><\/div>\r\n\t\t\r\n\t\t<div class=\"slideshow_content\" style=\"display: none;\">\r\n\r\n\t\t\t<div class=\"slideshow_view\">\r\n\t\t\t\t<div class=\"slideshow_slide slideshow_slide_image\">\r\n\t\t\t\t\t\t\t\t\t\t\t<img src=\"https:\/\/agora.xtec.cat\/zer-altllucanes\/wp-content\/uploads\/usu1122\/2015\/02\/foto-Escola-La-Forja-2.jpg\" alt=\"foto Escola La Forja (2)\" width=\"4000\" height=\"2250\" \/>\r\n\t\t\t\t\t\t\t\t\t\t<div class=\"slideshow_description_box slideshow_transparent\">\r\n\t\t\t\t\t\t<div class=\"slideshow_title\">foto Escola La Forja (2)<\/div>\t\t\t\t\t\t\t\t\t\t\t<\/div>\r\n\t\t\t\t<\/div>\r\n\r\n\t\t\t\t\t\t<div style=\"clear: both;\"><\/div><\/div><div class=\"slideshow_view\">\r\n\t\t\t\t<div class=\"slideshow_slide slideshow_slide_image\">\r\n\t\t\t\t\t\t\t\t\t\t\t<img src=\"https:\/\/agora.xtec.cat\/zer-altllucanes\/wp-content\/uploads\/usu1122\/2023\/10\/IMG20231004165648-1.jpg\" alt=\"IMG20231004165648\" width=\"1024\" height=\"768\" \/>\r\n\t\t\t\t\t\t\t\t\t\t<div class=\"slideshow_description_box slideshow_transparent\">\r\n\t\t\t\t\t\t<div class=\"slideshow_title\">IMG20231004165648<\/div>\t\t\t\t\t\t\t\t\t\t\t<\/div>\r\n\t\t\t\t<\/div>\r\n\r\n\t\t\t\t\t\t<div style=\"clear: both;\"><\/div><\/div><div class=\"slideshow_view\">\r\n\t\t\t\t<div class=\"slideshow_slide slideshow_slide_image\">\r\n\t\t\t\t\t\t\t\t\t\t\t<img src=\"https:\/\/agora.xtec.cat\/zer-altllucanes\/wp-content\/uploads\/usu1122\/2023\/10\/IMG20231004165554.jpg\" alt=\"IMG20231004165554\" width=\"1024\" height=\"768\" \/>\r\n\t\t\t\t\t\t\t\t\t\t<div class=\"slideshow_description_box slideshow_transparent\">\r\n\t\t\t\t\t\t<div class=\"slideshow_title\">IMG20231004165554<\/div>\t\t\t\t\t\t\t\t\t\t\t<\/div>\r\n\t\t\t\t<\/div>\r\n\r\n\t\t\t\t\t\t<div style=\"clear: both;\"><\/div><\/div><div class=\"slideshow_view\">\r\n\t\t\t\t<div class=\"slideshow_slide slideshow_slide_image\">\r\n\t\t\t\t\t\t\t\t\t\t\t<img src=\"https:\/\/agora.xtec.cat\/zer-altllucanes\/wp-content\/uploads\/usu1122\/2023\/10\/IMG20231004165530.jpg\" alt=\"IMG20231004165530\" width=\"1024\" height=\"768\" \/>\r\n\t\t\t\t\t\t\t\t\t\t<div class=\"slideshow_description_box slideshow_transparent\">\r\n\t\t\t\t\t\t<div class=\"slideshow_title\">IMG20231004165530<\/div>\t\t\t\t\t\t\t\t\t\t\t<\/div>\r\n\t\t\t\t<\/div>\r\n\r\n\t\t\t\t\t\t<div style=\"clear: both;\"><\/div><\/div><div class=\"slideshow_view\">\r\n\t\t\t\t<div class=\"slideshow_slide slideshow_slide_image\">\r\n\t\t\t\t\t\t\t\t\t\t\t<img src=\"https:\/\/agora.xtec.cat\/zer-altllucanes\/wp-content\/uploads\/usu1122\/2023\/10\/IMG20231004165407.jpg\" alt=\"IMG20231004165407\" width=\"1024\" height=\"768\" \/>\r\n\t\t\t\t\t\t\t\t\t\t<div class=\"slideshow_description_box slideshow_transparent\">\r\n\t\t\t\t\t\t<div class=\"slideshow_title\">IMG20231004165407<\/div>\t\t\t\t\t\t\t\t\t\t\t<\/div>\r\n\t\t\t\t<\/div>\r\n\r\n\t\t\t\t\t\t<div style=\"clear: both;\"><\/div><\/div><div class=\"slideshow_view\">\r\n\t\t\t\t<div class=\"slideshow_slide slideshow_slide_image\">\r\n\t\t\t\t\t\t\t\t\t\t\t<img src=\"https:\/\/agora.xtec.cat\/zer-altllucanes\/wp-content\/uploads\/usu1122\/2023\/10\/IMG20231004165351.jpg\" alt=\"IMG20231004165351\" width=\"1024\" height=\"768\" \/>\r\n\t\t\t\t\t\t\t\t\t\t<div class=\"slideshow_description_box slideshow_transparent\">\r\n\t\t\t\t\t\t<div class=\"slideshow_title\">IMG20231004165351<\/div>\t\t\t\t\t\t\t\t\t\t\t<\/div>\r\n\t\t\t\t<\/div>\r\n\r\n\t\t\t\t\t\t<div style=\"clear: both;\"><\/div><\/div><div class=\"slideshow_view\">\r\n\t\t\t\t<div class=\"slideshow_slide slideshow_slide_image\">\r\n\t\t\t\t\t\t\t\t\t\t\t<img src=\"https:\/\/agora.xtec.cat\/zer-altllucanes\/wp-content\/uploads\/usu1122\/2023\/10\/IMG20231004165333.jpg\" alt=\"IMG20231004165333\" width=\"1024\" height=\"768\" \/>\r\n\t\t\t\t\t\t\t\t\t\t<div class=\"slideshow_description_box slideshow_transparent\">\r\n\t\t\t\t\t\t<div class=\"slideshow_title\">IMG20231004165333<\/div>\t\t\t\t\t\t\t\t\t\t\t<\/div>\r\n\t\t\t\t<\/div>\r\n\r\n\t\t\t\t\t\t<div style=\"clear: both;\"><\/div><\/div><div class=\"slideshow_view\">\r\n\t\t\t\t<div class=\"slideshow_slide slideshow_slide_image\">\r\n\t\t\t\t\t\t\t\t\t\t\t<img src=\"https:\/\/agora.xtec.cat\/zer-altllucanes\/wp-content\/uploads\/usu1122\/2023\/10\/IMG20231004165319.jpg\" alt=\"IMG20231004165319\" width=\"1024\" height=\"768\" \/>\r\n\t\t\t\t\t\t\t\t\t\t<div class=\"slideshow_description_box slideshow_transparent\">\r\n\t\t\t\t\t\t<div class=\"slideshow_title\">IMG20231004165319<\/div>\t\t\t\t\t\t\t\t\t\t\t<\/div>\r\n\t\t\t\t<\/div>\r\n\r\n\t\t\t\t\t\t<div style=\"clear: both;\"><\/div><\/div>\r\n\t\t<\/div>\r\n\r\n\t\t<div class=\"slideshow_controlPanel slideshow_transparent\" style=\"display: none;\"><ul><li class=\"slideshow_togglePlay\" data-play-text=\"Visualitza\" data-pause-text=\"Pausa\"><\/li><\/ul><\/div>\r\n\r\n\t\t<div class=\"slideshow_button slideshow_previous slideshow_transparent\" role=\"button\" data-previous-text=\"Anterior\" style=\"display: none;\"><\/div>\r\n\t\t<div class=\"slideshow_button slideshow_next slideshow_transparent\" role=\"button\" data-next-text=\"Seg\u00fcent\" style=\"display: none;\"><\/div>\r\n\r\n\t\t<div class=\"slideshow_pagination\" style=\"display: none;\" data-go-to-text=\"V\u00e9s a la diapositiva\"><div class=\"slideshow_pagination_center\"><\/div><\/div>\r\n\r\n\t\t<!-- WordPress Slideshow Version 2.3.1 -->\r\n\r\n\t\t\t<\/div>\r\n\r\n\n","protected":false},"excerpt":{"rendered":"<p>L&#8217;Escola La Forja \u00e9s una escola rural i p\u00fablica del municipi d&#8217;Alpens.<br \/>\nDADES DE CONTACTE<\/p>\n<p>ESCOLA LA FORJA<\/p>\n<ul>\n<li>Carrera Llu\u00e7anesa, 8<\/li>\n<li>Alpens<\/li>\n<li><a href=\"https:\/\/goo.gl\/maps\/xetg9rtNRzXmK6rR6\">Ubicaci\u00f3 Escola La Forja<\/a><\/li>\n<\/ul>\n<ul style=\"font-size: 14px; font-family: 'Helvetica Neue', Helvetica, Helvetica, Arial, sans-serif;\">\n<li>Tel\u00e8fon: 93 852 70 07<\/li>\n<li>Correu @: <a href=\"mailto:a8000086@xtec.cat\">a8000086@xtec.cat<\/a><\/li>\n<li>Directora escola: Meritxell Pujol<\/li>\n<\/ul>\n<p>HORARI<br \/>\nL&#8217;horari dels centres de la&hellip;  <a href=\"https:\/\/agora.xtec.cat\/zer-altllucanes\/localitzacio-la-forja\/\" title=\"Read Dades generals La Forja\">Llegeix m\u00e9s\u00bb<\/a><\/p>\n","protected":false},"author":1,"featured_media":0,"parent":0,"menu_order":0,"comment_status":"closed","ping_status":"closed","template":"","meta":{"_bbp_topic_count":0,"_bbp_reply_count":0,"_bbp_total_topic_count":0,"_bbp_total_reply_count":0,"_bbp_voice_count":0,"_bbp_anonymous_reply_count":0,"_bbp_topic_count_hidden":0,"_bbp_reply_count_hidden":0,"_bbp_forum_subforum_count":0,"footnotes":""},"class_list":["post-7112","page","type-page","status-publish","hentry"],"post_mailing_queue_ids":[],"_links":{"self":[{"href":"https:\/\/agora.xtec.cat\/zer-altllucanes\/wp-json\/wp\/v2\/pages\/7112","targetHints":{"allow":["GET"]}}],"collection":[{"href":"https:\/\/agora.xtec.cat\/zer-altllucanes\/wp-json\/wp\/v2\/pages"}],"about":[{"href":"https:\/\/agora.xtec.cat\/zer-altllucanes\/wp-json\/wp\/v2\/types\/page"}],"author":[{"embeddable":true,"href":"https:\/\/agora.xtec.cat\/zer-altllucanes\/wp-json\/wp\/v2\/users\/1"}],"replies":[{"embeddable":true,"href":"https:\/\/agora.xtec.cat\/zer-altllucanes\/wp-json\/wp\/v2\/comments?post=7112"}],"version-history":[{"count":6,"href":"https:\/\/agora.xtec.cat\/zer-altllucanes\/wp-json\/wp\/v2\/pages\/7112\/revisions"}],"predecessor-version":[{"id":11102,"href":"https:\/\/agora.xtec.cat\/zer-altllucanes\/wp-json\/wp\/v2\/pages\/7112\/revisions\/11102"}],"wp:attachment":[{"href":"https:\/\/agora.xtec.cat\/zer-altllucanes\/wp-json\/wp\/v2\/media?parent=7112"}],"curies":[{"name":"wp","href":"https:\/\/api.w.org\/{rel}","templated":true}]}}