{"id":7082,"date":"2019-07-18T13:41:30","date_gmt":"2019-07-18T11:41:30","guid":{"rendered":"http:\/\/agora.xtec.cat\/zer-altllucanes\/?page_id=7082"},"modified":"2023-09-09T13:50:25","modified_gmt":"2023-09-09T11:50:25","slug":"on-som","status":"publish","type":"page","link":"https:\/\/agora.xtec.cat\/zer-altllucanes\/on-som\/","title":{"rendered":"Dades generals Aurora"},"content":{"rendered":"<p>L&#8217;Escola Aurora \u00e9s una escola rural i p\u00fablica del municipi de Sant Boi de Llu\u00e7an\u00e8s.<\/p>\n<h5><strong>DADES DE CONTACTE<\/strong><\/h5>\n<table>\n<tbody>\n<tr style=\"height: 109px;\">\n<td style=\"width: 168px; height: 109px;\">\n<h6>ESCOLA AURORA<\/h6>\n<\/td>\n<td style=\"width: 302px; height: 109px;\">\n<ul>\n<li>C\/ Sant Roc, s\/n<\/li>\n<li>Sant Boi de Llu\u00e7an\u00e8s<\/li>\n<li><span style=\"font-weight: 400;\"><a style=\"color: #2795b6;\" href=\"https:\/\/goo.gl\/maps\/am9uaPFExKKVkodc7\">Ubicaci\u00f3 Escola Aurora<\/a><\/span><\/li>\n<\/ul>\n<\/td>\n<td style=\"width: 310px; height: 109px;\">\n<ul style=\"font-size: 14px; font-family: 'Helvetica Neue', Helvetica, Helvetica, Arial, sans-serif;\">\n<li><b>Tel\u00e8fon<\/b>: 93 857 82 00 \/ 634 79 49 67<\/li>\n<li><b>Correu @<\/b>: <a href=\"mailto:a8025666@xtec.cat\"><span style=\"font-weight: 400;\">a8025666@xtec.cat<\/span><\/a><\/li>\n<li><strong>Direcci\u00f3 col\u00b7legiada<br \/>\n<\/strong><\/li>\n<\/ul>\n<\/td>\n<\/tr>\n<\/tbody>\n<\/table>\n<h5><strong>HORARI<\/strong><\/h5>\n<p><span style=\"font-weight: 400;\">L&#8217;<strong>horari<\/strong> dels centres de la ZER s&#8217;estableix d&#8217;acord amb\u00a0 l&#8217;<\/span><a href=\"https:\/\/dogc.gencat.cat\/ca\/pdogc_canals_interns\/pdogc_resultats_fitxa\/?action=fitxa&amp;mode=single&amp;documentId=845626&amp;language=ca_ES\"><span style=\"font-weight: 400;\">Ordre EDU\/56\/2019<\/span><\/a><span style=\"font-weight: 400;\">, del 26 de mar\u00e7, pel segon cicle d&#8217;Educaci\u00f3 Infantil i l&#8217;etapa de Prim\u00e0ria.<\/span><\/p>\n<table style=\"height: 83px; width: 320px;\">\n<tbody>\n<tr style=\"height: 43px;\">\n<td style=\"height: 83px; width: 125px;\" rowspan=\"2\"><b>Horari escolar<\/b><\/td>\n<td style=\"height: 43px; width: 64px;\"><b>Mat\u00ed<\/b><\/td>\n<td style=\"height: 43px; width: 121px;\"><span style=\"font-weight: 400;\">09.00h-12.30h<\/span><\/td>\n<\/tr>\n<tr style=\"height: 40px;\">\n<td style=\"height: 40px; width: 64px;\"><b>Tarda<\/b><\/td>\n<td style=\"height: 40px; width: 121px;\"><span style=\"font-weight: 400;\">15.00h-16.30h<\/span><\/td>\n<\/tr>\n<\/tbody>\n<\/table>\n<p><span style=\"font-weight: 400;\">Les 4 escoles de la ZER tenim programades, en horari escolar no lectiu, dues franges de <strong>Suport Personalitzat Escolar (SEP)<\/strong>, per als alumnes que ho requereixin, d&#8217;acord amb la <\/span><a href=\"http:\/\/xtec.gencat.cat\/web\/.content\/alfresco\/d\/d\/workspace\/SpacesStore\/0081\/c373acae-0158-4107-9830-81afeb4de868\/Resolucio_SEP2013.pdf\"><span style=\"font-weight: 400;\">Resoluci\u00f3 d&#8217;11 de juny de 2013<\/span><\/a><span style=\"font-weight: 400;\"> de la Direcci\u00f3 General d&#8217;Educaci\u00f3 Infantil i Prim\u00e0ria, que ordena el suport escolar personalitzat.<\/span><\/p>\n<p><strong>CALENDARI<\/strong><\/p>\n<p><a href=\"https:\/\/agora.xtec.cat\/zer-altllucanes\/wp-content\/uploads\/usu1122\/2023\/09\/CALENDARI-AURORA-23_24.jpg\"><img loading=\"lazy\" decoding=\"async\" class=\"aligncenter size-large wp-image-10002\" src=\"https:\/\/agora.xtec.cat\/zer-altllucanes\/wp-content\/uploads\/usu1122\/2023\/09\/CALENDARI-AURORA-23_24-1024x725.jpg\" alt=\"\" width=\"1024\" height=\"725\" srcset=\"https:\/\/agora.xtec.cat\/zer-altllucanes\/wp-content\/uploads\/usu1122\/2023\/09\/CALENDARI-AURORA-23_24-1024x725.jpg 1024w, https:\/\/agora.xtec.cat\/zer-altllucanes\/wp-content\/uploads\/usu1122\/2023\/09\/CALENDARI-AURORA-23_24-300x212.jpg 300w, https:\/\/agora.xtec.cat\/zer-altllucanes\/wp-content\/uploads\/usu1122\/2023\/09\/CALENDARI-AURORA-23_24-768x544.jpg 768w, https:\/\/agora.xtec.cat\/zer-altllucanes\/wp-content\/uploads\/usu1122\/2023\/09\/CALENDARI-AURORA-23_24-1536x1087.jpg 1536w, https:\/\/agora.xtec.cat\/zer-altllucanes\/wp-content\/uploads\/usu1122\/2023\/09\/CALENDARI-AURORA-23_24.jpg 1755w\" sizes=\"auto, (max-width: 1024px) 100vw, 1024px\" \/><\/a><\/p>\n<p><strong>IMATGES ESCOLA AURORA<\/strong><\/p>\n<p>&nbsp;<\/p>\n","protected":false},"excerpt":{"rendered":"<p>L&#8217;Escola Aurora \u00e9s una escola rural i p\u00fablica del municipi de Sant Boi de Llu\u00e7an\u00e8s.<br \/>\nDADES DE CONTACTE<\/p>\n<p>ESCOLA AURORA<\/p>\n<ul>\n<li>C\/ Sant Roc, s\/n<\/li>\n<li>Sant Boi de Llu\u00e7an\u00e8s<\/li>\n<li><a style=\"color: #2795b6;\" href=\"https:\/\/goo.gl\/maps\/am9uaPFExKKVkodc7\">Ubicaci\u00f3 Escola Aurora<\/a><\/li>\n<\/ul>\n<ul style=\"font-size: 14px; font-family: 'Helvetica Neue', Helvetica, Helvetica, Arial, sans-serif;\">\n<li>Tel\u00e8fon: 93 857 82 00 \/ 634 79&hellip;  <a href=\"https:\/\/agora.xtec.cat\/zer-altllucanes\/on-som\/\" title=\"Read Dades generals Aurora\">Llegeix m\u00e9s\u00bb<\/a><br \/>\n","protected":false},"author":1,"featured_media":0,"parent":0,"menu_order":0,"comment_status":"closed","ping_status":"closed","template":"","meta":{"_bbp_topic_count":0,"_bbp_reply_count":0,"_bbp_total_topic_count":0,"_bbp_total_reply_count":0,"_bbp_voice_count":0,"_bbp_anonymous_reply_count":0,"_bbp_topic_count_hidden":0,"_bbp_reply_count_hidden":0,"_bbp_forum_subforum_count":0,"footnotes":""},"class_list":["post-7082","page","type-page","status-publish","hentry"],"post_mailing_queue_ids":[],"_links":{"self":[{"href":"https:\/\/agora.xtec.cat\/zer-altllucanes\/wp-json\/wp\/v2\/pages\/7082","targetHints":{"allow":["GET"]}}],"collection":[{"href":"https:\/\/agora.xtec.cat\/zer-altllucanes\/wp-json\/wp\/v2\/pages"}],"about":[{"href":"https:\/\/agora.xtec.cat\/zer-altllucanes\/wp-json\/wp\/v2\/types\/page"}],"author":[{"embeddable":true,"href":"https:\/\/agora.xtec.cat\/zer-altllucanes\/wp-json\/wp\/v2\/users\/1"}],"replies":[{"embeddable":true,"href":"https:\/\/agora.xtec.cat\/zer-altllucanes\/wp-json\/wp\/v2\/comments?post=7082"}],"version-history":[{"count":3,"href":"https:\/\/agora.xtec.cat\/zer-altllucanes\/wp-json\/wp\/v2\/pages\/7082\/revisions"}],"predecessor-version":[{"id":10003,"href":"https:\/\/agora.xtec.cat\/zer-altllucanes\/wp-json\/wp\/v2\/pages\/7082\/revisions\/10003"}],"wp:attachment":[{"href":"https:\/\/agora.xtec.cat\/zer-altllucanes\/wp-json\/wp\/v2\/media?parent=7082"}],"curies":[{"name":"wp","href":"https:\/\/api.w.org\/{rel}","templated":true}]}}