{"id":3392,"date":"2020-01-10T13:00:55","date_gmt":"2020-01-10T12:00:55","guid":{"rendered":"http:\/\/agora.xtec.cat\/zer-altllucanes\/?page_id=3392"},"modified":"2020-01-11T18:28:48","modified_gmt":"2020-01-11T17:28:48","slug":"passegem-junts-a-la-zer","status":"publish","type":"page","link":"https:\/\/agora.xtec.cat\/zer-altllucanes\/passegem-junts-a-la-zer\/","title":{"rendered":"Passegem junts"},"content":{"rendered":"<p>El <strong>Passegem junts<\/strong> \u00e9s un projecte intergeneracional que promou les activitats entre la gent gran dels pobles del Llu\u00e7an\u00e8s i els nens i nenes de les escoles. Es realitza una passejada conjunta a la vegada que es treballa una tem\u00e0tica d\u2019inter\u00e8s per les escoles aprofitant el coneixement i les aportacions de la gent gran per tal de poder crear vincles entre generacions.<\/p>\n<p>Aquest projecte s\u2019organitza des del Consorci del Llu\u00e7an\u00e8s conjuntament amb els Ajuntaments i escoles corresponents que participen del projecte.<\/p>\n<p><img decoding=\"async\" src=\"http:\/\/blocs.xtec.cat\/musicazeraltllucanes\/files\/2016\/06\/IMG-20160427-WA0000.jpg\" alt=\"Resultat d'imatges de passegem junts\" \/><\/p>\n","protected":false},"excerpt":{"rendered":"<p>El Passegem junts \u00e9s un projecte intergeneracional que promou les activitats entre la gent gran dels pobles del Llu\u00e7an\u00e8s i els nens i nenes de les escoles. Es realitza una passejada conjunta a la vegada que es treballa una tem\u00e0tica d\u2019inter\u00e8s per les escoles aprofitant&hellip;  <a href=\"https:\/\/agora.xtec.cat\/zer-altllucanes\/passegem-junts-a-la-zer\/\" title=\"Read Passegem junts\">Llegeix m\u00e9s\u00bb<\/a><\/p>\n","protected":false},"author":1,"featured_media":0,"parent":0,"menu_order":0,"comment_status":"closed","ping_status":"closed","template":"","meta":{"_bbp_topic_count":0,"_bbp_reply_count":0,"_bbp_total_topic_count":0,"_bbp_total_reply_count":0,"_bbp_voice_count":0,"_bbp_anonymous_reply_count":0,"_bbp_topic_count_hidden":0,"_bbp_reply_count_hidden":0,"_bbp_forum_subforum_count":0,"footnotes":""},"class_list":["post-3392","page","type-page","status-publish","hentry"],"post_mailing_queue_ids":[],"_links":{"self":[{"href":"https:\/\/agora.xtec.cat\/zer-altllucanes\/wp-json\/wp\/v2\/pages\/3392","targetHints":{"allow":["GET"]}}],"collection":[{"href":"https:\/\/agora.xtec.cat\/zer-altllucanes\/wp-json\/wp\/v2\/pages"}],"about":[{"href":"https:\/\/agora.xtec.cat\/zer-altllucanes\/wp-json\/wp\/v2\/types\/page"}],"author":[{"embeddable":true,"href":"https:\/\/agora.xtec.cat\/zer-altllucanes\/wp-json\/wp\/v2\/users\/1"}],"replies":[{"embeddable":true,"href":"https:\/\/agora.xtec.cat\/zer-altllucanes\/wp-json\/wp\/v2\/comments?post=3392"}],"version-history":[{"count":3,"href":"https:\/\/agora.xtec.cat\/zer-altllucanes\/wp-json\/wp\/v2\/pages\/3392\/revisions"}],"predecessor-version":[{"id":7377,"href":"https:\/\/agora.xtec.cat\/zer-altllucanes\/wp-json\/wp\/v2\/pages\/3392\/revisions\/7377"}],"wp:attachment":[{"href":"https:\/\/agora.xtec.cat\/zer-altllucanes\/wp-json\/wp\/v2\/media?parent=3392"}],"curies":[{"name":"wp","href":"https:\/\/api.w.org\/{rel}","templated":true}]}}