{"id":3388,"date":"2017-02-22T12:57:31","date_gmt":"2017-02-22T11:57:31","guid":{"rendered":"http:\/\/agora.xtec.cat\/zer-altllucanes\/?page_id=3388"},"modified":"2020-05-10T19:07:24","modified_gmt":"2020-05-10T17:07:24","slug":"land-art-a-la-zer","status":"publish","type":"page","link":"https:\/\/agora.xtec.cat\/zer-altllucanes\/land-art-a-la-zer\/","title":{"rendered":"Land Art a la ZER"},"content":{"rendered":"<p><span>El\u00a0<\/span><strong><span>Land art \u00e9s un corrent de l&#8217;art contemporani que utilitza materials de la natura<\/span><\/strong><span>\u00a0(fusta, terra, pedres, sorra, vent, roques, foc, aigua &#8230;) aix\u00ed com\u00a0<\/span><strong><span>el marc de el paisatge natural<\/span><\/strong><span>\u00a0per desenvolupar les seves obres art\u00edstiques.<\/span><\/p>\n<p>Les quatre escoles de la ZER fa temps que hem incorporat aquesta pr\u00e0ctica als nostres tallers art\u00edstics, ja que creiem que t\u00e9 molts beneficis pels nostres infants:<\/p>\n<ul>\n<li>Ajuda a desenvolupar la creativitat i l&#8217;autonomia.<\/li>\n<li>Fomenta l&#8217;\u00fas de materials naturals: fusta, pedra, sorra, roques, terra, fulles, branques&#8230;<\/li>\n<li>\u00c9s un recurs expressiu.<\/li>\n<li>Permet con\u00e8ixer el medi ambient i recon\u00e8ixer com a part d&#8217;ell mateix.<\/li>\n<li>Gaireb\u00e9 ve de s\u00e8rie &#8230; la majoria dels nens experimenten amb el Land Art per la seva pr\u00f2pia iniciativa i curiositat.<\/li>\n<li>&#8230;<\/li>\n<\/ul>\n<p><img loading=\"lazy\" decoding=\"async\" class=\"alignnone\" src=\"http:\/\/agora.xtec.cat\/zer-altllucanes\/wp-content\/uploads\/usu1122\/2016\/09\/20160922_162012.jpg\" alt=\"20160922_162012\" width=\"937\" height=\"448\" \/><\/p>\n","protected":false},"excerpt":{"rendered":"<p>El\u00a0Land art \u00e9s un corrent de l&#8217;art contemporani que utilitza materials de la natura\u00a0(fusta, terra, pedres, sorra, vent, roques, foc, aigua &#8230;) aix\u00ed com\u00a0el marc de el paisatge natural\u00a0per desenvolupar les seves obres art\u00edstiques.<br \/>\nLes quatre escoles de la ZER fa temps que hem incorporat aquesta&hellip;  <a href=\"https:\/\/agora.xtec.cat\/zer-altllucanes\/land-art-a-la-zer\/\" title=\"Read Land Art a la ZER\">Llegeix m\u00e9s\u00bb<\/a><\/p>\n","protected":false},"author":1,"featured_media":0,"parent":0,"menu_order":0,"comment_status":"closed","ping_status":"closed","template":"","meta":{"_bbp_topic_count":0,"_bbp_reply_count":0,"_bbp_total_topic_count":0,"_bbp_total_reply_count":0,"_bbp_voice_count":0,"_bbp_anonymous_reply_count":0,"_bbp_topic_count_hidden":0,"_bbp_reply_count_hidden":0,"_bbp_forum_subforum_count":0,"footnotes":""},"class_list":["post-3388","page","type-page","status-publish","hentry"],"post_mailing_queue_ids":[],"_links":{"self":[{"href":"https:\/\/agora.xtec.cat\/zer-altllucanes\/wp-json\/wp\/v2\/pages\/3388","targetHints":{"allow":["GET"]}}],"collection":[{"href":"https:\/\/agora.xtec.cat\/zer-altllucanes\/wp-json\/wp\/v2\/pages"}],"about":[{"href":"https:\/\/agora.xtec.cat\/zer-altllucanes\/wp-json\/wp\/v2\/types\/page"}],"author":[{"embeddable":true,"href":"https:\/\/agora.xtec.cat\/zer-altllucanes\/wp-json\/wp\/v2\/users\/1"}],"replies":[{"embeddable":true,"href":"https:\/\/agora.xtec.cat\/zer-altllucanes\/wp-json\/wp\/v2\/comments?post=3388"}],"version-history":[{"count":3,"href":"https:\/\/agora.xtec.cat\/zer-altllucanes\/wp-json\/wp\/v2\/pages\/3388\/revisions"}],"predecessor-version":[{"id":7851,"href":"https:\/\/agora.xtec.cat\/zer-altllucanes\/wp-json\/wp\/v2\/pages\/3388\/revisions\/7851"}],"wp:attachment":[{"href":"https:\/\/agora.xtec.cat\/zer-altllucanes\/wp-json\/wp\/v2\/media?parent=3388"}],"curies":[{"name":"wp","href":"https:\/\/api.w.org\/{rel}","templated":true}]}}