{"id":3384,"date":"2017-02-22T12:54:36","date_gmt":"2017-02-22T11:54:36","guid":{"rendered":"http:\/\/agora.xtec.cat\/zer-altllucanes\/?page_id=3384"},"modified":"2020-05-11T08:02:52","modified_gmt":"2020-05-11T06:02:52","slug":"projecte-fonts-a-la-zer","status":"publish","type":"page","link":"https:\/\/agora.xtec.cat\/zer-altllucanes\/projecte-fonts-a-la-zer\/","title":{"rendered":"Projecte Fonts a la ZER"},"content":{"rendered":"<p dir=\"ltr\">Al curs 2015\/16, la Plataforma Llu\u00e7an\u00e8s viu, ens va explicar a les escoles de la comarca el seu projecte d&#8217;an\u00e0lisi i recuperaci\u00f3 de l&#8217;estat de salut de les nostres fonts. Per aquesta ra\u00f3, cada escola treballa en la recuperaci\u00f3 d&#8217;una font de la seva poblaci\u00f3, en el marc del <a href=\"http:\/\/xtec.gencat.cat\/ca\/projectes\/apadrinemnostrepatrimoni\/\"><strong>Programa Apadrinem el Nostre Patrimoni<\/strong><\/a> del Departament d&#8217;Educaci\u00f3.<\/p>\n<p dir=\"ltr\">Per aquest motiu,\u00a0<strong><a href=\"https:\/\/sites.google.com\/a\/xtec.cat\/crp-osona\/les-fonts-del-llucanes\">Apadrinem Les Fonts del Llu\u00e7an\u00e8s<\/a>,<\/strong> \u00e9s un projecte com\u00fa, en el que participen totes les escoles del Llu\u00e7an\u00e8s, on cada escola apadrina una o m\u00e9s fonts del seu municipi. Les fonts que hem apadrinat ales nostres escoles de la ZER s\u00f3n:<\/p>\n<table style=\"width: 798px;\">\n<tbody>\n<tr>\n<td style=\"width: 235px; text-align: center;\"><\/td>\n<td style=\"width: 265px; text-align: center;\">\n<h5><strong>Font<\/strong><\/h5>\n<\/td>\n<td style=\"width: 288px; text-align: center;\">\n<h5><strong>Foto<\/strong><\/h5>\n<\/td>\n<\/tr>\n<tr>\n<td style=\"width: 235px;\">\n<h6>ESCOLA AURORA<\/h6>\n<\/td>\n<td style=\"width: 265px; text-align: center;\">La Font de Pujols<\/td>\n<td style=\"width: 288px; text-align: center;\"><img loading=\"lazy\" decoding=\"async\" class=\"\" style=\"text-align: start;\" src=\"https:\/\/sites.google.com\/a\/xtec.cat\/crp-osona\/_\/rsrc\/1472866170139\/les-fonts-del-llucanes\/aurora.jpg\" width=\"209\" height=\"118\" \/><\/td>\n<\/tr>\n<tr>\n<td style=\"width: 235px;\">\n<h6>ESCOLA GAFARR\u00d3<\/h6>\n<\/td>\n<td style=\"width: 265px; text-align: center;\">La Font de la Mosquera<\/td>\n<td style=\"width: 288px; text-align: center;\"><img loading=\"lazy\" decoding=\"async\" class=\"\" src=\"http:\/\/s0.wklcdn.com\/image_20\/603918\/4079517\/1966872.jpg\" alt=\"Resultat d'imatges de la font de la mosquera\" width=\"210\" height=\"158\" \/><\/td>\n<\/tr>\n<tr>\n<td style=\"width: 235px;\">\n<h6>ESCOLA HEUROM<\/h6>\n<\/td>\n<td style=\"width: 265px; text-align: center;\">La Font del Raig<\/td>\n<td style=\"width: 288px; text-align: center;\"><\/td>\n<\/tr>\n<tr>\n<td style=\"width: 235px;\">\n<h6>ESCOLA LA FORJA<\/h6>\n<\/td>\n<td style=\"width: 265px; text-align: center;\">La Font del Sidro<\/td>\n<td style=\"width: 288px; text-align: center;\"><img loading=\"lazy\" decoding=\"async\" class=\"\" style=\"text-align: start;\" src=\"https:\/\/sites.google.com\/a\/xtec.cat\/crp-osona\/_\/rsrc\/1472866167310\/les-fonts-del-llucanes\/forja.jpg\" width=\"207\" height=\"155\" \/><\/td>\n<\/tr>\n<\/tbody>\n<\/table>\n<p><span lang=\"CA\"><span style=\"font-size: medium;\">L&#8217;apadrinament implica que cada centre educatiu inclou en el seu Projecte Educatiu de Centre, el coneixement i l&#8217;estudi de l\u2019element patrimonial del seu entorn local, recuperaci\u00f3 de la font, propera i accessible a l&#8217;escola, per tal d&#8217;utilitzar-la com a aula externa de ci\u00e8ncies, centre d&#8217;inter\u00e8s, per a un o tots els nivells educatius.<\/span><\/span><\/p>\n<p dir=\"ltr\"><span lang=\"CA\"><span style=\"font-size: medium;\">El projecte des d&#8217;un punt de vista pedag\u00f2gic, facilita que l&#8217;alumnat assoleixi les compet\u00e8ncies b\u00e0siques curriculars, ja que promou la utilitzaci\u00f3, per part del professorat, d&#8217;una metodologia activa, en la qual l&#8217;alumne \u00e9s el protagonista del seu propi proc\u00e9s d&#8217;aprenentatge.<\/span><\/span><\/p>\n","protected":false},"excerpt":{"rendered":"<p>Al curs 2015\/16, la Plataforma Llu\u00e7an\u00e8s viu, ens va explicar a les escoles de la comarca el seu projecte d&#8217;an\u00e0lisi i recuperaci\u00f3 de l&#8217;estat de salut de les nostres fonts. Per aquesta ra\u00f3, cada escola treballa en la recuperaci\u00f3 d&#8217;una font de la seva poblaci\u00f3,&hellip;  <a href=\"https:\/\/agora.xtec.cat\/zer-altllucanes\/projecte-fonts-a-la-zer\/\" title=\"Read Projecte Fonts a la ZER\">Llegeix m\u00e9s\u00bb<\/a><\/p>\n","protected":false},"author":1,"featured_media":0,"parent":0,"menu_order":0,"comment_status":"closed","ping_status":"closed","template":"","meta":{"_bbp_topic_count":0,"_bbp_reply_count":0,"_bbp_total_topic_count":0,"_bbp_total_reply_count":0,"_bbp_voice_count":0,"_bbp_anonymous_reply_count":0,"_bbp_topic_count_hidden":0,"_bbp_reply_count_hidden":0,"_bbp_forum_subforum_count":0,"footnotes":""},"class_list":["post-3384","page","type-page","status-publish","hentry"],"post_mailing_queue_ids":[],"_links":{"self":[{"href":"https:\/\/agora.xtec.cat\/zer-altllucanes\/wp-json\/wp\/v2\/pages\/3384","targetHints":{"allow":["GET"]}}],"collection":[{"href":"https:\/\/agora.xtec.cat\/zer-altllucanes\/wp-json\/wp\/v2\/pages"}],"about":[{"href":"https:\/\/agora.xtec.cat\/zer-altllucanes\/wp-json\/wp\/v2\/types\/page"}],"author":[{"embeddable":true,"href":"https:\/\/agora.xtec.cat\/zer-altllucanes\/wp-json\/wp\/v2\/users\/1"}],"replies":[{"embeddable":true,"href":"https:\/\/agora.xtec.cat\/zer-altllucanes\/wp-json\/wp\/v2\/comments?post=3384"}],"version-history":[{"count":4,"href":"https:\/\/agora.xtec.cat\/zer-altllucanes\/wp-json\/wp\/v2\/pages\/3384\/revisions"}],"predecessor-version":[{"id":7856,"href":"https:\/\/agora.xtec.cat\/zer-altllucanes\/wp-json\/wp\/v2\/pages\/3384\/revisions\/7856"}],"wp:attachment":[{"href":"https:\/\/agora.xtec.cat\/zer-altllucanes\/wp-json\/wp\/v2\/media?parent=3384"}],"curies":[{"name":"wp","href":"https:\/\/api.w.org\/{rel}","templated":true}]}}