{"id":30,"date":"2014-09-18T12:30:23","date_gmt":"2014-09-18T12:30:23","guid":{"rendered":"http:\/\/agora.xtec.cat\/zer-altllucanes\/?page_id=30"},"modified":"2023-09-11T08:14:28","modified_gmt":"2023-09-11T06:14:28","slug":"instal%c2%b7lacions","status":"publish","type":"page","link":"https:\/\/agora.xtec.cat\/zer-altllucanes\/lescola\/instal%c2%b7lacions\/","title":{"rendered":"\u00d2rgans de gesti\u00f3"},"content":{"rendered":"<p><strong>Equip directiu de la ZER Alt Llu\u00e7an\u00e8s:<\/strong><\/p>\n<ul>\n<li style=\"list-style-type: none;\">\n<ul style=\"list-style-type: disc;\">\n<li>Jaume Calderon &#8211;&gt; director Escola Aurora<\/li>\n<li>Judit Gost &#8211;&gt; directora Escola Gafarr\u00f3 i secret\u00e0ria de ZER<\/li>\n<li>Anna Capdevila &#8211;&gt; directora Escola Heurom i cap d&#8217;estudis de ZER<\/li>\n<li>Meritxell Pujol &#8211;&gt; directora Escola La Forja i directora de ZER<\/li>\n<\/ul>\n<\/li>\n<\/ul>\n<p><b>Direccions d&#8217;escoles<\/b><strong>:<\/strong><\/p>\n<table>\n<tbody>\n<tr>\n<td><\/td>\n<td><b>Direcci\u00f3<\/b><\/td>\n<td><b>Secretari\/a<\/b><\/td>\n<\/tr>\n<tr>\n<td><span style=\"font-weight: 400;\">Escola Aurora<\/span><\/td>\n<td><span style=\"font-weight: 400;\">Jaume Calderon<\/span><\/td>\n<td><span style=\"font-weight: 400;\">Jordi Soldevila<\/span><\/td>\n<\/tr>\n<tr>\n<td><span style=\"font-weight: 400;\">Escola Gafarr\u00f3<\/span><\/td>\n<td><span style=\"font-weight: 400;\">Judit Gost<\/span><\/td>\n<td><span style=\"font-weight: 400;\">Txell Bruguera<\/span><\/td>\n<\/tr>\n<tr>\n<td><span style=\"font-weight: 400;\">Escola Heurom<\/span><\/td>\n<td><span style=\"font-weight: 400;\">Anna Capdevila<\/span><\/td>\n<td><span style=\"font-weight: 400;\">Montse Vilella<\/span><\/td>\n<\/tr>\n<tr>\n<td><span style=\"font-weight: 400;\">Escola La Forja<\/span><\/td>\n<td><span style=\"font-weight: 400;\">Meritxell Pujol<\/span><\/td>\n<td><span style=\"font-weight: 400;\">Sheila Moreno<\/span><\/td>\n<\/tr>\n<\/tbody>\n<\/table>\n<p><strong>Representants del Consell Escolar de la ZER Alt Llu\u00e7an\u00e8s:<\/strong><\/p>\n<table>\n<tbody>\n<tr>\n<td><\/td>\n<td><b>Aurora<\/b><\/td>\n<td><b>Gafarr\u00f3<\/b><\/td>\n<td><b>Heurom<\/b><\/td>\n<td><b>La Forja<\/b><\/td>\n<\/tr>\n<tr>\n<td><b>Directores<\/b><\/td>\n<td><span style=\"font-weight: 400;\">Jaume Calderon<\/span><\/td>\n<td><span style=\"font-weight: 400;\">Judit Gost*<\/span><\/p>\n<p><span style=\"font-weight: 400;\">(secret\u00e0ria ZER)<\/span><\/td>\n<td><span style=\"font-weight: 400;\">Anna Capdevila<\/span><\/p>\n<p><span style=\"font-weight: 400;\">(cap d\u2019estudis ZER)<\/span><\/td>\n<td><span style=\"font-weight: 400;\">Meritxell Pujol<\/span><\/p>\n<p><span style=\"font-weight: 400;\">(directora ZER)<\/span><\/td>\n<\/tr>\n<tr>\n<td><b>Ajuntament<\/b><\/td>\n<td><span style=\"font-weight: 400;\">Carme Anfruns<\/span><\/td>\n<td><span style=\"font-weight: 400;\">Gemma Gallorte<\/span><\/td>\n<td><span style=\"font-weight: 400;\">Cl\u00e0udia Vall<\/span><\/td>\n<td><span style=\"font-weight: 400;\">Anna Alberch<\/span><\/td>\n<\/tr>\n<tr>\n<td><b>Pares i mares<\/b><\/td>\n<td><span style=\"font-weight: 400;\">Marta Mampel<\/span><\/p>\n<p><i><span style=\"font-weight: 400;\">(2021)<\/span><\/i><\/td>\n<td><span style=\"font-weight: 400;\">Ra\u00fal Rodr\u00edguez<\/span><\/p>\n<p><i><span style=\"font-weight: 400;\">(2018)<\/span><\/i><\/td>\n<td><span style=\"font-weight: 400;\">Lavinia Herv\u00e1s<\/span><\/p>\n<p><i><span style=\"font-weight: 400;\">(2021)<\/span><\/i><\/td>\n<td><span style=\"font-weight: 400;\">Elena Cunill<\/span><\/p>\n<p><i><span style=\"font-weight: 400;\">(2021)<\/span><\/i><\/td>\n<\/tr>\n<tr>\n<td><b>Mestres ZER<\/b><\/td>\n<td colspan=\"4\"><span style=\"font-weight: 400;\">Immaculada Tubau<\/span> <i><span style=\"font-weight: 400;\">(2018)<\/span><\/i><\/p>\n<p><span style=\"font-weight: 400;\">Clara Urpina <\/span><i><span style=\"font-weight: 400;\">(2021)<\/span><\/i><\/p>\n<p><span style=\"font-weight: 400;\">Pol R\u00e0fols <\/span><i><span style=\"font-weight: 400;\">(2021)<\/span><\/i><\/p>\n<p><span style=\"font-weight: 400;\">Jordi Soldevila <\/span><i><span style=\"font-weight: 400;\">(2021)<\/span><\/i><\/td>\n<\/tr>\n<tr>\n<td><b>Personal PAS<\/b><\/td>\n<td colspan=\"4\"><span style=\"font-weight: 400;\">Olga Puigderrajols Trulls<\/span><\/td>\n<\/tr>\n<\/tbody>\n<\/table>\n<p><strong>Representants Consell escolar d&#8217;escoles:<\/strong><\/p>\n<table>\n<tbody>\n<tr>\n<td><\/td>\n<td><b>CE Aurora<\/b><\/td>\n<td><b>CE Gafarr\u00f3<\/b><\/td>\n<td><b>CE Heurom<\/b><\/td>\n<td><b>CE La Forja<\/b><\/td>\n<\/tr>\n<tr>\n<td><b>Director\/a<\/b><\/td>\n<td><span style=\"font-weight: 400;\">Jaume Calderon<\/span><\/td>\n<td><span style=\"font-weight: 400;\">Judit Gost<\/span><\/td>\n<td><span style=\"font-weight: 400;\">Anna Capdevila<\/span><\/td>\n<td><span style=\"font-weight: 400;\">Meritxell Pujol<\/span><\/td>\n<\/tr>\n<tr>\n<td><b>Secretari\/a<\/b><\/td>\n<td><span style=\"font-weight: 400;\">Jordi Soldevila*<\/span><\/p>\n<p><i><span style=\"font-weight: 400;\">(2021)<\/span><\/i><\/td>\n<td><span style=\"font-weight: 400;\">Txell Bruguera*<\/span><\/p>\n<p><i><span style=\"font-weight: 400;\">(2021)<\/span><\/i><\/td>\n<td><span style=\"font-weight: 400;\">Montse Vilella<\/span><\/td>\n<td><span style=\"font-weight: 400;\">Sheila Moreno*<\/span><\/p>\n<p><i><span style=\"font-weight: 400;\">(2021)<\/span><\/i><\/td>\n<\/tr>\n<tr>\n<td><b>Ajuntament<\/b><\/td>\n<td><span style=\"font-weight: 400;\">Carme Anfruns<\/span><\/td>\n<td><span style=\"font-weight: 400;\">Gemma Gallorte<\/span><\/td>\n<td><span style=\"font-weight: 400;\">Cl\u00e0udia Vall<\/span><\/td>\n<td><span style=\"font-weight: 400;\">Anna Alberch<\/span><\/td>\n<\/tr>\n<tr>\n<td><b>Pares i mares<\/b><\/td>\n<td><span style=\"font-weight: 400;\">Marta Mampel**<\/span><\/p>\n<p><i><span style=\"font-weight: 400;\">(2021)<\/span><\/i><\/td>\n<td><span style=\"font-weight: 400;\">Ra\u00fal Rodr\u00edguez**<\/span><\/p>\n<p><i><span style=\"font-weight: 400;\">(2018)<\/span><\/i><\/td>\n<td><span style=\"font-weight: 400;\">Lavinia Herv\u00e1s<\/span><\/p>\n<p><i><span style=\"font-weight: 400;\">(2021)<\/span><\/i><\/td>\n<td><span style=\"font-weight: 400;\">Elena Cunill\u00a0<\/span><\/p>\n<p><i><span style=\"font-weight: 400;\">(2021)<\/span><\/i><\/td>\n<\/tr>\n<tr>\n<td><b>Junta AFA<\/b><\/td>\n<td><span style=\"font-weight: 400;\">Merc\u00e8 Sucarrat**<\/span><\/td>\n<td><span style=\"font-weight: 400;\">Mari L\u00f3pez**<\/span><\/td>\n<td><span style=\"font-weight: 400;\">&#8211;<\/span><\/td>\n<td><span style=\"font-weight: 400;\">&#8211;<\/span><\/td>\n<\/tr>\n<tr>\n<td><b>Mestres<\/b><\/td>\n<td><\/td>\n<td><\/td>\n<td><span style=\"font-weight: 400;\">Immaculada Tubau <\/span><i><span style=\"font-weight: 400;\">(2021)<\/span><\/i><\/td>\n<td><\/td>\n<\/tr>\n<\/tbody>\n<\/table>\n<p><span style=\"font-weight: 400;\">*Amb veu i vot<\/span><\/p>\n<p><span style=\"font-weight: 400;\">**Amb vot consensuat<\/span><\/p>\n<p>&nbsp;<\/p>\n<p><a href=\"http:\/\/ensenyament.gencat.cat\/ca\/arees-actuacio\/centres-serveis-educatius\/centres\/consells-escolars-centres\/centres-publics\/\" target=\"_blank\" rel=\"noopener noreferrer\"><strong>Funcions del Consell Escolar<\/strong><\/a><\/p>\n<p>La funci\u00f3 principal del consell escolar \u00e9s participar en la presa de decisions en relaci\u00f3 amb aquells temes importants per al funcionament i l&#8217;organitzaci\u00f3 del centre: el projecte educatiu, la programaci\u00f3 general, la gesti\u00f3 econ\u00f2mica, la resoluci\u00f3 dels conflictes, les activitats extraescolars, l&#8217;horari lectiu&#8230;<\/p>\n<p>&nbsp;<\/p>\n","protected":false},"excerpt":{"rendered":"<p>Equip directiu de la ZER Alt Llu\u00e7an\u00e8s:<\/p>\n<ul>\n<li style=\"list-style-type: none;\">\n<ul style=\"list-style-type: disc;\">\n<li>Jaume Calderon &#8211;&gt; director Escola Aurora<\/li>\n<li>Judit Gost &#8211;&gt; directora Escola Gafarr\u00f3 i secret\u00e0ria de ZER<\/li>\n<li>Anna Capdevila &#8211;&gt; directora Escola Heurom i cap d&#8217;estudis de ZER<\/li>\n<li>Meritxell Pujol &#8211;&gt; directora Escola La Forja i directora de ZER<\/li>\n<\/ul>\n<\/li>\n<\/ul>\n<p>Direccions&hellip;  <a href=\"https:\/\/agora.xtec.cat\/zer-altllucanes\/lescola\/instal%c2%b7lacions\/\" title=\"Read \u00d2rgans de gesti\u00f3\">Llegeix m\u00e9s\u00bb<\/a><\/p>\n","protected":false},"author":2,"featured_media":0,"parent":22,"menu_order":40,"comment_status":"closed","ping_status":"closed","template":"","meta":{"_bbp_topic_count":0,"_bbp_reply_count":0,"_bbp_total_topic_count":0,"_bbp_total_reply_count":0,"_bbp_voice_count":0,"_bbp_anonymous_reply_count":0,"_bbp_topic_count_hidden":0,"_bbp_reply_count_hidden":0,"_bbp_forum_subforum_count":0,"footnotes":""},"class_list":["post-30","page","type-page","status-publish","hentry"],"post_mailing_queue_ids":[],"_links":{"self":[{"href":"https:\/\/agora.xtec.cat\/zer-altllucanes\/wp-json\/wp\/v2\/pages\/30","targetHints":{"allow":["GET"]}}],"collection":[{"href":"https:\/\/agora.xtec.cat\/zer-altllucanes\/wp-json\/wp\/v2\/pages"}],"about":[{"href":"https:\/\/agora.xtec.cat\/zer-altllucanes\/wp-json\/wp\/v2\/types\/page"}],"author":[{"embeddable":true,"href":"https:\/\/agora.xtec.cat\/zer-altllucanes\/wp-json\/wp\/v2\/users\/2"}],"replies":[{"embeddable":true,"href":"https:\/\/agora.xtec.cat\/zer-altllucanes\/wp-json\/wp\/v2\/comments?post=30"}],"version-history":[{"count":4,"href":"https:\/\/agora.xtec.cat\/zer-altllucanes\/wp-json\/wp\/v2\/pages\/30\/revisions"}],"predecessor-version":[{"id":10030,"href":"https:\/\/agora.xtec.cat\/zer-altllucanes\/wp-json\/wp\/v2\/pages\/30\/revisions\/10030"}],"up":[{"embeddable":true,"href":"https:\/\/agora.xtec.cat\/zer-altllucanes\/wp-json\/wp\/v2\/pages\/22"}],"wp:attachment":[{"href":"https:\/\/agora.xtec.cat\/zer-altllucanes\/wp-json\/wp\/v2\/media?parent=30"}],"curies":[{"name":"wp","href":"https:\/\/api.w.org\/{rel}","templated":true}]}}