{"id":26,"date":"2014-09-18T12:24:32","date_gmt":"2014-09-18T12:24:32","guid":{"rendered":"http:\/\/agora.xtec.cat\/zer-altllucanes\/?page_id=26"},"modified":"2019-07-18T13:46:56","modified_gmt":"2019-07-18T11:46:56","slug":"historia","status":"publish","type":"page","link":"https:\/\/agora.xtec.cat\/zer-altllucanes\/lescola\/historia\/","title":{"rendered":"Hist\u00f2ria"},"content":{"rendered":"<p><span style=\"font-weight: 400;\">Des de l\u2019any 1977 els i les mestres de les escoles de Perafita, Alpens, Santa Eul\u00e0lia, Sant Boi, Santa Creu, Olost, Orist\u00e0, La Torre d\u2019Orist\u00e0 i Sant Feliu Sasserra, es trobaven peri\u00f2dicament per tal de coordinar-se i intercanviar idees i treballs. En ocasions tamb\u00e9 es van organitzar algunes sortides conjuntes i es van celebrar efem\u00e8rides on els alumnes de les diferents escoles podien relacionar-se amb altres nens i nenes de la seva mateixa edat. Aquestes trobades van prendre m\u00e9s for\u00e7a a partir del curs 1985-1986 gr\u00e0cies a la creaci\u00f3 i col\u00b7laboraci\u00f3 de l\u2019Extensi\u00f3 del Centre de Recursos Pedag\u00f2gics a Perafita.<\/span><\/p>\n<p><span style=\"font-weight: 400;\">Amb els canvis de legislaci\u00f3 es van anar introduint noves assignatures, com la Llengua Anglesa, la M\u00fasica, la Pl\u00e0stica&#8230; \u00e9s en aquest moment quan es demana al llavors Departament d\u2019Ensenyament especialistes que puguin cobrir aquestes noves necessitats. La resposta a aquesta demanda va ser una proposta que, aleshores el Departament, feia per a les escoles anomenades \u201cincompletes i unit\u00e0ries\u201d, la formaci\u00f3 d\u2019una Zona Escolar Rural. Amb aquesta uni\u00f3 es podrien concedir els mestres especialistes, anomenats \u201citinerants\u201d, que passarien per totes les escoles per impartir les noves assignatures. Al formar-se aquest col\u00b7lectiu, m\u00e9s ampli que el de l\u2019escola rural, va augmentar la capacitat de treball de tots els seus membres.<\/span><\/p>\n<p><span style=\"font-weight: 400;\">Aix\u00ed doncs, la constituci\u00f3 de la nostra ZER va tenir lloc el curs 1990-1991 amb l\u2019adscripci\u00f3 de les escoles d\u2019Alpens, Perafita, St. Boi i Sta. Eul\u00e0lia. L\u2019escola de Santa Creu, no s\u2019hi va adherir, ja que va tancar per falta d\u2019alumnes, i la d\u2019Olost, degut al superior nombre d\u2019alumnes no ho van creure necessari. En ser tots els pobles de la part alta del Llu\u00e7an\u00e8s, va semblar adient \u201cbatejar\u201d la ZER amb el nom d\u2019ALT LLU\u00c7AN\u00c8S.<\/span><\/p>\n<p><a href=\"http:\/\/agora.xtec.cat\/zer-altllucanes\/wp-content\/uploads\/usu1122\/2014\/09\/imagen-de-prats-de-lluans-6.jpg\"><img loading=\"lazy\" decoding=\"async\" class=\"alignnone size-full wp-image-2997\" src=\"http:\/\/agora.xtec.cat\/zer-altllucanes\/wp-content\/uploads\/usu1122\/2014\/09\/imagen-de-prats-de-lluans-6.jpg\" alt=\"imagen-de-prats-de-lluans-6\" width=\"450\" height=\"422\" srcset=\"https:\/\/agora.xtec.cat\/zer-altllucanes\/wp-content\/uploads\/usu1122\/2014\/09\/imagen-de-prats-de-lluans-6.jpg 450w, https:\/\/agora.xtec.cat\/zer-altllucanes\/wp-content\/uploads\/usu1122\/2014\/09\/imagen-de-prats-de-lluans-6-300x281.jpg 300w\" sizes=\"auto, (max-width: 450px) 100vw, 450px\" \/><\/a><\/p>\n<p>&nbsp;<\/p>\n","protected":false},"excerpt":{"rendered":"<p>Des de l\u2019any 1977 els i les mestres de les escoles de Perafita, Alpens, Santa Eul\u00e0lia, Sant Boi, Santa Creu, Olost, Orist\u00e0, La Torre d\u2019Orist\u00e0 i Sant Feliu Sasserra, es trobaven peri\u00f2dicament per tal de coordinar-se i intercanviar idees i treballs. En ocasions tamb\u00e9 es&hellip;  <a href=\"https:\/\/agora.xtec.cat\/zer-altllucanes\/lescola\/historia\/\" title=\"Read Hist\u00f2ria\">Llegeix m\u00e9s\u00bb<\/a><\/p>\n","protected":false},"author":2,"featured_media":0,"parent":22,"menu_order":20,"comment_status":"closed","ping_status":"closed","template":"page-templates\/side-menu.php","meta":{"_bbp_topic_count":0,"_bbp_reply_count":0,"_bbp_total_topic_count":0,"_bbp_total_reply_count":0,"_bbp_voice_count":0,"_bbp_anonymous_reply_count":0,"_bbp_topic_count_hidden":0,"_bbp_reply_count_hidden":0,"_bbp_forum_subforum_count":0,"footnotes":""},"class_list":["post-26","page","type-page","status-publish","hentry"],"post_mailing_queue_ids":[],"_links":{"self":[{"href":"https:\/\/agora.xtec.cat\/zer-altllucanes\/wp-json\/wp\/v2\/pages\/26","targetHints":{"allow":["GET"]}}],"collection":[{"href":"https:\/\/agora.xtec.cat\/zer-altllucanes\/wp-json\/wp\/v2\/pages"}],"about":[{"href":"https:\/\/agora.xtec.cat\/zer-altllucanes\/wp-json\/wp\/v2\/types\/page"}],"author":[{"embeddable":true,"href":"https:\/\/agora.xtec.cat\/zer-altllucanes\/wp-json\/wp\/v2\/users\/2"}],"replies":[{"embeddable":true,"href":"https:\/\/agora.xtec.cat\/zer-altllucanes\/wp-json\/wp\/v2\/comments?post=26"}],"version-history":[{"count":4,"href":"https:\/\/agora.xtec.cat\/zer-altllucanes\/wp-json\/wp\/v2\/pages\/26\/revisions"}],"predecessor-version":[{"id":7090,"href":"https:\/\/agora.xtec.cat\/zer-altllucanes\/wp-json\/wp\/v2\/pages\/26\/revisions\/7090"}],"up":[{"embeddable":true,"href":"https:\/\/agora.xtec.cat\/zer-altllucanes\/wp-json\/wp\/v2\/pages\/22"}],"wp:attachment":[{"href":"https:\/\/agora.xtec.cat\/zer-altllucanes\/wp-json\/wp\/v2\/media?parent=26"}],"curies":[{"name":"wp","href":"https:\/\/api.w.org\/{rel}","templated":true}]}}