{"id":24,"date":"2014-09-18T12:23:15","date_gmt":"2014-09-18T12:23:15","guid":{"rendered":"http:\/\/agora.xtec.cat\/zer-altllucanes\/?page_id=24"},"modified":"2023-03-24T09:01:49","modified_gmt":"2023-03-24T08:01:49","slug":"on-som","status":"publish","type":"page","link":"https:\/\/agora.xtec.cat\/zer-altllucanes\/lescola\/on-som\/","title":{"rendered":"Qui som"},"content":{"rendered":"<p><span style=\"font-weight: 400;\">Els centres que formen part de la ZER s\u00f3n: l\u2019<strong>Escola Aurora<\/strong> (Sant Boi de Llu\u00e7an\u00e8s), que n\u2019\u00e9s la seu, l\u2019<strong>Escola Gafarr\u00f3<\/strong> (Llu\u00e7\u00e0), l\u2019<strong>Escola Heurom<\/strong> (Perafita) i l\u2019<strong>Escola La Forja<\/strong> (Alpens). <\/span><span style=\"font-weight: 400;\">La ZER es troba situada al Llu\u00e7an\u00e8s Nord, a la comarca d&#8217;Osona. Tot i que el Llu\u00e7an\u00e8s t\u00e9 un pes important en el sector primari, en els municipis de la ZER el pes econ\u00f2mic m\u00e9s important recau en el sector serveis. S\u00f3n nuclis de poca poblaci\u00f3, amb tend\u00e8ncia a la p\u00e8rdua demogr\u00e0fica, per\u00f2 que s&#8217;han mantingut gr\u00e0cies a fam\u00edlies procedents de l&#8217;\u00e0rea urbana i que han optat per un model de vida en un entorn rural.<\/span><\/p>\n<table style=\"height: 163px;\" width=\"814\">\n<tbody>\n<tr>\n<td style=\"width: 403px;\"><a href=\"https:\/\/agora.xtec.cat\/zer-altllucanes\/wp-content\/uploads\/usu1122\/2019\/07\/comarca-llucanes-mapa.png\"><img loading=\"lazy\" decoding=\"async\" class=\"aligncenter wp-image-7068 size-medium\" src=\"https:\/\/agora.xtec.cat\/zer-altllucanes\/wp-content\/uploads\/usu1122\/2019\/07\/comarca-llucanes-mapa-300x290.png\" alt=\"\" width=\"300\" height=\"290\" srcset=\"https:\/\/agora.xtec.cat\/zer-altllucanes\/wp-content\/uploads\/usu1122\/2019\/07\/comarca-llucanes-mapa-300x290.png 300w, https:\/\/agora.xtec.cat\/zer-altllucanes\/wp-content\/uploads\/usu1122\/2019\/07\/comarca-llucanes-mapa-768x742.png 768w, https:\/\/agora.xtec.cat\/zer-altllucanes\/wp-content\/uploads\/usu1122\/2019\/07\/comarca-llucanes-mapa.png 791w\" sizes=\"auto, (max-width: 300px) 100vw, 300px\" \/><\/a><\/td>\n<td style=\"width: 403px;\"><a style=\"color: #2795b6; font-size: 16px;\" href=\"https:\/\/agora.xtec.cat\/zer-altllucanes\/wp-content\/uploads\/usu1122\/2019\/07\/lluan\u00e8s.jpg\"><img loading=\"lazy\" decoding=\"async\" class=\"aligncenter wp-image-7070 size-full\" src=\"https:\/\/agora.xtec.cat\/zer-altllucanes\/wp-content\/uploads\/usu1122\/2019\/07\/lluan\u00e8s.jpg\" alt=\"\" width=\"314\" height=\"160\" srcset=\"https:\/\/agora.xtec.cat\/zer-altllucanes\/wp-content\/uploads\/usu1122\/2019\/07\/lluan\u00e8s.jpg 314w, https:\/\/agora.xtec.cat\/zer-altllucanes\/wp-content\/uploads\/usu1122\/2019\/07\/lluan\u00e8s-300x153.jpg 300w\" sizes=\"auto, (max-width: 314px) 100vw, 314px\" \/><\/a><\/td>\n<\/tr>\n<\/tbody>\n<\/table>\n<h4><b>Caracter\u00edstiques de les 4 escoles:<\/b><\/h4>\n<ul>\n<li style=\"font-weight: 400;\"><span style=\"font-weight: 400;\">Nuclis de poca poblaci\u00f3.<\/span><\/li>\n<li style=\"font-weight: 400;\"><span style=\"font-weight: 400;\">Les escoles es situen en un entorn rural amb un pes important dels sectors primari i de serveis.<\/span><\/li>\n<li style=\"font-weight: 400;\"><span style=\"font-weight: 400;\">Cada escola \u00e9s \u00fanica al seu poble i t\u00e9 els seus propis trets d\u2019identitat que la defineixen i que \u00e9s b\u00e0sic respectar.<\/span><\/li>\n<li style=\"font-weight: 400;\"><span style=\"font-weight: 400;\">Cada escola t\u00e9 la seva direcci\u00f3, el Consell Escolar i el Claustre d\u2019escola. La ZER t\u00e9 un Equip Directiu de ZER i junts formem el Consell Escolar i el Claustre de ZER.<\/span><\/li>\n<li style=\"font-weight: 400;\"><span style=\"font-weight: 400;\">Aules multinivell<\/span><\/li>\n<\/ul>\n<h4><strong>Dades identificatives i situaci\u00f3 geogr\u00e0fica:<\/strong><b><\/b><\/h4>\n<table style=\"width: 790px; height: 241px;\">\n<tbody>\n<tr>\n<td style=\"width: 168px;\">\n<h6><\/h6>\n<\/td>\n<td style=\"width: 302px; text-align: center;\">\n<h6><strong>UBICACI\u00d3<\/strong><\/h6>\n<\/td>\n<td style=\"width: 310px; text-align: center;\">\n<h6><strong>CONTACTES<\/strong><\/h6>\n<\/td>\n<\/tr>\n<tr style=\"height: 109px;\">\n<td style=\"width: 168px; height: 109px;\">\n<h6>ESCOLA AURORA<\/h6>\n<\/td>\n<td style=\"width: 302px; height: 109px;\">\n<ul>\n<li>C\/ Sant Roc, s\/n<\/li>\n<li>Sant Boi de Llu\u00e7an\u00e8s<\/li>\n<li><span style=\"font-weight: 400;\">?<a style=\"color: #2795b6;\" href=\"https:\/\/goo.gl\/maps\/am9uaPFExKKVkodc7\">Ubicaci\u00f3 Escola Aurora<\/a><\/span><\/li>\n<\/ul>\n<\/td>\n<td style=\"width: 310px; height: 109px;\">\n<ul style=\"font-size: 14px; font-family: 'Helvetica Neue', Helvetica, Helvetica, Arial, sans-serif;\">\n<li><b>Tel\u00e8fon<\/b>: 93 857 82 00<\/li>\n<li><b>Correu @<\/b>: <a href=\"mailto:a8025666@xtec.cat\"><span style=\"font-weight: 400;\">a8025666@xtec.cat<\/span><\/a><\/li>\n<li><strong>Direcci\u00f3 col\u00b7legiada<\/strong><\/li>\n<\/ul>\n<\/td>\n<\/tr>\n<tr style=\"height: 44px;\">\n<td style=\"width: 168px; height: 44px;\">\n<h6>ESCOLA GAFARR\u00d3<\/h6>\n<\/td>\n<td style=\"width: 302px; height: 44px;\">\n<ul>\n<li><span style=\"font-weight: 400;\">C\/ Rourets, s\/n<\/span><\/li>\n<li>Llu\u00e7\u00e0 (Sta. Eul\u00e0lia de Puig-oriol)<\/li>\n<li><span style=\"font-weight: 400;\">?<a href=\"https:\/\/goo.gl\/maps\/1xEtAFGa7N5mgd4y5\">Ubicaci\u00f3 Escola Gafarr\u00f3<\/a><\/span><\/li>\n<\/ul>\n<\/td>\n<td style=\"width: 310px; height: 44px;\">\n<ul style=\"font-size: 14px; font-family: 'Helvetica Neue', Helvetica, Helvetica, Arial, sans-serif;\">\n<li><b>Tel\u00e8fon<\/b>: <span style=\"font-weight: 400;\">93 855 40 54<\/span><\/li>\n<li><b>Correu @<\/b>: <a href=\"mailto:a8019861@xtec.cat\"><span style=\"font-weight: 400;\">a8019861@xtec.cat<\/span><\/a><\/li>\n<li><strong>Directora escola<\/strong>: Judit Gost<\/li>\n<\/ul>\n<\/td>\n<\/tr>\n<tr style=\"height: 44px;\">\n<td style=\"width: 168px; height: 44px;\">\n<h6>ESCOLA HEUROM<\/h6>\n<\/td>\n<td style=\"width: 302px; height: 44px;\">\n<ul>\n<li><span style=\"font-weight: 400;\">Ctra. La Vella, s\/n<\/span><\/li>\n<li><span style=\"font-weight: 400;\">Perafita<\/span><\/li>\n<li><span style=\"font-weight: 400;\">?<a href=\"https:\/\/goo.gl\/maps\/dLSPTpHawzsP7cPNA\">Ubicaci\u00f3 Escola Heurom<\/a><\/span><\/li>\n<\/ul>\n<\/td>\n<td style=\"width: 310px; height: 44px;\">\n<ul style=\"font-size: 14px; font-family: 'Helvetica Neue', Helvetica, Helvetica, Arial, sans-serif;\">\n<li><b>Tel\u00e8fon<\/b>: <span style=\"font-weight: 400;\">93 853 02 02<\/span><\/li>\n<li><b>Correu @<\/b>: <a href=\"mailto:a8034795@xtec.cat\"><span style=\"font-weight: 400;\">a8034795@xtec.cat<\/span><\/a><\/li>\n<li><strong>Directora escola<\/strong>: <span style=\"font-weight: 400;\">Anna Capdevila<\/span><\/li>\n<\/ul>\n<\/td>\n<\/tr>\n<tr style=\"height: 44px;\">\n<td style=\"width: 168px; height: 44px;\">\n<h6>ESCOLA LA FORJA<\/h6>\n<\/td>\n<td style=\"width: 302px; height: 44px;\">\n<ul>\n<li><span style=\"font-weight: 400;\">Carrera Llu\u00e7anesa, 8<\/span><\/li>\n<li>Alpens<\/li>\n<li><span style=\"font-weight: 400;\">?<a href=\"https:\/\/goo.gl\/maps\/xetg9rtNRzXmK6rR6\">Ubicaci\u00f3 Escola La Forja<\/a><\/span><\/li>\n<\/ul>\n<\/td>\n<td style=\"width: 310px; height: 44px;\">\n<ul style=\"font-size: 14px; font-family: 'Helvetica Neue', Helvetica, Helvetica, Arial, sans-serif;\">\n<li><b>Tel\u00e8fon<\/b>: <span style=\"font-weight: 400;\">93 852 70 07<\/span><\/li>\n<li><b>Correu @<\/b>: <a href=\"mailto:a8000086@xtec.cat\"><span style=\"font-weight: 400;\">a8000086@xtec.cat<\/span><\/a><\/li>\n<li><strong>Directora escola<\/strong>: <span style=\"font-weight: 400;\">Meritxell Pujol<\/span><\/li>\n<\/ul>\n<\/td>\n<\/tr>\n<\/tbody>\n<\/table>\n<h6>ZER Alt Llu\u00e7an\u00e8s<\/h6>\n<table style=\"width: 796px; height: 94px;\">\n<tbody>\n<tr style=\"height: 94px;\">\n<td style=\"width: 266px; height: 94px;\">\n<ul>\n<li><strong>Ubicaci\u00f3 seu<\/strong>:\n<ul>\n<li>C\/ Sant Roc, s\/n<\/li>\n<li>Sant Boi de Llu\u00e7an\u00e8s<\/li>\n<li><span style=\"font-weight: 400;\">?<a style=\"color: #2795b6;\" href=\"https:\/\/goo.gl\/maps\/am9uaPFExKKVkodc7\">Ubicaci\u00f3 Escola Aurora<\/a> <\/span><\/li>\n<\/ul>\n<\/li>\n<\/ul>\n<\/td>\n<td style=\"width: 285px; height: 94px;\">\n<ul style=\"font-size: 14px; font-family: 'Helvetica Neue', Helvetica, Helvetica, Arial, sans-serif;\">\n<li><b>Tel\u00e8fon<\/b>: 93 857 82 00<\/li>\n<li><b>Correu @<\/b>:\u00a0<a href=\"mailto:a8056742@xtec.cat\">a8056742@xtec.cat<\/a><\/li>\n<li><strong>Directora ZER<\/strong>: Meritxell Pujol<\/li>\n<\/ul>\n<\/td>\n<td style=\"width: 235px; height: 94px;\">\n<ul>\n<li><a href=\"https:\/\/agora.xtec.cat\/zer-altllucanes\/\">Web ZER Alt Llu\u00e7an\u00e8s<\/a><\/li>\n<li><a href=\"https:\/\/www.facebook.com\/ZER-Alt-Llu%C3%A7an%C3%A8s-Escoles-363129800448213\/\">Facebook<\/a><\/li>\n<li><a href=\"https:\/\/www.instagram.com\/zeraltllucanes\/\">Instagram<\/a><\/li>\n<li>Twitter<\/li>\n<\/ul>\n<\/td>\n<\/tr>\n<\/tbody>\n<\/table>\n","protected":false},"excerpt":{"rendered":"<p>Els centres que formen part de la ZER s\u00f3n: l\u2019Escola Aurora (Sant Boi de Llu\u00e7an\u00e8s), que n\u2019\u00e9s la seu, l\u2019Escola Gafarr\u00f3 (Llu\u00e7\u00e0), l\u2019Escola Heurom (Perafita) i l\u2019Escola La Forja (Alpens). La ZER es troba situada al Llu\u00e7an\u00e8s Nord, a la comarca d&#8217;Osona. Tot i que&hellip;  <a href=\"https:\/\/agora.xtec.cat\/zer-altllucanes\/lescola\/on-som\/\" title=\"Read Qui som\">Llegeix m\u00e9s\u00bb<\/a><\/p>\n","protected":false},"author":2,"featured_media":0,"parent":22,"menu_order":10,"comment_status":"closed","ping_status":"closed","template":"page-templates\/side-menu.php","meta":{"_bbp_topic_count":0,"_bbp_reply_count":0,"_bbp_total_topic_count":0,"_bbp_total_reply_count":0,"_bbp_voice_count":0,"_bbp_anonymous_reply_count":0,"_bbp_topic_count_hidden":0,"_bbp_reply_count_hidden":0,"_bbp_forum_subforum_count":0,"footnotes":""},"class_list":["post-24","page","type-page","status-publish","hentry"],"post_mailing_queue_ids":[],"_links":{"self":[{"href":"https:\/\/agora.xtec.cat\/zer-altllucanes\/wp-json\/wp\/v2\/pages\/24","targetHints":{"allow":["GET"]}}],"collection":[{"href":"https:\/\/agora.xtec.cat\/zer-altllucanes\/wp-json\/wp\/v2\/pages"}],"about":[{"href":"https:\/\/agora.xtec.cat\/zer-altllucanes\/wp-json\/wp\/v2\/types\/page"}],"author":[{"embeddable":true,"href":"https:\/\/agora.xtec.cat\/zer-altllucanes\/wp-json\/wp\/v2\/users\/2"}],"replies":[{"embeddable":true,"href":"https:\/\/agora.xtec.cat\/zer-altllucanes\/wp-json\/wp\/v2\/comments?post=24"}],"version-history":[{"count":5,"href":"https:\/\/agora.xtec.cat\/zer-altllucanes\/wp-json\/wp\/v2\/pages\/24\/revisions"}],"predecessor-version":[{"id":9853,"href":"https:\/\/agora.xtec.cat\/zer-altllucanes\/wp-json\/wp\/v2\/pages\/24\/revisions\/9853"}],"up":[{"embeddable":true,"href":"https:\/\/agora.xtec.cat\/zer-altllucanes\/wp-json\/wp\/v2\/pages\/22"}],"wp:attachment":[{"href":"https:\/\/agora.xtec.cat\/zer-altllucanes\/wp-json\/wp\/v2\/media?parent=24"}],"curies":[{"name":"wp","href":"https:\/\/api.w.org\/{rel}","templated":true}]}}