{"id":10093,"date":"2023-11-05T22:33:13","date_gmt":"2023-11-05T21:33:13","guid":{"rendered":"https:\/\/agora.xtec.cat\/zer-altllucanes\/?page_id=10093"},"modified":"2023-11-06T12:08:31","modified_gmt":"2023-11-06T11:08:31","slug":"suport-vital-als-centres-educatius","status":"publish","type":"page","link":"https:\/\/agora.xtec.cat\/zer-altllucanes\/lescola\/suport-vital-als-centres-educatius\/","title":{"rendered":"Suport vital als centres educatius"},"content":{"rendered":"<p><span style=\"font-weight: 400;\">El programa de <a href=\"https:\/\/xtec.gencat.cat\/ca\/comunitat\/salutescola\/suport-vital-als-centres-educatius\/\"><strong>Suport Vital als Centres Educatius <\/strong><\/a><\/span><span style=\"font-weight: 400;\">ha de permetre a l\u2019alumnat acabar la formaci\u00f3 obliga<\/span><span style=\"font-weight: 400;\">t\u00f2ria a Catalunya tenint consci\u00e8ncia plena del nou concepte de salut i sabent actuar davant una mort sobtada d\u2019una forma totalment interioritzada i amb qualitat. Els <\/span><span style=\"font-weight: 400;\">docents d&#8217;escoles i instituts adquireixen una formaci\u00f3 per tal de d\u2019ensenyar a l\u2019alumnat, durant tota la seva escolaritzaci\u00f3, a con\u00e8ixer les t\u00e8cniques de Suport Vital B\u00e0sic i Desfibril\u00b7laci\u00f3 Externa Automatitzada (SVB)-DEA.<\/span><\/p>\n","protected":false},"excerpt":{"rendered":"<p>El programa de <a href=\"https:\/\/xtec.gencat.cat\/ca\/comunitat\/salutescola\/suport-vital-als-centres-educatius\/\">Suport Vital als Centres Educatius <\/a>ha de permetre a l\u2019alumnat acabar la formaci\u00f3 obligat\u00f2ria a Catalunya tenint consci\u00e8ncia plena del nou concepte de salut i sabent actuar davant una mort sobtada d\u2019una forma totalment interioritzada i amb qualitat. Els docents d&#8217;escoles&hellip;  <a href=\"https:\/\/agora.xtec.cat\/zer-altllucanes\/lescola\/suport-vital-als-centres-educatius\/\" title=\"Read Suport vital als centres educatius\">Llegeix m\u00e9s\u00bb<\/a><\/p>\n","protected":false},"author":1,"featured_media":0,"parent":22,"menu_order":0,"comment_status":"closed","ping_status":"closed","template":"","meta":{"_bbp_topic_count":0,"_bbp_reply_count":0,"_bbp_total_topic_count":0,"_bbp_total_reply_count":0,"_bbp_voice_count":0,"_bbp_anonymous_reply_count":0,"_bbp_topic_count_hidden":0,"_bbp_reply_count_hidden":0,"_bbp_forum_subforum_count":0,"footnotes":""},"class_list":["post-10093","page","type-page","status-publish","hentry"],"post_mailing_queue_ids":[],"_links":{"self":[{"href":"https:\/\/agora.xtec.cat\/zer-altllucanes\/wp-json\/wp\/v2\/pages\/10093","targetHints":{"allow":["GET"]}}],"collection":[{"href":"https:\/\/agora.xtec.cat\/zer-altllucanes\/wp-json\/wp\/v2\/pages"}],"about":[{"href":"https:\/\/agora.xtec.cat\/zer-altllucanes\/wp-json\/wp\/v2\/types\/page"}],"author":[{"embeddable":true,"href":"https:\/\/agora.xtec.cat\/zer-altllucanes\/wp-json\/wp\/v2\/users\/1"}],"replies":[{"embeddable":true,"href":"https:\/\/agora.xtec.cat\/zer-altllucanes\/wp-json\/wp\/v2\/comments?post=10093"}],"version-history":[{"count":3,"href":"https:\/\/agora.xtec.cat\/zer-altllucanes\/wp-json\/wp\/v2\/pages\/10093\/revisions"}],"predecessor-version":[{"id":10105,"href":"https:\/\/agora.xtec.cat\/zer-altllucanes\/wp-json\/wp\/v2\/pages\/10093\/revisions\/10105"}],"up":[{"embeddable":true,"href":"https:\/\/agora.xtec.cat\/zer-altllucanes\/wp-json\/wp\/v2\/pages\/22"}],"wp:attachment":[{"href":"https:\/\/agora.xtec.cat\/zer-altllucanes\/wp-json\/wp\/v2\/media?parent=10093"}],"curies":[{"name":"wp","href":"https:\/\/api.w.org\/{rel}","templated":true}]}}