{"id":794,"date":"2022-07-05T15:01:43","date_gmt":"2022-07-05T13:01:43","guid":{"rendered":"https:\/\/agora.xtec.cat\/vilagran\/?page_id=794"},"modified":"2025-12-03T08:55:13","modified_gmt":"2025-12-03T07:55:13","slug":"eso","status":"publish","type":"page","link":"https:\/\/agora.xtec.cat\/vilagran\/eso\/","title":{"rendered":"ESO"},"content":{"rendered":"<p>L\u2019Educaci\u00f3 Secund\u00e0ria Obligat\u00f2ria \u00e9s una etapa obligat\u00f2ria i gratu\u00efta. Aquesta compr\u00e8n quatre cursos escolars, entre els 12 i els 16 anys, i proporciona la formaci\u00f3 necess\u00e0ria per a prosseguir estudis tant de Batxillerat com de Formaci\u00f3 Professional de grau mitj\u00e0. Obtingut el t\u00edtol de graduat en educaci\u00f3 secund\u00e0ria es podr\u00e0, tamb\u00e9, accedir al mercat de treball.<\/p>\n<p><strong>Descripci\u00f3, Objectius i estructura<\/strong><\/p>\n<p>L\u2019Educaci\u00f3 Secund\u00e0ria Obligat\u00f2ria \u00e9s una etapa educativa (obligat\u00f2ria i gratu\u00efta) per a tots els ciutadans i ciutadanes en edat escolar. S\u2019est\u00e9n al llarg de quatre anys despr\u00e9s de l\u2019etapa d\u2019Educaci\u00f3 Prim\u00e0ria.<\/p>\n<p>Proporciona la formaci\u00f3 necess\u00e0ria per a prosseguir estudis tant de Batxillerat com de Formaci\u00f3 Professional de grau mitj\u00e0.<\/p>\n<p>L\u2019alumnat comen\u00e7a aquesta etapa als dotze anys i la finalitza als setze.<\/p>\n","protected":false},"excerpt":{"rendered":"<p>L\u2019Educaci\u00f3 Secund\u00e0ria Obligat\u00f2ria \u00e9s una etapa obligat\u00f2ria i gratu\u00efta. Aquesta compr\u00e8n quatre cursos escolars, entre els 12 i els 16 anys, i proporciona la formaci\u00f3 necess\u00e0ria per a prosseguir estudis tant de Batxillerat com de Formaci\u00f3 Professional de grau mitj\u00e0. Obtingut el t\u00edtol de graduat en educaci\u00f3 secund\u00e0ria es podr\u00e0, tamb\u00e9, accedir al mercat de [&hellip;]<\/p>\n","protected":false},"author":1,"featured_media":0,"parent":0,"menu_order":0,"comment_status":"closed","ping_status":"closed","template":"","meta":{"_bbp_topic_count":0,"_bbp_reply_count":0,"_bbp_total_topic_count":0,"_bbp_total_reply_count":0,"_bbp_voice_count":0,"_bbp_anonymous_reply_count":0,"_bbp_topic_count_hidden":0,"_bbp_reply_count_hidden":0,"_bbp_forum_subforum_count":0,"site-sidebar-layout":"default","site-content-layout":"","ast-site-content-layout":"default","site-content-style":"default","site-sidebar-style":"default","ast-global-header-display":"","ast-banner-title-visibility":"","ast-main-header-display":"","ast-hfb-above-header-display":"","ast-hfb-below-header-display":"","ast-hfb-mobile-header-display":"","site-post-title":"","ast-breadcrumbs-content":"","ast-featured-img":"","footer-sml-layout":"","theme-transparent-header-meta":"default","adv-header-id-meta":"","stick-header-meta":"","header-above-stick-meta":"","header-main-stick-meta":"","header-below-stick-meta":"","astra-migrate-meta-layouts":"set","ast-page-background-enabled":"default","ast-page-background-meta":{"desktop":{"background-color":"var(--ast-global-color-4)","background-image":"","background-repeat":"repeat","background-position":"center center","background-size":"auto","background-attachment":"scroll","background-type":"","background-media":"","overlay-type":"","overlay-color":"","overlay-opacity":"","overlay-gradient":""},"tablet":{"background-color":"","background-image":"","background-repeat":"repeat","background-position":"center center","background-size":"auto","background-attachment":"scroll","background-type":"","background-media":"","overlay-type":"","overlay-color":"","overlay-opacity":"","overlay-gradient":""},"mobile":{"background-color":"","background-image":"","background-repeat":"repeat","background-position":"center center","background-size":"auto","background-attachment":"scroll","background-type":"","background-media":"","overlay-type":"","overlay-color":"","overlay-opacity":"","overlay-gradient":""}},"ast-content-background-meta":{"desktop":{"background-color":"var(--ast-global-color-5)","background-image":"","background-repeat":"repeat","background-position":"center center","background-size":"auto","background-attachment":"scroll","background-type":"","background-media":"","overlay-type":"","overlay-color":"","overlay-opacity":"","overlay-gradient":""},"tablet":{"background-color":"var(--ast-global-color-5)","background-image":"","background-repeat":"repeat","background-position":"center center","background-size":"auto","background-attachment":"scroll","background-type":"","background-media":"","overlay-type":"","overlay-color":"","overlay-opacity":"","overlay-gradient":""},"mobile":{"background-color":"var(--ast-global-color-5)","background-image":"","background-repeat":"repeat","background-position":"center center","background-size":"auto","background-attachment":"scroll","background-type":"","background-media":"","overlay-type":"","overlay-color":"","overlay-opacity":"","overlay-gradient":""}},"footnotes":""},"class_list":["post-794","page","type-page","status-publish","hentry"],"post_mailing_queue_ids":[],"_links":{"self":[{"href":"https:\/\/agora.xtec.cat\/vilagran\/wp-json\/wp\/v2\/pages\/794","targetHints":{"allow":["GET"]}}],"collection":[{"href":"https:\/\/agora.xtec.cat\/vilagran\/wp-json\/wp\/v2\/pages"}],"about":[{"href":"https:\/\/agora.xtec.cat\/vilagran\/wp-json\/wp\/v2\/types\/page"}],"author":[{"embeddable":true,"href":"https:\/\/agora.xtec.cat\/vilagran\/wp-json\/wp\/v2\/users\/1"}],"replies":[{"embeddable":true,"href":"https:\/\/agora.xtec.cat\/vilagran\/wp-json\/wp\/v2\/comments?post=794"}],"version-history":[{"count":2,"href":"https:\/\/agora.xtec.cat\/vilagran\/wp-json\/wp\/v2\/pages\/794\/revisions"}],"predecessor-version":[{"id":6875,"href":"https:\/\/agora.xtec.cat\/vilagran\/wp-json\/wp\/v2\/pages\/794\/revisions\/6875"}],"wp:attachment":[{"href":"https:\/\/agora.xtec.cat\/vilagran\/wp-json\/wp\/v2\/media?parent=794"}],"curies":[{"name":"wp","href":"https:\/\/api.w.org\/{rel}","templated":true}]}}