{"id":772,"date":"2022-07-05T14:59:02","date_gmt":"2022-07-05T12:59:02","guid":{"rendered":"https:\/\/agora.xtec.cat\/vilagran\/?page_id=772"},"modified":"2025-12-03T08:52:03","modified_gmt":"2025-12-03T07:52:03","slug":"infantil","status":"publish","type":"page","link":"https:\/\/agora.xtec.cat\/vilagran\/infantil\/","title":{"rendered":"Infantil"},"content":{"rendered":"<p>\u00c9s l&#8217;etapa educativa no obligat\u00f2ria que s&#8217;imparteix als infants de 0 a 6 anys i s\u2019organitza en dos cicles de tres cursos:<\/p>\n<p>primer cicle o primera inf\u00e0ncia (de 0 a 3 anys) (escola bressol)<br \/>\nsegon cicle o primer ensenyament (de 3 a 6 anys) (parvulari)<\/p>\n<p>Els centres que imparteixen exclusivament el primer cicle d\u2019educaci\u00f3 infantil s\u00f3n els que s\u2019anomenen llars d\u2019infants o escoles bressol.<\/p>\n<p>Tamb\u00e9 hi ha centres on s\u2019imparteixen els dos cicles d\u2019educaci\u00f3 infantil (de 0 a 6 anys) i tamb\u00e9 la formaci\u00f3 obligat\u00f2ria (prim\u00e0ria de 6-12 anys i secund\u00e0ria de 12-16 anys).<\/p>\n<p><strong style=\"font-size: 16px;\">Continguts educatius<\/strong><\/p>\n<p>L&#8217;educaci\u00f3 infantil \u00e9s la primera etapa educativa i una de les m\u00e9s importants del sistema. Els infants han d&#8217;anar desenvolupant compet\u00e8ncies per viure relacions afectives saludables amb un mateix i segures amb els altres.<\/p>\n<p>Les compet\u00e8ncies s\u00f3n:<\/p>\n<p>Comunicaci\u00f3 ling\u00fc\u00edstica.<br \/>\nCompet\u00e8ncia pluriling\u00fce.<br \/>\nCompet\u00e8ncia matem\u00e0tica i compet\u00e8ncia en ci\u00e8ncia, tecnologia i enginyeria.<br \/>\nCompet\u00e8ncia digital.<br \/>\nCompet\u00e8ncia personal, social i d&#8217;aprendre a aprendre.<br \/>\nCompet\u00e8ncia ciutadana.<br \/>\nCompet\u00e8ncia en pensament creatiu.<br \/>\nCompet\u00e8ncia en consci\u00e8ncia i expressi\u00f3 culturals.<\/p>\n","protected":false},"excerpt":{"rendered":"<p>\u00c9s l&#8217;etapa educativa no obligat\u00f2ria que s&#8217;imparteix als infants de 0 a 6 anys i s\u2019organitza en dos cicles de tres cursos: primer cicle o primera inf\u00e0ncia (de 0 a 3 anys) (escola bressol) segon cicle o primer ensenyament (de 3 a 6 anys) (parvulari) Els centres que imparteixen exclusivament el primer cicle d\u2019educaci\u00f3 infantil [&hellip;]<\/p>\n","protected":false},"author":1,"featured_media":0,"parent":0,"menu_order":0,"comment_status":"closed","ping_status":"closed","template":"","meta":{"_bbp_topic_count":0,"_bbp_reply_count":0,"_bbp_total_topic_count":0,"_bbp_total_reply_count":0,"_bbp_voice_count":0,"_bbp_anonymous_reply_count":0,"_bbp_topic_count_hidden":0,"_bbp_reply_count_hidden":0,"_bbp_forum_subforum_count":0,"site-sidebar-layout":"default","site-content-layout":"","ast-site-content-layout":"default","site-content-style":"default","site-sidebar-style":"default","ast-global-header-display":"","ast-banner-title-visibility":"","ast-main-header-display":"","ast-hfb-above-header-display":"","ast-hfb-below-header-display":"","ast-hfb-mobile-header-display":"","site-post-title":"","ast-breadcrumbs-content":"","ast-featured-img":"","footer-sml-layout":"","theme-transparent-header-meta":"default","adv-header-id-meta":"","stick-header-meta":"","header-above-stick-meta":"","header-main-stick-meta":"","header-below-stick-meta":"","astra-migrate-meta-layouts":"set","ast-page-background-enabled":"default","ast-page-background-meta":{"desktop":{"background-color":"var(--ast-global-color-4)","background-image":"","background-repeat":"repeat","background-position":"center center","background-size":"auto","background-attachment":"scroll","background-type":"","background-media":"","overlay-type":"","overlay-color":"","overlay-opacity":"","overlay-gradient":""},"tablet":{"background-color":"","background-image":"","background-repeat":"repeat","background-position":"center center","background-size":"auto","background-attachment":"scroll","background-type":"","background-media":"","overlay-type":"","overlay-color":"","overlay-opacity":"","overlay-gradient":""},"mobile":{"background-color":"","background-image":"","background-repeat":"repeat","background-position":"center center","background-size":"auto","background-attachment":"scroll","background-type":"","background-media":"","overlay-type":"","overlay-color":"","overlay-opacity":"","overlay-gradient":""}},"ast-content-background-meta":{"desktop":{"background-color":"var(--ast-global-color-5)","background-image":"","background-repeat":"repeat","background-position":"center center","background-size":"auto","background-attachment":"scroll","background-type":"","background-media":"","overlay-type":"","overlay-color":"","overlay-opacity":"","overlay-gradient":""},"tablet":{"background-color":"var(--ast-global-color-5)","background-image":"","background-repeat":"repeat","background-position":"center center","background-size":"auto","background-attachment":"scroll","background-type":"","background-media":"","overlay-type":"","overlay-color":"","overlay-opacity":"","overlay-gradient":""},"mobile":{"background-color":"var(--ast-global-color-5)","background-image":"","background-repeat":"repeat","background-position":"center center","background-size":"auto","background-attachment":"scroll","background-type":"","background-media":"","overlay-type":"","overlay-color":"","overlay-opacity":"","overlay-gradient":""}},"footnotes":""},"class_list":["post-772","page","type-page","status-publish","hentry"],"post_mailing_queue_ids":[],"_links":{"self":[{"href":"https:\/\/agora.xtec.cat\/vilagran\/wp-json\/wp\/v2\/pages\/772","targetHints":{"allow":["GET"]}}],"collection":[{"href":"https:\/\/agora.xtec.cat\/vilagran\/wp-json\/wp\/v2\/pages"}],"about":[{"href":"https:\/\/agora.xtec.cat\/vilagran\/wp-json\/wp\/v2\/types\/page"}],"author":[{"embeddable":true,"href":"https:\/\/agora.xtec.cat\/vilagran\/wp-json\/wp\/v2\/users\/1"}],"replies":[{"embeddable":true,"href":"https:\/\/agora.xtec.cat\/vilagran\/wp-json\/wp\/v2\/comments?post=772"}],"version-history":[{"count":2,"href":"https:\/\/agora.xtec.cat\/vilagran\/wp-json\/wp\/v2\/pages\/772\/revisions"}],"predecessor-version":[{"id":6871,"href":"https:\/\/agora.xtec.cat\/vilagran\/wp-json\/wp\/v2\/pages\/772\/revisions\/6871"}],"wp:attachment":[{"href":"https:\/\/agora.xtec.cat\/vilagran\/wp-json\/wp\/v2\/media?parent=772"}],"curies":[{"name":"wp","href":"https:\/\/api.w.org\/{rel}","templated":true}]}}