{"id":665,"date":"2022-07-04T18:20:47","date_gmt":"2022-07-04T16:20:47","guid":{"rendered":"https:\/\/agora.xtec.cat\/vilagran\/?page_id=665"},"modified":"2025-07-23T12:54:50","modified_gmt":"2025-07-23T10:54:50","slug":"calendari-2","status":"publish","type":"page","link":"https:\/\/agora.xtec.cat\/vilagran\/curs-2022-2023\/calendari-2\/","title":{"rendered":"Calendari"},"content":{"rendered":"<p><a href=\"https:\/\/educacio.gencat.cat\/ca\/arees-actuacio\/centres-serveis-educatius\/centres\/calendari-escolar\/curs-2025-2026\/\" target=\"_blank\" rel=\"noopener\">CALENDARI CURS 2025-2026<\/a><\/p>\n<p><strong>Inici de classes<\/strong><\/p>\n<ul>\n<li><strong>8 de setembre<\/strong>:\n<ul>\n<li>Segon cicle d\u2019educaci\u00f3 infantil<\/li>\n<li>Prim\u00e0ria<\/li>\n<\/ul>\n<\/li>\n<li><strong>8 de setembre<\/strong>:\n<ul>\n<li>ESO<\/li>\n<\/ul>\n<\/li>\n<\/ul>\n<p><strong>Vacances escolars<\/strong><\/p>\n<ul>\n<li><strong>Nadal<\/strong>: del 22 de desembre al 7 de gener (ambd\u00f3s inclosos)<\/li>\n<li><strong>Setmana Santa<\/strong>: del 30 de mar\u00e7 al 6 d\u2019abril (ambd\u00f3s inclosos)<\/li>\n<li><strong>Estiu<\/strong>:\n<ul>\n<li>Infantil i prim\u00e0ria: 19 de juny<\/li>\n<li>Secund\u00e0ria: 19 de juny<\/li>\n<\/ul>\n<\/li>\n<\/ul>\n<p><a href=\"https:\/\/agora.xtec.cat\/vilagran\/wp-content\/uploads\/usu2316\/2025\/07\/calendari-25-26.pdf\" target=\"_blank\" rel=\"noopener\"><img loading=\"lazy\" decoding=\"async\" class=\"alignnone wp-image-6367 size-medium\" src=\"https:\/\/agora.xtec.cat\/vilagran\/wp-content\/uploads\/usu2316\/2025\/07\/Calendari-foto-300x202.png\" alt=\"\" width=\"300\" height=\"202\" srcset=\"https:\/\/agora.xtec.cat\/vilagran\/wp-content\/uploads\/usu2316\/2025\/07\/Calendari-foto-300x202.png 300w, https:\/\/agora.xtec.cat\/vilagran\/wp-content\/uploads\/usu2316\/2025\/07\/Calendari-foto-1024x689.png 1024w, https:\/\/agora.xtec.cat\/vilagran\/wp-content\/uploads\/usu2316\/2025\/07\/Calendari-foto-768x516.png 768w, https:\/\/agora.xtec.cat\/vilagran\/wp-content\/uploads\/usu2316\/2025\/07\/Calendari-foto.png 1282w\" sizes=\"auto, (max-width: 300px) 100vw, 300px\" \/><\/a><\/p>\n<pre style=\"text-align: left;\">feu <strong>clic<\/strong> sobre la imatge per obrir el calendari<\/pre>\n","protected":false},"excerpt":{"rendered":"<p>CALENDARI CURS 2025-2026 Inici de classes 8 de setembre: Segon cicle d\u2019educaci\u00f3 infantil Prim\u00e0ria 8 de setembre: ESO Vacances escolars Nadal: del 22 de desembre al 7 de gener (ambd\u00f3s inclosos) Setmana Santa: del 30 de mar\u00e7 al 6 d\u2019abril (ambd\u00f3s inclosos) Estiu: Infantil i prim\u00e0ria: 19 de juny Secund\u00e0ria: 19 de juny feu clic [&hellip;]<\/p>\n","protected":false},"author":1,"featured_media":0,"parent":660,"menu_order":0,"comment_status":"closed","ping_status":"closed","template":"","meta":{"_bbp_topic_count":0,"_bbp_reply_count":0,"_bbp_total_topic_count":0,"_bbp_total_reply_count":0,"_bbp_voice_count":0,"_bbp_anonymous_reply_count":0,"_bbp_topic_count_hidden":0,"_bbp_reply_count_hidden":0,"_bbp_forum_subforum_count":0,"site-sidebar-layout":"default","site-content-layout":"","ast-site-content-layout":"","site-content-style":"default","site-sidebar-style":"default","ast-global-header-display":"","ast-banner-title-visibility":"","ast-main-header-display":"","ast-hfb-above-header-display":"","ast-hfb-below-header-display":"","ast-hfb-mobile-header-display":"","site-post-title":"","ast-breadcrumbs-content":"","ast-featured-img":"","footer-sml-layout":"","theme-transparent-header-meta":"","adv-header-id-meta":"","stick-header-meta":"","header-above-stick-meta":"","header-main-stick-meta":"","header-below-stick-meta":"","astra-migrate-meta-layouts":"default","ast-page-background-enabled":"default","ast-page-background-meta":{"desktop":{"background-color":"var(--ast-global-color-4)","background-image":"","background-repeat":"repeat","background-position":"center center","background-size":"auto","background-attachment":"scroll","background-type":"","background-media":"","overlay-type":"","overlay-color":"","overlay-opacity":"","overlay-gradient":""},"tablet":{"background-color":"","background-image":"","background-repeat":"repeat","background-position":"center center","background-size":"auto","background-attachment":"scroll","background-type":"","background-media":"","overlay-type":"","overlay-color":"","overlay-opacity":"","overlay-gradient":""},"mobile":{"background-color":"","background-image":"","background-repeat":"repeat","background-position":"center center","background-size":"auto","background-attachment":"scroll","background-type":"","background-media":"","overlay-type":"","overlay-color":"","overlay-opacity":"","overlay-gradient":""}},"ast-content-background-meta":{"desktop":{"background-color":"var(--ast-global-color-5)","background-image":"","background-repeat":"repeat","background-position":"center center","background-size":"auto","background-attachment":"scroll","background-type":"","background-media":"","overlay-type":"","overlay-color":"","overlay-opacity":"","overlay-gradient":""},"tablet":{"background-color":"var(--ast-global-color-5)","background-image":"","background-repeat":"repeat","background-position":"center center","background-size":"auto","background-attachment":"scroll","background-type":"","background-media":"","overlay-type":"","overlay-color":"","overlay-opacity":"","overlay-gradient":""},"mobile":{"background-color":"var(--ast-global-color-5)","background-image":"","background-repeat":"repeat","background-position":"center center","background-size":"auto","background-attachment":"scroll","background-type":"","background-media":"","overlay-type":"","overlay-color":"","overlay-opacity":"","overlay-gradient":""}},"footnotes":""},"class_list":["post-665","page","type-page","status-publish","hentry"],"post_mailing_queue_ids":[],"_links":{"self":[{"href":"https:\/\/agora.xtec.cat\/vilagran\/wp-json\/wp\/v2\/pages\/665","targetHints":{"allow":["GET"]}}],"collection":[{"href":"https:\/\/agora.xtec.cat\/vilagran\/wp-json\/wp\/v2\/pages"}],"about":[{"href":"https:\/\/agora.xtec.cat\/vilagran\/wp-json\/wp\/v2\/types\/page"}],"author":[{"embeddable":true,"href":"https:\/\/agora.xtec.cat\/vilagran\/wp-json\/wp\/v2\/users\/1"}],"replies":[{"embeddable":true,"href":"https:\/\/agora.xtec.cat\/vilagran\/wp-json\/wp\/v2\/comments?post=665"}],"version-history":[{"count":7,"href":"https:\/\/agora.xtec.cat\/vilagran\/wp-json\/wp\/v2\/pages\/665\/revisions"}],"predecessor-version":[{"id":6369,"href":"https:\/\/agora.xtec.cat\/vilagran\/wp-json\/wp\/v2\/pages\/665\/revisions\/6369"}],"up":[{"embeddable":true,"href":"https:\/\/agora.xtec.cat\/vilagran\/wp-json\/wp\/v2\/pages\/660"}],"wp:attachment":[{"href":"https:\/\/agora.xtec.cat\/vilagran\/wp-json\/wp\/v2\/media?parent=665"}],"curies":[{"name":"wp","href":"https:\/\/api.w.org\/{rel}","templated":true}]}}