{"id":658,"date":"2022-07-04T18:19:46","date_gmt":"2022-07-04T16:19:46","guid":{"rendered":"https:\/\/agora.xtec.cat\/vilagran\/?page_id=658"},"modified":"2022-07-05T10:38:26","modified_gmt":"2022-07-05T08:38:26","slug":"pla-lector","status":"publish","type":"page","link":"https:\/\/agora.xtec.cat\/vilagran\/documentacio-oficial\/pla-lector\/","title":{"rendered":"Pla lector"},"content":{"rendered":"<p>La lectura, com a base d\u2019altres aprenentatges, esdev\u00e9 un factor fonamental per a l\u2019adquisici\u00f3 i desenvolupament de les compet\u00e8ncies b\u00e0siques. Per aix\u00f2, la lectura ha de ser una prioritat en els centres i en la tasca de tot docent. Per tal de millorar la coher\u00e8ncia pedag\u00f2gica i disposar d\u2019una l\u00ednia d\u2019escola (aspectes organitzatius i did\u00e0ctics), \u00e9s necessari disposar d\u2019un Pla de lectura de centre (PLEC).<\/p>\n<p>El PLEC \u00e9s un document de refer\u00e8ncia per a tota la comunitat educativa, que defineix clarament les l\u00ednies d\u2019actuaci\u00f3 \u2013objectius, metodologia, planificaci\u00f3 d\u2019estrat\u00e8gies, recursos\u2013 que cada centre es proposa per tal d\u2019assegurar la compet\u00e8ncia lectora de l\u2019alumnat. Els eixos de la compet\u00e8ncia lectora que ha de desenvolupar un Pla de lectura de centre s\u00f3n: saber llegir, llegir per aprendre i gust per llegir.<\/p>\n<p>Aqu\u00ed teniu el <a href=\"https:\/\/en.calameo.com\/read\/0000438418f304d630920\" target=\"_blank\" rel=\"noopener\"><strong>PLA LECTOR<\/strong><\/a>.<\/p>\n","protected":false},"excerpt":{"rendered":"<p>La lectura, com a base d\u2019altres aprenentatges, esdev\u00e9 un factor fonamental per a l\u2019adquisici\u00f3 i desenvolupament de les compet\u00e8ncies b\u00e0siques. Per aix\u00f2, la lectura ha de ser una prioritat en els centres i en la tasca de tot docent. Per tal de millorar la coher\u00e8ncia pedag\u00f2gica i disposar d\u2019una l\u00ednia d\u2019escola (aspectes organitzatius i did\u00e0ctics), [&hellip;]<\/p>\n","protected":false},"author":1,"featured_media":0,"parent":650,"menu_order":0,"comment_status":"closed","ping_status":"closed","template":"","meta":{"_bbp_topic_count":0,"_bbp_reply_count":0,"_bbp_total_topic_count":0,"_bbp_total_reply_count":0,"_bbp_voice_count":0,"_bbp_anonymous_reply_count":0,"_bbp_topic_count_hidden":0,"_bbp_reply_count_hidden":0,"_bbp_forum_subforum_count":0,"site-sidebar-layout":"default","site-content-layout":"","ast-site-content-layout":"","site-content-style":"default","site-sidebar-style":"default","ast-global-header-display":"","ast-banner-title-visibility":"","ast-main-header-display":"","ast-hfb-above-header-display":"","ast-hfb-below-header-display":"","ast-hfb-mobile-header-display":"","site-post-title":"","ast-breadcrumbs-content":"","ast-featured-img":"","footer-sml-layout":"","theme-transparent-header-meta":"","adv-header-id-meta":"","stick-header-meta":"","header-above-stick-meta":"","header-main-stick-meta":"","header-below-stick-meta":"","astra-migrate-meta-layouts":"default","ast-page-background-enabled":"default","ast-page-background-meta":{"desktop":{"background-color":"var(--ast-global-color-4)","background-image":"","background-repeat":"repeat","background-position":"center center","background-size":"auto","background-attachment":"scroll","background-type":"","background-media":"","overlay-type":"","overlay-color":"","overlay-opacity":"","overlay-gradient":""},"tablet":{"background-color":"","background-image":"","background-repeat":"repeat","background-position":"center center","background-size":"auto","background-attachment":"scroll","background-type":"","background-media":"","overlay-type":"","overlay-color":"","overlay-opacity":"","overlay-gradient":""},"mobile":{"background-color":"","background-image":"","background-repeat":"repeat","background-position":"center center","background-size":"auto","background-attachment":"scroll","background-type":"","background-media":"","overlay-type":"","overlay-color":"","overlay-opacity":"","overlay-gradient":""}},"ast-content-background-meta":{"desktop":{"background-color":"var(--ast-global-color-5)","background-image":"","background-repeat":"repeat","background-position":"center center","background-size":"auto","background-attachment":"scroll","background-type":"","background-media":"","overlay-type":"","overlay-color":"","overlay-opacity":"","overlay-gradient":""},"tablet":{"background-color":"var(--ast-global-color-5)","background-image":"","background-repeat":"repeat","background-position":"center center","background-size":"auto","background-attachment":"scroll","background-type":"","background-media":"","overlay-type":"","overlay-color":"","overlay-opacity":"","overlay-gradient":""},"mobile":{"background-color":"var(--ast-global-color-5)","background-image":"","background-repeat":"repeat","background-position":"center center","background-size":"auto","background-attachment":"scroll","background-type":"","background-media":"","overlay-type":"","overlay-color":"","overlay-opacity":"","overlay-gradient":""}},"footnotes":""},"class_list":["post-658","page","type-page","status-publish","hentry"],"post_mailing_queue_ids":[],"_links":{"self":[{"href":"https:\/\/agora.xtec.cat\/vilagran\/wp-json\/wp\/v2\/pages\/658","targetHints":{"allow":["GET"]}}],"collection":[{"href":"https:\/\/agora.xtec.cat\/vilagran\/wp-json\/wp\/v2\/pages"}],"about":[{"href":"https:\/\/agora.xtec.cat\/vilagran\/wp-json\/wp\/v2\/types\/page"}],"author":[{"embeddable":true,"href":"https:\/\/agora.xtec.cat\/vilagran\/wp-json\/wp\/v2\/users\/1"}],"replies":[{"embeddable":true,"href":"https:\/\/agora.xtec.cat\/vilagran\/wp-json\/wp\/v2\/comments?post=658"}],"version-history":[{"count":2,"href":"https:\/\/agora.xtec.cat\/vilagran\/wp-json\/wp\/v2\/pages\/658\/revisions"}],"predecessor-version":[{"id":681,"href":"https:\/\/agora.xtec.cat\/vilagran\/wp-json\/wp\/v2\/pages\/658\/revisions\/681"}],"up":[{"embeddable":true,"href":"https:\/\/agora.xtec.cat\/vilagran\/wp-json\/wp\/v2\/pages\/650"}],"wp:attachment":[{"href":"https:\/\/agora.xtec.cat\/vilagran\/wp-json\/wp\/v2\/media?parent=658"}],"curies":[{"name":"wp","href":"https:\/\/api.w.org\/{rel}","templated":true}]}}