{"id":652,"date":"2022-07-04T18:18:26","date_gmt":"2022-07-04T16:18:26","guid":{"rendered":"https:\/\/agora.xtec.cat\/vilagran\/?page_id=652"},"modified":"2022-07-05T10:37:16","modified_gmt":"2022-07-05T08:37:16","slug":"projecte-educatiu-de-centre","status":"publish","type":"page","link":"https:\/\/agora.xtec.cat\/vilagran\/documentacio-oficial\/projecte-educatiu-de-centre\/","title":{"rendered":"Projecte educatiu de centre"},"content":{"rendered":"<p>La Llei 12\/2009, del 10 de juliol, d\u2019educaci\u00f3 (article 91) estableix que tots els centres vinculats al Servei d\u2019Educaci\u00f3 de Catalunya han de disposar de projecte educatiu. Els centres del sistema educatiu catal\u00e0 han de recollir els principis rectors del sistema educatiu que s\u2019estableixen a l\u2019article 2 de la Llei 12\/2009. A m\u00e9s, els centres de titularitat p\u00fablica han d\u2019incloure els principis espec\u00edfics que s\u2019estableixen a l\u2019article 93 de la Llei 12\/2009.<br \/>\nEl projecte educatiu, que \u00e9s la m\u00e0xima expressi\u00f3 de l\u2019autonomia dels centres, recull la identitat del centre, n\u2019explicita els objectius, n\u2019orienta l\u2019activitat i hi d\u00f3na sentit amb la finalitat que els alumnes assoleixin les compet\u00e8ncies b\u00e0siques i el m\u00e0xim aprofitament educatiu, d\u2019acord amb el marc proporcionat pel Decret 102\/2010, de 3 d\u2019agost, d\u2019autonomia dels centres educatius, que situa la presa de decisions en l\u2019\u00e0mbit del centre per enfortir la instituci\u00f3 escolar i el lideratge educatiu.<br \/>\nEl projecte educatiu de centre \u00e9s el document estrat\u00e8gic marc de la instituci\u00f3 escolar que en defineix el funcionament en l\u2019\u00e0mbit curricular, l\u2019organitzatiu, de gesti\u00f3 econ\u00f2mica i de gesti\u00f3 de personal, adaptat a la realitat dels alumnes i a l\u2019entorn. En aquest sentit, concreta, interpreta i aplica les previsions de la normativa vigent als trets caracter\u00edstics del centre, d\u2019acord amb les necessitats educatives dels alumnes i els objectius del centre.<\/p>\n<p>Aqu\u00ed teniu el <strong><a href=\"https:\/\/en.calameo.com\/read\/00004384149a9a8c12bc0\" target=\"_blank\" rel=\"noopener\">PROJECTE EDUCATIU DE CENTRE<\/a><\/strong>.<\/p>\n","protected":false},"excerpt":{"rendered":"<p>La Llei 12\/2009, del 10 de juliol, d\u2019educaci\u00f3 (article 91) estableix que tots els centres vinculats al Servei d\u2019Educaci\u00f3 de Catalunya han de disposar de projecte educatiu. Els centres del sistema educatiu catal\u00e0 han de recollir els principis rectors del sistema educatiu que s\u2019estableixen a l\u2019article 2 de la Llei 12\/2009. A m\u00e9s, els centres [&hellip;]<\/p>\n","protected":false},"author":1,"featured_media":0,"parent":650,"menu_order":0,"comment_status":"closed","ping_status":"closed","template":"","meta":{"_bbp_topic_count":0,"_bbp_reply_count":0,"_bbp_total_topic_count":0,"_bbp_total_reply_count":0,"_bbp_voice_count":0,"_bbp_anonymous_reply_count":0,"_bbp_topic_count_hidden":0,"_bbp_reply_count_hidden":0,"_bbp_forum_subforum_count":0,"site-sidebar-layout":"default","site-content-layout":"","ast-site-content-layout":"","site-content-style":"default","site-sidebar-style":"default","ast-global-header-display":"","ast-banner-title-visibility":"","ast-main-header-display":"","ast-hfb-above-header-display":"","ast-hfb-below-header-display":"","ast-hfb-mobile-header-display":"","site-post-title":"","ast-breadcrumbs-content":"","ast-featured-img":"","footer-sml-layout":"","theme-transparent-header-meta":"","adv-header-id-meta":"","stick-header-meta":"","header-above-stick-meta":"","header-main-stick-meta":"","header-below-stick-meta":"","astra-migrate-meta-layouts":"default","ast-page-background-enabled":"default","ast-page-background-meta":{"desktop":{"background-color":"var(--ast-global-color-4)","background-image":"","background-repeat":"repeat","background-position":"center center","background-size":"auto","background-attachment":"scroll","background-type":"","background-media":"","overlay-type":"","overlay-color":"","overlay-opacity":"","overlay-gradient":""},"tablet":{"background-color":"","background-image":"","background-repeat":"repeat","background-position":"center center","background-size":"auto","background-attachment":"scroll","background-type":"","background-media":"","overlay-type":"","overlay-color":"","overlay-opacity":"","overlay-gradient":""},"mobile":{"background-color":"","background-image":"","background-repeat":"repeat","background-position":"center center","background-size":"auto","background-attachment":"scroll","background-type":"","background-media":"","overlay-type":"","overlay-color":"","overlay-opacity":"","overlay-gradient":""}},"ast-content-background-meta":{"desktop":{"background-color":"var(--ast-global-color-5)","background-image":"","background-repeat":"repeat","background-position":"center center","background-size":"auto","background-attachment":"scroll","background-type":"","background-media":"","overlay-type":"","overlay-color":"","overlay-opacity":"","overlay-gradient":""},"tablet":{"background-color":"var(--ast-global-color-5)","background-image":"","background-repeat":"repeat","background-position":"center center","background-size":"auto","background-attachment":"scroll","background-type":"","background-media":"","overlay-type":"","overlay-color":"","overlay-opacity":"","overlay-gradient":""},"mobile":{"background-color":"var(--ast-global-color-5)","background-image":"","background-repeat":"repeat","background-position":"center center","background-size":"auto","background-attachment":"scroll","background-type":"","background-media":"","overlay-type":"","overlay-color":"","overlay-opacity":"","overlay-gradient":""}},"footnotes":""},"class_list":["post-652","page","type-page","status-publish","hentry"],"post_mailing_queue_ids":[],"_links":{"self":[{"href":"https:\/\/agora.xtec.cat\/vilagran\/wp-json\/wp\/v2\/pages\/652","targetHints":{"allow":["GET"]}}],"collection":[{"href":"https:\/\/agora.xtec.cat\/vilagran\/wp-json\/wp\/v2\/pages"}],"about":[{"href":"https:\/\/agora.xtec.cat\/vilagran\/wp-json\/wp\/v2\/types\/page"}],"author":[{"embeddable":true,"href":"https:\/\/agora.xtec.cat\/vilagran\/wp-json\/wp\/v2\/users\/1"}],"replies":[{"embeddable":true,"href":"https:\/\/agora.xtec.cat\/vilagran\/wp-json\/wp\/v2\/comments?post=652"}],"version-history":[{"count":3,"href":"https:\/\/agora.xtec.cat\/vilagran\/wp-json\/wp\/v2\/pages\/652\/revisions"}],"predecessor-version":[{"id":680,"href":"https:\/\/agora.xtec.cat\/vilagran\/wp-json\/wp\/v2\/pages\/652\/revisions\/680"}],"up":[{"embeddable":true,"href":"https:\/\/agora.xtec.cat\/vilagran\/wp-json\/wp\/v2\/pages\/650"}],"wp:attachment":[{"href":"https:\/\/agora.xtec.cat\/vilagran\/wp-json\/wp\/v2\/media?parent=652"}],"curies":[{"name":"wp","href":"https:\/\/api.w.org\/{rel}","templated":true}]}}