{"id":647,"date":"2022-07-04T18:14:55","date_gmt":"2022-07-04T16:14:55","guid":{"rendered":"https:\/\/agora.xtec.cat\/vilagran\/?page_id=647"},"modified":"2022-07-04T18:14:55","modified_gmt":"2022-07-04T16:14:55","slug":"ideari","status":"publish","type":"page","link":"https:\/\/agora.xtec.cat\/vilagran\/ideari\/","title":{"rendered":"Ideari"},"content":{"rendered":"<p><strong>IDEARI DEL CENTRE<\/strong><\/p>\n<p><strong><em>EL COL\u00b7LEGI VILAGRAN \u00c9S UNA ESCOLA PRIVADA CONCERTADA I PRET\u00c9N UNA EDUCACI\u00d3 INTEGRAL, PER ALS ALUMNES, MITJAN\u00c7ANT EL DESENVOLUPAMENT HARM\u00d2NIC DE TOTS ELS VALORS HUMANS.<\/em><\/strong><\/p>\n<p>Els criteris que orienten la labor educativa del Centre s\u00f3n:<\/p>\n<ul>\n<li>Emprar tots els mitjans t\u00e8cnics d\u2019aprenentatge a fi d\u2019assolir una aut\u00e8ntica qualitat d\u2019educaci\u00f3 centrada en el respecte a la persona, en la voluntat de servei a la societat, en l\u2019estima de la llengua i cultura pr\u00f2pies.<\/li>\n<li>Treballar a fons les diverses mat\u00e8ries, d\u2019acord amb els objectius marcats, i des de l\u2019aspecte te\u00f2ric-pr\u00e0ctic.<\/li>\n<li>Fer que les activitats escolars tinguin un aire familiar cuidant la lleialtat, companyonia, respecte mutu i responsabilitat que presideixin el seu treball i conviv\u00e8ncia.<\/li>\n<li>Procurar una educaci\u00f3 completa de tots els alumnes adaptada a la capacitat de cada un, per desenvolupar el m\u00e0xim l\u2019ensenyament intel\u00b7lectual, religi\u00f3s, moral i social.<\/li>\n<li>Promoure una participaci\u00f3 efica\u00e7 de les fam\u00edlies, professorat i alumnes, per tal d\u2019aconseguir les metes educatives proposades.<\/li>\n<li>Desenvolupar la tasca educativa procurant l\u2019adhesi\u00f3, lliure i personal, a un ordre de valors, d\u2019acord amb el sentit cristi\u00e0 de la vida i del m\u00f3n.<\/li>\n<li>Educar els alumnes en una llibertat responsable i capacitar-los en l\u2019exercici de les seves obligacions ciutadanes perqu\u00e8 s\u00e0piguen acceptar les conseq\u00fc\u00e8ncies de les seves pr\u00f2pies decisions.<\/li>\n<li>Dins l\u2019Escola, els alumnes vestiran d\u2019una manera adequada i normal, sense cap complement estrident o que cridi l\u2019atenci\u00f3.<\/li>\n<\/ul>\n","protected":false},"excerpt":{"rendered":"<p>IDEARI DEL CENTRE EL COL\u00b7LEGI VILAGRAN \u00c9S UNA ESCOLA PRIVADA CONCERTADA I PRET\u00c9N UNA EDUCACI\u00d3 INTEGRAL, PER ALS ALUMNES, MITJAN\u00c7ANT EL DESENVOLUPAMENT HARM\u00d2NIC DE TOTS ELS VALORS HUMANS. Els criteris que orienten la labor educativa del Centre s\u00f3n: Emprar tots els mitjans t\u00e8cnics d\u2019aprenentatge a fi d\u2019assolir una aut\u00e8ntica qualitat d\u2019educaci\u00f3 centrada en el respecte [&hellip;]<\/p>\n","protected":false},"author":1,"featured_media":0,"parent":0,"menu_order":0,"comment_status":"closed","ping_status":"closed","template":"","meta":{"_bbp_topic_count":0,"_bbp_reply_count":0,"_bbp_total_topic_count":0,"_bbp_total_reply_count":0,"_bbp_voice_count":0,"_bbp_anonymous_reply_count":0,"_bbp_topic_count_hidden":0,"_bbp_reply_count_hidden":0,"_bbp_forum_subforum_count":0,"site-sidebar-layout":"default","site-content-layout":"","ast-site-content-layout":"","site-content-style":"default","site-sidebar-style":"default","ast-global-header-display":"","ast-banner-title-visibility":"","ast-main-header-display":"","ast-hfb-above-header-display":"","ast-hfb-below-header-display":"","ast-hfb-mobile-header-display":"","site-post-title":"","ast-breadcrumbs-content":"","ast-featured-img":"","footer-sml-layout":"","theme-transparent-header-meta":"","adv-header-id-meta":"","stick-header-meta":"","header-above-stick-meta":"","header-main-stick-meta":"","header-below-stick-meta":"","astra-migrate-meta-layouts":"default","ast-page-background-enabled":"default","ast-page-background-meta":{"desktop":{"background-color":"var(--ast-global-color-4)","background-image":"","background-repeat":"repeat","background-position":"center center","background-size":"auto","background-attachment":"scroll","background-type":"","background-media":"","overlay-type":"","overlay-color":"","overlay-opacity":"","overlay-gradient":""},"tablet":{"background-color":"","background-image":"","background-repeat":"repeat","background-position":"center center","background-size":"auto","background-attachment":"scroll","background-type":"","background-media":"","overlay-type":"","overlay-color":"","overlay-opacity":"","overlay-gradient":""},"mobile":{"background-color":"","background-image":"","background-repeat":"repeat","background-position":"center center","background-size":"auto","background-attachment":"scroll","background-type":"","background-media":"","overlay-type":"","overlay-color":"","overlay-opacity":"","overlay-gradient":""}},"ast-content-background-meta":{"desktop":{"background-color":"var(--ast-global-color-5)","background-image":"","background-repeat":"repeat","background-position":"center center","background-size":"auto","background-attachment":"scroll","background-type":"","background-media":"","overlay-type":"","overlay-color":"","overlay-opacity":"","overlay-gradient":""},"tablet":{"background-color":"var(--ast-global-color-5)","background-image":"","background-repeat":"repeat","background-position":"center center","background-size":"auto","background-attachment":"scroll","background-type":"","background-media":"","overlay-type":"","overlay-color":"","overlay-opacity":"","overlay-gradient":""},"mobile":{"background-color":"var(--ast-global-color-5)","background-image":"","background-repeat":"repeat","background-position":"center center","background-size":"auto","background-attachment":"scroll","background-type":"","background-media":"","overlay-type":"","overlay-color":"","overlay-opacity":"","overlay-gradient":""}},"footnotes":""},"class_list":["post-647","page","type-page","status-publish","hentry"],"post_mailing_queue_ids":[],"_links":{"self":[{"href":"https:\/\/agora.xtec.cat\/vilagran\/wp-json\/wp\/v2\/pages\/647","targetHints":{"allow":["GET"]}}],"collection":[{"href":"https:\/\/agora.xtec.cat\/vilagran\/wp-json\/wp\/v2\/pages"}],"about":[{"href":"https:\/\/agora.xtec.cat\/vilagran\/wp-json\/wp\/v2\/types\/page"}],"author":[{"embeddable":true,"href":"https:\/\/agora.xtec.cat\/vilagran\/wp-json\/wp\/v2\/users\/1"}],"replies":[{"embeddable":true,"href":"https:\/\/agora.xtec.cat\/vilagran\/wp-json\/wp\/v2\/comments?post=647"}],"version-history":[{"count":1,"href":"https:\/\/agora.xtec.cat\/vilagran\/wp-json\/wp\/v2\/pages\/647\/revisions"}],"predecessor-version":[{"id":648,"href":"https:\/\/agora.xtec.cat\/vilagran\/wp-json\/wp\/v2\/pages\/647\/revisions\/648"}],"wp:attachment":[{"href":"https:\/\/agora.xtec.cat\/vilagran\/wp-json\/wp\/v2\/media?parent=647"}],"curies":[{"name":"wp","href":"https:\/\/api.w.org\/{rel}","templated":true}]}}