{"id":567,"date":"2022-07-04T17:03:28","date_gmt":"2022-07-04T15:03:28","guid":{"rendered":"https:\/\/agora.xtec.cat\/vilagran\/?page_id=567"},"modified":"2026-03-27T08:58:02","modified_gmt":"2026-03-27T07:58:02","slug":"menjador","status":"publish","type":"page","link":"https:\/\/agora.xtec.cat\/vilagran\/menjador\/","title":{"rendered":"Menjador"},"content":{"rendered":"<div class=\"et_pb_module et_pb_text et_pb_text_0 et_pb_bg_layout_dark et_pb_text_align_left\">\n<div class=\"et_pb_text_inner\">\n<p>El menjador escolar \u00e9s quelcom m\u00e9s que un espai on els alumnes s\u2019alimenten. Es tracta d\u2019un espai de lleure educatiu que ajuda a fomentar la salut, els bons h\u00e0bits i valors socials com el respecte, la toler\u00e0ncia i la companyia.<\/p>\n<\/div>\n<\/div>\n<div class=\"et_pb_module et_pb_text et_pb_text_1 et_pb_bg_layout_light et_pb_text_align_left\">\n<div class=\"et_pb_text_inner\">\n<p>Mantenir una dieta equilibrada i adequada durant l\u2019etapa educativa \u00e9s clau per al creixement i l\u2019assoliment d\u2019actituds saludables per a un bon desenvolupament personal.<\/p>\n<p>Els nutricionistes de l\u2019empresa Vilanova, encarregada de servir-nos els dinars, elaboren cada mat\u00ed men\u00fas equilibrats en nutrients i amb ingredients de proximitat, naturals i ecol\u00f2gics. Men\u00fas per a llars d\u2019infants i escoles que garanteixen i satisfan totes les necessitats nutritives i energ\u00e8tiques dels nens i nenes en edat escolar.<\/p>\n<\/div>\n<\/div>\n<p>Feu clic en la fotografia i podreu veure <strong>el men\u00fa <\/strong>d\u2019aquest mes:<\/p>\n<p><a href=\"https:\/\/agora.xtec.cat\/vilagran\/wp-content\/uploads\/usu2316\/2026\/03\/COL\u00b7LEGI-VILAGRAN-BASAL-1-1.pdf\" target=\"_blank\" rel=\"noopener\"><img loading=\"lazy\" decoding=\"async\" class=\"size-medium wp-image-5806 aligncenter\" src=\"https:\/\/agora.xtec.cat\/vilagran\/wp-content\/uploads\/usu2316\/2025\/03\/Menu-normal-1-300x200.jpg\" alt=\"\" width=\"300\" height=\"200\" srcset=\"https:\/\/agora.xtec.cat\/vilagran\/wp-content\/uploads\/usu2316\/2025\/03\/Menu-normal-1-300x200.jpg 300w, https:\/\/agora.xtec.cat\/vilagran\/wp-content\/uploads\/usu2316\/2025\/03\/Menu-normal-1-1024x683.jpg 1024w, https:\/\/agora.xtec.cat\/vilagran\/wp-content\/uploads\/usu2316\/2025\/03\/Menu-normal-1-768x512.jpg 768w, https:\/\/agora.xtec.cat\/vilagran\/wp-content\/uploads\/usu2316\/2025\/03\/Menu-normal-1.jpg 1200w\" sizes=\"auto, (max-width: 300px) 100vw, 300px\" \/><\/a><\/p>\n<p>Feu clic en la fotografia i podreu veure <strong>el men\u00fa cel\u00edac<\/strong> d\u2019aquest mes.<\/p>\n<p><a href=\"https:\/\/agora.xtec.cat\/vilagran\/wp-content\/uploads\/usu2316\/2026\/03\/COL\u00b7LEGI-VILAGRAN-CELIAC-1-1.pdf\" target=\"_blank\" rel=\"noopener\"><img loading=\"lazy\" decoding=\"async\" class=\"size-medium wp-image-5801 aligncenter\" src=\"https:\/\/agora.xtec.cat\/vilagran\/wp-content\/uploads\/usu2316\/2025\/03\/No-gluten-300x199.jpg\" alt=\"\" width=\"300\" height=\"199\" srcset=\"https:\/\/agora.xtec.cat\/vilagran\/wp-content\/uploads\/usu2316\/2025\/03\/No-gluten-300x199.jpg 300w, https:\/\/agora.xtec.cat\/vilagran\/wp-content\/uploads\/usu2316\/2025\/03\/No-gluten.jpg 414w\" sizes=\"auto, (max-width: 300px) 100vw, 300px\" \/><\/a><\/p>\n<p>Feu clic en la fotografia i podreu veure <strong>el men\u00fa sense carn <\/strong>d&#8217;aquest mes.<\/p>\n<p><a href=\"https:\/\/agora.xtec.cat\/vilagran\/wp-content\/uploads\/usu2316\/2026\/03\/COL\u00b7LEGI-VILAGRAN-NO-CARN-1-1.pdf\" target=\"_blank\" rel=\"noopener\"><img loading=\"lazy\" decoding=\"async\" class=\"size-medium wp-image-5807 aligncenter\" src=\"https:\/\/agora.xtec.cat\/vilagran\/wp-content\/uploads\/usu2316\/2025\/03\/Menu-sense-carn-300x200.jpeg\" alt=\"\" width=\"300\" height=\"200\" srcset=\"https:\/\/agora.xtec.cat\/vilagran\/wp-content\/uploads\/usu2316\/2025\/03\/Menu-sense-carn-300x200.jpeg 300w, https:\/\/agora.xtec.cat\/vilagran\/wp-content\/uploads\/usu2316\/2025\/03\/Menu-sense-carn.jpeg 600w\" sizes=\"auto, (max-width: 300px) 100vw, 300px\" \/><\/a><\/p>\n","protected":false},"excerpt":{"rendered":"<p>El menjador escolar \u00e9s quelcom m\u00e9s que un espai on els alumnes s\u2019alimenten. Es tracta d\u2019un espai de lleure educatiu que ajuda a fomentar la salut, els bons h\u00e0bits i valors socials com el respecte, la toler\u00e0ncia i la companyia. Mantenir una dieta equilibrada i adequada durant l\u2019etapa educativa \u00e9s clau per al creixement i [&hellip;]<\/p>\n","protected":false},"author":1,"featured_media":0,"parent":0,"menu_order":0,"comment_status":"closed","ping_status":"closed","template":"","meta":{"_bbp_topic_count":0,"_bbp_reply_count":0,"_bbp_total_topic_count":0,"_bbp_total_reply_count":0,"_bbp_voice_count":0,"_bbp_anonymous_reply_count":0,"_bbp_topic_count_hidden":0,"_bbp_reply_count_hidden":0,"_bbp_forum_subforum_count":0,"site-sidebar-layout":"default","site-content-layout":"","ast-site-content-layout":"default","site-content-style":"default","site-sidebar-style":"default","ast-global-header-display":"","ast-banner-title-visibility":"","ast-main-header-display":"","ast-hfb-above-header-display":"","ast-hfb-below-header-display":"","ast-hfb-mobile-header-display":"","site-post-title":"","ast-breadcrumbs-content":"","ast-featured-img":"","footer-sml-layout":"","theme-transparent-header-meta":"default","adv-header-id-meta":"","stick-header-meta":"","header-above-stick-meta":"","header-main-stick-meta":"","header-below-stick-meta":"","astra-migrate-meta-layouts":"set","ast-page-background-enabled":"default","ast-page-background-meta":{"desktop":{"background-color":"var(--ast-global-color-4)","background-image":"","background-repeat":"repeat","background-position":"center center","background-size":"auto","background-attachment":"scroll","background-type":"","background-media":"","overlay-type":"","overlay-color":"","overlay-opacity":"","overlay-gradient":""},"tablet":{"background-color":"","background-image":"","background-repeat":"repeat","background-position":"center center","background-size":"auto","background-attachment":"scroll","background-type":"","background-media":"","overlay-type":"","overlay-color":"","overlay-opacity":"","overlay-gradient":""},"mobile":{"background-color":"","background-image":"","background-repeat":"repeat","background-position":"center center","background-size":"auto","background-attachment":"scroll","background-type":"","background-media":"","overlay-type":"","overlay-color":"","overlay-opacity":"","overlay-gradient":""}},"ast-content-background-meta":{"desktop":{"background-color":"var(--ast-global-color-5)","background-image":"","background-repeat":"repeat","background-position":"center center","background-size":"auto","background-attachment":"scroll","background-type":"","background-media":"","overlay-type":"","overlay-color":"","overlay-opacity":"","overlay-gradient":""},"tablet":{"background-color":"var(--ast-global-color-5)","background-image":"","background-repeat":"repeat","background-position":"center center","background-size":"auto","background-attachment":"scroll","background-type":"","background-media":"","overlay-type":"","overlay-color":"","overlay-opacity":"","overlay-gradient":""},"mobile":{"background-color":"var(--ast-global-color-5)","background-image":"","background-repeat":"repeat","background-position":"center center","background-size":"auto","background-attachment":"scroll","background-type":"","background-media":"","overlay-type":"","overlay-color":"","overlay-opacity":"","overlay-gradient":""}},"footnotes":""},"class_list":["post-567","page","type-page","status-publish","hentry"],"post_mailing_queue_ids":[],"_links":{"self":[{"href":"https:\/\/agora.xtec.cat\/vilagran\/wp-json\/wp\/v2\/pages\/567","targetHints":{"allow":["GET"]}}],"collection":[{"href":"https:\/\/agora.xtec.cat\/vilagran\/wp-json\/wp\/v2\/pages"}],"about":[{"href":"https:\/\/agora.xtec.cat\/vilagran\/wp-json\/wp\/v2\/types\/page"}],"author":[{"embeddable":true,"href":"https:\/\/agora.xtec.cat\/vilagran\/wp-json\/wp\/v2\/users\/1"}],"replies":[{"embeddable":true,"href":"https:\/\/agora.xtec.cat\/vilagran\/wp-json\/wp\/v2\/comments?post=567"}],"version-history":[{"count":6,"href":"https:\/\/agora.xtec.cat\/vilagran\/wp-json\/wp\/v2\/pages\/567\/revisions"}],"predecessor-version":[{"id":7447,"href":"https:\/\/agora.xtec.cat\/vilagran\/wp-json\/wp\/v2\/pages\/567\/revisions\/7447"}],"wp:attachment":[{"href":"https:\/\/agora.xtec.cat\/vilagran\/wp-json\/wp\/v2\/media?parent=567"}],"curies":[{"name":"wp","href":"https:\/\/api.w.org\/{rel}","templated":true}]}}