{"id":552,"date":"2015-01-11T12:41:59","date_gmt":"2015-01-11T11:41:59","guid":{"rendered":"http:\/\/agora.xtec.cat\/sinscardener\/?page_id=552"},"modified":"2026-02-23T09:55:18","modified_gmt":"2026-02-23T08:55:18","slug":"premsa","status":"publish","type":"page","link":"https:\/\/agora.xtec.cat\/sinscardener\/premsa\/","title":{"rendered":"PREMSA"},"content":{"rendered":"<p><a href=\"https:\/\/drive.google.com\/file\/d\/1UBpSdqizb4OEH2CiwZRHTWrPVCESsjW9\/view?usp=drive_link\">Intercanvi cultural amb l&#8217;alumnat de Berl\u00edn a l&#8217;Institut Cardener<\/a> (Regi\u00f3 7, 19 de febrer de 2026)<\/p>\n<p><a href=\"https:\/\/youtu.be\/i1i08yhQZWo?si=B3CPLYhoMDCBh9t0\">Reportatge Canal Taronja III Congr\u00e9s d&#8217;Ecociutat &#8211; Joves per la sostenibilitat<\/a> (Canal Taronja, 5 de juny de 2025)<\/p>\n<p><a href=\"https:\/\/www.regio7.cat\/manresa\/2025\/06\/05\/congres-d-ecociutat-afronta-present-118264161.html\">III Congr\u00e9s d&#8217;Ecociutat- Joves per la sostenibilitat<\/a> (Regi\u00f37, 6 de juny de 2025)<\/p>\n<p><a href=\"https:\/\/agora.xtec.cat\/sinscardener\/wp-content\/uploads\/usu132\/2025\/01\/Premsa_Regio-7_1a-mostra-moda-upcycled.pdf\">&#8220;La moda reutilitzada entra a les aules&#8221;<\/a>(Regi\u00f37 edici\u00f3 en paper, 30 de gener de 2025).<\/p>\n<p><a href=\"https:\/\/serveiseducatius.xtec.cat\/bages\/portada\/26940\/\">Upcycling a les aules- Institut Cardener<\/a> (Servei Educatiu del Bages, 30 de gener de 2025).<\/p>\n<p><a href=\"https:\/\/www.regio7.cat\/bages\/2025\/01\/29\/alumnes-linstitut-cardener-sant-joan-113815197.html\">&#8220;Alumnes de l&#8217;Institut Cardener de Sant Joan s&#8217;endinsen en el m\u00f3n de la moda reutilitzada&#8221;<\/a> (Regi\u00f37 edici\u00f3 online, 29 de gener de 2025).<\/p>\n<p><a href=\"https:\/\/www.regio7.cat\/bages\/2023\/12\/09\/sant-joan-mira-salvar-els-95573753.html\">&#8220;Sant Joan mira de salvar els darrers esculls per cedir el terreny per al nou institut Cardener&#8221;<\/a> (Regi\u00f37, 9 de desembre de 2023).<\/p>\n<p><a href=\"https:\/\/www.regio7.cat\/bages\/2021\/07\/08\/psc-reclama-concrecio-per-construccio-54798949.html\">&#8220;El PSC reclama concreci\u00f3 per a la construcci\u00f3 de dos instituts al Bages&#8221;<\/a> (Regi\u00f37, 8 de juliol de 2021).<\/p>\n<p><a href=\"https:\/\/www.regio7.cat\/bages\/2021\/06\/15\/sant-joan-treballa-per-tenir-53086031.html\">&#8220;Sant Joan treballa per tenir a punt el nou institut Cardener el 2022&#8221;<\/a> (Regi\u00f37, 15 de juny de 2021).<\/p>\n<p><a href=\"https:\/\/www.regio7.cat\/bages\/2019\/11\/02\/ple-sant-joan-acorda-que\/577179.html?utm_source=facebook&amp;utm_medium=social&amp;utm_campaign=dogtrack&amp;utm_content=envio1\">&#8220;El ple de Sant Joan acorda que l&#8217;Institut Cardener s&#8217;ubiqui en un nou edifici&#8221;<\/a> (Regi\u00f37, 2 de novembre de 2019).<\/p>\n<p><a href=\"https:\/\/pbs.twimg.com\/media\/D9fhU7jWwAA-FHE.jpg\">&#8220;Educaci\u00f3 planteja la reforma integral de l&#8217;Institut Cardener de Sant Joan, o fer-lo nou&#8221;<\/a> (Regi\u00f37, 20 de juny de 2019).<\/p>\n<p><a href=\"https:\/\/pbs.twimg.com\/media\/D2FMwLpXgAAtchk?format=jpg&amp;name=large\">&#8220;L&#8217;acompanyament proper&#8221;<\/a> (La Vanguardia, 20 de mar\u00e7 de 2019).<\/p>\n<p><a href=\"https:\/\/twitter.com\/linformatiu_tve\/status\/1104779167831216128\">El Taller de ioga &#8220;Silenci&#8221; als informatius de TVE<\/a> (TVE, 10 de mar\u00e7 de 2019).<\/p>\n<p><a href=\"https:\/\/agora.xtec.cat\/sinscardener\/wp-content\/uploads\/usu132\/2019\/03\/190226_Regi%C3%B37_Concert_SINS_Band_La_Marat%C3%B3_TV3.jpg\">&#8220;Concert de la SINS Band de l&#8217;Institut Cardener de Sant Joan de Vilatorrada per a la Marat\u00f3 de TV3&#8221;<\/a>\u00a0<span style=\"font-family: inherit; font-size: 1em;\">(Regi\u00f37, 26 de febrer de 2019).<\/span><\/p>\n<p><a style=\"font-family: inherit; font-size: 1em;\" href=\"https:\/\/www.regio7.cat\/bages\/2019\/02\/01\/alumnes-linstitut-cardener-descobreixen-oficis\/524690.html\">&#8220;Alumnes de l&#8217;Institut Cardener descobreixen els oficis i vocacions&#8221;<\/a><span style=\"font-family: inherit; font-size: 1em;\">\u00a0(Regi\u00f37, 1 de febrer de 2019).<\/span><\/p>\n<div class=\"entry-content\">\n<p><a href=\"https:\/\/agora.xtec.cat\/sinscardener\/wp-content\/uploads\/usu132\/2018\/12\/SINS-Cardener-Regi%C3%B37-Erasmus-1-desembre-2018.jpg\">&#8220;30 alumnes europeus d&#8217;Erasmus a l&#8217;Institut Cardener de Sant Joan de Vilatorrada&#8221;<\/a> (Regi\u00f3 7, 1 de desembre de 2018).<\/p>\n<p><a href=\"https:\/\/www.grao.com\/ca\/producte\/lorganitzacio-de-laccio-educativa-a-partir-dels-plans-personals-daprenentatge-doc0394266\">L&#8217;organitzaci\u00f3 de l&#8217;acci\u00f3 educativa a partir dels plans personals d&#8217;aprenentatge<\/a> (Revista DOSSIER GRA\u00d3, maig de 2018).<\/p>\n<p><a href=\"https:\/\/www.regio7.cat\/bages\/2018\/03\/01\/sins-cardener-sant-joan-orienta\/462654.html\">&#8220;El SINS Cardener de Sant Joan orienta els alumnes amb les Jornades d&#8217;Oficis i Vocacions&#8221;<\/a> (Regi\u00f37, 2 de mar\u00e7 de 2018).<\/p>\n<p><a href=\"http:\/\/www.eduforics.com\/es\/planes-personales-aprendizaje\/\">&#8220;Planes personales de aprendizaje&#8221;<\/a> (EDUforics, 13 de setembre de 2017).<\/p>\n<p><a href=\"http:\/\/agora.xtec.cat\/sinscardener\/wp-content\/uploads\/usu132\/2017\/05\/SINS_Cardener_Erasmus_Maig_2017_Jesi.jpg\">&#8220;Galilei internazionale, un&#8217;app per giochi da tavolo&#8221;<\/a>\u00a0\u00a0(Corriere adriatico, 10 de maig de 2017).<\/p>\n<p>&#8220;<a href=\"http:\/\/www.leggopassword.it\/al-galilei-il-trentennale-del-progetto-erasmus-con-studenti-e-docenti-provenienti-da-germania-spagna-olanda-e-svezia\/\">Al &#8220;Galilei&#8221; il trentannale del Progetto Erasmus con le scuole partner di Germania, Spagna, Olanda e Svezia<\/a>&#8221;\u00a0\u00a0(Leggopassword.it, 9 de maig de 2017).<\/p>\n<\/div>\n<p><a href=\"https:\/\/pbs.twimg.com\/media\/C8O_qkZVwAAA-iX.jpg\">&#8220;Un grup de vint alumnes alemanys d&#8217;Erasmus amb la SINS Cardener de Sant Joan&#8221;<\/a>\u00a0(Regi\u00f37, 31-03-2017).<\/p>\n<p><a href=\"http:\/\/www.regio7.cat\/bages\/2017\/03\/30\/vintena-dalumnes-alemanys-derasmus-sins\/407261.html\">&#8220;Un grup de vint alumnes alemanys d&#8217;Erasmus amb la SINS Cardener de Sant Joan&#8221;<\/a>\u00a0(Regi\u00f37 Digital, 30-03-2017).<\/p>\n<p><a href=\"http:\/\/www.ccma.cat\/tv3\/alacarta\/telenoticies-migdia\/1-200-estudiants-de-secundaria-fan-una-gimcana-de-geolocalitzacio-a-barcelona-per-aprendre-a-moures-sols-i-fer-un-bon-us-de-les-tecnologies\/video\/5651191\/\">1.200 estudiants de Secund\u00e0ria fan una gimcana de geolocalitzaci\u00f3 a Barcelona per aprendre a moure&#8217;s sols i fer un bon \u00fas de les tecnologies<\/a> (TN Migdia, TV3, 16-02-2017).<\/p>\n<p><a href=\"http:\/\/agora.xtec.cat\/sinscardener\/eso\/lexperiencia-innovadora-de-linstitut-cardener-de-sant-joan-causa-expectacio\/\">&#8220;L&#8217;experi\u00e8ncia innovadora de l&#8217;Institut Cardener de Sant Joan causa expectaci\u00f3&#8221;<\/a>\u00a0(Regi\u00f37, 22-01-2017).<\/p>\n<p><a href=\"http:\/\/www.efefuturo.com\/noticia\/las-tecnologicas-la-conquista-del-suculento-mercado-la-educacion\/\">&#8220;Las tecnol\u00f3gicas, a la conquista del suculento mercado de la educaci\u00f3n&#8221;<\/a> (Efe, Octubre de 2016).<\/p>\n<p><a href=\"http:\/\/www.regio7.cat\/bages\/2016\/10\/04\/clam-linstitut-cardener-edifici-al\/381937.html\">&#8220;El clam de l&#8217;institut Cardener, per tenir edifici, al Parlament&#8221;<\/a> (Regi\u00f37, 4-10-2016).<\/p>\n<p><a href=\"http:\/\/www.regio7.cat\/bages\/2016\/09\/30\/sant-joan-demana-ensenyament-edifici\/381342.html\">&#8220;Sant Joan demana un edifici nou per a l&#8217;institut Cardener&#8221;<\/a> (Regi\u00f37, 30-09-2016).<\/p>\n<p><a href=\"http:\/\/agora.xtec.cat\/sinscardener\/wp-content\/uploads\/usu132\/2016\/09\/ARA_CRIATURES_SETEMBRE_2016-1.pdf\">&#8220;Per una escola digital&#8221;<\/a> (Diari Ara, Ara Criatures, 3-9-2016).<\/p>\n<p><a href=\"https:\/\/www.grao.com\/ca\/producte\/la-sins-cardener\">La SINS Cardener<\/a> (Revista F\u00d2RUM, Setembre 2016).<\/p>\n<p><a href=\"http:\/\/www.regio7.cat\/gent\/2016\/05\/13\/linstitut-cardener-acull-estudiants-professors\/361174.html\">&#8220;L&#8217;institut Cardener acull estudiants i professors de cinc pa\u00efsos europeus&#8221;<\/a> (Regi\u00f37 Digital, 13-05-2016). Link a la <a href=\"https:\/\/scontent-amt2-1.xx.fbcdn.net\/v\/t1.0-0\/s480x480\/13177246_823908547742253_3785425790331782968_n.jpg?oh=edf06f94ec6154853aa0a8ce9c7f1c76&amp;oe=57E6CAC5\">versi\u00f3 en paper<\/a>. (Regi\u00f37, 13-05-2016).<\/p>\n<p><a href=\"http:\/\/www.regio7.cat\/bages\/2016\/05\/11\/linstitut-cardener-sant-joan-acull\/360899.html?platform=hootsuite#\">&#8220;L&#8217;IES Cardener de Sant Joan acull alumnes i professors de cinc pa\u00efsos europeus&#8221; <\/a>(Regi\u00f37 Digital, 11-05-2016).<\/p>\n<p><a href=\"http:\/\/www.naciodigital.cat\/manresa\/noticia\/59259\/escola\/itaca\/sins\/cardener\/uneixen\/al\/projecte\/escolanova21\">&#8220;L&#8217;escola \u00cdtaca i el SINS Cardener s&#8217;uneixen al projecte &#8220;escolanova21&#8221;<\/a> (Naci\u00f3Digital.cat, 25-04-2016).<\/p>\n<p><a href=\"https:\/\/www.youtube.com\/watch?v=iC7Na645n2s&amp;feature=youtu.be\">La SINS al Canal NON STOP PEOPLE<\/a> (NON STOP PEOPLE, mar\u00e7 2016).<\/p>\n<p><a href=\"http:\/\/www.regio7.cat\/gent\/2016\/03\/03\/linstitut-cardener-sant-joan-acull\/351410.html\">&#8220;L\u00b4Institut Cardener de Sant Joan acull unes jornades sobre vocacions i oficis&#8221;<\/a> (Regi\u00f37, 3-03-2016).<\/p>\n<p><a href=\"http:\/\/agora.xtec.cat\/sinscardener\/wp-content\/uploads\/usu132\/2016\/02\/SINS_CARDENER_ARA_CRIATURES_febrer_2016.pdf\">&#8220;Innovaci\u00f3 educativa, Noves maneres d&#8217;aprendre&#8221;<\/a> (Diari Ara, Ara Criatures, 13-2-2016).<\/p>\n<p><a href=\"http:\/\/www.ccma.cat\/tv3\/alacarta\/telenoticies-comarques\/un-institut-de-joan-de-vilatorrada-premiat-per-un-sistema-innovador-densenyament\/video\/5577754\/\">\u201cUn institut de Sant Joan de Vilatorrada premiat per un sistema innovador d\u2019ensenyament\u201d <\/a>(TV3, Telenot\u00edcies,15-01-2016).<\/p>\n<p><a href=\"http:\/\/www.rtve.es\/m\/alacarta\/audios\/metropoli\/metropoli-entrevista-amb-jose-antonio-marina-migana-entrevista-amb-david-atzet\/3411872\/?media=rne\">&#8220;Som una xarxa d&#8217;instituts innovadors&#8221;. Entrevista al director, David Atzet.<\/a> (Metr\u00f2poli, Rne4, 18-12-2015).<\/p>\n<p><a href=\"https:\/\/pbs.twimg.com\/media\/CWa-3B4U4AEkqE8.jpg:large\">\u201cL\u2019Institut Cardener de Sant Joan rep un reconeixement al seu treball innovador\u201d<\/a>. (Regi\u00f37, 17-12-2015).<\/p>\n<p><a href=\"http:\/\/radiosantjoan.cat\/2015\/12\/linstitut-sins-cardener-segon-premi-escuelas-para-la-sociedad-digital\/\">\u201cL\u2019Institut SINS Cardener, segon Premi \u201cEscuelas para la Sociedad Digital\u201d <\/a>(Radio Sant Joan, 16-12-2015).<\/p>\n<p><a href=\"http:\/\/cadenaser.com\/emisora\/2015\/12\/16\/radio_barcelona\/1450279935_300018.html\">\u201cL\u2019institut SINS Cardener, premiat per la seva aposta digital i participativa\u201d.<\/a>(Programa &#8220;Qu\u00e8 vols ser?&#8221;, Cadena Ser, 16-12-2015).<\/p>\n<p><a href=\"http:\/\/t.naciodigital.cat\/manresainfo\/index.php?id=56337\">\u201cLa SINS Cardener de Sant Joan, guardonat per la Fundaci\u00f3n Telef\u00f3nica\u201d<\/a> (NacioDigital.cat, 11-12-2015)<\/p>\n<p><a href=\"http:\/\/www.ccma.cat\/tv3\/alacarta\/espai-terra\/espai-terra-dimarts-24-de-novembre\/video\/5566880\/#.VnK04Dpt8Tc.twitter\">La SINS a l&#8217;Espai Terra de Tv3<\/a> (minut 12, Espai Terra, Tv3, 24-11-2015).<\/p>\n<p><a href=\"http:\/\/innovacioneducativa.fundaciontelefonica.com\/blog\/2015\/10\/21\/innovar-como-necesidad-ies-sin-cardener\/\" target=\"_blank\" rel=\"noopener noreferrer\">Innovar como necesidad: IES SINS Cardener. Premio Escuelas para la Sociedad Digital\u00a0<\/a>(Fundaci\u00f3n Telef\u00f3nica, Setembre de 2015)<\/p>\n<p><a href=\"http:\/\/www.regio7.cat\/gent\/2015\/03\/19\/llop-deixa-veure-al-centre\/306501.html\">El llop es deixa veure al centre de secund\u00e0ria Cardener de Sant Joan<\/a>\u00a0(Regi\u00f37,\u00a019-3-2015)<\/p>\n<p><a href=\"http:\/\/www.naciodigital.cat\/manresainfo\/noticia\/50244\/llop\/visita\/escola\">Un llop visita l&#8217;escola<\/a>\u00a0(Naciodigital.cat,\u00a018\/03\/2015)<\/p>\n<p><a href=\"http:\/\/www.naciodigital.cat\/manresainfo\/noticia\/46200\/fira\/discat\/sant\/joan\/comptara\/amb\/40\/estands\">La fira Discat de Sant Joan comptar\u00e0 amb 40 estands<\/a><br \/>\n(Naciodigital.cat,\u00a015\/09\/2014)<\/p>\n<p><a href=\"http:\/\/www.naciodigital.cat\/manresainfo\/noticia\/41819\/sins\/cardener\/sant\/joan\/fa\/setmana\/oficis\/professions\">El SINS Cardener de Sant Joan fa setmana d&#8217;oficis i professions<\/a><br \/>\n(Naciodigital.cat,\u00a021\/02\/2014)<\/p>\n<p><a href=\"http:\/\/www.regio7.cat\/gent\/2014\/01\/30\/linstitut-cardener-sant-joan-viatja\/256468.html\">L\u00b4institut Cardener de Sant Joan viatja a It\u00e0lia per dissenyar un giny intel\u00b7ligent<\/a> (Regi\u00f37,\u00a030\/01\/2014)<\/p>\n<p><a href=\"http:\/\/www.regio7.cat\/bages\/2013\/10\/24\/sins-cardener-questiona-utilitat-vages\/247943.html\">La SINS Cardener q\u00fcestiona la utilitat de les vagues<\/a>\u00a0(Regi\u00f37, 24\/10\/2013)<\/p>\n<p><a href=\"http:\/\/www.naciodigital.cat\/manresainfo\/noticia\/39077\/xerrada\/sobre\/adolescent\/al\/sins\/cardener\/sant\/joan\">Xerrada sobre l&#8217;adolescent al SINS Cardener de Sant Joan<\/a>\u00a0(Naciodigital.cat,\u00a021\/10\/2013)<\/p>\n<p><a href=\"http:\/\/www.mbici.cat\/sins-cardener-descobreix-cal-carlot\/\">Sins Cardener descobreix Cal Carlot<\/a>\u00a0(Mbici.cat, 01\/10\/2013)<\/p>\n<p><a href=\"http:\/\/novadors.org\/jornades2013\/?p=40\">PetxaKutxes &#8211; X Jornades Novadors 2013<\/a>\u00a0(Novadors.org, 2013)<\/p>\n<p><a href=\"http:\/\/www.ingenious-science.eu\/web\/guest\/la-vanguardia\" target=\"_blank\" rel=\"noopener noreferrer\">Spanish teacher co-ordinator engineers national newspaper coverage on ingeniou<\/a>\u00a0(Ingenious-science.eu, 2012)<\/p>\n<p><a href=\"http:\/\/www.tv3.cat\/videos\/4222950\/TN-comarques-27082012\" target=\"_blank\" rel=\"noopener noreferrer\">Reportatge Telenot\u00edcies Comarques<\/a> (TV3, 27\/08\/2012)<\/p>\n<p><a href=\"http:\/\/www.lavanguardia.com\/local\/20120814\/54336369512\/instituto-rehabilitado-alumnos-profesores-bages.html\" target=\"_blank\" rel=\"noopener noreferrer\">Article <\/a>(La Vanguardia digital, 14\/08\/2012)<\/p>\n<p><a href=\"http:\/\/blocs.xtec.cat\/sinssjdv\/files\/2012\/07\/Linstitut-nou.jpg\" target=\"_blank\" rel=\"noopener noreferrer\">Editorial<\/a> (Regi\u00f37, 17\/07\/2012)<\/p>\n<div class=\"entry-content\">\n<p><a href=\"https:\/\/www.regio7.cat\/bages\/2012\/07\/15\/pares-mestres-alumnes-posen-punt-nou-institut-sant-joan\/204085.html\">Pares, mestres i alumnes posen a punt el nou institut de Sant Joan<\/a> (Regi\u00f3 7, 16\/07\/2012)<\/p>\n<p style=\"text-align: left;\"><a href=\"https:\/\/www.naciodigital.cat\/manresa\/noticia\/28340\/jornada\/posar\/forma\/edifici\/nou\/sins\/sant\/joan\" target=\"_blank\" rel=\"noopener noreferrer\">Jornada per posar en forma l&#8217;edifici del nou SINS de Sant Joan<\/a>\u00a0(NacioDigital.cat, 13\/07\/2012)<\/p>\n<p style=\"text-align: left;\">\n<\/div>\n<p>&nbsp;<\/p>\n<p>&nbsp;<\/p>\n<p>&nbsp;<\/p>\n<p>&nbsp;<\/p>\n<p>&nbsp;<\/p>\n<p>&nbsp;<\/p>\n<p>&nbsp;<\/p>\n<p>&nbsp;<\/p>\n<p>&nbsp;<\/p>\n<p>&nbsp;<\/p>\n<p>&nbsp;<\/p>\n<p>&nbsp;<\/p>\n<p>&nbsp;<\/p>\n<p>&nbsp;<\/p>\n<p>&nbsp;<\/p>\n<p>&nbsp;<\/p>\n<p>&nbsp;<\/p>\n<p>&nbsp;<\/p>\n<p>&nbsp;<\/p>\n<p>&nbsp;<\/p>\n<p>&nbsp;<\/p>\n<p>&nbsp;<\/p>\n<p>&nbsp;<\/p>\n<p>&nbsp;<\/p>\n<p>&nbsp;<\/p>\n<p>&nbsp;<\/p>\n<p>&nbsp;<\/p>\n<p>&nbsp;<\/p>\n<p>&nbsp;<\/p>\n<p>&nbsp;<\/p>\n<p>&nbsp;<\/p>\n","protected":false},"excerpt":{"rendered":"<p><a href=\"https:\/\/drive.google.com\/file\/d\/1UBpSdqizb4OEH2CiwZRHTWrPVCESsjW9\/view?usp=drive_link\">Intercanvi cultural amb l&#8217;alumnat de Berl\u00edn a l&#8217;Institut Cardener<\/a> (Regi\u00f3 7, 19 de febrer de 2026)<br \/>\n<a href=\"https:\/\/youtu.be\/i1i08yhQZWo?si=B3CPLYhoMDCBh9t0\">Reportatge Canal Taronja III Congr\u00e9s d&#8217;Ecociutat &#8211; Joves per la sostenibilitat<\/a> (Canal Taronja, 5 de juny de 2025)<br \/>\n<a href=\"https:\/\/www.regio7.cat\/manresa\/2025\/06\/05\/congres-d-ecociutat-afronta-present-118264161.html\">III Congr\u00e9s d&#8217;Ecociutat- Joves per la sostenibilitat<\/a> (Regi\u00f37, 6 de&hellip;  <a href=\"https:\/\/agora.xtec.cat\/sinscardener\/premsa\/\" title=\"Read PREMSA\">Llegeix m\u00e9s\u00bb<\/a><\/p>\n","protected":false},"author":1,"featured_media":0,"parent":0,"menu_order":0,"comment_status":"closed","ping_status":"closed","template":"","meta":{"_bbp_topic_count":0,"_bbp_reply_count":0,"_bbp_total_topic_count":0,"_bbp_total_reply_count":0,"_bbp_voice_count":0,"_bbp_anonymous_reply_count":0,"_bbp_topic_count_hidden":0,"_bbp_reply_count_hidden":0,"_bbp_forum_subforum_count":0,"footnotes":""},"class_list":["post-552","page","type-page","status-publish","hentry"],"post_mailing_queue_ids":[],"_links":{"self":[{"href":"https:\/\/agora.xtec.cat\/sinscardener\/wp-json\/wp\/v2\/pages\/552","targetHints":{"allow":["GET"]}}],"collection":[{"href":"https:\/\/agora.xtec.cat\/sinscardener\/wp-json\/wp\/v2\/pages"}],"about":[{"href":"https:\/\/agora.xtec.cat\/sinscardener\/wp-json\/wp\/v2\/types\/page"}],"author":[{"embeddable":true,"href":"https:\/\/agora.xtec.cat\/sinscardener\/wp-json\/wp\/v2\/users\/1"}],"replies":[{"embeddable":true,"href":"https:\/\/agora.xtec.cat\/sinscardener\/wp-json\/wp\/v2\/comments?post=552"}],"version-history":[{"count":6,"href":"https:\/\/agora.xtec.cat\/sinscardener\/wp-json\/wp\/v2\/pages\/552\/revisions"}],"predecessor-version":[{"id":5598,"href":"https:\/\/agora.xtec.cat\/sinscardener\/wp-json\/wp\/v2\/pages\/552\/revisions\/5598"}],"wp:attachment":[{"href":"https:\/\/agora.xtec.cat\/sinscardener\/wp-json\/wp\/v2\/media?parent=552"}],"curies":[{"name":"wp","href":"https:\/\/api.w.org\/{rel}","templated":true}]}}