{"id":5166,"date":"2025-07-22T12:09:24","date_gmt":"2025-07-22T10:09:24","guid":{"rendered":"https:\/\/agora.xtec.cat\/sinscardener\/?page_id=5166"},"modified":"2025-07-22T12:10:46","modified_gmt":"2025-07-22T10:10:46","slug":"siei","status":"publish","type":"page","link":"https:\/\/agora.xtec.cat\/sinscardener\/siei\/","title":{"rendered":"SIEI"},"content":{"rendered":"<h3><span style=\"color: #ff6600;\"><b>Descripci\u00f3 del projecte<\/b><\/span><\/h3>\n<p style=\"text-align: justify;\"><span style=\"font-weight: 400;\">El projecte SIEI va dirigit <\/span><span style=\"font-weight: 400;\">als alumnes amb necessitats educatives especials derivades de limitacions molt significatives, tant en el funcionament intel\u00b7lectual com en la conducta adaptativa, els quals requereixen al llarg de tota l\u2019escolaritat mesures i suports intensius per poder relacionar-se, participar i aprendre.<\/span><\/p>\n<p style=\"text-align: justify;\"><span style=\"font-weight: 400;\">El SIEI, es concreta com una altra mesura extraordin\u00e0ria que dona resposta al que estableix l&#8217;article <\/span><i><span style=\"font-weight: 400;\">18.6 del Decret 187\/2015, de 25 d&#8217;agost<\/span><\/i><span style=\"font-weight: 400;\">, d&#8217;ordenaci\u00f3 dels ensenyaments de l&#8217;educaci\u00f3 secund\u00e0ria obligat\u00f2ria. Seguint el nou <\/span><i><span style=\"font-weight: 400;\">Decret 150\/2017, de 17 d&#8217;octubre<\/span><\/i><span style=\"font-weight: 400;\">, t\u00e9 l&#8217;objectiu d<\/span><\/p>\n<p style=\"text-align: justify;\"><span style=\"font-weight: 400;\">L&#8217;aplicaci\u00f3 de qualsevol mesura o recurs intensiu ha de cercar la m\u00e0xima participaci\u00f3 de l&#8217;alumnat en les situacions educatives del centre i de l&#8217;aula, i ha de vincular-se a les mesures i els suports universals i addicionals previstos al centre.<\/span><\/p>\n<h3 style=\"text-align: justify;\"><span style=\"color: #ff6600;\"><b>Objectius del projecte<\/b><\/span><\/h3>\n<ul>\n<li style=\"font-weight: 400; text-align: justify;\" aria-level=\"1\"><span style=\"font-weight: 400;\">Afavorir el desenvolupament integral de l&#8217;alumne\/a promovent al m\u00e0xim la seva qualitat de vida i el seu benestar f\u00edsic, ps\u00edquic i social a fi de possibilitar l&#8217;assoliment d&#8217;una vida adulta i laboral de qualitat.\u00a0<\/span><\/li>\n<li style=\"font-weight: 400; text-align: justify;\" aria-level=\"1\"><span style=\"font-weight: 400;\">Desenvolupar aprenentatges connectats amb la vida quotidiana, que promoguin l\u2019aprenentatge significatiu i vivencial.<\/span><\/li>\n<li style=\"font-weight: 400; text-align: justify;\" aria-level=\"1\"><span style=\"font-weight: 400;\">Prioritzar els continguts o compet\u00e8ncies a treballar en funci\u00f3 dels coneixements previs de cada alumne\/a.<\/span><\/li>\n<li style=\"font-weight: 400; text-align: justify;\" aria-level=\"1\"><span style=\"font-weight: 400;\">Realitzar una autoavaluaci\u00f3 di\u00e0ria.<\/span><\/li>\n<li style=\"font-weight: 400; text-align: justify;\" aria-level=\"1\"><span style=\"font-weight: 400;\">Introduir conjuntament els sabers per fer atenci\u00f3 conjunta i posteriorment treballar individualment.<\/span><\/li>\n<li style=\"font-weight: 400; text-align: justify;\" aria-level=\"1\"><span style=\"font-weight: 400;\">Elaborar situacions d\u2019aprenentatge per treballar els sabers i compet\u00e8ncies (botigueta, hort, \u2026 )<\/span><\/li>\n<li style=\"font-weight: 400; text-align: justify;\" aria-level=\"1\"><span style=\"font-weight: 400;\">Elaborar materials d&#8217;aprenentatge adequats per promoure i respectar els diferents ritmes d\u2019aprenentatge (caixes d&#8217;aprenentatge, materials manipulatius, materials d\u2019autoformaci\u00f3\u2026)<\/span><\/li>\n<li style=\"font-weight: 400; text-align: justify;\" aria-level=\"1\"><span style=\"font-weight: 400;\">Ajudar a desenvolupar habilitats socials.<\/span><\/li>\n<li style=\"font-weight: 400; text-align: justify;\" aria-level=\"1\"><span style=\"font-weight: 400;\">Assegurar que l\u2019alumnat de la SIEI tingui adaptacions a l\u2019aula.<\/span><\/li>\n<li style=\"font-weight: 400; text-align: justify;\" aria-level=\"1\"><span style=\"font-weight: 400;\">Acompanyar el professorat en relaci\u00f3 a l\u2019atenci\u00f3 de l&#8217;alumnat SIEI.<\/span><\/li>\n<\/ul>\n","protected":false},"excerpt":{"rendered":"<p>Descripci\u00f3 del projecte<br \/>\nEl projecte SIEI va dirigit als alumnes amb necessitats educatives especials derivades de limitacions molt significatives, tant en el funcionament intel\u00b7lectual com en la conducta adaptativa, els quals requereixen al llarg de tota l\u2019escolaritat mesures i suports intensius per poder relacionar-se, participar i&hellip;  <a href=\"https:\/\/agora.xtec.cat\/sinscardener\/siei\/\" title=\"Read SIEI\">Llegeix m\u00e9s\u00bb<\/a><\/p>\n","protected":false},"author":1,"featured_media":0,"parent":0,"menu_order":0,"comment_status":"closed","ping_status":"closed","template":"","meta":{"_bbp_topic_count":0,"_bbp_reply_count":0,"_bbp_total_topic_count":0,"_bbp_total_reply_count":0,"_bbp_voice_count":0,"_bbp_anonymous_reply_count":0,"_bbp_topic_count_hidden":0,"_bbp_reply_count_hidden":0,"_bbp_forum_subforum_count":0,"footnotes":""},"class_list":["post-5166","page","type-page","status-publish","hentry"],"post_mailing_queue_ids":[],"_links":{"self":[{"href":"https:\/\/agora.xtec.cat\/sinscardener\/wp-json\/wp\/v2\/pages\/5166","targetHints":{"allow":["GET"]}}],"collection":[{"href":"https:\/\/agora.xtec.cat\/sinscardener\/wp-json\/wp\/v2\/pages"}],"about":[{"href":"https:\/\/agora.xtec.cat\/sinscardener\/wp-json\/wp\/v2\/types\/page"}],"author":[{"embeddable":true,"href":"https:\/\/agora.xtec.cat\/sinscardener\/wp-json\/wp\/v2\/users\/1"}],"replies":[{"embeddable":true,"href":"https:\/\/agora.xtec.cat\/sinscardener\/wp-json\/wp\/v2\/comments?post=5166"}],"version-history":[{"count":4,"href":"https:\/\/agora.xtec.cat\/sinscardener\/wp-json\/wp\/v2\/pages\/5166\/revisions"}],"predecessor-version":[{"id":5173,"href":"https:\/\/agora.xtec.cat\/sinscardener\/wp-json\/wp\/v2\/pages\/5166\/revisions\/5173"}],"wp:attachment":[{"href":"https:\/\/agora.xtec.cat\/sinscardener\/wp-json\/wp\/v2\/media?parent=5166"}],"curies":[{"name":"wp","href":"https:\/\/api.w.org\/{rel}","templated":true}]}}