{"id":493,"date":"2015-01-10T12:10:36","date_gmt":"2015-01-10T11:10:36","guid":{"rendered":"http:\/\/agora.xtec.cat\/sinscardener\/?page_id=493"},"modified":"2016-03-20T18:58:28","modified_gmt":"2016-03-20T17:58:28","slug":"qui-som","status":"publish","type":"page","link":"https:\/\/agora.xtec.cat\/sinscardener\/linstitut\/qui-som\/","title":{"rendered":"El context"},"content":{"rendered":"<p style=\"text-align: justify;\">L&#8217;alumnat del nostre centre \u00e9s divers. En aquest sentit ho \u00e9s tant pel perfil com per l&#8217;origen. Si b\u00e9 majorit\u00e0riament l&#8217;alumnat del centre prov\u00e9 del mateix municipi hem notat un increment, any rere any, d&#8217;alumnat procedent d&#8217;altres poblacions de la comarca aix\u00ed com de comarques properes. En aquest curs, de fet, tindrem un percentatge del 31% d&#8217;alumnat de fora del municipi a 1r d&#8217;ESO.\u00a0Aquesta diversitat de l&#8217;alumnat tamb\u00e9 es reflecteix en les seves caracter\u00edstiques personals.<\/p>\n<p style=\"text-align: justify;\">El centre est\u00e0 situat a Sant Joan de Vilatorrada, que \u00e9s el segon municipi de la comarca pel que fa a poblaci\u00f3, amb 10.750 habitants. La franja d&#8217;edat de 0-14 anys representa un 17%. Aix\u00f2 fa de Sant Joan una poblaci\u00f3 amb una elevada taxa de joves. La taxa d&#8217;immigraci\u00f3 del poble \u00e9s d&#8217;un 9,9%.<\/p>\n<p style=\"text-align: justify;\">A nivell d&#8217;estudis, el 66% de la poblaci\u00f3 t\u00e9 estudis elementals, mentre que la poblaci\u00f3 que t\u00e9 estudis mitjans o superiors representa el 19% i 8%, respectivament.<\/p>\n<p style=\"text-align: justify;\">L&#8217;atur juvenil, de menors fins a 24 anys, \u00e9s d&#8217;un 38,79%, mentre que la mitjana del municipi \u00e9s d&#8217;un 15,02%. En els anys m\u00e9s forts de la crisi Sant Joan va patir el tancament d&#8217;empreses com Pirelli i T\u00e8xtil Riba. Tot i aix\u00f2, el 19,2% de la poblaci\u00f3 activa ho fa en el sector industrial i un 78% al sector serveis.<\/p>\n","protected":false},"excerpt":{"rendered":"<p>L&#8217;alumnat del nostre centre \u00e9s divers. En aquest sentit ho \u00e9s tant pel perfil com per l&#8217;origen. Si b\u00e9 majorit\u00e0riament l&#8217;alumnat del centre prov\u00e9 del mateix municipi hem notat un increment, any rere any, d&#8217;alumnat procedent d&#8217;altres poblacions de la comarca aix\u00ed com de comarques&hellip;  <a href=\"https:\/\/agora.xtec.cat\/sinscardener\/linstitut\/qui-som\/\" title=\"Read El context\">Llegeix m\u00e9s\u00bb<\/a><\/p>\n","protected":false},"author":1,"featured_media":0,"parent":19,"menu_order":3,"comment_status":"closed","ping_status":"closed","template":"page-templates\/side-menu.php","meta":{"_bbp_topic_count":0,"_bbp_reply_count":0,"_bbp_total_topic_count":0,"_bbp_total_reply_count":0,"_bbp_voice_count":0,"_bbp_anonymous_reply_count":0,"_bbp_topic_count_hidden":0,"_bbp_reply_count_hidden":0,"_bbp_forum_subforum_count":0,"footnotes":""},"class_list":["post-493","page","type-page","status-publish","hentry"],"post_mailing_queue_ids":[],"_links":{"self":[{"href":"https:\/\/agora.xtec.cat\/sinscardener\/wp-json\/wp\/v2\/pages\/493","targetHints":{"allow":["GET"]}}],"collection":[{"href":"https:\/\/agora.xtec.cat\/sinscardener\/wp-json\/wp\/v2\/pages"}],"about":[{"href":"https:\/\/agora.xtec.cat\/sinscardener\/wp-json\/wp\/v2\/types\/page"}],"author":[{"embeddable":true,"href":"https:\/\/agora.xtec.cat\/sinscardener\/wp-json\/wp\/v2\/users\/1"}],"replies":[{"embeddable":true,"href":"https:\/\/agora.xtec.cat\/sinscardener\/wp-json\/wp\/v2\/comments?post=493"}],"version-history":[{"count":3,"href":"https:\/\/agora.xtec.cat\/sinscardener\/wp-json\/wp\/v2\/pages\/493\/revisions"}],"predecessor-version":[{"id":1498,"href":"https:\/\/agora.xtec.cat\/sinscardener\/wp-json\/wp\/v2\/pages\/493\/revisions\/1498"}],"up":[{"embeddable":true,"href":"https:\/\/agora.xtec.cat\/sinscardener\/wp-json\/wp\/v2\/pages\/19"}],"wp:attachment":[{"href":"https:\/\/agora.xtec.cat\/sinscardener\/wp-json\/wp\/v2\/media?parent=493"}],"curies":[{"name":"wp","href":"https:\/\/api.w.org\/{rel}","templated":true}]}}