{"id":4699,"date":"2025-02-26T09:00:17","date_gmt":"2025-02-26T08:00:17","guid":{"rendered":"https:\/\/agora.xtec.cat\/sinscardener\/?page_id=4699"},"modified":"2026-04-15T11:54:03","modified_gmt":"2026-04-15T09:54:03","slug":"preinscripcions-2025-2026","status":"publish","type":"page","link":"https:\/\/agora.xtec.cat\/sinscardener\/preinscripcions-2025-2026\/","title":{"rendered":"Preinscripcions 2026-2027"},"content":{"rendered":"<p><a href=\"https:\/\/agora.xtec.cat\/sinscardener\/wp-content\/uploads\/usu132\/2025\/02\/ome.png\"><img loading=\"lazy\" decoding=\"async\" class=\"wp-image-4703 alignleft\" src=\"https:\/\/agora.xtec.cat\/sinscardener\/wp-content\/uploads\/usu132\/2025\/02\/ome-300x300.png\" alt=\"\" width=\"115\" height=\"115\" srcset=\"https:\/\/agora.xtec.cat\/sinscardener\/wp-content\/uploads\/usu132\/2025\/02\/ome-300x300.png 300w, https:\/\/agora.xtec.cat\/sinscardener\/wp-content\/uploads\/usu132\/2025\/02\/ome-150x150.png 150w, https:\/\/agora.xtec.cat\/sinscardener\/wp-content\/uploads\/usu132\/2025\/02\/ome.png 400w\" sizes=\"auto, (max-width: 115px) 100vw, 115px\" \/><\/a>Us enllacem la <strong><a href=\"https:\/\/www.santjoanvilatorrada.cat\/ca\/ajuntament\/webs-municipals\/oficina-municipal-descolaritzacio-ome\">web de l&#8217;Oficina Municipal d&#8217;Escolaritzaci\u00f3 (OME) de Sant Joan de Vilatorrada<\/a><\/strong>, on podreu trobar tota la informaci\u00f3 sobre el proc\u00e9s de preinscripci\u00f3 en les diferents etapes educatives al municipi.<\/p>\n<p>&nbsp;<\/p>\n<p>Podeu consultar ja el Barem provisional: <a href=\"https:\/\/agora.xtec.cat\/sinscardener\/wp-content\/uploads\/usu132\/2026\/04\/INFORME_BAREM_PROVISIONAL_BAREM.pdf\">INFORME_BAREM_PROVISIONAL_BAREM<\/a><\/p>\n","protected":false},"excerpt":{"rendered":"<p><a href=\"https:\/\/agora.xtec.cat\/sinscardener\/wp-content\/uploads\/usu132\/2025\/02\/ome.png\"><\/a>Us enllacem la <a href=\"https:\/\/www.santjoanvilatorrada.cat\/ca\/ajuntament\/webs-municipals\/oficina-municipal-descolaritzacio-ome\">web de l&#8217;Oficina Municipal d&#8217;Escolaritzaci\u00f3 (OME) de Sant Joan de Vilatorrada<\/a>, on podreu trobar tota la informaci\u00f3 sobre el proc\u00e9s de preinscripci\u00f3 en les diferents etapes educatives al municipi.<br \/>\n&nbsp;<br \/>\nPodeu consultar ja el Barem provisional: <a href=\"https:\/\/agora.xtec.cat\/sinscardener\/wp-content\/uploads\/usu132\/2026\/04\/INFORME_BAREM_PROVISIONAL_BAREM.pdf\">INFORME_BAREM_PROVISIONAL_BAREM<\/a><\/p>\n","protected":false},"author":1,"featured_media":0,"parent":0,"menu_order":0,"comment_status":"closed","ping_status":"closed","template":"","meta":{"_bbp_topic_count":0,"_bbp_reply_count":0,"_bbp_total_topic_count":0,"_bbp_total_reply_count":0,"_bbp_voice_count":0,"_bbp_anonymous_reply_count":0,"_bbp_topic_count_hidden":0,"_bbp_reply_count_hidden":0,"_bbp_forum_subforum_count":0,"footnotes":""},"class_list":["post-4699","page","type-page","status-publish","hentry"],"post_mailing_queue_ids":[],"_links":{"self":[{"href":"https:\/\/agora.xtec.cat\/sinscardener\/wp-json\/wp\/v2\/pages\/4699","targetHints":{"allow":["GET"]}}],"collection":[{"href":"https:\/\/agora.xtec.cat\/sinscardener\/wp-json\/wp\/v2\/pages"}],"about":[{"href":"https:\/\/agora.xtec.cat\/sinscardener\/wp-json\/wp\/v2\/types\/page"}],"author":[{"embeddable":true,"href":"https:\/\/agora.xtec.cat\/sinscardener\/wp-json\/wp\/v2\/users\/1"}],"replies":[{"embeddable":true,"href":"https:\/\/agora.xtec.cat\/sinscardener\/wp-json\/wp\/v2\/comments?post=4699"}],"version-history":[{"count":6,"href":"https:\/\/agora.xtec.cat\/sinscardener\/wp-json\/wp\/v2\/pages\/4699\/revisions"}],"predecessor-version":[{"id":5663,"href":"https:\/\/agora.xtec.cat\/sinscardener\/wp-json\/wp\/v2\/pages\/4699\/revisions\/5663"}],"wp:attachment":[{"href":"https:\/\/agora.xtec.cat\/sinscardener\/wp-json\/wp\/v2\/media?parent=4699"}],"curies":[{"name":"wp","href":"https:\/\/api.w.org\/{rel}","templated":true}]}}