{"id":43,"date":"2014-09-17T16:45:07","date_gmt":"2014-09-17T16:45:07","guid":{"rendered":"http:\/\/agora.xtec.cat\/sinscardener\/?page_id=43"},"modified":"2015-01-10T13:08:32","modified_gmt":"2015-01-10T12:08:32","slug":"consell-escolar","status":"publish","type":"page","link":"https:\/\/agora.xtec.cat\/sinscardener\/linstitut\/consell-escolar\/","title":{"rendered":"Consell escolar"},"content":{"rendered":"<p style=\"text-align: justify;\">En la vida di\u00e0ria del centres no ens n&#8217;adonem per\u00f2 hi ha moltes coses que succe\u00efxen. Cal que aquestes activitats es programin, es regulin, s&#8217;avalu\u00efn i es tingui cura de com es van produint. \u00c9s per aix\u00f2 que els centres educatius tenim el consell escolar que \u00e9s \u00abl&#8217;<strong>\u00f2rgan col\u00b7legiat de participaci\u00f3\u00bb<\/strong> de la comunitat escolar en el govern del centre. El consell escolar est\u00e0 composat per representants de tots els col\u00b7lectius que intervenen en la comunitat educativa: direcci\u00f3, professorat, alumnat, fam\u00edlies, personal d&#8217;administraci\u00f3 i serveis, ajuntament, etc.<\/p>\n<p style=\"text-align: justify;\">En els centres p\u00fablics, la funci\u00f3 principal del <strong><span style=\"color: #000000;\"><a href=\"http:\/\/www20.gencat.cat\/portal\/site\/ensenyament\/menuitem.75e1c94eb5dd9e184ed22010b0c0e1a0\/?vgnextoid=f6c263fddc7e9310VgnVCM1000008d0c1e0aRCRD&amp;vgnextchannel=f6c263fddc7e9310VgnVCM1000008d0c1e0aRCRDhttp:\/\/\" target=\"_blank\"><span style=\"color: #000000;\">consell escolar<\/span><\/a> <\/span><\/strong>\u00e9s participar en la presa de decisions en relaci\u00f3 amb aquells temes importants per al funcionament i l&#8217;organitzaci\u00f3 del centre: el projecte educatiu, la programaci\u00f3 general, la gesti\u00f3 econ\u00f2mica, la normativa d&#8217;organitzaci\u00f3 i funcionament del centre, etc.<\/p>\n<p style=\"text-align: justify;\">Per tot aix\u00f2 volem que aquest sigui un espai divers i que sigui actiu. Aquest \u00e9s el motiu que us animem a participar i exercir un altre dels drets i deures que com a membres de la comunitat de la SINS Cardener tenim i \u00e9s participar el proper dia 27 de novembre en les eleccions per a cada sector. Mireu el cens a la cartellera interior del centre.<\/p>\n<p>&nbsp;<\/p>\n<p>Es pot fer refer\u00e8ncia al seg\u00fcent <a title=\"Definici\u00f3 de consell escolar (gencat)\" href=\"http:\/\/www20.gencat.cat\/portal\/site\/ensenyament\/menuitem.75e1c94eb5dd9e184ed22010b0c0e1a0\/?vgnextoid=f6c263fddc7e9310VgnVCM1000008d0c1e0aRCRD&amp;vgnextchannel=f6c263fddc7e9310VgnVCM1000008d0c1e0aRCRD\" target=\"_blank\">enlla\u00e7<\/a>.<\/p>\n","protected":false},"excerpt":{"rendered":"<p>En la vida di\u00e0ria del centres no ens n&#8217;adonem per\u00f2 hi ha moltes coses que succe\u00efxen. Cal que aquestes activitats es programin, es regulin, s&#8217;avalu\u00efn i es tingui cura de com es van produint. \u00c9s per aix\u00f2 que els centres educatius tenim el consell escolar&hellip;  <a href=\"https:\/\/agora.xtec.cat\/sinscardener\/linstitut\/consell-escolar\/\" title=\"Read Consell escolar\">Llegeix m\u00e9s\u00bb<\/a><\/p>\n","protected":false},"author":1,"featured_media":0,"parent":19,"menu_order":40,"comment_status":"closed","ping_status":"closed","template":"page-templates\/side-menu.php","meta":{"_bbp_topic_count":0,"_bbp_reply_count":0,"_bbp_total_topic_count":0,"_bbp_total_reply_count":0,"_bbp_voice_count":0,"_bbp_anonymous_reply_count":0,"_bbp_topic_count_hidden":0,"_bbp_reply_count_hidden":0,"_bbp_forum_subforum_count":0,"footnotes":""},"class_list":["post-43","page","type-page","status-publish","hentry"],"post_mailing_queue_ids":[],"_links":{"self":[{"href":"https:\/\/agora.xtec.cat\/sinscardener\/wp-json\/wp\/v2\/pages\/43","targetHints":{"allow":["GET"]}}],"collection":[{"href":"https:\/\/agora.xtec.cat\/sinscardener\/wp-json\/wp\/v2\/pages"}],"about":[{"href":"https:\/\/agora.xtec.cat\/sinscardener\/wp-json\/wp\/v2\/types\/page"}],"author":[{"embeddable":true,"href":"https:\/\/agora.xtec.cat\/sinscardener\/wp-json\/wp\/v2\/users\/1"}],"replies":[{"embeddable":true,"href":"https:\/\/agora.xtec.cat\/sinscardener\/wp-json\/wp\/v2\/comments?post=43"}],"version-history":[{"count":3,"href":"https:\/\/agora.xtec.cat\/sinscardener\/wp-json\/wp\/v2\/pages\/43\/revisions"}],"predecessor-version":[{"id":521,"href":"https:\/\/agora.xtec.cat\/sinscardener\/wp-json\/wp\/v2\/pages\/43\/revisions\/521"}],"up":[{"embeddable":true,"href":"https:\/\/agora.xtec.cat\/sinscardener\/wp-json\/wp\/v2\/pages\/19"}],"wp:attachment":[{"href":"https:\/\/agora.xtec.cat\/sinscardener\/wp-json\/wp\/v2\/media?parent=43"}],"curies":[{"name":"wp","href":"https:\/\/api.w.org\/{rel}","templated":true}]}}