{"id":4023,"date":"2024-09-16T11:21:09","date_gmt":"2024-09-16T09:21:09","guid":{"rendered":"https:\/\/agora.xtec.cat\/sinscardener\/?page_id=4023"},"modified":"2024-09-17T19:43:22","modified_gmt":"2024-09-17T17:43:22","slug":"himne-de-la-sins","status":"publish","type":"page","link":"https:\/\/agora.xtec.cat\/sinscardener\/himne-de-la-sins\/","title":{"rendered":"Himne de la SINS"},"content":{"rendered":"<p>La m\u00fasica sempre ha format part de la &#8220;SINS Ess\u00e8ncia&#8221; i el nostre himne \u00e9s un dels millors exemples. Al maig de l&#8217;any 2018, a una classe de m\u00fasica de 4t d&#8217;ESO,\u00a0 un grup de nois i noies van sumar els seus talents i van explicar en una can\u00e7\u00f3 el que significava la SINS Cardener per ells\/es.<\/p>\n<p>Aquesta m\u00fasica i lletra originals, gravades de manera casolana al centre, encara ens ressonen i no han perdut significat amb el pas dels anys. Esperem que us agradi!<\/p>\n<!--[if lt IE 9]><script>document.createElement('audio');<\/script><![endif]-->\n<audio class=\"wp-audio-shortcode\" id=\"audio-4023-1\" preload=\"none\" style=\"width: 100%;\" controls=\"controls\"><source type=\"audio\/mpeg\" src=\"https:\/\/agora.xtec.cat\/sinscardener\/wp-content\/uploads\/usu132\/2024\/09\/LHIMNE-DE-LA-SINS.mp3?_=1\" \/><a href=\"https:\/\/agora.xtec.cat\/sinscardener\/wp-content\/uploads\/usu132\/2024\/09\/LHIMNE-DE-LA-SINS.mp3\">https:\/\/agora.xtec.cat\/sinscardener\/wp-content\/uploads\/usu132\/2024\/09\/LHIMNE-DE-LA-SINS.mp3<\/a><\/audio>\n","protected":false},"excerpt":{"rendered":"<p>La m\u00fasica sempre ha format part de la &#8220;SINS Ess\u00e8ncia&#8221; i el nostre himne \u00e9s un dels millors exemples. Al maig de l&#8217;any 2018, a una classe de m\u00fasica de 4t d&#8217;ESO,\u00a0 un grup de nois i noies van sumar els seus talents i van&hellip;  <a href=\"https:\/\/agora.xtec.cat\/sinscardener\/himne-de-la-sins\/\" title=\"Read Himne de la SINS\">Llegeix m\u00e9s\u00bb<\/a><\/p>\n","protected":false},"author":1,"featured_media":0,"parent":0,"menu_order":0,"comment_status":"closed","ping_status":"closed","template":"","meta":{"_bbp_topic_count":0,"_bbp_reply_count":0,"_bbp_total_topic_count":0,"_bbp_total_reply_count":0,"_bbp_voice_count":0,"_bbp_anonymous_reply_count":0,"_bbp_topic_count_hidden":0,"_bbp_reply_count_hidden":0,"_bbp_forum_subforum_count":0,"footnotes":""},"class_list":["post-4023","page","type-page","status-publish","hentry"],"post_mailing_queue_ids":[],"_links":{"self":[{"href":"https:\/\/agora.xtec.cat\/sinscardener\/wp-json\/wp\/v2\/pages\/4023","targetHints":{"allow":["GET"]}}],"collection":[{"href":"https:\/\/agora.xtec.cat\/sinscardener\/wp-json\/wp\/v2\/pages"}],"about":[{"href":"https:\/\/agora.xtec.cat\/sinscardener\/wp-json\/wp\/v2\/types\/page"}],"author":[{"embeddable":true,"href":"https:\/\/agora.xtec.cat\/sinscardener\/wp-json\/wp\/v2\/users\/1"}],"replies":[{"embeddable":true,"href":"https:\/\/agora.xtec.cat\/sinscardener\/wp-json\/wp\/v2\/comments?post=4023"}],"version-history":[{"count":2,"href":"https:\/\/agora.xtec.cat\/sinscardener\/wp-json\/wp\/v2\/pages\/4023\/revisions"}],"predecessor-version":[{"id":4037,"href":"https:\/\/agora.xtec.cat\/sinscardener\/wp-json\/wp\/v2\/pages\/4023\/revisions\/4037"}],"wp:attachment":[{"href":"https:\/\/agora.xtec.cat\/sinscardener\/wp-json\/wp\/v2\/media?parent=4023"}],"curies":[{"name":"wp","href":"https:\/\/api.w.org\/{rel}","templated":true}]}}