{"id":3994,"date":"2024-09-09T13:38:12","date_gmt":"2024-09-09T11:38:12","guid":{"rendered":"https:\/\/agora.xtec.cat\/sinscardener\/?page_id=3994"},"modified":"2024-09-09T13:41:36","modified_gmt":"2024-09-09T11:41:36","slug":"us-i-reglament-dels-armariets","status":"publish","type":"page","link":"https:\/\/agora.xtec.cat\/sinscardener\/us-i-reglament-dels-armariets\/","title":{"rendered":"\u00das i reglament dels armariets"},"content":{"rendered":"<p>Adjunta trobareu la informaci\u00f3 relacionada amb l&#8217;\u00fas i normativa dels <strong>armariets <\/strong>que ha posat a disposici\u00f3 l&#8217;AFA el curs 2024-2025.<\/p>\n<p><a href=\"https:\/\/agora.xtec.cat\/sinscardener\/wp-content\/uploads\/usu132\/2024\/09\/2024-Reglament-armariets.pdf\">2024 Reglament armariets<\/a><\/p>\n","protected":false},"excerpt":{"rendered":"<p>Adjunta trobareu la informaci\u00f3 relacionada amb l&#8217;\u00fas i normativa dels armariets que ha posat a disposici\u00f3 l&#8217;AFA el curs 2024-2025.<br \/>\n<a href=\"https:\/\/agora.xtec.cat\/sinscardener\/wp-content\/uploads\/usu132\/2024\/09\/2024-Reglament-armariets.pdf\">2024 Reglament armariets<\/a><\/p>\n","protected":false},"author":1,"featured_media":0,"parent":0,"menu_order":0,"comment_status":"closed","ping_status":"closed","template":"","meta":{"_bbp_topic_count":0,"_bbp_reply_count":0,"_bbp_total_topic_count":0,"_bbp_total_reply_count":0,"_bbp_voice_count":0,"_bbp_anonymous_reply_count":0,"_bbp_topic_count_hidden":0,"_bbp_reply_count_hidden":0,"_bbp_forum_subforum_count":0,"footnotes":""},"class_list":["post-3994","page","type-page","status-publish","hentry"],"post_mailing_queue_ids":[],"_links":{"self":[{"href":"https:\/\/agora.xtec.cat\/sinscardener\/wp-json\/wp\/v2\/pages\/3994","targetHints":{"allow":["GET"]}}],"collection":[{"href":"https:\/\/agora.xtec.cat\/sinscardener\/wp-json\/wp\/v2\/pages"}],"about":[{"href":"https:\/\/agora.xtec.cat\/sinscardener\/wp-json\/wp\/v2\/types\/page"}],"author":[{"embeddable":true,"href":"https:\/\/agora.xtec.cat\/sinscardener\/wp-json\/wp\/v2\/users\/1"}],"replies":[{"embeddable":true,"href":"https:\/\/agora.xtec.cat\/sinscardener\/wp-json\/wp\/v2\/comments?post=3994"}],"version-history":[{"count":3,"href":"https:\/\/agora.xtec.cat\/sinscardener\/wp-json\/wp\/v2\/pages\/3994\/revisions"}],"predecessor-version":[{"id":4000,"href":"https:\/\/agora.xtec.cat\/sinscardener\/wp-json\/wp\/v2\/pages\/3994\/revisions\/4000"}],"wp:attachment":[{"href":"https:\/\/agora.xtec.cat\/sinscardener\/wp-json\/wp\/v2\/media?parent=3994"}],"curies":[{"name":"wp","href":"https:\/\/api.w.org\/{rel}","templated":true}]}}