{"id":3948,"date":"2024-07-24T17:18:12","date_gmt":"2024-07-24T15:18:12","guid":{"rendered":"https:\/\/agora.xtec.cat\/sinscardener\/?page_id=3948"},"modified":"2025-11-21T14:09:29","modified_gmt":"2025-11-21T13:09:29","slug":"consell-escolar","status":"publish","type":"page","link":"https:\/\/agora.xtec.cat\/sinscardener\/consell-escolar\/","title":{"rendered":"Consell escolar"},"content":{"rendered":"<p>En la vida di\u00e0ria del centres no ens n\u2019adonem per\u00f2 hi ha moltes coses que succe\u00efxen. Cal que aquestes activitats es programin, es regulin, s\u2019avalu\u00efn i es tingui cura de com es van produint. \u00c9s per aix\u00f2 que els centres educatius tenim el consell escolar que \u00e9s \u00abl\u2019<strong>\u00f2rgan col\u00b7legiat de participaci\u00f3\u00bb<\/strong>\u00a0de la comunitat escolar en el govern del centre. El consell escolar est\u00e0 composat per representants de tots els col\u00b7lectius que intervenen en la comunitat educativa: direcci\u00f3, professorat, alumnat, fam\u00edlies, personal d\u2019administraci\u00f3 i serveis, ajuntament, etc.<\/p>\n<p>En els centres p\u00fablics, la funci\u00f3 principal del\u00a0consell escolar \u00e9s participar en la presa de decisions en relaci\u00f3 amb aquells temes importants per al funcionament i l\u2019organitzaci\u00f3 del centre: el projecte educatiu, la programaci\u00f3 general, la gesti\u00f3 econ\u00f2mica, la normativa d\u2019organitzaci\u00f3 i funcionament del centre, etc.<\/p>\n<p>Per tot aix\u00f2 volem que aquest sigui un espai divers i que sigui actiu.<\/p>\n<p>Els membres del nou Consell escolar s\u00f3n:<\/p>\n<table>\n<tbody>\n<tr>\n<td><a href=\"https:\/\/aplicacions.gestioeducativa.gencat.cat\/ords\/pls\/apex\/f?p=2010031:30:503376986805594:fsp_sort_7_desc:RP:::&amp;fsp_region_id=2037206355884370535\"><b>C\u00e0rrec<\/b><\/a><\/td>\n<td><a href=\"https:\/\/aplicacions.gestioeducativa.gencat.cat\/ords\/pls\/apex\/f?p=2010031:30:503376986805594:fsp_sort_5:RP:::&amp;fsp_region_id=2037206355884370535\"><b>Nom complet<\/b><\/a><\/td>\n<\/tr>\n<tr>\n<td><span style=\"font-weight: 400;\">Representant de l&#8217;Ajuntament<\/span><\/td>\n<td><span style=\"font-weight: 400;\">Iban Hortal Botifoll<\/span><\/td>\n<\/tr>\n<tr>\n<td><span style=\"font-weight: 400;\">Representant de l&#8217;alumnat<\/span><\/td>\n<td><span style=\"font-weight: 400;\">Daniela Cardona Pi\u00f1ero<\/span><\/td>\n<\/tr>\n<tr>\n<td><span style=\"font-weight: 400;\">Representant de l&#8217;alumnat<\/span><\/td>\n<td><span style=\"font-weight: 400;\">Izan Ruiz Campi\u00f1a<\/span><\/td>\n<\/tr>\n<tr>\n<td><span style=\"font-weight: 400;\">Representant de l&#8217;AMPA<\/span><\/td>\n<td><span style=\"font-weight: 400;\">Montserrat Garcia Ruiz<\/span><\/td>\n<\/tr>\n<tr>\n<td><span style=\"font-weight: 400;\">Representant de pares i mares<\/span><\/td>\n<td><span style=\"font-weight: 400;\">Laura Mart\u00edn Iba\u00f1ez<\/span><\/td>\n<\/tr>\n<tr>\n<td><span style=\"font-weight: 400;\">Representant de pares i mares<\/span><\/td>\n<td><span style=\"font-weight: 400;\">Marina Vilarmau Prados<\/span><\/td>\n<\/tr>\n<tr>\n<td><span style=\"font-weight: 400;\">Representant del PAS<\/span><\/td>\n<td><span style=\"font-weight: 400;\">David Catal\u00e0 Banqu\u00e9<\/span><\/td>\n<\/tr>\n<tr>\n<td><span style=\"font-weight: 400;\">Representant del professorat<\/span><\/td>\n<td><span style=\"font-weight: 400;\">Antonio Tubio Mu\u00f1oz<\/span><\/td>\n<\/tr>\n<tr>\n<td><span style=\"font-weight: 400;\">Representant del professorat<\/span><\/td>\n<td><span style=\"font-weight: 400;\">Idoia Hernaiz Garcia<\/span><\/td>\n<\/tr>\n<tr>\n<td><span style=\"font-weight: 400;\">Representant del professorat<\/span><\/td>\n<td><span style=\"font-weight: 400;\">Laura Mart\u00ednez Ure\u00f1a<\/span><\/td>\n<\/tr>\n<tr>\n<td><span style=\"font-weight: 400;\">Representant del professorat<\/span><\/td>\n<td><span style=\"font-weight: 400;\">Marc Rodr\u00edguez Porcell<\/span><\/td>\n<\/tr>\n<tr>\n<td><span style=\"font-weight: 400;\">Responsable del professorat i de coeducaci\u00f3<\/span><\/td>\n<td><span style=\"font-weight: 400;\">Marta Vicente Mart\u00ednez<\/span><\/td>\n<\/tr>\n<\/tbody>\n<\/table>\n<blockquote class=\"wp-embedded-content\" data-secret=\"lo6ZUYQx08\"><p><a href=\"https:\/\/agora.xtec.cat\/sinscardener\/actes-consell-escolar\/\">Acta d&#8217;acords del Consell Escolar<\/a><\/p><\/blockquote>\n<p><iframe loading=\"lazy\" class=\"wp-embedded-content\" sandbox=\"allow-scripts\" security=\"restricted\" style=\"position: absolute; visibility: hidden;\" title=\"&#8220;Acta d&#8217;acords del Consell Escolar&#8221; &#8212; Institut Cardener\" src=\"https:\/\/agora.xtec.cat\/sinscardener\/actes-consell-escolar\/embed\/#?secret=MLWhllLyzn#?secret=lo6ZUYQx08\" data-secret=\"lo6ZUYQx08\" width=\"500\" height=\"282\" frameborder=\"0\" marginwidth=\"0\" marginheight=\"0\" scrolling=\"no\"><\/iframe><\/p>\n<p>&nbsp;<\/p>\n","protected":false},"excerpt":{"rendered":"<p>En la vida di\u00e0ria del centres no ens n\u2019adonem per\u00f2 hi ha moltes coses que succe\u00efxen. Cal que aquestes activitats es programin, es regulin, s\u2019avalu\u00efn i es tingui cura de com es van produint. \u00c9s per aix\u00f2 que els centres educatius tenim el consell escolar&hellip;  <a href=\"https:\/\/agora.xtec.cat\/sinscardener\/consell-escolar\/\" title=\"Read Consell escolar\">Llegeix m\u00e9s\u00bb<\/a><\/p>\n","protected":false},"author":1,"featured_media":0,"parent":0,"menu_order":0,"comment_status":"closed","ping_status":"closed","template":"","meta":{"_bbp_topic_count":0,"_bbp_reply_count":0,"_bbp_total_topic_count":0,"_bbp_total_reply_count":0,"_bbp_voice_count":0,"_bbp_anonymous_reply_count":0,"_bbp_topic_count_hidden":0,"_bbp_reply_count_hidden":0,"_bbp_forum_subforum_count":0,"footnotes":""},"class_list":["post-3948","page","type-page","status-publish","hentry"],"post_mailing_queue_ids":[],"_links":{"self":[{"href":"https:\/\/agora.xtec.cat\/sinscardener\/wp-json\/wp\/v2\/pages\/3948","targetHints":{"allow":["GET"]}}],"collection":[{"href":"https:\/\/agora.xtec.cat\/sinscardener\/wp-json\/wp\/v2\/pages"}],"about":[{"href":"https:\/\/agora.xtec.cat\/sinscardener\/wp-json\/wp\/v2\/types\/page"}],"author":[{"embeddable":true,"href":"https:\/\/agora.xtec.cat\/sinscardener\/wp-json\/wp\/v2\/users\/1"}],"replies":[{"embeddable":true,"href":"https:\/\/agora.xtec.cat\/sinscardener\/wp-json\/wp\/v2\/comments?post=3948"}],"version-history":[{"count":5,"href":"https:\/\/agora.xtec.cat\/sinscardener\/wp-json\/wp\/v2\/pages\/3948\/revisions"}],"predecessor-version":[{"id":5457,"href":"https:\/\/agora.xtec.cat\/sinscardener\/wp-json\/wp\/v2\/pages\/3948\/revisions\/5457"}],"wp:attachment":[{"href":"https:\/\/agora.xtec.cat\/sinscardener\/wp-json\/wp\/v2\/media?parent=3948"}],"curies":[{"name":"wp","href":"https:\/\/api.w.org\/{rel}","templated":true}]}}