{"id":3935,"date":"2024-07-24T16:18:11","date_gmt":"2024-07-24T14:18:11","guid":{"rendered":"https:\/\/agora.xtec.cat\/sinscardener\/?page_id=3935"},"modified":"2025-09-06T17:40:42","modified_gmt":"2025-09-06T15:40:42","slug":"equip-huma","status":"publish","type":"page","link":"https:\/\/agora.xtec.cat\/sinscardener\/equip-huma\/","title":{"rendered":"Equip hum\u00e0"},"content":{"rendered":"<h3>EQUIP DIRECTIU<\/h3>\n<table style=\"border-collapse: collapse; width: 100%; height: 128px;\">\n<tbody>\n<tr style=\"height: 32px;\">\n<td style=\"width: 23.6207%; height: 32px;\">Directora<\/td>\n<td style=\"width: 76.3793%; height: 32px;\"><strong>N\u00faria Casta\u00f1\u00e9 Play\u00e0<\/strong><\/td>\n<\/tr>\n<tr style=\"height: 32px;\">\n<td style=\"width: 23.6207%; height: 32px;\">Cap d&#8217;estudis<\/td>\n<td style=\"width: 76.3793%; height: 32px;\"><strong style=\"background-color: #ffffff;\">Cristina Grifell Costa<\/strong><\/td>\n<\/tr>\n<tr style=\"height: 32px;\">\n<td style=\"width: 23.6207%; height: 32px;\"><span style=\"background-color: #f9f9f9;\">Coordinadora pedag\u00f2gica<\/span><\/td>\n<td style=\"width: 76.3793%; height: 32px;\"><strong style=\"background-color: #f9f9f9;\">Vanessa Cruz Navas<\/strong><\/td>\n<\/tr>\n<tr style=\"height: 32px;\">\n<td style=\"width: 23.6207%; height: 32px;\"><span style=\"background-color: #ffffff;\">Secretari<\/span><\/td>\n<td style=\"width: 76.3793%; height: 32px;\"><strong>Jaume Comenge Quinquilla<\/strong><\/td>\n<\/tr>\n<\/tbody>\n<\/table>\n<h3>CLAUSTRE<\/h3>\n<table dir=\"ltr\" style=\"width: 99.9829%;\" border=\"1\" cellspacing=\"0\" cellpadding=\"0\" data-sheets-root=\"1\" data-sheets-baot=\"1\">\n<colgroup>\n<col width=\"157\" \/>\n<col width=\"350\" \/><\/colgroup>\n<tbody>\n<tr>\n<td style=\"width: 23.6385%;\">\u00c0mbit EST \/ STE<\/td>\n<td style=\"width: 269.328%;\">ALBARDANER TORRAS, MARIONA<\/td>\n<\/tr>\n<tr>\n<td style=\"width: 23.6385%;\">\u00c0mbit COM<\/td>\n<td style=\"width: 269.328%;\">ASINS RAMON, MARIA JES\u00daS<\/td>\n<\/tr>\n<tr>\n<td style=\"width: 23.6385%;\">\u00c0mbit STE \/ SAM<\/td>\n<td style=\"width: 269.328%;\">ATZET ROVIRA, DAVID<\/td>\n<\/tr>\n<tr>\n<td style=\"width: 23.6385%;\">\u00c0mbit MAT \/ STE<\/td>\n<td style=\"width: 269.328%;\">CARA RINCON, YOLANDA<\/td>\n<\/tr>\n<tr>\n<td style=\"width: 23.6385%;\">\u00c0mbit MAT<\/td>\n<td style=\"width: 269.328%;\">CASTA\u00d1\u00c9 PLAY\u00c0, N\u00daRIA<\/td>\n<\/tr>\n<tr>\n<td style=\"width: 23.6385%;\">\u00c0mbit SAM<\/td>\n<td style=\"width: 269.328%;\">COMENGE QUINQUILLA, JAUME<\/td>\n<\/tr>\n<tr>\n<td style=\"width: 23.6385%;\">\u00c0mbit STE<\/td>\n<td style=\"width: 269.328%;\">CRUZ NAVAS, VANESSA<\/td>\n<\/tr>\n<tr>\n<td style=\"width: 23.6385%;\">\u00c0mbit STE<\/td>\n<td style=\"width: 269.328%;\">DE LECEA PUJOL , EVA<\/td>\n<\/tr>\n<tr>\n<td style=\"width: 23.6385%;\">\u00c0mbit ORI<\/td>\n<td style=\"width: 269.328%;\">DURAN BONET, PERE<\/td>\n<\/tr>\n<tr>\n<td style=\"width: 23.6385%;\">\u00c0mbit EF<\/td>\n<td style=\"width: 269.328%;\">EURAS SERRA, ELOI<\/td>\n<\/tr>\n<tr>\n<td style=\"width: 23.6385%;\">\u00c0mbit EST<\/td>\n<td style=\"width: 269.328%;\">ESQUERRA TRAVESET, ANNA<\/td>\n<\/tr>\n<tr>\n<td style=\"width: 23.6385%;\">\u00c0mbit MAT<\/td>\n<td style=\"width: 269.328%;\">GARRIGA ORTEU, LAURA<\/td>\n<\/tr>\n<tr>\n<td style=\"width: 23.6385%;\">\u00c0mbit ORI<\/td>\n<td style=\"width: 269.328%;\">GRIFELL COSTA, CRISTINA<\/td>\n<\/tr>\n<tr>\n<td style=\"width: 23.6385%;\">\u00c0mbit SAM<\/td>\n<td style=\"width: 269.328%;\">HERNAIZ GARCIA, IDOIA<\/td>\n<\/tr>\n<tr>\n<td style=\"width: 23.6385%;\">\u00c0mbit STE<\/td>\n<td style=\"width: 269.328%;\">HERRERO G\u00d3MEZ, ANA<\/td>\n<\/tr>\n<tr>\n<td style=\"width: 23.6385%;\">\u00c0mbit EST<\/td>\n<td style=\"width: 269.328%;\">LUCE\u00d1O ESPELT, GL\u00d2RIA<\/td>\n<\/tr>\n<tr>\n<td style=\"width: 23.6385%;\">\u00c0mbit SAM<\/td>\n<td style=\"width: 269.328%;\">MART\u00cdNEZ GARCIA, ANA<\/td>\n<\/tr>\n<tr>\n<td style=\"width: 23.6385%;\">\u00c0mbit COM<\/td>\n<td style=\"width: 269.328%;\">MART\u00cdNEZ URE\u00d1A, LAURA<\/td>\n<\/tr>\n<tr>\n<td style=\"width: 23.6385%;\">\u00c0mbit EF<\/td>\n<td style=\"width: 269.328%;\">MAS LLONGUERAS, GERARD<\/td>\n<\/tr>\n<tr>\n<td style=\"width: 23.6385%;\">\u00c0mbit SAM<\/td>\n<td style=\"width: 269.328%;\">RODR\u00cdGUEZ PORCELL, MARC<\/td>\n<\/tr>\n<tr>\n<td style=\"width: 23.6385%;\">\u00c0mbit ORI<\/td>\n<td style=\"width: 269.328%;\">SANTOS GARCIA, EDITH<\/td>\n<\/tr>\n<tr>\n<td style=\"width: 23.6385%;\">\u00c0mbit COM<\/td>\n<td style=\"width: 269.328%;\">TUBIO MU\u00d1OZ, ANTONIO<\/td>\n<\/tr>\n<tr>\n<td style=\"width: 23.6385%;\">\u00c0mbit EST<\/td>\n<td style=\"width: 269.328%;\">VICENTE MART\u00cdNEZ, MARTA<\/td>\n<\/tr>\n<tr>\n<td style=\"width: 23.6385%;\">\u00c0mbit STE<\/td>\n<td style=\"width: 269.328%;\">VILA ROCA, ESTER<\/td>\n<\/tr>\n<tr>\n<td style=\"width: 23.6385%;\">\u00c0mbit STE<\/td>\n<td style=\"width: 269.328%;\">VILANOVA ARNAU, DAVID<\/td>\n<\/tr>\n<tr>\n<td style=\"width: 23.6385%;\">\u00c0mbit ORI<\/td>\n<td style=\"width: 269.328%;\">VIME BOSCH, ROSER<\/td>\n<\/tr>\n<\/tbody>\n<\/table>\n<h3>PAS (PERSONAL D&#8217;ADMINISTRACI\u00d3 I SERVEIS)<\/h3>\n<table style=\"border-collapse: collapse; width: 100%;\">\n<tbody>\n<tr>\n<td style=\"width: 24.0517%;\">Administrativa<\/td>\n<td style=\"width: 75.9483%;\" data-sheets-value=\"{&quot;1&quot;:2,&quot;2&quot;:&quot;RUIZ PORTILLO, ROSABEL &quot;}\">Rosabel Ruiz Portillo<\/td>\n<\/tr>\n<tr>\n<td style=\"width: 24.0517%;\">Conserge<\/td>\n<td style=\"width: 75.9483%;\" data-sheets-value=\"{&quot;1&quot;:2,&quot;2&quot;:&quot;PONS ESQUIUS, MARC &quot;}\">Marc Pons Esquius<\/td>\n<\/tr>\n<tr>\n<td style=\"width: 24.0517%;\">Conserge<\/td>\n<td style=\"width: 75.9483%;\" data-sheets-value=\"{&quot;1&quot;:2,&quot;2&quot;:&quot;CATAL\u00c0 BANQU\u00c8, DAVID&quot;}\">David Catal\u00e0 Banqu\u00e9<\/td>\n<\/tr>\n<tr>\n<td style=\"width: 24.0517%;\">Educadora d&#8217;educaci\u00f3 especial<\/td>\n<td style=\"width: 75.9483%;\" data-sheets-value=\"{&quot;1&quot;:2,&quot;2&quot;:&quot;PAR\u00c9S CODINACHS, MARIA DOLORS&quot;}\">Dolors Par\u00e9s Codinachs<\/td>\n<\/tr>\n<tr>\n<td style=\"width: 24.0517%;\">Vetlladora<\/td>\n<td style=\"width: 75.9483%;\">Rosa S\u00e1nchez Mart\u00ednez<\/td>\n<\/tr>\n<\/tbody>\n<\/table>\n<p>&nbsp;<\/p>\n","protected":false},"excerpt":{"rendered":"<p>EQUIP DIRECTIU<\/p>\n<p>Directora<br \/>\nN\u00faria Casta\u00f1\u00e9 Play\u00e0<\/p>\n<p>Cap d&#8217;estudis<br \/>\nCristina Grifell Costa<\/p>\n<p>Coordinadora pedag\u00f2gica<br \/>\nVanessa Cruz Navas<\/p>\n<p>Secretari<br \/>\nJaume Comenge Quinquilla<\/p>\n<p>CLAUSTRE<\/p>\n<p>\u00c0mbit EST \/ STE<br \/>\nALBARDANER TORRAS, MARIONA<\/p>\n<p>\u00c0mbit COM<br \/>\nASINS RAMON, MARIA JES\u00daS<\/p>\n<p>\u00c0mbit STE \/ SAM<br \/>\nATZET ROVIRA, DAVID<\/p>\n<p>\u00c0mbit MAT \/ STE<br \/>\nCARA RINCON, YOLANDA<\/p>\n<p>\u00c0mbit MAT<br \/>\nCASTA\u00d1\u00c9 PLAY\u00c0, N\u00daRIA<\/p>\n<p>\u00c0mbit SAM<br \/>\nCOMENGE QUINQUILLA, JAUME<\/p>\n<p>\u00c0mbit STE<br \/>\nCRUZ NAVAS, VANESSA<\/p>\n<p>\u00c0mbit STE<br \/>\nDE LECEA PUJOL , EVA<\/p>\n<p>\u00c0mbit&hellip;  <a href=\"https:\/\/agora.xtec.cat\/sinscardener\/equip-huma\/\" title=\"Read Equip hum\u00e0\">Llegeix m\u00e9s\u00bb<\/a><\/p>\n","protected":false},"author":1,"featured_media":0,"parent":0,"menu_order":0,"comment_status":"closed","ping_status":"closed","template":"","meta":{"_bbp_topic_count":0,"_bbp_reply_count":0,"_bbp_total_topic_count":0,"_bbp_total_reply_count":0,"_bbp_voice_count":0,"_bbp_anonymous_reply_count":0,"_bbp_topic_count_hidden":0,"_bbp_reply_count_hidden":0,"_bbp_forum_subforum_count":0,"footnotes":""},"class_list":["post-3935","page","type-page","status-publish","hentry"],"post_mailing_queue_ids":[],"_links":{"self":[{"href":"https:\/\/agora.xtec.cat\/sinscardener\/wp-json\/wp\/v2\/pages\/3935","targetHints":{"allow":["GET"]}}],"collection":[{"href":"https:\/\/agora.xtec.cat\/sinscardener\/wp-json\/wp\/v2\/pages"}],"about":[{"href":"https:\/\/agora.xtec.cat\/sinscardener\/wp-json\/wp\/v2\/types\/page"}],"author":[{"embeddable":true,"href":"https:\/\/agora.xtec.cat\/sinscardener\/wp-json\/wp\/v2\/users\/1"}],"replies":[{"embeddable":true,"href":"https:\/\/agora.xtec.cat\/sinscardener\/wp-json\/wp\/v2\/comments?post=3935"}],"version-history":[{"count":6,"href":"https:\/\/agora.xtec.cat\/sinscardener\/wp-json\/wp\/v2\/pages\/3935\/revisions"}],"predecessor-version":[{"id":5220,"href":"https:\/\/agora.xtec.cat\/sinscardener\/wp-json\/wp\/v2\/pages\/3935\/revisions\/5220"}],"wp:attachment":[{"href":"https:\/\/agora.xtec.cat\/sinscardener\/wp-json\/wp\/v2\/media?parent=3935"}],"curies":[{"name":"wp","href":"https:\/\/api.w.org\/{rel}","templated":true}]}}