{"id":3929,"date":"2024-07-24T16:11:06","date_gmt":"2024-07-24T14:11:06","guid":{"rendered":"https:\/\/agora.xtec.cat\/sinscardener\/?page_id=3929"},"modified":"2024-10-21T08:44:40","modified_gmt":"2024-10-21T06:44:40","slug":"afa","status":"publish","type":"page","link":"https:\/\/agora.xtec.cat\/sinscardener\/afa\/","title":{"rendered":"AFA"},"content":{"rendered":"<p><b>Qu\u00e8 \u00e9s i qu\u00e8 fa?<\/b><\/p>\n<p style=\"text-align: justify;\">L&#8217;AFA \u00e9s una entitat sense \u00e0nim de lucre que agrupa les fam\u00edlies de l\u2019institut. Est\u00e0 reconeguda legalment en el Registre d&#8217;Associacions i les seves funcions estan regulades per un Decret de la Generalitat de Catalunya.<\/p>\n<p style=\"text-align: justify;\">L&#8217;objectiu fonamental de l&#8217;AFA \u00e9s contribuir a la millora de la qualitat de l&#8217;ensenyament que reben els nostres fills i filles.<\/p>\n<p style=\"text-align: justify;\">El seu funcionament es basa en el di\u00e0leg i en la col\u00b7laboraci\u00f3 entre pares i mares, direcci\u00f3 de l&#8217;institut i professorat.<\/p>\n<p style=\"text-align: justify;\"><b>Per a qu\u00e8 serveix l&#8217;AFA?<\/b><\/p>\n<p style=\"text-align: justify;\">\u00c9s el principal interlocutor que tenen els professors i l\u2019equip directiu per tractar els temes que afecten a tot el col\u00b7lectiu de fam\u00edlies.<\/p>\n<p style=\"text-align: justify;\">Permet a les fam\u00edlies reflexionar i opinar sobre el funcionament quotidi\u00e0 de l&#8217;institut i sobre temes educatius d&#8217;abast m\u00e9s general i recollir propostes i queixes dels pares i mares de l&#8217; institut i fer-les arribar als organismes que calgui.<\/p>\n<p style=\"text-align: justify;\">Administra i gestiona els recursos que aporten els associats.<\/p>\n<p style=\"text-align: justify;\">Participa en la presa de decisions i en el govern de l&#8217;institut mitjan\u00e7ant el Consell Escolar de l&#8217;institut.<\/p>\n<p style=\"text-align: justify;\"><b>Com funciona l\u2019AFA?<\/b><\/p>\n<p style=\"text-align: justify;\">Tots els pares i mares associats ens reunim en assemblea general un cop l\u2019any, a mitjans d\u2019octubre aproximadament on expliquem el funcionament de l\u2019AFA i de totes les activitats que es duen a terme, aix\u00ed com l\u2019aprovaci\u00f3 del pressupost anual.<\/p>\n<p style=\"text-align: justify;\"><b>Qu\u00e8 \u00e9s la Junta Directiva?<\/b><\/p>\n<p style=\"text-align: justify;\">La Junta Directiva \u00e9s qui regeix, administra i representa l&#8217;associaci\u00f3. Est\u00e0 formada pel president\/a, el\/la secretari\/a, el\/la tresorer\/a i els\/les vocals que han estat escollits pels pares i mares de l&#8217;institut. Aquests c\u00e0rrecs han de ser exercits per persones diferents.<\/p>\n<p style=\"text-align: justify;\">La junta directiva es reuneix mensualment, el segon dijous de cada mes, i pren decisions que afecten al funcionament de totes les activitats que organitzem des de l\u2019AFA, elabora el pressupost del curs, fa balan\u00e7 del curs anterior i planteja projectes de futur. Aquestes reunions s\u00f3n obertes en assemblea a la resta de membres de l&#8217;associaci\u00f3.<\/p>\n","protected":false},"excerpt":{"rendered":"<p>Qu\u00e8 \u00e9s i qu\u00e8 fa?<br \/>\nL&#8217;AFA \u00e9s una entitat sense \u00e0nim de lucre que agrupa les fam\u00edlies de l\u2019institut. Est\u00e0 reconeguda legalment en el Registre d&#8217;Associacions i les seves funcions estan regulades per un Decret de la Generalitat de Catalunya.<br \/>\nL&#8217;objectiu fonamental de l&#8217;AFA \u00e9s contribuir a&hellip;  <a href=\"https:\/\/agora.xtec.cat\/sinscardener\/afa\/\" title=\"Read AFA\">Llegeix m\u00e9s\u00bb<\/a><\/p>\n","protected":false},"author":1,"featured_media":0,"parent":0,"menu_order":0,"comment_status":"closed","ping_status":"closed","template":"","meta":{"_bbp_topic_count":0,"_bbp_reply_count":0,"_bbp_total_topic_count":0,"_bbp_total_reply_count":0,"_bbp_voice_count":0,"_bbp_anonymous_reply_count":0,"_bbp_topic_count_hidden":0,"_bbp_reply_count_hidden":0,"_bbp_forum_subforum_count":0,"footnotes":""},"class_list":["post-3929","page","type-page","status-publish","hentry"],"post_mailing_queue_ids":[],"_links":{"self":[{"href":"https:\/\/agora.xtec.cat\/sinscardener\/wp-json\/wp\/v2\/pages\/3929","targetHints":{"allow":["GET"]}}],"collection":[{"href":"https:\/\/agora.xtec.cat\/sinscardener\/wp-json\/wp\/v2\/pages"}],"about":[{"href":"https:\/\/agora.xtec.cat\/sinscardener\/wp-json\/wp\/v2\/types\/page"}],"author":[{"embeddable":true,"href":"https:\/\/agora.xtec.cat\/sinscardener\/wp-json\/wp\/v2\/users\/1"}],"replies":[{"embeddable":true,"href":"https:\/\/agora.xtec.cat\/sinscardener\/wp-json\/wp\/v2\/comments?post=3929"}],"version-history":[{"count":3,"href":"https:\/\/agora.xtec.cat\/sinscardener\/wp-json\/wp\/v2\/pages\/3929\/revisions"}],"predecessor-version":[{"id":4190,"href":"https:\/\/agora.xtec.cat\/sinscardener\/wp-json\/wp\/v2\/pages\/3929\/revisions\/4190"}],"wp:attachment":[{"href":"https:\/\/agora.xtec.cat\/sinscardener\/wp-json\/wp\/v2\/media?parent=3929"}],"curies":[{"name":"wp","href":"https:\/\/api.w.org\/{rel}","templated":true}]}}