{"id":3901,"date":"2024-07-24T12:16:51","date_gmt":"2024-07-24T10:16:51","guid":{"rendered":"https:\/\/agora.xtec.cat\/sinscardener\/?page_id=3901"},"modified":"2025-11-06T00:34:21","modified_gmt":"2025-11-05T23:34:21","slug":"families","status":"publish","type":"page","link":"https:\/\/agora.xtec.cat\/sinscardener\/families\/","title":{"rendered":"Fam\u00edlies"},"content":{"rendered":"<h2><a href=\"https:\/\/docs.google.com\/document\/d\/1oTN1YLzJhs6xcmCzhZ5pcjljlbfiGuEnznq9ysbxOjI\/edit?usp=sharing\"><b>INFORMACI\u00d3 PER A LES FAM\u00cdLIES<\/b><\/a> Curs 2025-2026<\/h2>\n<p><span style=\"font-weight: 400;\">\u00a0<\/span><\/p>\n<h3><b>DADES DE CONTACTE\u00a0<\/b><\/h3>\n<table style=\"border-collapse: collapse; width: 100%;\">\n<tbody>\n<tr>\n<td style=\"width: 439.641px;\"><b style=\"font-size: 16px;\">TELEF\u00d2N DE CENTRE\u00a0 \u00a0\u00a0<\/b><\/td>\n<td style=\"width: 439.641px;\"><span style=\"font-size: 16px;\">938765674<\/span><\/td>\n<\/tr>\n<tr>\n<td style=\"width: 439.641px;\"><b style=\"font-size: 16px; background-color: #ffffff;\">EMAIL DE CENTRE<\/b><\/td>\n<td style=\"width: 439.641px;\"><span style=\"font-size: 16px; background-color: #ffffff;\">a8066322<\/span>@xtec.cat<\/td>\n<\/tr>\n<tr>\n<td style=\"width: 439.641px;\"><b style=\"font-size: 16px;\">WEB<\/b><\/td>\n<td style=\"width: 439.641px;\"><a style=\"font-size: 16px;\" href=\"https:\/\/agora.xtec.cat\/sinscardener\">agora.xtec.cat\/sinscardener<\/a><\/td>\n<\/tr>\n<tr>\n<td style=\"width: 439.641px;\"><b style=\"font-size: 16px; background-color: #ffffff;\">EMAIL CONSERGERIA<\/b> (justificaci\u00f3 faltes assist\u00e8ncia)<\/td>\n<td style=\"width: 439.641px;\"><span style=\"font-size: 16px; background-color: #ffffff;\">consergeria@sinscardener.cat<\/span><\/td>\n<\/tr>\n<tr>\n<td style=\"width: 439.641px;\"><b style=\"font-size: 16px;\">EMAIL AFA<\/b><\/td>\n<td style=\"width: 439.641px;\"><span style=\"font-size: 16px;\">afa@sinscardener.cat<\/span><\/td>\n<\/tr>\n<tr>\n<td style=\"width: 439.641px;\"><b style=\"font-size: 16px; background-color: #ffffff;\">APP DE CENTRE EDUGESTI\u00d3 <\/b>(autoritzacions i pagament de sortides, comunicats, etc.)<\/td>\n<td style=\"width: 439.641px;\"><a href=\"https:\/\/www.edugestio.com\/index.php?id=\"><span style=\"font-weight: 400;\">App Edugesti\u00f3<\/span><\/a><\/p>\n<p><a href=\"https:\/\/docs.google.com\/document\/d\/1gbAxyjF_8BzzBBaBRz5hktWQXh_U6J8FvbRV-rwSgII\/edit?usp=sharing\"><span style=\"font-weight: 400;\">INSTAL\u00b7LACI\u00d3 DE L&#8217;APP EDUGESTI\u00d3<\/span><\/a><\/td>\n<\/tr>\n<tr>\n<td style=\"width: 439.641px;\"><b style=\"font-size: 16px;\">EMAILS DEL PROFESSORAT\u00a0<\/b><\/td>\n<td style=\"width: 439.641px;\"><a style=\"font-size: 16px;\" href=\"https:\/\/docs.google.com\/spreadsheets\/d\/11FZP3JF4mYB9QNPuIQYPgT32khIrZKcg4ojnTChC7Bg\/edit?gid=0#gid=0\">Correus professorat<\/a><\/td>\n<\/tr>\n<\/tbody>\n<\/table>\n<p><span style=\"font-weight: 400;\">\u00a0<\/span><span style=\"font-weight: 400;\">\u00a0<\/span><\/p>\n<h3><b>XARXES SOCIALS<\/b><\/h3>\n<table style=\"border-collapse: collapse; width: 100%; height: 224px;\">\n<tbody>\n<tr style=\"height: 32px;\">\n<td style=\"width: 50%; height: 32px;\"><b>INSTAGRAM<\/b><\/td>\n<td style=\"width: 50%; height: 32px;\"><a href=\"https:\/\/www.instagram.com\/institut_cardener\/\">https:\/\/www.instagram.com\/institut_cardener\/<\/a><\/td>\n<\/tr>\n<tr style=\"height: 32px;\">\n<td style=\"width: 50%; height: 32px;\"><b>INSTAGRAM DE L&#8217;AFA<\/b><\/td>\n<td style=\"width: 50%; height: 32px;\"><a href=\"https:\/\/www.instagram.com\/afa_sins\/\">https:\/\/www.instagram.com\/afa_sins\/<\/a><\/td>\n<\/tr>\n<tr style=\"height: 32px;\">\n<td style=\"width: 50%; height: 32px;\"><b>FACEBOOK<\/b><\/td>\n<td style=\"width: 50%; height: 32px;\"><a href=\"https:\/\/www.facebook.com\/SINS-Cardener-246534682146312\/\">https:\/\/www.facebook.com\/SINS-Cardener-246534682146312\/<\/a><\/td>\n<\/tr>\n<tr style=\"height: 32px;\">\n<td style=\"width: 50%; height: 32px;\"><b>YOUTUBE<\/b><\/td>\n<td style=\"width: 50%; height: 32px;\"><a href=\"https:\/\/www.youtube.com\/channel\/UCJ_UKsLD2l60nUTSGegYaZw\/videos\">https:\/\/www.youtube.com\/channel\/UCJ_UKsLD2l60nUTSGegYaZw\/videos<\/a><\/td>\n<\/tr>\n<tr style=\"height: 32px;\">\n<td style=\"width: 50%; height: 32px;\"><b>X.COM<\/b><\/td>\n<td style=\"width: 50%; height: 32px;\"><a href=\"https:\/\/twitter.com\/sinscardener?lang=ca\">https:\/\/x.com\/sinscardener?lang=ca&amp;mx=2<\/a><\/td>\n<\/tr>\n<tr style=\"height: 32px;\">\n<td style=\"width: 50%; height: 32px;\"><span style=\"font-weight: 400;\"><b style=\"font-size: 16px; background-color: #ffffff;\">REVISTA &#8220;LA SINS PER UN FORAT&#8221;<\/b><\/span><\/td>\n<td style=\"width: 50%; height: 32px;\"><a href=\"https:\/\/padlet.com\/a8066322\/lasinsperunforat\">https:\/\/padlet.com\/a8066322\/lasinsperunforat<\/a><\/td>\n<\/tr>\n<tr style=\"height: 32px;\">\n<td style=\"width: 50%; height: 32px;\"><b style=\"font-size: 16px;\">RECULL DE PREMSA<\/b><\/td>\n<td style=\"width: 50%; height: 32px;\"><a href=\"https:\/\/agora.xtec.cat\/sinscardener\/premsa\/\">https:\/\/agora.xtec.cat\/sinscardener\/premsa\/<\/a><\/td>\n<\/tr>\n<\/tbody>\n<\/table>\n<h3><\/h3>\n<p>&nbsp;<\/p>\n<h3><b>DOCUMENTACI\u00d3 INICIAL DE CURS<\/b><\/h3>\n<h4><b>Pagament de material 2025-2026<\/b><\/h4>\n<ul>\n<li style=\"font-weight: 400;\" aria-level=\"1\"><span style=\"font-weight: 400;\">Per a les <\/span><b>fam\u00edlies de 2n, 3r i 4t: A trav\u00e9s de l&#8217;<\/b><a href=\"https:\/\/www.edugestio.com\/index.php?id=\"><b>App d&#8217;Edugesti\u00f3<\/b><\/a><b>\u00a0<\/b><\/li>\n<\/ul>\n<ul>\n<li style=\"font-weight: 400;\" aria-level=\"1\"><span style=\"font-weight: 400;\">Per a les <\/span><b>fam\u00edlies nouvingudes de 1r i altres cursos:<\/b>\n<ul>\n<li style=\"font-weight: 400;\" aria-level=\"2\"><b>Import de 180\u20ac<\/b><span style=\"font-weight: 400;\"> per transfer\u00e8ncia banc\u00e0ria al compte del centre del Banc Sabadell seg\u00fcent: ES26 0081 1891 6300 0110 5320<\/span><\/li>\n<li style=\"font-weight: 400;\" aria-level=\"2\"><span style=\"font-weight: 400;\">Important: Poseu en el <\/span><b>concepte <\/b><span style=\"font-weight: 400;\">el<\/span><i><span style=\"font-weight: 400;\"> &#8220;nom de la l&#8217;alumne + material 25-26&#8221;.<\/span><\/i><\/li>\n<li style=\"font-weight: 400;\" aria-level=\"2\"><span style=\"font-weight: 400;\">En el cas que vulgueu fer el pagament de forma fraccionada ho heu de comunicar a Direcci\u00f3\/Secretaria\/Administraci\u00f3 del centre.<\/span><\/li>\n<\/ul>\n<\/li>\n<\/ul>\n<p><span style=\"font-weight: 400;\">Respecte els<\/span><b> Vals escolars<\/b><span style=\"font-weight: 400;\">, podeu escollir si els cediu al centre o els bescanvieu als establiments adherits a la campanya. En cas que cediu un o dos vals escolars, si pr\u00e8viament heu realitzat el pagament del material, se us retornar\u00e0 per transfer\u00e8ncia banc\u00e0ria l\u2019import dels vals cedits.<\/span><\/p>\n<p><b>Carta de comprom\u00eds 2025-2026<\/b><\/p>\n<p><span style=\"font-weight: 400;\">Aquesta <\/span><a href=\"https:\/\/drive.google.com\/file\/d\/1HwdU4zrbvmRQ6jdHdLOflLUN9fqJM1kb\/view?usp=drive_link\"><b>Carta de Comprom\u00eds<\/b><\/a><span style=\"font-weight: 400;\"> de tots els participants de la comunitat educativa del centre ha estat aprovada pel Consell Escolar. Cal que siusplau la llegiu amb atenci\u00f3 i la signeu tant l&#8217;alumne com els pares\/mares i ens el feu arribar en paper (o en digital per email a secretaria@sinscardener.cat).\u00a0<\/span><\/p>\n<p><b>Drets d&#8217;imatge 2025-2026<\/b><\/p>\n<p><span style=\"font-weight: 400;\">Cal que siusplau aquest document el llegiu amb atenci\u00f3, ompliu les caselles corresponents, el signeu i ens el feu arribar en paper (o en digital per email a secretaria@sinscardener.cat). Veureu que us hem adjuntat 2 models: un per a menors de majors de 14 anys i un per a majors de 14 anys.<\/span><\/p>\n<p><a href=\"https:\/\/drive.google.com\/file\/d\/1JUyBxqEZhaPsNMfOC4mYPCFblSMqcS2F\/view?usp=sharing\"><span style=\"font-weight: 400;\">Drets d&#8217;Imatge (menors de 14 anys)<\/span><\/a><\/p>\n<p><a href=\"https:\/\/drive.google.com\/file\/d\/1p-VQjRGGH7vejsZ94XJeZ24962PoOC9r\/view?usp=sharing\"><span style=\"font-weight: 400;\">Drets d&#8217;Imatge (majors de 14 anys)<\/span><\/a><\/p>\n<p><span style=\"font-weight: 400;\">\u00a0<\/span><b>Autoritzaci\u00f3 Sortides 2025-2026<\/b><\/p>\n<p><span style=\"font-weight: 400;\">Est\u00e0 disponible a l\u2019aplicatiu ComunicApp. Cal signar-lo per poder participar en qualsevol sortida.<\/span><\/p>\n<p><span style=\"font-weight: 400;\">\u00a0<\/span><\/p>\n<h3><b>INFORMACIONS I DOCUMENTS PER A FAM\u00cdLIES 2025-2026<\/b><\/h3>\n<p><span style=\"font-weight: 400;\">A continuaci\u00f3 us enllacem un conjunt de documents \u00fatils per a les fam\u00edlies:<\/span><\/p>\n<ul>\n<li><a href=\"https:\/\/drive.google.com\/file\/d\/1q328VlQ-msseNQ5lAOHFWUqilR32RLL7\/view?usp=sharing\"><b>CALENDARI ESCOLAR 2025-2026<\/b><\/a><\/li>\n<li><a href=\"https:\/\/drive.google.com\/drive\/folders\/1llf5DN7RG0NPVWnY26y9Q2Clz3auP72o?usp=sharing\"><b>GUIA D&#8217;ACOLLIDA DE LES FAM\u00cdLIES 2025-2026<\/b><\/a><\/li>\n<li><b>INFORMACI\u00d3 DE PLANS D&#8217;ACCI\u00d3 PER A LES FAM\u00cdLIES 2025-2026:<\/b>\n<ul>\n<li><a href=\"https:\/\/docs.google.com\/document\/d\/1rH534f_AzEYegKDPyFy7QkunM5S2gC50YETSZaBWMQI\/edit?tab=t.0\">INFORMACI\u00d3 PLANS D&#8217;ACCI\u00d3 1r TRIMESTRE<\/a><\/li>\n<li><a href=\"https:\/\/docs.google.com\/document\/d\/1cO25lnNf1e2N2bgbPMtblS2NBfYGbavuokZlxxatcDU\/edit?usp=sharing\">INFORMACI\u00d3 PLANS D&#8217;ACCI\u00d3 2n TRIMESTRE<\/a><\/li>\n<\/ul>\n<\/li>\n<li><b>FULLS DE TRIA DE PLANS D&#8217;ACCI\u00d3 2025-2026<\/b>\n<ul>\n<li><a href=\"https:\/\/docs.google.com\/document\/d\/1u40oxpHx3YmUC4Shv8sJtBipEccuhbnr3QGSnkuDplE\/edit?usp=sharing\">FULL DE TRIA DE PLANS D&#8217;ACCI\u00d3 2025-2026 1r trimestre<\/a><\/li>\n<li><strong><a href=\"https:\/\/docs.google.com\/document\/d\/1z3Gxkakf4rsGZ52SnGNtBhRI7GsVLp4ZEPusRt30pI4\/edit?usp=sharing\">FULL DE TRIA DE PLANS D&#8217;ACCI\u00d3 2025-2026 2n trimestre<\/a><\/strong><\/li>\n<\/ul>\n<\/li>\n<li><a href=\"https:\/\/docs.google.com\/document\/d\/1zmHpmMSVehLJc6W-WXLa9Us5i0p3Azl62T6kRn8zwqE\/edit\"><b>GUIA DE &#8220;CULTURA DIGITAL&#8221; DE LES FAM\u00cdLIES<\/b><\/a><\/li>\n<\/ul>\n<p>&nbsp;<\/p>\n<h3><strong>BEQUES ECON\u00d2MIQUES<\/strong><\/h3>\n<p><a href=\"https:\/\/drive.google.com\/file\/d\/1Gw1LZiLto8P-F2awHv3cYGQglXvpoRTr\/view?usp=sharing\">DENEGACI\u00d3 DE BEQUES ECON\u00d2MIQUES 2024-2025<\/a><\/p>\n<div><\/div>\n","protected":false},"excerpt":{"rendered":"<p><a href=\"https:\/\/docs.google.com\/document\/d\/1oTN1YLzJhs6xcmCzhZ5pcjljlbfiGuEnznq9ysbxOjI\/edit?usp=sharing\">INFORMACI\u00d3 PER A LES FAM\u00cdLIES<\/a> Curs 2025-2026<br \/>\n\u00a0<br \/>\nDADES DE CONTACTE\u00a0<\/p>\n<p>TELEF\u00d2N DE CENTRE\u00a0 \u00a0\u00a0<br \/>\n938765674<\/p>\n<p>EMAIL DE CENTRE<br \/>\na8066322@xtec.cat<\/p>\n<p>WEB<br \/>\n<a style=\"font-size: 16px;\" href=\"https:\/\/agora.xtec.cat\/sinscardener\">agora.xtec.cat\/sinscardener<\/a><\/p>\n<p>EMAIL CONSERGERIA (justificaci\u00f3 faltes assist\u00e8ncia)<br \/>\nconsergeria@sinscardener.cat<\/p>\n<p>EMAIL AFA<br \/>\nafa@sinscardener.cat<\/p>\n<p>APP DE CENTRE EDUGESTI\u00d3 (autoritzacions i pagament de sortides, comunicats, etc.)<br \/>\n<a href=\"https:\/\/www.edugestio.com\/index.php?id=\">App Edugesti\u00f3<\/a><br \/>\n<a href=\"https:\/\/docs.google.com\/document\/d\/1gbAxyjF_8BzzBBaBRz5hktWQXh_U6J8FvbRV-rwSgII\/edit?usp=sharing\">INSTAL\u00b7LACI\u00d3 DE L&#8217;APP EDUGESTI\u00d3<\/a><\/p>\n<p>EMAILS DEL PROFESSORAT\u00a0<br \/>\n<a style=\"font-size: 16px;\" href=\"https:\/\/docs.google.com\/spreadsheets\/d\/11FZP3JF4mYB9QNPuIQYPgT32khIrZKcg4ojnTChC7Bg\/edit?gid=0#gid=0\">Correus professorat<\/a><\/p>\n<p>\u00a0\u00a0<br \/>\nXARXES&hellip;  <a href=\"https:\/\/agora.xtec.cat\/sinscardener\/families\/\" title=\"Read Fam\u00edlies\">Llegeix m\u00e9s\u00bb<\/a><\/p>\n","protected":false},"author":1,"featured_media":0,"parent":0,"menu_order":0,"comment_status":"closed","ping_status":"closed","template":"","meta":{"_bbp_topic_count":0,"_bbp_reply_count":0,"_bbp_total_topic_count":0,"_bbp_total_reply_count":0,"_bbp_voice_count":0,"_bbp_anonymous_reply_count":0,"_bbp_topic_count_hidden":0,"_bbp_reply_count_hidden":0,"_bbp_forum_subforum_count":0,"footnotes":""},"class_list":["post-3901","page","type-page","status-publish","hentry"],"post_mailing_queue_ids":[],"_links":{"self":[{"href":"https:\/\/agora.xtec.cat\/sinscardener\/wp-json\/wp\/v2\/pages\/3901","targetHints":{"allow":["GET"]}}],"collection":[{"href":"https:\/\/agora.xtec.cat\/sinscardener\/wp-json\/wp\/v2\/pages"}],"about":[{"href":"https:\/\/agora.xtec.cat\/sinscardener\/wp-json\/wp\/v2\/types\/page"}],"author":[{"embeddable":true,"href":"https:\/\/agora.xtec.cat\/sinscardener\/wp-json\/wp\/v2\/users\/1"}],"replies":[{"embeddable":true,"href":"https:\/\/agora.xtec.cat\/sinscardener\/wp-json\/wp\/v2\/comments?post=3901"}],"version-history":[{"count":8,"href":"https:\/\/agora.xtec.cat\/sinscardener\/wp-json\/wp\/v2\/pages\/3901\/revisions"}],"predecessor-version":[{"id":5392,"href":"https:\/\/agora.xtec.cat\/sinscardener\/wp-json\/wp\/v2\/pages\/3901\/revisions\/5392"}],"wp:attachment":[{"href":"https:\/\/agora.xtec.cat\/sinscardener\/wp-json\/wp\/v2\/media?parent=3901"}],"curies":[{"name":"wp","href":"https:\/\/api.w.org\/{rel}","templated":true}]}}