{"id":3786,"date":"2024-05-16T19:49:08","date_gmt":"2024-05-16T17:49:08","guid":{"rendered":"https:\/\/agora.xtec.cat\/sinscardener\/?page_id=3786"},"modified":"2025-09-04T19:58:26","modified_gmt":"2025-09-04T17:58:26","slug":"projecte-de-convivencia","status":"publish","type":"page","link":"https:\/\/agora.xtec.cat\/sinscardener\/projecte-de-convivencia\/","title":{"rendered":"Projecte de conviv\u00e8ncia 2025-2026"},"content":{"rendered":"<p>El Projecte de conviv\u00e8ncia del centre ha de reflectir les accions que el centre educatiu desenvolupa per capacitar tot l\u2019alumnat i la resta de la comunitat escolar per a la conviv\u00e8ncia i la gesti\u00f3 positiva dels conflictes.<\/p>\n<p style=\"padding-left: 40px;\"><strong><a href=\"https:\/\/drive.google.com\/open?id=1VjsvCcgNTXM2mB_-mTJQv9-_Cn8Cdn45&amp;usp=drive_copy\">Projecte de conviv\u00e8ncia_Curs 2025-2026<\/a><\/strong><\/p>\n<p style=\"padding-left: 40px;\"><a href=\"https:\/\/drive.google.com\/open?id=1eaB6z-fYTBsdvW6jiIkOY9beAKg7Ju6C&amp;usp=drive_copy\"><strong>Mapa conceptual de conviv\u00e8ncia_curs 2025-2026<\/strong><\/a><\/p>\n<p>En aquests moments, a nivell de conviv\u00e8ncia els objectius que es planteja el centre s\u00f3n els seg\u00fcents:<\/p>\n<h5><span style=\"color: #99cc00;\"><b>Objectius i actuacions a nivell de conviv\u00e8ncia:<\/b><\/span><\/h5>\n<ul>\n<li style=\"font-weight: 400;\" aria-level=\"1\"><span style=\"font-weight: 400;\">Promoure el sentiment de pertinen\u00e7a al grup, al centre i a la comunitat<\/span><\/li>\n<li style=\"font-weight: 400;\" aria-level=\"1\"><span style=\"font-weight: 400;\">Explicitar, fer visible el valor de la conviv\u00e8ncia en cada moment que es d\u00f3na.<\/span><\/li>\n<li style=\"font-weight: 400;\" aria-level=\"1\"><span style=\"font-weight: 400;\">Donar valor als processos que es donen i al fet de tancar-los degudament. Aix\u00f2 ens ajuda a valorar els cicles naturals i sentir que formen part d\u2019un tot.<\/span><\/li>\n<li style=\"font-weight: 400;\" aria-level=\"1\"><span style=\"font-weight: 400;\">NOFC: Revisar les normes de conviv\u00e8ncia, primer al Claustre i despr\u00e9s obrir-ho a l\u2019alumnat per reflexionar i reformular-les si cal.<\/span><\/li>\n<\/ul>\n","protected":false},"excerpt":{"rendered":"<p>El Projecte de conviv\u00e8ncia del centre ha de reflectir les accions que el centre educatiu desenvolupa per capacitar tot l\u2019alumnat i la resta de la comunitat escolar per a la conviv\u00e8ncia i la gesti\u00f3 positiva dels conflictes.<br \/>\n<a href=\"https:\/\/drive.google.com\/open?id=1VjsvCcgNTXM2mB_-mTJQv9-_Cn8Cdn45&amp;usp=drive_copy\">Projecte de conviv\u00e8ncia_Curs 2025-2026<\/a><br \/>\n<a href=\"https:\/\/drive.google.com\/open?id=1eaB6z-fYTBsdvW6jiIkOY9beAKg7Ju6C&amp;usp=drive_copy\">Mapa conceptual de conviv\u00e8ncia_curs&hellip;  <a href=\"https:\/\/agora.xtec.cat\/sinscardener\/projecte-de-convivencia\/\" title=\"Read Projecte de conviv\u00e8ncia 2025-2026\">Llegeix m\u00e9s\u00bb<\/a><\/p>\n","protected":false},"author":1,"featured_media":0,"parent":0,"menu_order":0,"comment_status":"closed","ping_status":"closed","template":"","meta":{"_bbp_topic_count":0,"_bbp_reply_count":0,"_bbp_total_topic_count":0,"_bbp_total_reply_count":0,"_bbp_voice_count":0,"_bbp_anonymous_reply_count":0,"_bbp_topic_count_hidden":0,"_bbp_reply_count_hidden":0,"_bbp_forum_subforum_count":0,"footnotes":""},"class_list":["post-3786","page","type-page","status-publish","hentry"],"post_mailing_queue_ids":[],"_links":{"self":[{"href":"https:\/\/agora.xtec.cat\/sinscardener\/wp-json\/wp\/v2\/pages\/3786","targetHints":{"allow":["GET"]}}],"collection":[{"href":"https:\/\/agora.xtec.cat\/sinscardener\/wp-json\/wp\/v2\/pages"}],"about":[{"href":"https:\/\/agora.xtec.cat\/sinscardener\/wp-json\/wp\/v2\/types\/page"}],"author":[{"embeddable":true,"href":"https:\/\/agora.xtec.cat\/sinscardener\/wp-json\/wp\/v2\/users\/1"}],"replies":[{"embeddable":true,"href":"https:\/\/agora.xtec.cat\/sinscardener\/wp-json\/wp\/v2\/comments?post=3786"}],"version-history":[{"count":6,"href":"https:\/\/agora.xtec.cat\/sinscardener\/wp-json\/wp\/v2\/pages\/3786\/revisions"}],"predecessor-version":[{"id":5217,"href":"https:\/\/agora.xtec.cat\/sinscardener\/wp-json\/wp\/v2\/pages\/3786\/revisions\/5217"}],"wp:attachment":[{"href":"https:\/\/agora.xtec.cat\/sinscardener\/wp-json\/wp\/v2\/media?parent=3786"}],"curies":[{"name":"wp","href":"https:\/\/api.w.org\/{rel}","templated":true}]}}