{"id":3785,"date":"2024-05-16T19:49:08","date_gmt":"2024-05-16T17:49:08","guid":{"rendered":"https:\/\/agora.xtec.cat\/sinscardener\/?page_id=3785"},"modified":"2024-05-17T13:02:05","modified_gmt":"2024-05-17T11:02:05","slug":"erasmus","status":"publish","type":"page","link":"https:\/\/agora.xtec.cat\/sinscardener\/erasmus\/","title":{"rendered":"Erasmus+"},"content":{"rendered":"<p style=\"text-align: justify;\"><span style=\"color: #ff9900;\"><strong>Erasmus+<\/strong> <\/span>\u00e9s el programa de la UE per donar suport a l\u2019educaci\u00f3, la formaci\u00f3, la joventut i l\u2019esport a Europa.<\/p>\n<p style=\"text-align: justify;\">Aquest programa s\u2019emmarca en les pol\u00edtiques educatives de la Uni\u00f3 Europea i segueix els objectius de l\u2019Espai Europeu d\u2019Educaci\u00f3, el Pla d\u2019acci\u00f3 d\u2019Educaci\u00f3 Digital i l\u2019Agenda de Capacitats Europea.<\/p>\n<p style=\"text-align: justify;\">Ofereix oportunitat de mobilitat i cooperaci\u00f3 en els \u00e0mbits educatius i<span style=\"font-family: inherit; font-size: 1em;\">\u00a0dona especial rellev\u00e0ncia a la inclusi\u00f3 social, a les transicions ecol\u00f2giques i digitals, i al foment de la participaci\u00f3 dels joves en la vida democr\u00e0tica.<\/span><\/p>\n<p><a href=\"https:\/\/agora.xtec.cat\/sinscardener\/wp-content\/uploads\/usu132\/2024\/05\/Erasmus.png\"><img loading=\"lazy\" decoding=\"async\" class=\"wp-image-3799 alignright\" src=\"https:\/\/agora.xtec.cat\/sinscardener\/wp-content\/uploads\/usu132\/2024\/05\/Erasmus.png\" alt=\"\" width=\"427\" height=\"122\" srcset=\"https:\/\/agora.xtec.cat\/sinscardener\/wp-content\/uploads\/usu132\/2024\/05\/Erasmus.png 420w, https:\/\/agora.xtec.cat\/sinscardener\/wp-content\/uploads\/usu132\/2024\/05\/Erasmus-300x86.png 300w\" sizes=\"auto, (max-width: 427px) 100vw, 427px\" \/><\/a><\/p>\n<h5><span style=\"color: #ff9900;\"><b>Objectius i actuacions a nivell de centre<\/b><span style=\"font-weight: 400;\">:\u00a0<\/span><\/span><\/h5>\n<ul>\n<li style=\"font-weight: 400;\" aria-level=\"1\"><span style=\"font-weight: 400;\">Rebre i dinamitzar l\u2019acollida de l\u2019alumnat i professors\u00a0<\/span><\/li>\n<li style=\"font-weight: 400;\" aria-level=\"1\"><span style=\"font-weight: 400;\">Fase 1 &#8211; Rebre l\u2019acreditaci\u00f3\u00a0 Erasmus en educaci\u00f3 escolar\u00a0<\/span><\/li>\n<li style=\"font-weight: 400;\" aria-level=\"1\"><span style=\"font-weight: 400;\">Fase 2 &#8211; Dissenyar les mobilitats i col\u00b7laboracions amb diferents pa\u00efsos per tal de rebre pressupost. <\/span><\/li>\n<li style=\"font-weight: 400;\" aria-level=\"1\"><span style=\"font-weight: 400;\">Ser escola ETwinning<\/span><\/li>\n<\/ul>\n","protected":false},"excerpt":{"rendered":"<p>Erasmus+ \u00e9s el programa de la UE per donar suport a l\u2019educaci\u00f3, la formaci\u00f3, la joventut i l\u2019esport a Europa.<br \/>\nAquest programa s\u2019emmarca en les pol\u00edtiques educatives de la Uni\u00f3 Europea i segueix els objectius de l\u2019Espai Europeu d\u2019Educaci\u00f3, el Pla d\u2019acci\u00f3 d\u2019Educaci\u00f3 Digital i l\u2019Agenda&hellip;  <a href=\"https:\/\/agora.xtec.cat\/sinscardener\/erasmus\/\" title=\"Read Erasmus+\">Llegeix m\u00e9s\u00bb<\/a><\/p>\n","protected":false},"author":1,"featured_media":0,"parent":0,"menu_order":0,"comment_status":"closed","ping_status":"closed","template":"","meta":{"_bbp_topic_count":0,"_bbp_reply_count":0,"_bbp_total_topic_count":0,"_bbp_total_reply_count":0,"_bbp_voice_count":0,"_bbp_anonymous_reply_count":0,"_bbp_topic_count_hidden":0,"_bbp_reply_count_hidden":0,"_bbp_forum_subforum_count":0,"footnotes":""},"class_list":["post-3785","page","type-page","status-publish","hentry"],"post_mailing_queue_ids":[],"_links":{"self":[{"href":"https:\/\/agora.xtec.cat\/sinscardener\/wp-json\/wp\/v2\/pages\/3785","targetHints":{"allow":["GET"]}}],"collection":[{"href":"https:\/\/agora.xtec.cat\/sinscardener\/wp-json\/wp\/v2\/pages"}],"about":[{"href":"https:\/\/agora.xtec.cat\/sinscardener\/wp-json\/wp\/v2\/types\/page"}],"author":[{"embeddable":true,"href":"https:\/\/agora.xtec.cat\/sinscardener\/wp-json\/wp\/v2\/users\/1"}],"replies":[{"embeddable":true,"href":"https:\/\/agora.xtec.cat\/sinscardener\/wp-json\/wp\/v2\/comments?post=3785"}],"version-history":[{"count":5,"href":"https:\/\/agora.xtec.cat\/sinscardener\/wp-json\/wp\/v2\/pages\/3785\/revisions"}],"predecessor-version":[{"id":3802,"href":"https:\/\/agora.xtec.cat\/sinscardener\/wp-json\/wp\/v2\/pages\/3785\/revisions\/3802"}],"wp:attachment":[{"href":"https:\/\/agora.xtec.cat\/sinscardener\/wp-json\/wp\/v2\/media?parent=3785"}],"curies":[{"name":"wp","href":"https:\/\/api.w.org\/{rel}","templated":true}]}}