{"id":3772,"date":"2024-05-16T19:34:48","date_gmt":"2024-05-16T17:34:48","guid":{"rendered":"https:\/\/agora.xtec.cat\/sinscardener\/?page_id=3772"},"modified":"2024-05-17T12:41:36","modified_gmt":"2024-05-17T10:41:36","slug":"gep","status":"publish","type":"page","link":"https:\/\/agora.xtec.cat\/sinscardener\/gep\/","title":{"rendered":"GEP"},"content":{"rendered":"<p style=\"text-align: justify;\">El programa d\u2019innovaci\u00f3 pedag\u00f2gica\u00a0<strong>Generaci\u00f3 Pluriling\u00fce (GEP) <\/strong>t\u00e9 la finalitat de millorar la compet\u00e8ncia en lleng\u00fces estrangeres de l\u2019alumnat, afavorint el seu creixement acad\u00e8mic i posterior inserci\u00f3 laboral, i capacitant-lo per interactuar amb el m\u00f3n en diverses lleng\u00fces i de manera cr\u00edtica.<\/p>\n<p style=\"text-align: justify;\">Les accions del programa GEP s\u2019orienten, d\u2019una banda, a incrementar el temps d\u2019exposici\u00f3 de l\u2019alumnat a les lleng\u00fces estrangeres curriculars i, d\u2019una altra, a acompanyar els centres educatius en el proc\u00e9s de desplegament i consolidaci\u00f3 d\u2019un projecte ling\u00fc\u00edstic pluriling\u00fce propi.<\/p>\n<p>Els objectius generals del programa s\u00f3n promoure l\u2019aplicaci\u00f3 a l\u2019aula de metodologies per a l\u2019aprenentatge integrat de continguts i llengua estrangera (AICLE); fomentar el desenvolupament de projectes interdisciplinaris en llengua estrangera, i oferir pautes per a l\u2019organitzaci\u00f3 educativa i el disseny curricular. A trav\u00e9s del GEP tamb\u00e9 es vol refor\u00e7ar el treball cooperatiu entre el professorat, fomentar la innovaci\u00f3 educativa i promoure l&#8217;intercanvi de bones pr\u00e0ctiques entre els centres educatius participants.<\/p>\n<p>&nbsp;<\/p>\n","protected":false},"excerpt":{"rendered":"<p>El programa d\u2019innovaci\u00f3 pedag\u00f2gica\u00a0Generaci\u00f3 Pluriling\u00fce (GEP) t\u00e9 la finalitat de millorar la compet\u00e8ncia en lleng\u00fces estrangeres de l\u2019alumnat, afavorint el seu creixement acad\u00e8mic i posterior inserci\u00f3 laboral, i capacitant-lo per interactuar amb el m\u00f3n en diverses lleng\u00fces i de manera cr\u00edtica.<br \/>\nLes accions del programa GEP&hellip;  <a href=\"https:\/\/agora.xtec.cat\/sinscardener\/gep\/\" title=\"Read GEP\">Llegeix m\u00e9s\u00bb<\/a><\/p>\n","protected":false},"author":1,"featured_media":0,"parent":0,"menu_order":0,"comment_status":"closed","ping_status":"closed","template":"","meta":{"_bbp_topic_count":0,"_bbp_reply_count":0,"_bbp_total_topic_count":0,"_bbp_total_reply_count":0,"_bbp_voice_count":0,"_bbp_anonymous_reply_count":0,"_bbp_topic_count_hidden":0,"_bbp_reply_count_hidden":0,"_bbp_forum_subforum_count":0,"footnotes":""},"class_list":["post-3772","page","type-page","status-publish","hentry"],"post_mailing_queue_ids":[],"_links":{"self":[{"href":"https:\/\/agora.xtec.cat\/sinscardener\/wp-json\/wp\/v2\/pages\/3772","targetHints":{"allow":["GET"]}}],"collection":[{"href":"https:\/\/agora.xtec.cat\/sinscardener\/wp-json\/wp\/v2\/pages"}],"about":[{"href":"https:\/\/agora.xtec.cat\/sinscardener\/wp-json\/wp\/v2\/types\/page"}],"author":[{"embeddable":true,"href":"https:\/\/agora.xtec.cat\/sinscardener\/wp-json\/wp\/v2\/users\/1"}],"replies":[{"embeddable":true,"href":"https:\/\/agora.xtec.cat\/sinscardener\/wp-json\/wp\/v2\/comments?post=3772"}],"version-history":[{"count":2,"href":"https:\/\/agora.xtec.cat\/sinscardener\/wp-json\/wp\/v2\/pages\/3772\/revisions"}],"predecessor-version":[{"id":3797,"href":"https:\/\/agora.xtec.cat\/sinscardener\/wp-json\/wp\/v2\/pages\/3772\/revisions\/3797"}],"wp:attachment":[{"href":"https:\/\/agora.xtec.cat\/sinscardener\/wp-json\/wp\/v2\/media?parent=3772"}],"curies":[{"name":"wp","href":"https:\/\/api.w.org\/{rel}","templated":true}]}}