{"id":3769,"date":"2024-05-16T19:34:47","date_gmt":"2024-05-16T17:34:47","guid":{"rendered":"https:\/\/agora.xtec.cat\/sinscardener\/?page_id=3769"},"modified":"2024-05-17T12:35:40","modified_gmt":"2024-05-17T10:35:40","slug":"faig","status":"publish","type":"page","link":"https:\/\/agora.xtec.cat\/sinscardener\/faig\/","title":{"rendered":"FAIG"},"content":{"rendered":"<h4><span style=\"color: #339966;\">FAIG (Fent per Aprendre, Imaginant Globalment)<\/span><\/h4>\n<p><a style=\"color: #2795b6;\" href=\"https:\/\/agora.xtec.cat\/sinscardener\/wp-content\/uploads\/usu132\/2023\/10\/LogoFAIG-5-e1697365477962.png\"><img loading=\"lazy\" decoding=\"async\" class=\"alignleft  wp-image-3254\" src=\"https:\/\/agora.xtec.cat\/sinscardener\/wp-content\/uploads\/usu132\/2023\/10\/LogoFAIG-5-e1697365477962.png\" alt=\"\" width=\"285\" height=\"79\" srcset=\"https:\/\/agora.xtec.cat\/sinscardener\/wp-content\/uploads\/usu132\/2023\/10\/LogoFAIG-5-e1697365477962.png 711w, https:\/\/agora.xtec.cat\/sinscardener\/wp-content\/uploads\/usu132\/2023\/10\/LogoFAIG-5-e1697365477962-300x83.png 300w\" sizes=\"auto, (max-width: 285px) 100vw, 285px\" \/><\/a><\/p>\n<p>Impulsat per la Direcci\u00f3 General d\u2019Innovaci\u00f3, Digitalitzaci\u00f3, Curr\u00edculum i Lleng\u00fces i el Centre de Recursos Pedag\u00f2gics Espec\u00edfics de Suport a la Innovaci\u00f3 i a la Recerca Educativa (CESIRE).<\/p>\n<p>El Departament d\u2019Educaci\u00f3, mitjan\u00e7ant el <strong><a title=\"Programa experimental Fent per Aprendre, Imaginant Globalment \u201cFAIG&quot;\" href=\"https:\/\/serveiseducatius.xtec.cat\/cesire\/faig-fent-per-aprendre-imaginant-globalment\/\" target=\"_blank\" rel=\"noopener\">Programa experimental Fent per Aprendre, Imaginant Globalment \u201cFAIG&#8221;<\/a><\/strong>, ofereix un acompanyament intensiu als centres participants, amb el prop\u00f2sit d\u2019impulsar canvis pedag\u00f2gics profunds i fonamentats en la recerca, envers la creaci\u00f3 de nous entorns d\u2019aprenentatge amb sentit que situ\u00efn l\u2019alumnat com a protagonista actiu i comprom\u00e8s. El programa facilita un marc de refer\u00e8ncia pedag\u00f2gic que fonamenta l\u2019aprenentatge per projectes \u201cmaker\u201d com una oportunitat per connectar el curr\u00edculum amb la vida de les persones aprenents i abordar els desafiaments socials actuals i reptes de futur, impulsant la personalitzaci\u00f3, l\u2019empoderament, la creativitat i la consci\u00e8ncia cr\u00edtica, a mesura que aprenen i es construeixen com a habitants del m\u00f3n amb capacitat d\u2019actuar per a millorar-lo.<\/p>\n<p>&nbsp;<\/p>\n<h5><span style=\"color: #339966;\">Objectius i actuacions a nivell de centre:<\/span><\/h5>\n<ul>\n<li style=\"font-weight: 400;\" aria-level=\"1\"><span style=\"font-weight: 400;\">Dinamitzar el \u201cmaker\u201d als projectes i facilitar l\u2019utilitzaci\u00f3 del taller i el FabLab Club.<\/span><\/li>\n<li style=\"font-weight: 400;\" aria-level=\"1\"><span style=\"font-weight: 400;\">Obrir el taller, el FabLab Club i el FabLab a projectes.<\/span><\/li>\n<li style=\"font-weight: 400;\" aria-level=\"1\"><span style=\"font-weight: 400;\">Definir unes normes i transferir-les al claustre i l\u2019alumnat (materials, pautes, croquis,&#8230;) d\u2019utilitzaci\u00f3 del taller en projectes..<\/span><\/li>\n<li style=\"font-weight: 400;\" aria-level=\"1\"><span style=\"font-weight: 400;\">Generar Protocols (de demanda i de documentaci\u00f3 de processos de creaci\u00f3)<\/span>\n<ul>\n<li style=\"font-weight: 400;\" aria-level=\"2\"><span style=\"font-weight: 400;\">PNT (processos de treball per aprendre a utilitzar les eines)\u00a0<\/span><\/li>\n<li style=\"font-weight: 400;\" aria-level=\"2\"><span style=\"font-weight: 400;\">PNT digitals (FabLab Club)<\/span><\/li>\n<li style=\"font-weight: 400;\" aria-level=\"2\"><span style=\"font-weight: 400;\">Primeres pases al taller. PA.<\/span><\/li>\n<li style=\"font-weight: 400;\" aria-level=\"2\"><span style=\"font-weight: 400;\">Normes de seguretat<\/span><\/li>\n<li style=\"font-weight: 400;\" aria-level=\"2\"><span style=\"font-weight: 400;\">Coneixements b\u00e0sics del proc\u00e9s tecnol\u00f2gics (ideaci\u00f3, esb\u00f3s, croquis, planificaci\u00f3).\u00a0<\/span><\/li>\n<li style=\"font-weight: 400;\" aria-level=\"2\"><span style=\"font-weight: 400;\">Horari de l\u2019alumnat de FabLab Club<\/span><\/li>\n<li style=\"font-weight: 400;\" aria-level=\"2\"><span style=\"font-weight: 400;\">Protocol de demanda de productes al FabLab (requisits, m\u00ednims;&#8230;) Cal explicitar una via molt clara de les demandes que l\u2019alumnat envia als responsables del FabLab Club. Caldria establir un protocol clar i entenedor i conegut i compartit per tota la comunitat (alumnat i claustre).<\/span><\/li>\n<\/ul>\n<\/li>\n<li><span style=\"font-weight: 400;\">Organitzar l\u2019endre\u00e7a\u00a0 d\u2019espais i magatzems.<\/span><\/li>\n<li><span style=\"font-weight: 400;\">Crear un inventari materials (dotaci\u00f3 d\u2019eines pel taller) de tots els espais de taller.<\/span><\/li>\n<li><span style=\"font-weight: 400;\">Concentrar les demandes de materials (les compres seran els dilluns)<\/span><\/li>\n<li><span style=\"font-weight: 400;\">Donar m\u00e9s visibilitat p\u00fablica<\/span><\/li>\n<li><span style=\"font-weight: 400;\">Replantejar firetes de manera que siguin m\u00e9s obertes a tot el poble<\/span><\/li>\n<li><span style=\"font-weight: 400;\">Exposar a diferents llocs els productes<\/span><\/li>\n<li><span style=\"font-weight: 400;\">Realitzar Tallers\/Xerrades a la comunitat (entorns propers i reals: escoles, institut, associacions, institucions)<\/span><\/li>\n<li><span style=\"font-weight: 400;\">Tenir una visi\u00f3 global dels projectes\u00a0<\/span><\/li>\n<li><span style=\"font-weight: 400;\">Con\u00e8ixer les entitats i associacions pr\u00f2pies de Sant Joan per obrir m\u00e9s col\u00b7laboracions.\u00a0\u00a0<\/span><\/li>\n<li><span style=\"font-weight: 400;\">Dinamitzar FabLab Club<\/span><\/li>\n<\/ul>\n","protected":false},"excerpt":{"rendered":"<p>FAIG (Fent per Aprendre, Imaginant Globalment)<br \/>\n<a style=\"color: #2795b6;\" href=\"https:\/\/agora.xtec.cat\/sinscardener\/wp-content\/uploads\/usu132\/2023\/10\/LogoFAIG-5-e1697365477962.png\"><\/a><br \/>\nImpulsat per la Direcci\u00f3 General d\u2019Innovaci\u00f3, Digitalitzaci\u00f3, Curr\u00edculum i Lleng\u00fces i el Centre de Recursos Pedag\u00f2gics Espec\u00edfics de Suport a la Innovaci\u00f3 i a la Recerca Educativa (CESIRE).<br \/>\nEl Departament d\u2019Educaci\u00f3, mitjan\u00e7ant el <a title=\"Programa experimental Fent per&hellip;  <a href=\"https:\/\/agora.xtec.cat\/sinscardener\/faig\/\" title=\"Read FAIG\">Llegeix m\u00e9s\u00bb<\/a><\/p>\n","protected":false},"author":1,"featured_media":0,"parent":0,"menu_order":0,"comment_status":"closed","ping_status":"closed","template":"","meta":{"_bbp_topic_count":0,"_bbp_reply_count":0,"_bbp_total_topic_count":0,"_bbp_total_reply_count":0,"_bbp_voice_count":0,"_bbp_anonymous_reply_count":0,"_bbp_topic_count_hidden":0,"_bbp_reply_count_hidden":0,"_bbp_forum_subforum_count":0,"footnotes":""},"class_list":["post-3769","page","type-page","status-publish","hentry"],"post_mailing_queue_ids":[],"_links":{"self":[{"href":"https:\/\/agora.xtec.cat\/sinscardener\/wp-json\/wp\/v2\/pages\/3769","targetHints":{"allow":["GET"]}}],"collection":[{"href":"https:\/\/agora.xtec.cat\/sinscardener\/wp-json\/wp\/v2\/pages"}],"about":[{"href":"https:\/\/agora.xtec.cat\/sinscardener\/wp-json\/wp\/v2\/types\/page"}],"author":[{"embeddable":true,"href":"https:\/\/agora.xtec.cat\/sinscardener\/wp-json\/wp\/v2\/users\/1"}],"replies":[{"embeddable":true,"href":"https:\/\/agora.xtec.cat\/sinscardener\/wp-json\/wp\/v2\/comments?post=3769"}],"version-history":[{"count":3,"href":"https:\/\/agora.xtec.cat\/sinscardener\/wp-json\/wp\/v2\/pages\/3769\/revisions"}],"predecessor-version":[{"id":3796,"href":"https:\/\/agora.xtec.cat\/sinscardener\/wp-json\/wp\/v2\/pages\/3769\/revisions\/3796"}],"wp:attachment":[{"href":"https:\/\/agora.xtec.cat\/sinscardener\/wp-json\/wp\/v2\/media?parent=3769"}],"curies":[{"name":"wp","href":"https:\/\/api.w.org\/{rel}","templated":true}]}}