{"id":3768,"date":"2024-05-16T19:34:47","date_gmt":"2024-05-16T17:34:47","guid":{"rendered":"https:\/\/agora.xtec.cat\/sinscardener\/?page_id=3768"},"modified":"2024-05-17T13:07:54","modified_gmt":"2024-05-17T11:07:54","slug":"escola-verda","status":"publish","type":"page","link":"https:\/\/agora.xtec.cat\/sinscardener\/escola-verda\/","title":{"rendered":"Escola Verda"},"content":{"rendered":"<h4><span style=\"color: #008000;\"><strong>Xarxa d&#8217;Escoles Verdes<\/strong><\/span><\/h4>\n<p style=\"text-align: justify;\">Les <strong>Escoles Verdes<\/strong> s\u00f3n centres educatius compromesos amb la sostenibilitat que treballen per fomentar una educaci\u00f3 ecosocial que transformi el centre educatiu i el seu entorn, per a la qual cosa fan xarxa amb altres entitats del territori.<\/p>\n<p style=\"text-align: justify;\">El Programa escoles verdes sorgeix com un comprom\u00eds de la Generalitat de Catalunya per donar suport a tots els centres educatius de Catalunya que volen innovar, incloure, avan\u00e7ar, sistematitzar i organitzar accions educatives que tinguin la finalitat d&#8217;afrontar, des de l&#8217;educaci\u00f3, els nous reptes i valors de la sostenibilitat.<\/p>\n<p style=\"text-align: justify;\"><a href=\"https:\/\/agora.xtec.cat\/sinscardener\/wp-content\/uploads\/usu132\/2024\/05\/logo-ev-25.png_28972077.png\"><img loading=\"lazy\" decoding=\"async\" class=\"alignleft  wp-image-3803\" src=\"https:\/\/agora.xtec.cat\/sinscardener\/wp-content\/uploads\/usu132\/2024\/05\/logo-ev-25.png_28972077.png\" alt=\"\" width=\"247\" height=\"229\" \/><\/a><\/p>\n<p>&nbsp;<\/p>\n<p style=\"text-align: justify;\">I, per tant, es plantegen tres grans objectius:<\/p>\n<ul>\n<li style=\"text-align: justify;\">Ajudar els centres a incorporar els valors de l&#8217;educaci\u00f3 per a la sostenibilitat en tots els \u00e0mbits de la vida del centre (curr\u00edculum, gesti\u00f3, relacions amb l&#8217;entorn, etc.).<\/li>\n<li style=\"text-align: justify;\">Promoure la participaci\u00f3 i la implicaci\u00f3 activa de la comunitat educativa en la millora del seu entorn.<\/li>\n<li style=\"text-align: justify;\">Afavorir l&#8217;intercanvi entre els centres que comparteixen uns mateixos objectius.<\/li>\n<\/ul>\n","protected":false},"excerpt":{"rendered":"<p>Xarxa d&#8217;Escoles Verdes<br \/>\nLes Escoles Verdes s\u00f3n centres educatius compromesos amb la sostenibilitat que treballen per fomentar una educaci\u00f3 ecosocial que transformi el centre educatiu i el seu entorn, per a la qual cosa fan xarxa amb altres entitats del territori.<br \/>\nEl Programa escoles verdes sorgeix com&hellip;  <a href=\"https:\/\/agora.xtec.cat\/sinscardener\/escola-verda\/\" title=\"Read Escola Verda\">Llegeix m\u00e9s\u00bb<\/a><\/p>\n","protected":false},"author":1,"featured_media":0,"parent":0,"menu_order":0,"comment_status":"closed","ping_status":"closed","template":"","meta":{"_bbp_topic_count":0,"_bbp_reply_count":0,"_bbp_total_topic_count":0,"_bbp_total_reply_count":0,"_bbp_voice_count":0,"_bbp_anonymous_reply_count":0,"_bbp_topic_count_hidden":0,"_bbp_reply_count_hidden":0,"_bbp_forum_subforum_count":0,"footnotes":""},"class_list":["post-3768","page","type-page","status-publish","hentry"],"post_mailing_queue_ids":[],"_links":{"self":[{"href":"https:\/\/agora.xtec.cat\/sinscardener\/wp-json\/wp\/v2\/pages\/3768","targetHints":{"allow":["GET"]}}],"collection":[{"href":"https:\/\/agora.xtec.cat\/sinscardener\/wp-json\/wp\/v2\/pages"}],"about":[{"href":"https:\/\/agora.xtec.cat\/sinscardener\/wp-json\/wp\/v2\/types\/page"}],"author":[{"embeddable":true,"href":"https:\/\/agora.xtec.cat\/sinscardener\/wp-json\/wp\/v2\/users\/1"}],"replies":[{"embeddable":true,"href":"https:\/\/agora.xtec.cat\/sinscardener\/wp-json\/wp\/v2\/comments?post=3768"}],"version-history":[{"count":2,"href":"https:\/\/agora.xtec.cat\/sinscardener\/wp-json\/wp\/v2\/pages\/3768\/revisions"}],"predecessor-version":[{"id":3804,"href":"https:\/\/agora.xtec.cat\/sinscardener\/wp-json\/wp\/v2\/pages\/3768\/revisions\/3804"}],"wp:attachment":[{"href":"https:\/\/agora.xtec.cat\/sinscardener\/wp-json\/wp\/v2\/media?parent=3768"}],"curies":[{"name":"wp","href":"https:\/\/api.w.org\/{rel}","templated":true}]}}