{"id":3767,"date":"2024-05-16T19:34:47","date_gmt":"2024-05-16T17:34:47","guid":{"rendered":"https:\/\/agora.xtec.cat\/sinscardener\/?page_id=3767"},"modified":"2024-05-17T14:34:13","modified_gmt":"2024-05-17T12:34:13","slug":"mufps","status":"publish","type":"page","link":"https:\/\/agora.xtec.cat\/sinscardener\/mufps\/","title":{"rendered":"MUFPS"},"content":{"rendered":"<header class=\"entry-header\">\n<h4 class=\"entry-title\"><span style=\"color: #ff6600;\">Finalitat i objectius del programa MUFPS<\/span><\/h4>\n<\/header>\n<div class=\"entry-content\">\n<p style=\"text-align: justify;\"><span style=\"font-family: inherit; font-size: 1em;\">El programa de pr\u00e0ctiques universit\u00e0ries en centres educatius formadors <\/span><span style=\"font-family: inherit; font-size: 1em;\">defineix el nou model de pr\u00e0ctiques, resultat del treball conjunt entre la Secretaria d\u2019Universitats i Recerca i la Secretaria de Pol\u00edtiques Educatives. Per posar en marxa aquest model, el Departament d\u2019Educaci\u00f3 crea el <\/span><a style=\"font-family: inherit; font-size: 1em;\" href=\"https:\/\/portaldogc.gencat.cat\/utilsEADOP\/PDF\/7923\/1754917.pdf\" target=\"_blank\" rel=\"noopener noreferrer\">Programa d\u2019innovaci\u00f3 pedag\u00f2gica de Pr\u00e0ctiques<\/a><span style=\"font-family: inherit; font-size: 1em;\">\u00a0del M\u00e0ster Universitari de Formaci\u00f3 del Professorat d\u2019educaci\u00f3 secund\u00e0ria obligat\u00f2ria i batxillerat, Formaci\u00f3 professional i Ensenyament d\u2019idiomes (MUFPS) en centres educatius.<\/span><\/p>\n<p>La finalitat d&#8217;aquest programa \u00e9s el desenvolupament pr\u00e0ctiques professionalitzadores, que t\u00e9 com a objectius:<\/p>\n<p><img loading=\"lazy\" decoding=\"async\" class=\"alignleft\" src=\"https:\/\/projectes.xtec.cat\/centresformadors\/wp-content\/uploads\/usu1341\/2019\/12\/obj-prals-CF.png\" width=\"449\" height=\"334\" \/><\/p>\n<p><img loading=\"lazy\" decoding=\"async\" class=\"wp-image-8506 alignleft\" src=\"https:\/\/projectes.xtec.cat\/centresformadors\/wp-content\/uploads\/usu1341\/2019\/12\/diana.png\" alt=\"\" width=\"36\" height=\"36\" \/>Assignar valor als centres formadors com a institucions\u00a0clau en la formaci\u00f3 inicial de la funci\u00f3 docent.<\/p>\n<p><a href=\"https:\/\/projectes.xtec.cat\/centresformadors\/acompanyament-2\/\"><img loading=\"lazy\" decoding=\"async\" class=\" wp-image-8505 alignleft\" src=\"https:\/\/projectes.xtec.cat\/centresformadors\/wp-content\/uploads\/usu1341\/2019\/12\/acompanyament.png\" alt=\"\" width=\"45\" height=\"43\" \/><\/a>Professionalitzar i recon\u00e8ixer la tasca d\u2019acompanyament dels mentors de centre i dels tutors de les universitats.<\/p>\n<p><a href=\"https:\/\/projectes.xtec.cat\/centresformadors\/icona3\/\"><img loading=\"lazy\" decoding=\"async\" class=\"alignnone wp-image-8507\" src=\"https:\/\/projectes.xtec.cat\/centresformadors\/wp-content\/uploads\/usu1341\/2019\/12\/icona3.png\" alt=\"\" width=\"44\" height=\"46\" \/><\/a>\u00a0Incorporar l\u2019estudiant universitari al centre formador com a agent actiu que col\u00b7labora en el desenvolupament del projecte educatiu\u00a0 de centre, alhora que es retroalimenta per millorar el desenvolupament professional i personal.<\/p>\n<p>Promoure la col\u00b7labo<a href=\"https:\/\/projectes.xtec.cat\/centresformadors\/icona4\/\"><img loading=\"lazy\" decoding=\"async\" class=\"wp-image-8508 alignleft\" src=\"https:\/\/projectes.xtec.cat\/centresformadors\/wp-content\/uploads\/usu1341\/2019\/12\/icona4.png\" alt=\"\" width=\"52\" height=\"47\" \/><\/a>raci\u00f3 en projectes de recerca i de transformaci\u00f3 educativa entre les universitats i els centres formadors.<\/p>\n<p>El nou model de pr\u00e0ctiques \u00e9s un model de concentraci\u00f3, de treball en equip i de qualitat.<\/p>\n<p>Per a m\u00e9s informaci\u00f3 podeu consultar la web del programa:  <strong><a href=\"https:\/\/projectes.xtec.cat\/centresformadors\/\">https:\/\/projectes.xtec.cat\/centresformadors\/<\/a><\/strong><\/p>\n<\/div>\n<p>&nbsp;<\/p>\n<h5><span style=\"color: #ff6600;\"><b>Objectius i actuacions a nivell de centre:<\/b><\/span><\/h5>\n<p>Els objectius i actuacions que es proposa l&#8217;Institut Cardener en relaci\u00f3 al Programa MUFPS s\u00f3n els seg\u00fcents:<\/p>\n<ul>\n<li style=\"font-weight: 400;\" aria-level=\"1\"><span style=\"font-weight: 400;\">Aconseguir el m\u00e0xim de professors que vulguin ser mentors<\/span><\/li>\n<li style=\"font-weight: 400;\" aria-level=\"1\"><span style=\"font-weight: 400;\">Crear correu de centre pels alumnes de pr\u00e0ctiques<\/span><\/li>\n<li style=\"font-weight: 400;\" aria-level=\"1\"><span style=\"font-weight: 400;\">Compartir les carpetes que els sigui \u00fatil (documents centre, llistat alumnat, horaris de centre, actes de claustre\u2026).<\/span><\/li>\n<li style=\"font-weight: 400;\" aria-level=\"1\"><span style=\"font-weight: 400;\">Preparar &#8211; revisar documents d\u2019acollida<\/span><\/li>\n<li style=\"font-weight: 400;\" aria-level=\"1\"><span style=\"font-weight: 400;\">Donar flexibilitat al mentors del centre amb els tutorats per establir l\u2019horari i la millor manera perqu\u00e8 puguis desenvolupar les seves tasques adientment.<\/span><\/li>\n<li style=\"font-weight: 400;\" aria-level=\"1\"><span style=\"font-weight: 400;\">Estar oberts com a mentors a rebre o incorporar aspectes oferts pels alumnes universitaris.<\/span><\/li>\n<li style=\"font-weight: 400;\" aria-level=\"1\"><span style=\"font-weight: 400;\">Oferir l&#8217;oportunitat a participar en la m\u00e0xima diversitat dels aspectes del centre educatiu.<\/span><\/li>\n<li style=\"font-weight: 400;\" aria-level=\"1\"><span style=\"font-weight: 400;\">Crear un documents de feedback final per recollir el proc\u00e9s viscut de l\u2019alumnat universitari.<\/span><\/li>\n<\/ul>\n<div class=\"entry-content\">\n<p>&nbsp;<\/p>\n<\/div>\n","protected":false},"excerpt":{"rendered":"<p>Finalitat i objectius del programa MUFPS<\/p>\n<p>El programa de pr\u00e0ctiques universit\u00e0ries en centres educatius formadors defineix el nou model de pr\u00e0ctiques, resultat del treball conjunt entre la Secretaria d\u2019Universitats i Recerca i la Secretaria de Pol\u00edtiques Educatives. Per posar en marxa aquest model, el Departament d\u2019Educaci\u00f3&hellip;  <a href=\"https:\/\/agora.xtec.cat\/sinscardener\/mufps\/\" title=\"Read MUFPS\">Llegeix m\u00e9s\u00bb<\/a><\/p>\n","protected":false},"author":1,"featured_media":0,"parent":0,"menu_order":0,"comment_status":"closed","ping_status":"closed","template":"","meta":{"_bbp_topic_count":0,"_bbp_reply_count":0,"_bbp_total_topic_count":0,"_bbp_total_reply_count":0,"_bbp_voice_count":0,"_bbp_anonymous_reply_count":0,"_bbp_topic_count_hidden":0,"_bbp_reply_count_hidden":0,"_bbp_forum_subforum_count":0,"footnotes":""},"class_list":["post-3767","page","type-page","status-publish","hentry"],"post_mailing_queue_ids":[],"_links":{"self":[{"href":"https:\/\/agora.xtec.cat\/sinscardener\/wp-json\/wp\/v2\/pages\/3767","targetHints":{"allow":["GET"]}}],"collection":[{"href":"https:\/\/agora.xtec.cat\/sinscardener\/wp-json\/wp\/v2\/pages"}],"about":[{"href":"https:\/\/agora.xtec.cat\/sinscardener\/wp-json\/wp\/v2\/types\/page"}],"author":[{"embeddable":true,"href":"https:\/\/agora.xtec.cat\/sinscardener\/wp-json\/wp\/v2\/users\/1"}],"replies":[{"embeddable":true,"href":"https:\/\/agora.xtec.cat\/sinscardener\/wp-json\/wp\/v2\/comments?post=3767"}],"version-history":[{"count":5,"href":"https:\/\/agora.xtec.cat\/sinscardener\/wp-json\/wp\/v2\/pages\/3767\/revisions"}],"predecessor-version":[{"id":3822,"href":"https:\/\/agora.xtec.cat\/sinscardener\/wp-json\/wp\/v2\/pages\/3767\/revisions\/3822"}],"wp:attachment":[{"href":"https:\/\/agora.xtec.cat\/sinscardener\/wp-json\/wp\/v2\/media?parent=3767"}],"curies":[{"name":"wp","href":"https:\/\/api.w.org\/{rel}","templated":true}]}}