{"id":3740,"date":"2024-05-16T18:47:21","date_gmt":"2024-05-16T16:47:21","guid":{"rendered":"https:\/\/agora.xtec.cat\/sinscardener\/?page_id=3740"},"modified":"2025-09-08T09:02:42","modified_gmt":"2025-09-08T07:02:42","slug":"inscripcio-afa","status":"publish","type":"page","link":"https:\/\/agora.xtec.cat\/sinscardener\/inscripcio-afa\/","title":{"rendered":"Inscripci\u00f3 AFA"},"content":{"rendered":"<h3><strong>INSCRIPCI\u00d3 AFA 2025-2026<\/strong><\/h3>\n<h4><a href=\"https:\/\/forms.gle\/3bLfuVdw9NARaZMV9\" target=\"_blank\" rel=\"noopener\" data-saferedirecturl=\"https:\/\/www.google.com\/url?q=https:\/\/forms.gle\/3bLfuVdw9NARaZMV9&amp;source=gmail&amp;ust=1757145051996000&amp;usg=AOvVaw1xR1uxgXoGrlZZUuwblfSl\">Formulari inscripci\u00f3 AFA<\/a><\/h4>\n<p dir=\"ltr\">Benvolgudes\u00a0<span class=\"il\">fam\u00edlies<\/span>,<\/p>\n<p dir=\"ltr\">Aquest curs el vam comen\u00e7ar amb molta energia, amb una festa musical de benvinguda que va ser tot un repte organitzatiu per a l&#8217;AFA. Amb l&#8217;esfor\u00e7 de tots tamb\u00e9 s\u2019ha recolzat econ\u00f2micament la contractaci\u00f3 de la figura de la vetlladora i una l\u00ednia addicional de WIFI, s\u2019han instal\u00b7lat 120\u00a0<span class=\"il\">noves<\/span>\u00a0taquilles, s\u2019han donat boc\u2019n\u2019roll als alumnes de 1r, s\u2019ha venut loteria de Nadal, s\u2019ha col\u00b7laborat econ\u00f2micament amb la festa de fi de curs de 4t i s\u2019han fet diversos tallers per a\u00a0<span class=\"il\">fam\u00edlies<\/span>\u00a0i alumnes, alguns d\u2019ells gr\u00e0cies a pares i mares del centre.<\/p>\n<p dir=\"ltr\">No \u00e9s poca la feina que es fa. \u00c9s per aix\u00f2 que, una vegada m\u00e9s us encoratgem a participar-hi. A m\u00e9s participaci\u00f3, m\u00e9s ric i divers ser\u00e0 el suport que podrem donar als nostres fills en aquesta etapa de les seves vides.<\/p>\n<p dir=\"ltr\">El proper curs, en especial, voldr\u00edem encoratjar-vos a formar part de la nova junta de l&#8217;AFA. L\u2019actual acaba el seu enc\u00e0rrec i calen\u00a0<span class=\"il\">noves<\/span>\u00a0energies. Estigueu-ne atents aquest inici de curs.<\/p>\n<p dir=\"ltr\">Aprofitem els darrers dies per agrair tamb\u00e9 l&#8217;esfor\u00e7 a totes les\u00a0<span class=\"il\">fam\u00edlies<\/span>\u00a0que han participat de l&#8217;AFA, especialment les que tenen alumnes a quart i que ara emprendran nous reptes. Molta sort a tots.<\/p>\n<p dir=\"ltr\">Alhora, volem donar la benvinguda a les\u00a0<span class=\"il\">fam\u00edlies<\/span>\u00a0dels nous alumnes que s&#8217;incorporaran el curs 25-26. Desitgem que us hi sentiu ben acollits.<\/p>\n<p dir=\"ltr\">Us insistim en la import\u00e0ncia de formar part de l&#8217;AFA i, mitjan\u00e7ant aquest\u00a0<span class=\"il\">correu<\/span>, us facilitem<a href=\"https:\/\/forms.gle\/3bLfuVdw9NARaZMV9\" target=\"_blank\" rel=\"noopener\" data-saferedirecturl=\"https:\/\/www.google.com\/url?q=https:\/\/forms.gle\/3bLfuVdw9NARaZMV9&amp;source=gmail&amp;ust=1757145051996000&amp;usg=AOvVaw1xR1uxgXoGrlZZUuwblfSl\">\u00a0<strong>l&#8217;acc\u00e9s al formulari<\/strong><\/a><strong>\u00a0<\/strong>on us hi podreu associar. La quota d&#8217;inscripci\u00f3 no ha canviat i \u00e9s de\u00a040\u20ac per fam\u00edlia.<\/p>\n<p dir=\"ltr\">Cal fer el pagament via transfer\u00e8ncia banc\u00e0ria o ingr\u00e9s al n\u00famero de compte\u00a0SABADELL ES62 0081 1891 6000 0113 0718\u00a0i adjuntar el justificant al formulari.<\/p>\n<p dir=\"ltr\">En darrer lloc, us informem del canvi de l\u2019adre\u00e7a de\u00a0<span class=\"il\">correu<\/span>\u00a0de l\u2019AFA. La nova \u00e9s\u00a0<a href=\"mailto:afa@sinscardener.cat\" target=\"_blank\" rel=\"noopener\">afa@sinscardener.cat<\/a>.<\/p>\n<p dir=\"ltr\">I us animem a seguir el<a href=\"https:\/\/www.instagram.com\/afa_sins?igsh=dGdzMHMxNDVycnht\" target=\"_blank\" rel=\"noopener\" data-saferedirecturl=\"https:\/\/www.google.com\/url?q=https:\/\/www.instagram.com\/afa_sins?igsh%3DdGdzMHMxNDVycnht&amp;source=gmail&amp;ust=1757145051996000&amp;usg=AOvVaw0uJhuxtsf2rXs2aYOBeyRY\">\u00a0perfil de l&#8217;AFA a l&#8217;Instagram<\/a>\u00a0(<a href=\"https:\/\/www.instagram.com\/afa_sins?igsh=dGdzMHMxNDVycnht\" target=\"_blank\" rel=\"noopener\" data-saferedirecturl=\"https:\/\/www.google.com\/url?q=https:\/\/www.instagram.com\/afa_sins?igsh%3DdGdzMHMxNDVycnht&amp;source=gmail&amp;ust=1757145051996000&amp;usg=AOvVaw0uJhuxtsf2rXs2aYOBeyRY\">@afa_sins<\/a>) per estar sempre atents a les novetats.<\/p>\n<p dir=\"ltr\">Que passeu molt bon estiu i ens retrobem al setembre.<\/p>\n<p dir=\"ltr\">Tot@s som AFA!!<\/p>\n","protected":false},"excerpt":{"rendered":"<p>INSCRIPCI\u00d3 AFA 2025-2026<br \/>\n<a href=\"https:\/\/forms.gle\/3bLfuVdw9NARaZMV9\" target=\"_blank\" rel=\"noopener\" data-saferedirecturl=\"https:\/\/www.google.com\/url?q=https:\/\/forms.gle\/3bLfuVdw9NARaZMV9&amp;source=gmail&amp;ust=1757145051996000&amp;usg=AOvVaw1xR1uxgXoGrlZZUuwblfSl\">Formulari inscripci\u00f3 AFA<\/a><br \/>\nBenvolgudes\u00a0fam\u00edlies,<br \/>\nAquest curs el vam comen\u00e7ar amb molta energia, amb una festa musical de benvinguda que va ser tot un repte organitzatiu per a l&#8217;AFA. Amb l&#8217;esfor\u00e7 de tots tamb\u00e9 s\u2019ha recolzat econ\u00f2micament la contractaci\u00f3 de la figura&hellip;  <a href=\"https:\/\/agora.xtec.cat\/sinscardener\/inscripcio-afa\/\" title=\"Read Inscripci\u00f3 AFA\">Llegeix m\u00e9s\u00bb<\/a><\/p>\n","protected":false},"author":1,"featured_media":0,"parent":0,"menu_order":0,"comment_status":"closed","ping_status":"closed","template":"","meta":{"_bbp_topic_count":0,"_bbp_reply_count":0,"_bbp_total_topic_count":0,"_bbp_total_reply_count":0,"_bbp_voice_count":0,"_bbp_anonymous_reply_count":0,"_bbp_topic_count_hidden":0,"_bbp_reply_count_hidden":0,"_bbp_forum_subforum_count":0,"footnotes":""},"class_list":["post-3740","page","type-page","status-publish","hentry"],"post_mailing_queue_ids":[],"_links":{"self":[{"href":"https:\/\/agora.xtec.cat\/sinscardener\/wp-json\/wp\/v2\/pages\/3740","targetHints":{"allow":["GET"]}}],"collection":[{"href":"https:\/\/agora.xtec.cat\/sinscardener\/wp-json\/wp\/v2\/pages"}],"about":[{"href":"https:\/\/agora.xtec.cat\/sinscardener\/wp-json\/wp\/v2\/types\/page"}],"author":[{"embeddable":true,"href":"https:\/\/agora.xtec.cat\/sinscardener\/wp-json\/wp\/v2\/users\/1"}],"replies":[{"embeddable":true,"href":"https:\/\/agora.xtec.cat\/sinscardener\/wp-json\/wp\/v2\/comments?post=3740"}],"version-history":[{"count":5,"href":"https:\/\/agora.xtec.cat\/sinscardener\/wp-json\/wp\/v2\/pages\/3740\/revisions"}],"predecessor-version":[{"id":5224,"href":"https:\/\/agora.xtec.cat\/sinscardener\/wp-json\/wp\/v2\/pages\/3740\/revisions\/5224"}],"wp:attachment":[{"href":"https:\/\/agora.xtec.cat\/sinscardener\/wp-json\/wp\/v2\/media?parent=3740"}],"curies":[{"name":"wp","href":"https:\/\/api.w.org\/{rel}","templated":true}]}}