{"id":3736,"date":"2024-05-16T18:47:21","date_gmt":"2024-05-16T16:47:21","guid":{"rendered":"https:\/\/agora.xtec.cat\/sinscardener\/?page_id=3736"},"modified":"2025-09-08T09:50:16","modified_gmt":"2025-09-08T07:50:16","slug":"pec-revisio-2019","status":"publish","type":"page","link":"https:\/\/agora.xtec.cat\/sinscardener\/pec-revisio-2019\/","title":{"rendered":"PEC"},"content":{"rendered":"<p>El projecte educatiu de centre (PEC) \u00e9s un document que inclou els trets d&#8217;identitat del centre, els principis pedag\u00f2gics, els principis organitzatius i el projecte ling\u00fc\u00edstic. Aquest document \u00e9s, juntament amb les NOFC i la normativa que els acompanya, el m\u00e9s important, ja que defineix les l\u00ednies de treball i els objectius a assolir en el desenvolupament del mateix.<\/p>\n<p>Acc\u00e9s al document:\u00a0<a href=\"https:\/\/agora.xtec.cat\/sinscardener\/wp-content\/uploads\/usu132\/2024\/05\/PEC_revisio_2019.pdf\">PEC Institut Cardener _ Revisi\u00f3 2019<\/a><\/p>\n","protected":false},"excerpt":{"rendered":"<p>El projecte educatiu de centre (PEC) \u00e9s un document que inclou els trets d&#8217;identitat del centre, els principis pedag\u00f2gics, els principis organitzatius i el projecte ling\u00fc\u00edstic. Aquest document \u00e9s, juntament amb les NOFC i la normativa que els acompanya, el m\u00e9s important, ja que defineix&hellip;  <a href=\"https:\/\/agora.xtec.cat\/sinscardener\/pec-revisio-2019\/\" title=\"Read PEC\">Llegeix m\u00e9s\u00bb<\/a><\/p>\n","protected":false},"author":1,"featured_media":0,"parent":0,"menu_order":0,"comment_status":"closed","ping_status":"closed","template":"","meta":{"_bbp_topic_count":0,"_bbp_reply_count":0,"_bbp_total_topic_count":0,"_bbp_total_reply_count":0,"_bbp_voice_count":0,"_bbp_anonymous_reply_count":0,"_bbp_topic_count_hidden":0,"_bbp_reply_count_hidden":0,"_bbp_forum_subforum_count":0,"footnotes":""},"class_list":["post-3736","page","type-page","status-publish","hentry"],"post_mailing_queue_ids":[],"_links":{"self":[{"href":"https:\/\/agora.xtec.cat\/sinscardener\/wp-json\/wp\/v2\/pages\/3736","targetHints":{"allow":["GET"]}}],"collection":[{"href":"https:\/\/agora.xtec.cat\/sinscardener\/wp-json\/wp\/v2\/pages"}],"about":[{"href":"https:\/\/agora.xtec.cat\/sinscardener\/wp-json\/wp\/v2\/types\/page"}],"author":[{"embeddable":true,"href":"https:\/\/agora.xtec.cat\/sinscardener\/wp-json\/wp\/v2\/users\/1"}],"replies":[{"embeddable":true,"href":"https:\/\/agora.xtec.cat\/sinscardener\/wp-json\/wp\/v2\/comments?post=3736"}],"version-history":[{"count":6,"href":"https:\/\/agora.xtec.cat\/sinscardener\/wp-json\/wp\/v2\/pages\/3736\/revisions"}],"predecessor-version":[{"id":5229,"href":"https:\/\/agora.xtec.cat\/sinscardener\/wp-json\/wp\/v2\/pages\/3736\/revisions\/5229"}],"wp:attachment":[{"href":"https:\/\/agora.xtec.cat\/sinscardener\/wp-json\/wp\/v2\/media?parent=3736"}],"curies":[{"name":"wp","href":"https:\/\/api.w.org\/{rel}","templated":true}]}}