{"id":2927,"date":"2022-06-27T15:20:16","date_gmt":"2022-06-27T13:20:16","guid":{"rendered":"https:\/\/agora.xtec.cat\/sinscardener\/?page_id=2927"},"modified":"2024-02-22T14:07:24","modified_gmt":"2024-02-22T13:07:24","slug":"estrategia-digital-de-centre","status":"publish","type":"page","link":"https:\/\/agora.xtec.cat\/sinscardener\/estrategia-digital-de-centre\/","title":{"rendered":"Estrat\u00e8gia digital de centre"},"content":{"rendered":"<h2><strong>DIAGNOSI<\/strong><br \/>\n<iframe loading=\"lazy\" style=\"border: 1px solid #000000;\" src=\"https:\/\/docs.google.com\/document\/d\/1sYBO8ZL3svlgWpmF3tSZe0Neet-GoUqa3j3b8FTB2XE\/edit?usp=sharing\" name=\"edc\" width=\"100%\" height=\"800px\" scrolling=\"auto\"><\/iframe><\/h2>\n<h2><strong>OBJECTIUS I ACTUACIONS<\/strong><\/h2>\n<p><iframe loading=\"lazy\" style=\"border: 1px solid #000000;\" src=\"https:\/\/docs.google.com\/spreadsheets\/d\/1KM15MaP7KC7BKNzSUq1VWplHFeR4jqbbN6a5yNgrgCs\/edit?usp=sharing\" name=\"edc\" width=\"100%\" height=\"800px\" scrolling=\"auto\"><\/iframe><\/p>\n<h2><strong>AVALUACI\u00d3 I MILLORA<\/strong><\/h2>\n<p>Peri\u00f2dicament es far\u00e0 una avaluaci\u00f3 de l&#8217;estrat\u00e8gia digital. Un cop es finalitzin les actuacions es valorar\u00e0 per part del responsable seguint els indicadors estipulats i acompanyant-los d&#8217;observacions si fos necessari. Anualment es far\u00e0 una revisi\u00f3 dels objectius establerts pel curs i es determinar\u00e0 tamb\u00e9 el grau d\u2019assoliment a partir dels indicadors d\u2019impacte i els criteris d\u2019acompliment. Un cop finalitzat el per\u00edode establert es far\u00e0 una valoraci\u00f3 global que servir\u00e0 de diagnosi per al seg\u00fcent proc\u00e9s estrat\u00e8gic.<\/p>\n","protected":false},"excerpt":{"rendered":"<p>DIAGNOSI<\/p>\n<p>OBJECTIUS I ACTUACIONS<\/p>\n<p>AVALUACI\u00d3 I MILLORA<br \/>\nPeri\u00f2dicament es far\u00e0 una avaluaci\u00f3 de l&#8217;estrat\u00e8gia digital. Un cop es finalitzin les actuacions es valorar\u00e0 per part del responsable seguint els indicadors estipulats i acompanyant-los d&#8217;observacions si fos necessari. Anualment es far\u00e0 una revisi\u00f3 dels objectius establerts pel curs i&hellip;  <a href=\"https:\/\/agora.xtec.cat\/sinscardener\/estrategia-digital-de-centre\/\" title=\"Read Estrat\u00e8gia digital de centre\">Llegeix m\u00e9s\u00bb<\/a><\/p>\n","protected":false},"author":1,"featured_media":0,"parent":0,"menu_order":0,"comment_status":"closed","ping_status":"closed","template":"","meta":{"_bbp_topic_count":0,"_bbp_reply_count":0,"_bbp_total_topic_count":0,"_bbp_total_reply_count":0,"_bbp_voice_count":0,"_bbp_anonymous_reply_count":0,"_bbp_topic_count_hidden":0,"_bbp_reply_count_hidden":0,"_bbp_forum_subforum_count":0,"footnotes":""},"class_list":["post-2927","page","type-page","status-publish","hentry"],"post_mailing_queue_ids":[],"_links":{"self":[{"href":"https:\/\/agora.xtec.cat\/sinscardener\/wp-json\/wp\/v2\/pages\/2927","targetHints":{"allow":["GET"]}}],"collection":[{"href":"https:\/\/agora.xtec.cat\/sinscardener\/wp-json\/wp\/v2\/pages"}],"about":[{"href":"https:\/\/agora.xtec.cat\/sinscardener\/wp-json\/wp\/v2\/types\/page"}],"author":[{"embeddable":true,"href":"https:\/\/agora.xtec.cat\/sinscardener\/wp-json\/wp\/v2\/users\/1"}],"replies":[{"embeddable":true,"href":"https:\/\/agora.xtec.cat\/sinscardener\/wp-json\/wp\/v2\/comments?post=2927"}],"version-history":[{"count":5,"href":"https:\/\/agora.xtec.cat\/sinscardener\/wp-json\/wp\/v2\/pages\/2927\/revisions"}],"predecessor-version":[{"id":3398,"href":"https:\/\/agora.xtec.cat\/sinscardener\/wp-json\/wp\/v2\/pages\/2927\/revisions\/3398"}],"wp:attachment":[{"href":"https:\/\/agora.xtec.cat\/sinscardener\/wp-json\/wp\/v2\/media?parent=2927"}],"curies":[{"name":"wp","href":"https:\/\/api.w.org\/{rel}","templated":true}]}}