{"id":21,"date":"2014-09-17T16:14:14","date_gmt":"2014-09-17T16:14:14","guid":{"rendered":"http:\/\/agora.xtec.cat\/sinscardener\/?page_id=21"},"modified":"2016-03-20T18:57:32","modified_gmt":"2016-03-20T17:57:32","slug":"on-som","status":"publish","type":"page","link":"https:\/\/agora.xtec.cat\/sinscardener\/linstitut\/on-som\/","title":{"rendered":"On som?"},"content":{"rendered":"<p style=\"text-align: justify;\">La Secci\u00f3 d\u2019Institut Secci\u00f3 d\u2019institut Cardener est\u00e0 immersa en el vell mig del municipi de Sant Joan de Vilatorrada amb una poblaci\u00f3 de 10.767 habitants ( a data 1 de gener de 2011). Sant Joan \u00e9s un municipi amb un elevat \u00edndex de mobilitat. En aquest sentit t\u00e9 un padr\u00f3 municipal for\u00e7a actiu, si el comparem amb altres municipis semblants de la comarca.<\/p>\n<p style=\"text-align: justify;\">Des de mitjans de segle XX el municipi ha experimentat diversos canvis demogr\u00e0fics. La poblaci\u00f3 a l\u2019any 1950 era de 1.652 habitants. Les diferents fases o onades immigrat\u00f2ries han procedit, a grans trets d\u2019Andalusia aix\u00ed com en menor mesura d\u2019altres zones de l\u2019estat. En els darrers anys tamb\u00e9 ha rebut fluxos immigratoris de fora de l\u2019estat. Possiblement els motius d\u2019una bona oferta d&#8217;habitatge i uns bons serveis, aix\u00ed com la proximitat a la capital de comarca i a les vies de comunicaci\u00f3 han estat un factor influent en aquest augment de poblaci\u00f3.<\/p>\n<p style=\"text-align: justify;\">Si ens fixem en la seva poblaci\u00f3, l\u2019origen i l\u2019evoluci\u00f3 de la mateixa, ens podem adonar del que acabem de dir. Aproximadament el 30% es provinent de fora Catalunya i d\u2019aquest el percentatge d\u2019immigraci\u00f3 de fora de l\u2019estat \u00e9s proper al 10%, de mitjana.<\/p>\n<p style=\"text-align: justify;\">Pel que fa a la pir\u00e0mide de poblaci\u00f3 aquesta t\u00e9 una edat mitjana de 37 anys, aspecte que ha afavorit el seu creixement. Tot i aix\u00f2, en els darrers mesos i fruit de l\u2019impacte de la situaci\u00f3 econ\u00f2mica actual, la poblaci\u00f3 pateix un cert decreixement (segons les dades del cens que ens ha comentat l\u2019Ajuntament) que encara no hem pogut veure reflectit en les dades consultades a la web de l\u2019Institut d\u2019Estad\u00edstica de Catalunya (IDESCAT).<img loading=\"lazy\" decoding=\"async\" class=\"aligncenter wp-image-518 size-full\" src=\"http:\/\/agora.xtec.cat\/sinscardener\/wp-content\/uploads\/usu132\/2014\/09\/dades_sins.jpg\" alt=\"dades_sins\" width=\"594\" height=\"234\" srcset=\"https:\/\/agora.xtec.cat\/sinscardener\/wp-content\/uploads\/usu132\/2014\/09\/dades_sins.jpg 594w, https:\/\/agora.xtec.cat\/sinscardener\/wp-content\/uploads\/usu132\/2014\/09\/dades_sins-300x118.jpg 300w\" sizes=\"auto, (max-width: 594px) 100vw, 594px\" \/><\/p>\n<p style=\"text-align: justify;\">El <strong>nivell de formaci\u00f3<\/strong> de la poblaci\u00f3 ha anat variant a mesura que es produ\u00efen les variacions de la poblaci\u00f3. Aix\u00ed, per les dades de que disposem podem veure que el nivell de formaci\u00f3 ha anat augmentant. Un 57% de la poblaci\u00f3 disposa d\u2019estudis primaris, un 18% d\u2019estudis secundaris i un 17% d\u2019estudis universitaris. En aquest sentit hi ha un factor determinant, al menys pel que fa als estudis primaris, ens referim a la feina de l\u2019escola d\u2019adults que ha format a un alt percentatge de poblaci\u00f3 adulta que no disposava d\u2019estudis.<\/p>\n<h5 style=\"text-align: justify;\">L&#8217;edifici<\/h5>\n<p style=\"text-align: justify;\">La SINS Cardener empla\u00e7ada en la conflu\u00e8ncia dels carrers del Sol, Alzines i Montserrat es troba situada en l\u2019antiga Escola del Carme que al llarg dels anys ha estat tamb\u00e9 Escola Joncadella i Escola Ametllers. El centre t\u00e9 els seus or\u00edgens en un edifici de fa uns 40 anys que al llarg d\u2019aquest temps ha anat creixent i renovant-se per\u00f2 mantenint alguns elements.<\/p>\n<p style=\"text-align: justify;\">Un dels atractius del centre \u00e9s la seva situaci\u00f3, al vell mig del poble, aix\u00ed com l\u2019entorn natural, bosc d\u2019alzines, que donen a la SINS una singularitat i unes possibilitats de treball a l\u2019entorn del medi molt grans que es retroalimenta amb els plantejaments educatius d\u2019aquest projecte. En definitiva un centre que per les seves caracter\u00edstiques, la seva arquitectura i espais ens permet gaudir i que tamb\u00e9 ens permet, en bona mesura, dur l\u2019aula fora de l\u2019aula.<\/p>\n<p style=\"text-align: justify;\"><iframe loading=\"lazy\" src=\"https:\/\/www.google.com\/maps\/d\/embed?mid=zokFBJkKLHUM.kAg_Qp7gMYXk\" width=\"640\" height=\"480\"><\/iframe><\/p>\n<p>&nbsp;<\/p>\n<p><strong>Com arribar-hi:<br \/>\n<\/strong><\/p>\n<ul>\n<li>Per tren: FFCC &#8211; Estacions Manresa Alta i Baixador \/ RENFE &#8211; Estaci\u00f3 de Manresa.<\/li>\n<li>Per bus: L\u00ednia Sant Joan &#8211; Manresa (Parada Carretera de Cardona).<\/li>\n<\/ul>\n<p><strong>\u00a0<\/strong><\/p>\n<p>&nbsp;<\/p>\n","protected":false},"excerpt":{"rendered":"<p>La Secci\u00f3 d\u2019Institut Secci\u00f3 d\u2019institut Cardener est\u00e0 immersa en el vell mig del municipi de Sant Joan de Vilatorrada amb una poblaci\u00f3 de 10.767 habitants ( a data 1 de gener de 2011). Sant Joan \u00e9s un municipi amb un elevat \u00edndex de mobilitat. En&hellip;  <a href=\"https:\/\/agora.xtec.cat\/sinscardener\/linstitut\/on-som\/\" title=\"Read On som?\">Llegeix m\u00e9s\u00bb<\/a><\/p>\n","protected":false},"author":1,"featured_media":0,"parent":19,"menu_order":10,"comment_status":"closed","ping_status":"closed","template":"page-templates\/side-menu.php","meta":{"_bbp_topic_count":0,"_bbp_reply_count":0,"_bbp_total_topic_count":0,"_bbp_total_reply_count":0,"_bbp_voice_count":0,"_bbp_anonymous_reply_count":0,"_bbp_topic_count_hidden":0,"_bbp_reply_count_hidden":0,"_bbp_forum_subforum_count":0,"footnotes":""},"class_list":["post-21","page","type-page","status-publish","hentry"],"post_mailing_queue_ids":[],"_links":{"self":[{"href":"https:\/\/agora.xtec.cat\/sinscardener\/wp-json\/wp\/v2\/pages\/21","targetHints":{"allow":["GET"]}}],"collection":[{"href":"https:\/\/agora.xtec.cat\/sinscardener\/wp-json\/wp\/v2\/pages"}],"about":[{"href":"https:\/\/agora.xtec.cat\/sinscardener\/wp-json\/wp\/v2\/types\/page"}],"author":[{"embeddable":true,"href":"https:\/\/agora.xtec.cat\/sinscardener\/wp-json\/wp\/v2\/users\/1"}],"replies":[{"embeddable":true,"href":"https:\/\/agora.xtec.cat\/sinscardener\/wp-json\/wp\/v2\/comments?post=21"}],"version-history":[{"count":4,"href":"https:\/\/agora.xtec.cat\/sinscardener\/wp-json\/wp\/v2\/pages\/21\/revisions"}],"predecessor-version":[{"id":1497,"href":"https:\/\/agora.xtec.cat\/sinscardener\/wp-json\/wp\/v2\/pages\/21\/revisions\/1497"}],"up":[{"embeddable":true,"href":"https:\/\/agora.xtec.cat\/sinscardener\/wp-json\/wp\/v2\/pages\/19"}],"wp:attachment":[{"href":"https:\/\/agora.xtec.cat\/sinscardener\/wp-json\/wp\/v2\/media?parent=21"}],"curies":[{"name":"wp","href":"https:\/\/api.w.org\/{rel}","templated":true}]}}