{"id":19,"date":"2014-09-17T14:56:56","date_gmt":"2014-09-17T14:56:56","guid":{"rendered":"http:\/\/agora.xtec.cat\/sinscardener\/?page_id=19"},"modified":"2016-03-20T18:43:02","modified_gmt":"2016-03-20T17:43:02","slug":"linstitut","status":"publish","type":"page","link":"https:\/\/agora.xtec.cat\/sinscardener\/linstitut\/","title":{"rendered":"L&#8217;institut"},"content":{"rendered":"<p style=\"text-align: justify;\">La SINS Cardener va ser creada oficialment el 2012, amb n\u00famero de codi 08066322, a l\u2019adre\u00e7a C del Sol, 13, de Sant Joan de Vilatorrada (Bages) amb el nom de Secci\u00f3 d&#8217;Institut Sant Joan de Vilatorrada. El 22 de juliol del 2013 any es va publicar la resoluci\u00f3 ENS\/1528\/2013 de canvi de nomenclatura pel de Secci\u00f3 d&#8217;Institut Cardener (en endavant SINS Cardener).<\/p>\n<p style=\"text-align: justify;\">La SINS Cardener, es localitza a la conflu\u00e8ncia dels carrers del Sol, Alzines i Montserrat, empla\u00e7ada on es trobava situada l\u2019antiga Escola del Carme que al llarg dels anys ha estat tamb\u00e9 Escola Joncadella i Escola Ametllers. El centre t\u00e9 els seus or\u00edgens en un edifici de fa uns 40 anys que al llarg d\u2019aquest temps ha anat creixent i renovant-se per\u00f2 mantenint alguns elements. Aix\u00ed disposa d\u2019un espai d\u2019esbarjo constitu\u00eft per un pati polivalent i dos espais de bosc d\u2019alzines i roures que es situen a la zona oest del centre. Voltant al pati tenim dos edificis d\u2019aules i un edifici polivalent (antic menjador), que encabeix a m\u00e9s a m\u00e9s una cuina.<\/p>\n<p style=\"text-align: justify;\">Un dels atractius del centre \u00e9s la seva situaci\u00f3, al vell mig del poble, aix\u00ed com l\u2019entorn natural, bosc d\u2019alzines, que donen a la SINS una singularitat i unes possibilitats de treball a l\u2019entorn del medi molt grans que es retroalimenta amb els plantejaments educatius d\u2019aquest projecte. En definitiva un centre que per les seves caracter\u00edstiques, la seva arquitectura i espais permet gaudir i que tamb\u00e9 permet, en bona mesura, dur l\u2019aula fora de l\u2019aula.<\/p>\n","protected":false},"excerpt":{"rendered":"<p>La SINS Cardener va ser creada oficialment el 2012, amb n\u00famero de codi 08066322, a l\u2019adre\u00e7a C del Sol, 13, de Sant Joan de Vilatorrada (Bages) amb el nom de Secci\u00f3 d&#8217;Institut Sant Joan de Vilatorrada. El 22 de juliol del 2013 any es va&hellip;  <a href=\"https:\/\/agora.xtec.cat\/sinscardener\/linstitut\/\" title=\"Read L&#8217;institut\">Llegeix m\u00e9s\u00bb<\/a><\/p>\n","protected":false},"author":1,"featured_media":0,"parent":0,"menu_order":0,"comment_status":"closed","ping_status":"closed","template":"page-templates\/side-menu.php","meta":{"_bbp_topic_count":0,"_bbp_reply_count":0,"_bbp_total_topic_count":0,"_bbp_total_reply_count":0,"_bbp_voice_count":0,"_bbp_anonymous_reply_count":0,"_bbp_topic_count_hidden":0,"_bbp_reply_count_hidden":0,"_bbp_forum_subforum_count":0,"footnotes":""},"class_list":["post-19","page","type-page","status-publish","hentry"],"post_mailing_queue_ids":[],"_links":{"self":[{"href":"https:\/\/agora.xtec.cat\/sinscardener\/wp-json\/wp\/v2\/pages\/19","targetHints":{"allow":["GET"]}}],"collection":[{"href":"https:\/\/agora.xtec.cat\/sinscardener\/wp-json\/wp\/v2\/pages"}],"about":[{"href":"https:\/\/agora.xtec.cat\/sinscardener\/wp-json\/wp\/v2\/types\/page"}],"author":[{"embeddable":true,"href":"https:\/\/agora.xtec.cat\/sinscardener\/wp-json\/wp\/v2\/users\/1"}],"replies":[{"embeddable":true,"href":"https:\/\/agora.xtec.cat\/sinscardener\/wp-json\/wp\/v2\/comments?post=19"}],"version-history":[{"count":2,"href":"https:\/\/agora.xtec.cat\/sinscardener\/wp-json\/wp\/v2\/pages\/19\/revisions"}],"predecessor-version":[{"id":1488,"href":"https:\/\/agora.xtec.cat\/sinscardener\/wp-json\/wp\/v2\/pages\/19\/revisions\/1488"}],"wp:attachment":[{"href":"https:\/\/agora.xtec.cat\/sinscardener\/wp-json\/wp\/v2\/media?parent=19"}],"curies":[{"name":"wp","href":"https:\/\/api.w.org\/{rel}","templated":true}]}}