{"id":55,"date":"2014-09-17T16:59:49","date_gmt":"2014-09-17T16:59:49","guid":{"rendered":"http:\/\/agora.xtec.cat\/sinriells\/?page_id=55"},"modified":"2018-05-14T12:30:37","modified_gmt":"2018-05-14T10:30:37","slug":"horaris","status":"publish","type":"page","link":"https:\/\/agora.xtec.cat\/sinriells\/linstitut\/horaris\/","title":{"rendered":"Horaris"},"content":{"rendered":"<h4>Horari d&#8217;atenci\u00f3 al p\u00fablic<\/h4>\n<p style=\"text-align: left;\">De 8:15 h a 14:45 h.<\/p>\n<p style=\"text-align: left;\">Per entrevistes amb tutors cal demanar cita pr\u00e8via.<\/p>\n<h4>Horari d&#8217;administraci\u00f3<\/h4>\n<p>Dilluns i dimecres de 8:15 h a 14:45 h.<\/p>\n<p>Divendres alternatius de 8:15 h a 14:45 h.<\/p>\n<h4>Horari lectiu<\/h4>\n<table class=\" aligncenter\" style=\"height: 256px; width: 341px;\" width=\"332\">\n<tbody>\n<tr>\n<td><strong>8:15 \u2013 9:15<\/strong>\u00a0(Amb control d\u2019assist\u00e8ncia)<\/td>\n<\/tr>\n<tr>\n<td><strong>9:15 \u2013 10:15<\/strong><\/td>\n<\/tr>\n<tr>\n<td><strong>10: 15 &#8211; 10:35<\/strong>\u00a0 \u00a0 \u00a0 Esbarjo<\/td>\n<\/tr>\n<tr>\n<td><strong>10:35 &#8211; 11:35<\/strong>\u00a0(Amb control d\u2019assist\u00e8ncia)<\/td>\n<\/tr>\n<tr>\n<td><strong>11:35 \u2013 12:35<\/strong><\/td>\n<\/tr>\n<tr>\n<td><strong>12:35 \u2013 12:45<\/strong>\u00a0 \u00a0 \u00a0 \u00a0Esbarjo<\/td>\n<\/tr>\n<tr>\n<td><strong>12:45 \u2013 13:45<\/strong>\u00a0(Amb control d\u2019assist\u00e8ncia)<\/td>\n<\/tr>\n<tr>\n<td style=\"text-align: left;\"><strong>13:45 \u2013 14:45<\/strong><\/td>\n<\/tr>\n<\/tbody>\n<\/table>\n","protected":false},"excerpt":{"rendered":"<p>Horari d&#8217;atenci\u00f3 al p\u00fablic De 8:15 h a 14:45 h. Per entrevistes amb tutors cal demanar cita pr\u00e8via. Horari d&#8217;administraci\u00f3 [&hellip;]<\/p>\n","protected":false},"author":1,"featured_media":0,"parent":19,"menu_order":20,"comment_status":"closed","ping_status":"closed","template":"page-templates\/side-menu.php","meta":{"_bbp_topic_count":0,"_bbp_reply_count":0,"_bbp_total_topic_count":0,"_bbp_total_reply_count":0,"_bbp_voice_count":0,"_bbp_anonymous_reply_count":0,"_bbp_topic_count_hidden":0,"_bbp_reply_count_hidden":0,"_bbp_forum_subforum_count":0,"site-sidebar-layout":"default","site-content-layout":"","ast-site-content-layout":"","site-content-style":"default","site-sidebar-style":"default","ast-global-header-display":"","ast-banner-title-visibility":"","ast-main-header-display":"","ast-hfb-above-header-display":"","ast-hfb-below-header-display":"","ast-hfb-mobile-header-display":"","site-post-title":"","ast-breadcrumbs-content":"","ast-featured-img":"","footer-sml-layout":"","theme-transparent-header-meta":"","adv-header-id-meta":"","stick-header-meta":"","header-above-stick-meta":"","header-main-stick-meta":"","header-below-stick-meta":"","astra-migrate-meta-layouts":"default","ast-page-background-enabled":"default","ast-page-background-meta":{"desktop":{"background-color":"var(--ast-global-color-4)","background-image":"","background-repeat":"repeat","background-position":"center center","background-size":"auto","background-attachment":"scroll","background-type":"","background-media":"","overlay-type":"","overlay-color":"","overlay-opacity":"","overlay-gradient":""},"tablet":{"background-color":"","background-image":"","background-repeat":"repeat","background-position":"center center","background-size":"auto","background-attachment":"scroll","background-type":"","background-media":"","overlay-type":"","overlay-color":"","overlay-opacity":"","overlay-gradient":""},"mobile":{"background-color":"","background-image":"","background-repeat":"repeat","background-position":"center center","background-size":"auto","background-attachment":"scroll","background-type":"","background-media":"","overlay-type":"","overlay-color":"","overlay-opacity":"","overlay-gradient":""}},"ast-content-background-meta":{"desktop":{"background-color":"var(--ast-global-color-5)","background-image":"","background-repeat":"repeat","background-position":"center center","background-size":"auto","background-attachment":"scroll","background-type":"","background-media":"","overlay-type":"","overlay-color":"","overlay-opacity":"","overlay-gradient":""},"tablet":{"background-color":"var(--ast-global-color-5)","background-image":"","background-repeat":"repeat","background-position":"center center","background-size":"auto","background-attachment":"scroll","background-type":"","background-media":"","overlay-type":"","overlay-color":"","overlay-opacity":"","overlay-gradient":""},"mobile":{"background-color":"var(--ast-global-color-5)","background-image":"","background-repeat":"repeat","background-position":"center center","background-size":"auto","background-attachment":"scroll","background-type":"","background-media":"","overlay-type":"","overlay-color":"","overlay-opacity":"","overlay-gradient":""}},"footnotes":""},"class_list":["post-55","page","type-page","status-publish","hentry"],"post_mailing_queue_ids":[],"_links":{"self":[{"href":"https:\/\/agora.xtec.cat\/sinriells\/wp-json\/wp\/v2\/pages\/55","targetHints":{"allow":["GET"]}}],"collection":[{"href":"https:\/\/agora.xtec.cat\/sinriells\/wp-json\/wp\/v2\/pages"}],"about":[{"href":"https:\/\/agora.xtec.cat\/sinriells\/wp-json\/wp\/v2\/types\/page"}],"author":[{"embeddable":true,"href":"https:\/\/agora.xtec.cat\/sinriells\/wp-json\/wp\/v2\/users\/1"}],"replies":[{"embeddable":true,"href":"https:\/\/agora.xtec.cat\/sinriells\/wp-json\/wp\/v2\/comments?post=55"}],"version-history":[{"count":4,"href":"https:\/\/agora.xtec.cat\/sinriells\/wp-json\/wp\/v2\/pages\/55\/revisions"}],"predecessor-version":[{"id":2710,"href":"https:\/\/agora.xtec.cat\/sinriells\/wp-json\/wp\/v2\/pages\/55\/revisions\/2710"}],"up":[{"embeddable":true,"href":"https:\/\/agora.xtec.cat\/sinriells\/wp-json\/wp\/v2\/pages\/19"}],"wp:attachment":[{"href":"https:\/\/agora.xtec.cat\/sinriells\/wp-json\/wp\/v2\/media?parent=55"}],"curies":[{"name":"wp","href":"https:\/\/api.w.org\/{rel}","templated":true}]}}