{"id":4016,"date":"2024-11-08T21:50:33","date_gmt":"2024-11-08T20:50:33","guid":{"rendered":"https:\/\/agora.xtec.cat\/sinriells\/?page_id=4016"},"modified":"2025-02-13T11:37:50","modified_gmt":"2025-02-13T10:37:50","slug":"setmana-de-la-ciencia","status":"publish","type":"page","link":"https:\/\/agora.xtec.cat\/sinriells\/setmana-de-la-ciencia\/","title":{"rendered":"Setmana de la ci\u00e8ncia"},"content":{"rendered":"\n<p>Com cada any, a l\u2019Institut celebrem la <strong>Setmana de la Ci\u00e8ncia<\/strong>, una oportunitat \u00fanica per despertar la curiositat i l\u2019esperit investigador de l\u2019alumnat. Durant aquesta setmana, cada curs es submergeix en un projecte cient\u00edfic que segueix un <strong>fil conductor<\/strong>, permetent que l\u2019aprenentatge es construeixi a partir de l\u2019experimentaci\u00f3 i la descoberta.<\/p>\n\n\n\n<p>Per exemple, l\u2019alumnat de <strong>3r d\u2019ESO<\/strong> treballar\u00e0 al voltant de l\u2019<strong>Ictineu de Narc\u00eds Monturiol<\/strong>, un invent fascinant que ens permetr\u00e0 explorar conceptes fonamentals com el <strong>principi d&#8217;Arquimedes<\/strong>, la <strong>llei de la pressi\u00f3 hidroest\u00e0tica<\/strong> i fins i tot el <strong>funcionament del sistema respiratori hum\u00e0<\/strong>.<\/p>\n\n\n\n<p>A trav\u00e9s d\u2019experiments, activitats interactives i reptes cient\u00edfics, l\u2019alumnat podr\u00e0 <strong>posar en pr\u00e0ctica el m\u00e8tode cient\u00edfic<\/strong>, aprofundint en la relaci\u00f3 entre la ci\u00e8ncia i la tecnologia i descobrint com els grans descobriments han transformat el m\u00f3n.<\/p>\n\n\n\n<p>Prepareu-vos per una setmana plena de ci\u00e8ncia, innovaci\u00f3 i aprenentatge actiu! \ud83d\udd2c\u2728<\/p>\n\n\n\n<figure class=\"wp-block-image size-large is-resized has-custom-border\"><img loading=\"lazy\" decoding=\"async\" width=\"1024\" height=\"771\" src=\"https:\/\/agora.xtec.cat\/sinriells\/wp-content\/uploads\/usu138\/2025\/02\/IMG_20231117_093202-1024x771.jpg\" alt=\"\" class=\"wp-image-4136\" style=\"border-style:none;border-width:0px;border-radius:41px;width:1261px;height:auto\" srcset=\"https:\/\/agora.xtec.cat\/sinriells\/wp-content\/uploads\/usu138\/2025\/02\/IMG_20231117_093202-1024x771.jpg 1024w, https:\/\/agora.xtec.cat\/sinriells\/wp-content\/uploads\/usu138\/2025\/02\/IMG_20231117_093202-300x226.jpg 300w, https:\/\/agora.xtec.cat\/sinriells\/wp-content\/uploads\/usu138\/2025\/02\/IMG_20231117_093202-768x578.jpg 768w, https:\/\/agora.xtec.cat\/sinriells\/wp-content\/uploads\/usu138\/2025\/02\/IMG_20231117_093202-1536x1157.jpg 1536w, https:\/\/agora.xtec.cat\/sinriells\/wp-content\/uploads\/usu138\/2025\/02\/IMG_20231117_093202-2048x1542.jpg 2048w\" sizes=\"auto, (max-width: 1024px) 100vw, 1024px\" \/><\/figure>\n","protected":false},"excerpt":{"rendered":"<p>Com cada any, a l\u2019Institut celebrem la Setmana de la Ci\u00e8ncia, una oportunitat \u00fanica per despertar la curiositat i l\u2019esperit [&hellip;]<\/p>\n","protected":false},"author":47,"featured_media":0,"parent":0,"menu_order":0,"comment_status":"closed","ping_status":"close","template":"","meta":{"_bbp_topic_count":0,"_bbp_reply_count":0,"_bbp_total_topic_count":0,"_bbp_total_reply_count":0,"_bbp_voice_count":0,"_bbp_anonymous_reply_count":0,"_bbp_topic_count_hidden":0,"_bbp_reply_count_hidden":0,"_bbp_forum_subforum_count":0,"site-sidebar-layout":"default","site-content-layout":"","ast-site-content-layout":"default","site-content-style":"default","site-sidebar-style":"default","ast-global-header-display":"","ast-banner-title-visibility":"","ast-main-header-display":"","ast-hfb-above-header-display":"","ast-hfb-below-header-display":"","ast-hfb-mobile-header-display":"","site-post-title":"","ast-breadcrumbs-content":"","ast-featured-img":"","footer-sml-layout":"","theme-transparent-header-meta":"","adv-header-id-meta":"","stick-header-meta":"","header-above-stick-meta":"","header-main-stick-meta":"","header-below-stick-meta":"","astra-migrate-meta-layouts":"set","ast-page-background-enabled":"default","ast-page-background-meta":{"desktop":{"background-color":"var(--ast-global-color-4)","background-image":"","background-repeat":"repeat","background-position":"center center","background-size":"auto","background-attachment":"scroll","background-type":"","background-media":"","overlay-type":"","overlay-color":"","overlay-opacity":"","overlay-gradient":""},"tablet":{"background-color":"","background-image":"","background-repeat":"repeat","background-position":"center center","background-size":"auto","background-attachment":"scroll","background-type":"","background-media":"","overlay-type":"","overlay-color":"","overlay-opacity":"","overlay-gradient":""},"mobile":{"background-color":"","background-image":"","background-repeat":"repeat","background-position":"center center","background-size":"auto","background-attachment":"scroll","background-type":"","background-media":"","overlay-type":"","overlay-color":"","overlay-opacity":"","overlay-gradient":""}},"ast-content-background-meta":{"desktop":{"background-color":"var(--ast-global-color-5)","background-image":"","background-repeat":"repeat","background-position":"center center","background-size":"auto","background-attachment":"scroll","background-type":"","background-media":"","overlay-type":"","overlay-color":"","overlay-opacity":"","overlay-gradient":""},"tablet":{"background-color":"var(--ast-global-color-5)","background-image":"","background-repeat":"repeat","background-position":"center center","background-size":"auto","background-attachment":"scroll","background-type":"","background-media":"","overlay-type":"","overlay-color":"","overlay-opacity":"","overlay-gradient":""},"mobile":{"background-color":"var(--ast-global-color-5)","background-image":"","background-repeat":"repeat","background-position":"center center","background-size":"auto","background-attachment":"scroll","background-type":"","background-media":"","overlay-type":"","overlay-color":"","overlay-opacity":"","overlay-gradient":""}},"footnotes":""},"class_list":["post-4016","page","type-page","status-publish","hentry"],"post_mailing_queue_ids":[],"_links":{"self":[{"href":"https:\/\/agora.xtec.cat\/sinriells\/wp-json\/wp\/v2\/pages\/4016","targetHints":{"allow":["GET"]}}],"collection":[{"href":"https:\/\/agora.xtec.cat\/sinriells\/wp-json\/wp\/v2\/pages"}],"about":[{"href":"https:\/\/agora.xtec.cat\/sinriells\/wp-json\/wp\/v2\/types\/page"}],"author":[{"embeddable":true,"href":"https:\/\/agora.xtec.cat\/sinriells\/wp-json\/wp\/v2\/users\/47"}],"replies":[{"embeddable":true,"href":"https:\/\/agora.xtec.cat\/sinriells\/wp-json\/wp\/v2\/comments?post=4016"}],"version-history":[{"count":5,"href":"https:\/\/agora.xtec.cat\/sinriells\/wp-json\/wp\/v2\/pages\/4016\/revisions"}],"predecessor-version":[{"id":4140,"href":"https:\/\/agora.xtec.cat\/sinriells\/wp-json\/wp\/v2\/pages\/4016\/revisions\/4140"}],"wp:attachment":[{"href":"https:\/\/agora.xtec.cat\/sinriells\/wp-json\/wp\/v2\/media?parent=4016"}],"curies":[{"name":"wp","href":"https:\/\/api.w.org\/{rel}","templated":true}]}}