{"id":39,"date":"2014-09-17T16:36:44","date_gmt":"2014-09-17T15:36:44","guid":{"rendered":"http:\/\/agora.xtec.cat\/sinriells\/?page_id=39"},"modified":"2021-06-30T09:39:43","modified_gmt":"2021-06-30T07:39:43","slug":"instal%c2%b7lacions","status":"publish","type":"page","link":"https:\/\/agora.xtec.cat\/sinriells\/linstitut\/instal%c2%b7lacions\/","title":{"rendered":"Instal\u00b7lacions"},"content":{"rendered":"<p style=\"text-align: justify;\">L&#8217;edifici\u00a0 est\u00e0 format per aulari prefabricat.<\/p>\n<p style=\"text-align: justify;\">El curs 2012-2013 van arribar els dos primers m\u00f2duls que formarien part de l&#8217;actual edifici. Ja es podia tirar endavant amb els dos primers cursos d&#8217;ESO.<\/p>\n<p style=\"text-align: justify;\">El curs 2013-2014 s&#8217;acondiciona dues aules per poder encabir una aula d&#8217;inform\u00e0tica i una aula taller.<\/p>\n<p style=\"text-align: justify;\">El curs 2014-2015 van arribar dos m\u00f2duls m\u00e9s. Aix\u00ed es podia donar cabuda al tercer curs d&#8217;ESO.<\/p>\n<p style=\"text-align: justify;\">El curs 2015-2016 han arribat els dos \u00faltims m\u00f2duls. Ja tenim el centre complet!<\/p>\n<p>Durant els cursos posteriors, fins l&#8217;actual curs 2020-2021 s&#8217;han anat realitzant petites actuacions per disposar d&#8217;un institut m\u00e9s confortable pels tots els alumnes.<\/p>\n<p>&nbsp;<\/p>\n<p style=\"text-align: justify;\">L&#8217;actual centre disposa de:<\/p>\n<ul style=\"text-align: justify;\">\n<li>8 aules de grup (1r a 4t ESO).<\/li>\n<li>Dues aules digitals (equipades amb pissarra digital i una d&#8217;elles amb 25 netbooks).<\/li>\n<li>Laboratori de ci\u00e8ncies.<\/li>\n<li>Taller.<\/li>\n<li>Una aula d&#8217;inform\u00e0tica.<\/li>\n<li>Sala de professors.<\/li>\n<li>Biblioteca.<\/li>\n<li>Pati ampli.<\/li>\n<li>Pista esportiva.<\/li>\n<li>Consergeria.<\/li>\n<li>Despatx de tutoria-orientaci\u00f3.<\/li>\n<\/ul>\n","protected":false},"excerpt":{"rendered":"<p>L&#8217;edifici\u00a0 est\u00e0 format per aulari prefabricat. El curs 2012-2013 van arribar els dos primers m\u00f2duls que formarien part de l&#8217;actual [&hellip;]<\/p>\n","protected":false},"author":1,"featured_media":0,"parent":19,"menu_order":30,"comment_status":"closed","ping_status":"closed","template":"page-templates\/side-menu.php","meta":{"_bbp_topic_count":0,"_bbp_reply_count":0,"_bbp_total_topic_count":0,"_bbp_total_reply_count":0,"_bbp_voice_count":0,"_bbp_anonymous_reply_count":0,"_bbp_topic_count_hidden":0,"_bbp_reply_count_hidden":0,"_bbp_forum_subforum_count":0,"site-sidebar-layout":"default","site-content-layout":"","ast-site-content-layout":"","site-content-style":"default","site-sidebar-style":"default","ast-global-header-display":"","ast-banner-title-visibility":"","ast-main-header-display":"","ast-hfb-above-header-display":"","ast-hfb-below-header-display":"","ast-hfb-mobile-header-display":"","site-post-title":"","ast-breadcrumbs-content":"","ast-featured-img":"","footer-sml-layout":"","theme-transparent-header-meta":"","adv-header-id-meta":"","stick-header-meta":"","header-above-stick-meta":"","header-main-stick-meta":"","header-below-stick-meta":"","astra-migrate-meta-layouts":"default","ast-page-background-enabled":"default","ast-page-background-meta":{"desktop":{"background-color":"var(--ast-global-color-4)","background-image":"","background-repeat":"repeat","background-position":"center center","background-size":"auto","background-attachment":"scroll","background-type":"","background-media":"","overlay-type":"","overlay-color":"","overlay-opacity":"","overlay-gradient":""},"tablet":{"background-color":"","background-image":"","background-repeat":"repeat","background-position":"center center","background-size":"auto","background-attachment":"scroll","background-type":"","background-media":"","overlay-type":"","overlay-color":"","overlay-opacity":"","overlay-gradient":""},"mobile":{"background-color":"","background-image":"","background-repeat":"repeat","background-position":"center center","background-size":"auto","background-attachment":"scroll","background-type":"","background-media":"","overlay-type":"","overlay-color":"","overlay-opacity":"","overlay-gradient":""}},"ast-content-background-meta":{"desktop":{"background-color":"var(--ast-global-color-5)","background-image":"","background-repeat":"repeat","background-position":"center center","background-size":"auto","background-attachment":"scroll","background-type":"","background-media":"","overlay-type":"","overlay-color":"","overlay-opacity":"","overlay-gradient":""},"tablet":{"background-color":"var(--ast-global-color-5)","background-image":"","background-repeat":"repeat","background-position":"center center","background-size":"auto","background-attachment":"scroll","background-type":"","background-media":"","overlay-type":"","overlay-color":"","overlay-opacity":"","overlay-gradient":""},"mobile":{"background-color":"var(--ast-global-color-5)","background-image":"","background-repeat":"repeat","background-position":"center center","background-size":"auto","background-attachment":"scroll","background-type":"","background-media":"","overlay-type":"","overlay-color":"","overlay-opacity":"","overlay-gradient":""}},"footnotes":""},"class_list":["post-39","page","type-page","status-publish","hentry"],"post_mailing_queue_ids":[],"_links":{"self":[{"href":"https:\/\/agora.xtec.cat\/sinriells\/wp-json\/wp\/v2\/pages\/39","targetHints":{"allow":["GET"]}}],"collection":[{"href":"https:\/\/agora.xtec.cat\/sinriells\/wp-json\/wp\/v2\/pages"}],"about":[{"href":"https:\/\/agora.xtec.cat\/sinriells\/wp-json\/wp\/v2\/types\/page"}],"author":[{"embeddable":true,"href":"https:\/\/agora.xtec.cat\/sinriells\/wp-json\/wp\/v2\/users\/1"}],"replies":[{"embeddable":true,"href":"https:\/\/agora.xtec.cat\/sinriells\/wp-json\/wp\/v2\/comments?post=39"}],"version-history":[{"count":4,"href":"https:\/\/agora.xtec.cat\/sinriells\/wp-json\/wp\/v2\/pages\/39\/revisions"}],"predecessor-version":[{"id":3643,"href":"https:\/\/agora.xtec.cat\/sinriells\/wp-json\/wp\/v2\/pages\/39\/revisions\/3643"}],"up":[{"embeddable":true,"href":"https:\/\/agora.xtec.cat\/sinriells\/wp-json\/wp\/v2\/pages\/19"}],"wp:attachment":[{"href":"https:\/\/agora.xtec.cat\/sinriells\/wp-json\/wp\/v2\/media?parent=39"}],"curies":[{"name":"wp","href":"https:\/\/api.w.org\/{rel}","templated":true}]}}