{"id":3657,"date":"2021-07-14T15:11:10","date_gmt":"2021-07-14T13:11:10","guid":{"rendered":"https:\/\/agora.xtec.cat\/sinriells\/?page_id=3657"},"modified":"2023-06-07T14:34:01","modified_gmt":"2023-06-07T12:34:01","slug":"documents-de-centre","status":"publish","type":"page","link":"https:\/\/agora.xtec.cat\/sinriells\/documents-de-centre\/","title":{"rendered":"Documents de centre"},"content":{"rendered":"<p>&nbsp;<\/p>\n<blockquote class=\"wp-embedded-content\" data-secret=\"xGdKv2bvR4\"><p><a href=\"https:\/\/agora.xtec.cat\/sinriells\/linstitut\/pla-linguistic-de-centre\/\">Pla Ling\u00fc\u00edstic de Centre<\/a><\/p><\/blockquote>\n<p><iframe loading=\"lazy\" class=\"wp-embedded-content\" sandbox=\"allow-scripts\" security=\"restricted\" style=\"position: absolute; visibility: hidden;\" title=\"&#8220;Pla Ling\u00fc\u00edstic de Centre&#8221; &#8212; Ins El Bruc\" src=\"https:\/\/agora.xtec.cat\/sinriells\/linstitut\/pla-linguistic-de-centre\/embed\/#?secret=XcXK9W6Udn#?secret=xGdKv2bvR4\" data-secret=\"xGdKv2bvR4\" width=\"500\" height=\"282\" frameborder=\"0\" marginwidth=\"0\" marginheight=\"0\" scrolling=\"no\"><\/iframe><\/p>\n<blockquote class=\"wp-embedded-content\" data-secret=\"T8qk4qC3MQ\"><p><a href=\"https:\/\/agora.xtec.cat\/sinriells\/linstitut\/normes-dorganitzacio-i-funcionament\/\">Normativa d&#8217;organitzaci\u00f3 i funcionament de centre (NOFC)<\/a><\/p><\/blockquote>\n<p><iframe loading=\"lazy\" class=\"wp-embedded-content\" sandbox=\"allow-scripts\" security=\"restricted\" style=\"position: absolute; visibility: hidden;\" title=\"&#8220;Normativa d&#8217;organitzaci\u00f3 i funcionament de centre (NOFC)&#8221; &#8212; Ins El Bruc\" src=\"https:\/\/agora.xtec.cat\/sinriells\/linstitut\/normes-dorganitzacio-i-funcionament\/embed\/#?secret=M6eof4VlVt#?secret=T8qk4qC3MQ\" data-secret=\"T8qk4qC3MQ\" width=\"500\" height=\"282\" frameborder=\"0\" marginwidth=\"0\" marginheight=\"0\" scrolling=\"no\"><\/iframe><\/p>\n<blockquote class=\"wp-embedded-content\" data-secret=\"KmBHhjncfq\"><p><a href=\"https:\/\/agora.xtec.cat\/sinriells\/pla-datencio-a-lalumnat\/\">Pla d&#8217;atenci\u00f3 a l&#8217;alumnat.<\/a><\/p><\/blockquote>\n<p><iframe loading=\"lazy\" class=\"wp-embedded-content\" sandbox=\"allow-scripts\" security=\"restricted\" style=\"position: absolute; visibility: hidden;\" title=\"&#8220;Pla d&#8217;atenci\u00f3 a l&#8217;alumnat.&#8221; &#8212; Ins El Bruc\" src=\"https:\/\/agora.xtec.cat\/sinriells\/pla-datencio-a-lalumnat\/embed\/#?secret=1S8R1gASm9#?secret=KmBHhjncfq\" data-secret=\"KmBHhjncfq\" width=\"500\" height=\"282\" frameborder=\"0\" marginwidth=\"0\" marginheight=\"0\" scrolling=\"no\"><\/iframe><\/p>\n<blockquote class=\"wp-embedded-content\" data-secret=\"YKlCXmYt8X\"><p><a href=\"https:\/\/agora.xtec.cat\/sinriells\/linstitut\/projecte-educatiu\/\">Projecte educatiu<\/a><\/p><\/blockquote>\n<p><iframe loading=\"lazy\" class=\"wp-embedded-content\" sandbox=\"allow-scripts\" security=\"restricted\" style=\"position: absolute; visibility: hidden;\" title=\"&#8220;Projecte educatiu&#8221; &#8212; Ins El Bruc\" src=\"https:\/\/agora.xtec.cat\/sinriells\/linstitut\/projecte-educatiu\/embed\/#?secret=bebTkLqjPl#?secret=YKlCXmYt8X\" data-secret=\"YKlCXmYt8X\" width=\"500\" height=\"282\" frameborder=\"0\" marginwidth=\"0\" marginheight=\"0\" scrolling=\"no\"><\/iframe><\/p>\n<blockquote class=\"wp-embedded-content\" data-secret=\"CCcnzFvZgS\"><p><a href=\"https:\/\/agora.xtec.cat\/sinriells\/estrategia-digital-de-centre\/\">Estrat\u00e8gia digital de centre<\/a><\/p><\/blockquote>\n<p><iframe loading=\"lazy\" class=\"wp-embedded-content\" sandbox=\"allow-scripts\" security=\"restricted\" style=\"position: absolute; clip: rect(1px, 1px, 1px, 1px);\" title=\"&#8220;Estrat\u00e8gia digital de centre&#8221; &#8212; El Bruc\" src=\"https:\/\/agora.xtec.cat\/sinriells\/estrategia-digital-de-centre\/embed\/#?secret=h4kfLazdV9#?secret=CCcnzFvZgS\" data-secret=\"CCcnzFvZgS\" width=\"500\" height=\"282\" frameborder=\"0\" marginwidth=\"0\" marginheight=\"0\" scrolling=\"no\"><\/iframe><\/p>\n<p>&nbsp;<\/p>\n","protected":false},"excerpt":{"rendered":"<p>&nbsp; Pla Ling\u00fc\u00edstic de Centre Normativa d&#8217;organitzaci\u00f3 i funcionament de centre (NOFC) Pla d&#8217;atenci\u00f3 a l&#8217;alumnat. Projecte educatiu Estrat\u00e8gia digital [&hellip;]<\/p>\n","protected":false},"author":47,"featured_media":0,"parent":0,"menu_order":0,"comment_status":"closed","ping_status":"closed","template":"","meta":{"_bbp_topic_count":0,"_bbp_reply_count":0,"_bbp_total_topic_count":0,"_bbp_total_reply_count":0,"_bbp_voice_count":0,"_bbp_anonymous_reply_count":0,"_bbp_topic_count_hidden":0,"_bbp_reply_count_hidden":0,"_bbp_forum_subforum_count":0,"site-sidebar-layout":"default","site-content-layout":"","ast-site-content-layout":"","site-content-style":"default","site-sidebar-style":"default","ast-global-header-display":"","ast-banner-title-visibility":"","ast-main-header-display":"","ast-hfb-above-header-display":"","ast-hfb-below-header-display":"","ast-hfb-mobile-header-display":"","site-post-title":"","ast-breadcrumbs-content":"","ast-featured-img":"","footer-sml-layout":"","theme-transparent-header-meta":"","adv-header-id-meta":"","stick-header-meta":"","header-above-stick-meta":"","header-main-stick-meta":"","header-below-stick-meta":"","astra-migrate-meta-layouts":"default","ast-page-background-enabled":"default","ast-page-background-meta":{"desktop":{"background-color":"var(--ast-global-color-4)","background-image":"","background-repeat":"repeat","background-position":"center center","background-size":"auto","background-attachment":"scroll","background-type":"","background-media":"","overlay-type":"","overlay-color":"","overlay-opacity":"","overlay-gradient":""},"tablet":{"background-color":"","background-image":"","background-repeat":"repeat","background-position":"center center","background-size":"auto","background-attachment":"scroll","background-type":"","background-media":"","overlay-type":"","overlay-color":"","overlay-opacity":"","overlay-gradient":""},"mobile":{"background-color":"","background-image":"","background-repeat":"repeat","background-position":"center center","background-size":"auto","background-attachment":"scroll","background-type":"","background-media":"","overlay-type":"","overlay-color":"","overlay-opacity":"","overlay-gradient":""}},"ast-content-background-meta":{"desktop":{"background-color":"var(--ast-global-color-5)","background-image":"","background-repeat":"repeat","background-position":"center center","background-size":"auto","background-attachment":"scroll","background-type":"","background-media":"","overlay-type":"","overlay-color":"","overlay-opacity":"","overlay-gradient":""},"tablet":{"background-color":"var(--ast-global-color-5)","background-image":"","background-repeat":"repeat","background-position":"center center","background-size":"auto","background-attachment":"scroll","background-type":"","background-media":"","overlay-type":"","overlay-color":"","overlay-opacity":"","overlay-gradient":""},"mobile":{"background-color":"var(--ast-global-color-5)","background-image":"","background-repeat":"repeat","background-position":"center center","background-size":"auto","background-attachment":"scroll","background-type":"","background-media":"","overlay-type":"","overlay-color":"","overlay-opacity":"","overlay-gradient":""}},"footnotes":""},"class_list":["post-3657","page","type-page","status-publish","hentry"],"post_mailing_queue_ids":[],"_links":{"self":[{"href":"https:\/\/agora.xtec.cat\/sinriells\/wp-json\/wp\/v2\/pages\/3657","targetHints":{"allow":["GET"]}}],"collection":[{"href":"https:\/\/agora.xtec.cat\/sinriells\/wp-json\/wp\/v2\/pages"}],"about":[{"href":"https:\/\/agora.xtec.cat\/sinriells\/wp-json\/wp\/v2\/types\/page"}],"author":[{"embeddable":true,"href":"https:\/\/agora.xtec.cat\/sinriells\/wp-json\/wp\/v2\/users\/47"}],"replies":[{"embeddable":true,"href":"https:\/\/agora.xtec.cat\/sinriells\/wp-json\/wp\/v2\/comments?post=3657"}],"version-history":[{"count":2,"href":"https:\/\/agora.xtec.cat\/sinriells\/wp-json\/wp\/v2\/pages\/3657\/revisions"}],"predecessor-version":[{"id":3934,"href":"https:\/\/agora.xtec.cat\/sinriells\/wp-json\/wp\/v2\/pages\/3657\/revisions\/3934"}],"wp:attachment":[{"href":"https:\/\/agora.xtec.cat\/sinriells\/wp-json\/wp\/v2\/media?parent=3657"}],"curies":[{"name":"wp","href":"https:\/\/api.w.org\/{rel}","templated":true}]}}