{"id":19,"date":"2014-09-17T14:56:56","date_gmt":"2014-09-17T14:56:56","guid":{"rendered":"http:\/\/agora.xtec.cat\/sinriells\/?page_id=19"},"modified":"2022-07-01T09:52:28","modified_gmt":"2022-07-01T07:52:28","slug":"linstitut","status":"publish","type":"page","link":"https:\/\/agora.xtec.cat\/sinriells\/linstitut\/","title":{"rendered":"L&#8217;institut"},"content":{"rendered":"<blockquote class=\"wp-embedded-content\" data-secret=\"0BRzjWHwf7\"><p><a href=\"https:\/\/agora.xtec.cat\/sinriells\/linstitut\/on-som\/\">On som<\/a><\/p><\/blockquote>\n<p><iframe loading=\"lazy\" class=\"wp-embedded-content\" sandbox=\"allow-scripts\" security=\"restricted\" style=\"position: absolute; clip: rect(1px, 1px, 1px, 1px);\" title=\"&#8220;On som&#8221; &#8212; El Bruc\" src=\"https:\/\/agora.xtec.cat\/sinriells\/linstitut\/on-som\/embed\/#?secret=DZ5jW4Fqxa#?secret=0BRzjWHwf7\" data-secret=\"0BRzjWHwf7\" width=\"500\" height=\"282\" frameborder=\"0\" marginwidth=\"0\" marginheight=\"0\" scrolling=\"no\"><\/iframe><\/p>\n<blockquote class=\"wp-embedded-content\" data-secret=\"ARLfgsQAoF\"><p><a href=\"https:\/\/agora.xtec.cat\/sinriells\/linstitut\/instal%c2%b7lacions\/\">Instal\u00b7lacions<\/a><\/p><\/blockquote>\n<p><iframe loading=\"lazy\" class=\"wp-embedded-content\" sandbox=\"allow-scripts\" security=\"restricted\" style=\"position: absolute; clip: rect(1px, 1px, 1px, 1px);\" title=\"&#8220;Instal\u00b7lacions&#8221; &#8212; El Bruc\" src=\"https:\/\/agora.xtec.cat\/sinriells\/linstitut\/instal%c2%b7lacions\/embed\/#?secret=JDIifa4rmS#?secret=ARLfgsQAoF\" data-secret=\"ARLfgsQAoF\" width=\"500\" height=\"282\" frameborder=\"0\" marginwidth=\"0\" marginheight=\"0\" scrolling=\"no\"><\/iframe><\/p>\n<blockquote class=\"wp-embedded-content\" data-secret=\"mBvm0wablk\"><p><a href=\"https:\/\/agora.xtec.cat\/sinriells\/linstitut\/historia\/\">Hist\u00f2ria<\/a><\/p><\/blockquote>\n<p><iframe loading=\"lazy\" class=\"wp-embedded-content\" sandbox=\"allow-scripts\" security=\"restricted\" style=\"position: absolute; clip: rect(1px, 1px, 1px, 1px);\" title=\"&#8220;Hist\u00f2ria&#8221; &#8212; El Bruc\" src=\"https:\/\/agora.xtec.cat\/sinriells\/linstitut\/historia\/embed\/#?secret=hLpqgI9u4Q#?secret=mBvm0wablk\" data-secret=\"mBvm0wablk\" width=\"500\" height=\"282\" frameborder=\"0\" marginwidth=\"0\" marginheight=\"0\" scrolling=\"no\"><\/iframe><\/p>\n<blockquote class=\"wp-embedded-content\" data-secret=\"M1TALzvxMO\"><p><a href=\"https:\/\/agora.xtec.cat\/sinriells\/linstitut\/organigrama\/\">Organigrama<\/a><\/p><\/blockquote>\n<p><iframe loading=\"lazy\" class=\"wp-embedded-content\" sandbox=\"allow-scripts\" security=\"restricted\" style=\"position: absolute; clip: rect(1px, 1px, 1px, 1px);\" title=\"&#8220;Organigrama&#8221; &#8212; El Bruc\" src=\"https:\/\/agora.xtec.cat\/sinriells\/linstitut\/organigrama\/embed\/#?secret=9bTJJteEx1#?secret=M1TALzvxMO\" data-secret=\"M1TALzvxMO\" width=\"500\" height=\"282\" frameborder=\"0\" marginwidth=\"0\" marginheight=\"0\" scrolling=\"no\"><\/iframe><\/p>\n<blockquote class=\"wp-embedded-content\" data-secret=\"ELipieoHdE\"><p><a href=\"https:\/\/agora.xtec.cat\/sinriells\/linstitut\/consell-escolar\/\">Consell Escolar<\/a><\/p><\/blockquote>\n<p><iframe loading=\"lazy\" class=\"wp-embedded-content\" sandbox=\"allow-scripts\" security=\"restricted\" style=\"position: absolute; clip: rect(1px, 1px, 1px, 1px);\" title=\"&#8220;Consell Escolar&#8221; &#8212; El Bruc\" src=\"https:\/\/agora.xtec.cat\/sinriells\/linstitut\/consell-escolar\/embed\/#?secret=jkKF4mWozY#?secret=ELipieoHdE\" data-secret=\"ELipieoHdE\" width=\"500\" height=\"282\" frameborder=\"0\" marginwidth=\"0\" marginheight=\"0\" scrolling=\"no\"><\/iframe><\/p>\n<p>Documentaci\u00f3:<\/p>\n<blockquote class=\"wp-embedded-content\" data-secret=\"VMQlI7X3el\"><p><a href=\"https:\/\/agora.xtec.cat\/sinriells\/pla-datencio-a-lalumnat\/\">Pla d&#8217;atenci\u00f3 a l&#8217;alumnat.<\/a><\/p><\/blockquote>\n<p><iframe loading=\"lazy\" class=\"wp-embedded-content\" sandbox=\"allow-scripts\" security=\"restricted\" style=\"position: absolute; clip: rect(1px, 1px, 1px, 1px);\" title=\"&#8220;Pla d&#8217;atenci\u00f3 a l&#8217;alumnat.&#8221; &#8212; El Bruc\" src=\"https:\/\/agora.xtec.cat\/sinriells\/pla-datencio-a-lalumnat\/embed\/#?secret=2yzUvUT0LB#?secret=VMQlI7X3el\" data-secret=\"VMQlI7X3el\" width=\"500\" height=\"282\" frameborder=\"0\" marginwidth=\"0\" marginheight=\"0\" scrolling=\"no\"><\/iframe><\/p>\n<blockquote class=\"wp-embedded-content\" data-secret=\"VMQlI7X3el\"><p><a href=\"https:\/\/agora.xtec.cat\/sinriells\/pla-datencio-a-lalumnat\/\">Pla d&#8217;atenci\u00f3 a l&#8217;alumnat.<\/a><\/p><\/blockquote>\n<p><iframe loading=\"lazy\" class=\"wp-embedded-content\" sandbox=\"allow-scripts\" security=\"restricted\" style=\"position: absolute; clip: rect(1px, 1px, 1px, 1px);\" title=\"&#8220;Pla d&#8217;atenci\u00f3 a l&#8217;alumnat.&#8221; &#8212; El Bruc\" src=\"https:\/\/agora.xtec.cat\/sinriells\/pla-datencio-a-lalumnat\/embed\/#?secret=2yzUvUT0LB#?secret=VMQlI7X3el\" data-secret=\"VMQlI7X3el\" width=\"500\" height=\"282\" frameborder=\"0\" marginwidth=\"0\" marginheight=\"0\" scrolling=\"no\"><\/iframe><\/p>\n<blockquote class=\"wp-embedded-content\" data-secret=\"qoxUR51fXd\"><p><a href=\"https:\/\/agora.xtec.cat\/sinriells\/linstitut\/normes-dorganitzacio-i-funcionament\/\">Normativa d&#8217;organitzaci\u00f3 i funcionament de centre<\/a><\/p><\/blockquote>\n<p><iframe loading=\"lazy\" class=\"wp-embedded-content\" sandbox=\"allow-scripts\" security=\"restricted\" style=\"position: absolute; clip: rect(1px, 1px, 1px, 1px);\" title=\"&#8220;Normativa d&#8217;organitzaci\u00f3 i funcionament de centre&#8221; &#8212; El Bruc\" src=\"https:\/\/agora.xtec.cat\/sinriells\/linstitut\/normes-dorganitzacio-i-funcionament\/embed\/#?secret=VL11jgwMvf#?secret=qoxUR51fXd\" data-secret=\"qoxUR51fXd\" width=\"500\" height=\"282\" frameborder=\"0\" marginwidth=\"0\" marginheight=\"0\" scrolling=\"no\"><\/iframe><\/p>\n<blockquote class=\"wp-embedded-content\" data-secret=\"LyogzjX2Az\"><p><a href=\"https:\/\/agora.xtec.cat\/sinriells\/linstitut\/pla-linguistic-de-centre\/\">Pla Ling\u00fc\u00edstic de Centre<\/a><\/p><\/blockquote>\n<p><iframe loading=\"lazy\" class=\"wp-embedded-content\" sandbox=\"allow-scripts\" security=\"restricted\" style=\"position: absolute; clip: rect(1px, 1px, 1px, 1px);\" title=\"&#8220;Pla Ling\u00fc\u00edstic de Centre&#8221; &#8212; El Bruc\" src=\"https:\/\/agora.xtec.cat\/sinriells\/linstitut\/pla-linguistic-de-centre\/embed\/#?secret=JELCjEAkLB#?secret=LyogzjX2Az\" data-secret=\"LyogzjX2Az\" width=\"500\" height=\"282\" frameborder=\"0\" marginwidth=\"0\" marginheight=\"0\" scrolling=\"no\"><\/iframe><\/p>\n<p>&nbsp;<\/p>\n<h3>Enlla\u00e7os:<\/h3>\n<h3><a href=\"https:\/\/agora.xtec.cat\/sinriells\/linstitut\/pla-linguistic-de-centre\/\">Pla ling\u00fc\u00edstic de centre<\/a><\/h3>\n<h3><a href=\"https:\/\/agora.xtec.cat\/sinriells\/linstitut\/normes-dorganitzacio-i-funcionament\/\">Normes d\u2019Organitzaci\u00f3 i Funcionament del Centre 2022<\/a><\/h3>\n<h3><a href=\"https:\/\/agora.xtec.cat\/sinriells\/pla-datencio-a-lalumnat\/\">Directrius del pla d&#8217;atenci\u00f3 a l&#8217;alumnat<\/a><\/h3>\n<h3><a href=\"https:\/\/agora.xtec.cat\/sinriells\/linstitut\/projecte-educatiu\/\">Projecte Educatiu de Centre\u00a0<\/a><\/h3>\n","protected":false},"excerpt":{"rendered":"<p>On som Instal\u00b7lacions Hist\u00f2ria Organigrama Consell Escolar Documentaci\u00f3: Pla d&#8217;atenci\u00f3 a l&#8217;alumnat. Pla d&#8217;atenci\u00f3 a l&#8217;alumnat. Normativa d&#8217;organitzaci\u00f3 i funcionament [&hellip;]<\/p>\n","protected":false},"author":1,"featured_media":0,"parent":0,"menu_order":0,"comment_status":"closed","ping_status":"closed","template":"page-templates\/side-menu.php","meta":{"_bbp_topic_count":0,"_bbp_reply_count":0,"_bbp_total_topic_count":0,"_bbp_total_reply_count":0,"_bbp_voice_count":0,"_bbp_anonymous_reply_count":0,"_bbp_topic_count_hidden":0,"_bbp_reply_count_hidden":0,"_bbp_forum_subforum_count":0,"site-sidebar-layout":"default","site-content-layout":"","ast-site-content-layout":"","site-content-style":"default","site-sidebar-style":"default","ast-global-header-display":"","ast-banner-title-visibility":"","ast-main-header-display":"","ast-hfb-above-header-display":"","ast-hfb-below-header-display":"","ast-hfb-mobile-header-display":"","site-post-title":"","ast-breadcrumbs-content":"","ast-featured-img":"","footer-sml-layout":"","theme-transparent-header-meta":"","adv-header-id-meta":"","stick-header-meta":"","header-above-stick-meta":"","header-main-stick-meta":"","header-below-stick-meta":"","astra-migrate-meta-layouts":"default","ast-page-background-enabled":"default","ast-page-background-meta":{"desktop":{"background-color":"var(--ast-global-color-4)","background-image":"","background-repeat":"repeat","background-position":"center center","background-size":"auto","background-attachment":"scroll","background-type":"","background-media":"","overlay-type":"","overlay-color":"","overlay-opacity":"","overlay-gradient":""},"tablet":{"background-color":"","background-image":"","background-repeat":"repeat","background-position":"center center","background-size":"auto","background-attachment":"scroll","background-type":"","background-media":"","overlay-type":"","overlay-color":"","overlay-opacity":"","overlay-gradient":""},"mobile":{"background-color":"","background-image":"","background-repeat":"repeat","background-position":"center center","background-size":"auto","background-attachment":"scroll","background-type":"","background-media":"","overlay-type":"","overlay-color":"","overlay-opacity":"","overlay-gradient":""}},"ast-content-background-meta":{"desktop":{"background-color":"var(--ast-global-color-5)","background-image":"","background-repeat":"repeat","background-position":"center center","background-size":"auto","background-attachment":"scroll","background-type":"","background-media":"","overlay-type":"","overlay-color":"","overlay-opacity":"","overlay-gradient":""},"tablet":{"background-color":"var(--ast-global-color-5)","background-image":"","background-repeat":"repeat","background-position":"center center","background-size":"auto","background-attachment":"scroll","background-type":"","background-media":"","overlay-type":"","overlay-color":"","overlay-opacity":"","overlay-gradient":""},"mobile":{"background-color":"var(--ast-global-color-5)","background-image":"","background-repeat":"repeat","background-position":"center center","background-size":"auto","background-attachment":"scroll","background-type":"","background-media":"","overlay-type":"","overlay-color":"","overlay-opacity":"","overlay-gradient":""}},"footnotes":""},"class_list":["post-19","page","type-page","status-publish","hentry"],"post_mailing_queue_ids":[],"_links":{"self":[{"href":"https:\/\/agora.xtec.cat\/sinriells\/wp-json\/wp\/v2\/pages\/19","targetHints":{"allow":["GET"]}}],"collection":[{"href":"https:\/\/agora.xtec.cat\/sinriells\/wp-json\/wp\/v2\/pages"}],"about":[{"href":"https:\/\/agora.xtec.cat\/sinriells\/wp-json\/wp\/v2\/types\/page"}],"author":[{"embeddable":true,"href":"https:\/\/agora.xtec.cat\/sinriells\/wp-json\/wp\/v2\/users\/1"}],"replies":[{"embeddable":true,"href":"https:\/\/agora.xtec.cat\/sinriells\/wp-json\/wp\/v2\/comments?post=19"}],"version-history":[{"count":4,"href":"https:\/\/agora.xtec.cat\/sinriells\/wp-json\/wp\/v2\/pages\/19\/revisions"}],"predecessor-version":[{"id":3882,"href":"https:\/\/agora.xtec.cat\/sinriells\/wp-json\/wp\/v2\/pages\/19\/revisions\/3882"}],"wp:attachment":[{"href":"https:\/\/agora.xtec.cat\/sinriells\/wp-json\/wp\/v2\/media?parent=19"}],"curies":[{"name":"wp","href":"https:\/\/api.w.org\/{rel}","templated":true}]}}