{"id":691,"date":"2016-10-04T00:42:00","date_gmt":"2016-10-03T23:42:00","guid":{"rendered":"http:\/\/agora.xtec.cat\/si-stllorenc\/?page_id=691"},"modified":"2016-10-07T00:12:40","modified_gmt":"2016-10-06T23:12:40","slug":"la-biblioteca-i-el-seu-funcionament","status":"publish","type":"page","link":"https:\/\/agora.xtec.cat\/si-stllorenc\/projectes\/biblioteca-puntedu\/la-biblioteca-i-el-seu-funcionament\/","title":{"rendered":"Funcionament"},"content":{"rendered":"<h4 style=\"text-align: justify;\">Normes d&#8217;\u00fas i pr\u00e9stec<\/h4>\n<p style=\"text-align: justify;\">A la sala s&#8217;ha de mantenir el silenci per tal de no trencar el clima de treball i d&#8217;estudi.<\/p>\n<p style=\"text-align: justify;\">El per\u00edode de pr\u00e9stec \u00e9s de 30 dies i el nombre \u00a0m\u00e0xim de llibres \u00e9s de 3.<\/p>\n<p style=\"text-align: justify;\">La biblioteca \u00e9s un espai dedicat a la lectura, l&#8217;estudi i la recerca del tot el col\u00b7lectiu d&#8217;alumnes i professorat del centre.<\/p>\n<p><iframe title=\"Full informatiu\" src=\"https:\/\/e.issuu.com\/embed.html?u=simorunysbiblio&#038;d=full_informatiu\" style=\"border:none; width: 500px; height: 383px;\" allow=\"clipboard-write,allow-top-navigation,allow-top-navigation-by-user-activation,allow-downloads,allow-scripts,allow-same-origin,allow-popups,allow-modals,allow-popups-to-escape-sandbox,allow-forms\"  allowfullscreen=\"true\"><\/iframe><\/p>\n<h4>Activitats principals:<\/h4>\n<p>&#8211; <strong>Club de lectura<\/strong>:\u00a0recomanaci\u00f3 de llibres per animar a la lectura i compartir<\/p>\n<p>&#8211; <strong>Celebraci\u00f3 de diades<\/strong>: festes populars&#8230;<\/p>\n<p>&#8211; <strong>Bibliopati<\/strong>: Dos dies a la setmana s\u2019obre la biblioteca durant el pati.<\/p>\n<p>&#8211; <strong>Visita d&#8217;autors<\/strong>: compartir la lectura dels seus llibres i la seva obra.<\/p>\n<p>&#8211;\u00a0<strong>Exposicions tem\u00e0tiques i novetats<\/strong>:\u00a0presentacions de llibres i diversitat de continguts.<\/p>\n<p>&#8211; <strong>El llibre de la meva vida<\/strong>: projectem la lectura a l&#8217;entorn proper compartint l&#8217;opini\u00f3 dels nostres amics i familiars.<\/p>\n<p><img loading=\"lazy\" decoding=\"async\" class=\"aligncenter\" src=\"http:\/\/1.bp.blogspot.com\/-ePqRNcy3wv8\/VQ1rWdUnKsI\/AAAAAAAADZU\/OGj-SoNhtBE\/s1600\/Captura%2Bde%2Bpantalla%2B2015-03-21%2Ba%2Bles%2B13.59.35.png\" width=\"457\" height=\"153\" \/><\/p>\n","protected":false},"excerpt":{"rendered":"<p>Normes d&#8217;\u00fas i pr\u00e9stec<br \/>\nA la sala s&#8217;ha de mantenir el silenci per tal de no trencar el clima de treball i d&#8217;estudi.<br \/>\nEl per\u00edode de pr\u00e9stec \u00e9s de 30 dies i el nombre \u00a0m\u00e0xim de llibres \u00e9s de 3.<br \/>\nLa biblioteca \u00e9s un espai dedicat a la&hellip;  <a href=\"https:\/\/agora.xtec.cat\/si-stllorenc\/projectes\/biblioteca-puntedu\/la-biblioteca-i-el-seu-funcionament\/\" title=\"Read Funcionament\">Llegeix m\u00e9s\u00bb<\/a><\/p>\n","protected":false},"author":1,"featured_media":0,"parent":468,"menu_order":0,"comment_status":"closed","ping_status":"closed","template":"","meta":{"_bbp_topic_count":0,"_bbp_reply_count":0,"_bbp_total_topic_count":0,"_bbp_total_reply_count":0,"_bbp_voice_count":0,"_bbp_anonymous_reply_count":0,"_bbp_topic_count_hidden":0,"_bbp_reply_count_hidden":0,"_bbp_forum_subforum_count":0,"footnotes":""},"class_list":["post-691","page","type-page","status-publish","hentry"],"post_mailing_queue_ids":[],"_links":{"self":[{"href":"https:\/\/agora.xtec.cat\/si-stllorenc\/wp-json\/wp\/v2\/pages\/691","targetHints":{"allow":["GET"]}}],"collection":[{"href":"https:\/\/agora.xtec.cat\/si-stllorenc\/wp-json\/wp\/v2\/pages"}],"about":[{"href":"https:\/\/agora.xtec.cat\/si-stllorenc\/wp-json\/wp\/v2\/types\/page"}],"author":[{"embeddable":true,"href":"https:\/\/agora.xtec.cat\/si-stllorenc\/wp-json\/wp\/v2\/users\/1"}],"replies":[{"embeddable":true,"href":"https:\/\/agora.xtec.cat\/si-stllorenc\/wp-json\/wp\/v2\/comments?post=691"}],"version-history":[{"count":4,"href":"https:\/\/agora.xtec.cat\/si-stllorenc\/wp-json\/wp\/v2\/pages\/691\/revisions"}],"predecessor-version":[{"id":761,"href":"https:\/\/agora.xtec.cat\/si-stllorenc\/wp-json\/wp\/v2\/pages\/691\/revisions\/761"}],"up":[{"embeddable":true,"href":"https:\/\/agora.xtec.cat\/si-stllorenc\/wp-json\/wp\/v2\/pages\/468"}],"wp:attachment":[{"href":"https:\/\/agora.xtec.cat\/si-stllorenc\/wp-json\/wp\/v2\/media?parent=691"}],"curies":[{"name":"wp","href":"https:\/\/api.w.org\/{rel}","templated":true}]}}