{"id":9752,"date":"2024-02-04T12:33:11","date_gmt":"2024-02-04T11:33:11","guid":{"rendered":"https:\/\/agora.xtec.cat\/sesvallbonadanoia\/?page_id=9752"},"modified":"2025-07-11T00:26:50","modified_gmt":"2025-07-10T22:26:50","slug":"pec-projecte-educatiu-de-centre","status":"publish","type":"page","link":"https:\/\/agora.xtec.cat\/sesvallbonadanoia\/pec-projecte-educatiu-de-centre\/","title":{"rendered":"PEC. Projecte educatiu de centre 2025-29"},"content":{"rendered":"<h3 style=\"text-align: left;\"><\/h3>\n<p><a href=\"https:\/\/agora.xtec.cat\/sesvallbonadanoia\/wp-content\/uploads\/usu60\/2025\/01\/IMG_2282-scaled.jpeg\"><img loading=\"lazy\" decoding=\"async\" class=\"alignnone size-large wp-image-10969\" src=\"https:\/\/agora.xtec.cat\/sesvallbonadanoia\/wp-content\/uploads\/usu60\/2025\/01\/IMG_2282-1024x390.jpeg\" alt=\"\" width=\"1024\" height=\"390\" srcset=\"https:\/\/agora.xtec.cat\/sesvallbonadanoia\/wp-content\/uploads\/usu60\/2025\/01\/IMG_2282-1024x390.jpeg 1024w, https:\/\/agora.xtec.cat\/sesvallbonadanoia\/wp-content\/uploads\/usu60\/2025\/01\/IMG_2282-300x114.jpeg 300w, https:\/\/agora.xtec.cat\/sesvallbonadanoia\/wp-content\/uploads\/usu60\/2025\/01\/IMG_2282-768x292.jpeg 768w, https:\/\/agora.xtec.cat\/sesvallbonadanoia\/wp-content\/uploads\/usu60\/2025\/01\/IMG_2282-1536x584.jpeg 1536w, https:\/\/agora.xtec.cat\/sesvallbonadanoia\/wp-content\/uploads\/usu60\/2025\/01\/IMG_2282-2048x779.jpeg 2048w\" sizes=\"auto, (max-width: 1024px) 100vw, 1024px\" \/><\/a><\/p>\n<h4>Motivaci\u00f3 del Projecte<\/h4>\n<p>El nostre projecte educatiu es fonamenta en la pedagogia hol\u00edstica, integrant els \u00e0mbits social, human\u00edstic, art\u00edstic i cient\u00edfic. Personalitzem l&#8217;aprenentatge de l&#8217;alumnat, situant-lo al centre del seu proc\u00e9s, seguint la filosofia de Maria Montessori: &#8220;L&#8217;alegria, sentir la pr\u00f2pia v\u00e0lua, ser apreciat i estimat per uns altres, sentir-se \u00fatil i capa\u00e7 de produir, s\u00f3n factors de gran valor per a l&#8217;\u00e0nima humana.&#8221;<\/p>\n<h4>Valors del Centre<\/h4>\n<ul>\n<li>Respecte i escolta entre la comunitat educativa.<\/li>\n<li>Inclusi\u00f3 i equitat entre les diferents cultures.<\/li>\n<li>Foment de la Comunicaci\u00f3 No Violenta (CNV) i el benestar.<\/li>\n<li>Respecte i cura pel medi ambient.<\/li>\n<li>Recerca cooperativa de bons resultats acad\u00e8mics amb agrupaments multinivell.<\/li>\n<li>Sensibilitzaci\u00f3 en coeducaci\u00f3, igualtat i perspectiva de g\u00e8nere.<\/li>\n<li>Cultura de l&#8217;esfor\u00e7, creativitat, comprom\u00eds, col\u00b7laboraci\u00f3, responsabilitat i consci\u00e8ncia en l&#8217;aprenentatge.<\/li>\n<li>Desenvolupament de l&#8217;esperit cr\u00edtic, la llibertat d&#8217;expressi\u00f3, la democr\u00e0cia i el progr\u00e9s.<\/li>\n<\/ul>\n<h4>Objectius del Centre<\/h4>\n<ol>\n<li><strong>Millorar el rendiment acad\u00e8mic.<\/strong><\/li>\n<li><strong>Millorar la cohesi\u00f3 social.<\/strong><\/li>\n<li><strong>Millorar la relaci\u00f3 amb l&#8217;entorn.<\/strong><\/li>\n<\/ol>\n<p>El nostre repte \u00e9s:<\/p>\n<ul>\n<li>Acompanyar l&#8217;alumnat en la presa de decisions i el desenvolupament personal i emocional.<\/li>\n<li>Desenvolupar l&#8217;autonomia de l&#8217;alumnat.<\/li>\n<li>Promoure espais de debat i participaci\u00f3.<\/li>\n<li>Fer una avaluaci\u00f3 orientadora i qualitativa.<\/li>\n<li>Aplicar la pr\u00e0ctica restaurativa en la gesti\u00f3 dels conflictes.<\/li>\n<li>Afavorir contextos en grups cooperatius i de mentoratge.<\/li>\n<li>Promoure la innovaci\u00f3 i l&#8217;educaci\u00f3 transversal i hol\u00edstica.<\/li>\n<li>Fomentar els nexes entre alumnat, institut i fam\u00edlia.<\/li>\n<\/ul>\n<h4>Organitzaci\u00f3<\/h4>\n<p>Cada alumne\/a t\u00e9 un pla de treball per cada curs, revisat a les tutories i conjuntament amb les fam\u00edlies per assegurar el bon cam\u00ed de l&#8217;aprenentatge. Les tutories inclouen:<\/p>\n<ul>\n<li>Tutories individualitzades.<\/li>\n<li>Assemblees en petit grup (m\u00e0xim 10 alumnes).<\/li>\n<li>Clima de confian\u00e7a.<\/li>\n<li>Orientaci\u00f3 acad\u00e8mica.<\/li>\n<li>Xerrades i debats.<\/li>\n<li>Reflexions i pensament cr\u00edtic.<\/li>\n<li>Treball aut\u00f2nom i lectura.<\/li>\n<li>Foment de l&#8217;autonomia i l&#8217;organitzaci\u00f3.<\/li>\n<li>Resoluci\u00f3 de dubtes.<\/li>\n<li>Autoregulaci\u00f3 i detecci\u00f3 de necessitats de l&#8217;alumnat.<\/li>\n<li>Proc\u00e9s de personalitzaci\u00f3.<\/li>\n<\/ul>\n<h4>\u00c0mbits de Treball<\/h4>\n<p>Ens hem organitzat en set \u00e0mbits que estructuren el nostre curr\u00edculum:<\/p>\n<ul>\n<li><strong>COMUNICATIU<\/strong>: Comunicaci\u00f3 (Catal\u00e0 i Castell\u00e0) i lleng\u00fces estrangeres: (Angl\u00e8s i Franc\u00e8s).<\/li>\n<li><strong>STE<\/strong>: Cient\u00edfic i Tecnol\u00f2gic<\/li>\n<li><strong>MATEM\u00c0TIC<\/strong>: Matem\u00e0tic.<\/li>\n<li><strong>ART\u00cdSTIC<\/strong>: Art\u00edstic (VIP, Musica, Arts Esc\u00e8niques)<\/li>\n<li><strong>EF<\/strong>: Educaci\u00f3 f\u00edsica<\/li>\n<li><strong>SOCIAL<\/strong>:\u00a0Social, i Human\u00edstic.<\/li>\n<li><strong>ORI<\/strong>: Orientaci\u00f3.<\/li>\n<\/ul>\n<h4>Metodologia<\/h4>\n<ul>\n<li><strong>Mat\u00e8ries ADN<\/strong>: Matem\u00e0tiques, angl\u00e8s, catal\u00e0, castell\u00e0 i estructures ling\u00fc\u00edstiques-gramaticals en grups classe.<\/li>\n<li><strong>Mat\u00e8ries Mitocondris<\/strong>: Educaci\u00f3 F\u00edsica, Geografia i Hist\u00f2ria en grups classe.<\/li>\n<li><strong>Plans d&#8217;Acci\u00f3<\/strong>: Propostes pedag\u00f2giques optatives en multinivell de 1r a 3r ESO, en \u00e0mbits cient\u00edfic, art\u00edstic i optatiu.<\/li>\n<li><strong>Sinergies<\/strong>: Espais d&#8217;aprenentatge transversal amb treball per projectes dins dels \u00e0mbits de la comunicaci\u00f3, el cient\u00edfic, human\u00edstic i art\u00edstic.<\/li>\n<\/ul>\n<h4>Horari<\/h4>\n<ul>\n<li>8:00h-9:30 Classe<\/li>\n<li>9:30-11:00 Classe<\/li>\n<li>11:00-11:20 Pati<\/li>\n<li>11:20-12:50 Classe<\/li>\n<li>12:50-13:00 Pati<\/li>\n<li>13:00-14:30 Classe<\/li>\n<\/ul>\n<p>Com a escola verda, aconsellem portar embolcalls sostenibles com el Boc&#8217;n\u2019Roll i ampolles reutilitzables per l&#8217;aigua.<\/p>\n<h4>Programes i Aliances<\/h4>\n<ul>\n<li><a href=\"https:\/\/projectes.xtec.cat\/nou-curriculum\/educacio-basica\/programes-innovacio\/programa-de-recerca-creacio-i-servei-rcs\/\">Recerca Creaci\u00f3 i Servei<\/a>. (Programa d\u2019innovaci\u00f3 del departament d\u2019educaci\u00f3)<\/li>\n<li><a href=\"https:\/\/www.diba.cat\/web\/oda\/flipart\">Flip Art.<\/a><\/li>\n<li><a href=\"https:\/\/mediambient.gencat.cat\/ca\/05_ambits_dactuacio\/educacio_i_sostenibilitat\/educacio_per_a_la_sostenibilitat\/escoles_verdes\/index.html\">Escoles Verdes.<\/a><\/li>\n<li><a href=\"https:\/\/tallerdecinema.com\/project\/reacciona\/3\">Reacciona Cinema Solidari.<\/a><\/li>\n<li><a href=\"https:\/\/www.behenka.org\/ca\">Programa Henka<\/a> (Hospital Sant Joan de D\u00e9u).<\/li>\n<li>Formaci\u00f3 emocional amb <a href=\"https:\/\/xtec.gencat.cat\/ca\/innovacio\/programes_innovacio\/centres-de-formacio-adults\/enfocament-restauratiu-global\/\">l\u2019Enfocament Restauratiu Global.<\/a><\/li>\n<li>Actuaci\u00f3 al Liceu: <a href=\"https:\/\/www.liceubarcelona.cat\/ca\/el-monstre-al-laberint\">El Monstre del Laberint.<\/a><\/li>\n<li>Intercanvis i Sortides Educatives.<\/li>\n<li>Cooperativa Solid\u00e0ria.<\/li>\n<\/ul>\n<h4>Sortides Educatives i L\u00fadiques<\/h4>\n<ul>\n<li><strong>1r ESO<\/strong>: <a href=\"https:\/\/serveiseducatius.xtec.cat\/cda-flix\/\">Camp d\u2019aprenentatge de Flix<\/a>.<\/li>\n<li><strong>2n ESO<\/strong>: <a href=\"https:\/\/serveiseducatius.xtec.cat\/cda-ripolles\/\">Camp d\u2019aprenentatge del Ripoll\u00e8s.<\/a><\/li>\n<li><strong>3r ESO<\/strong>: Caminant per la comarca.<\/li>\n<li><strong>4t ESO<\/strong>: Viatge final d&#8217;etapa.<\/li>\n<\/ul>\n<h4>Normativa del Centre<\/h4>\n<ul>\n<li>Cura de l&#8217;entorn i del material.<\/li>\n<li><b>Prohibici\u00f3 dels dispositius electr\u00f2nics.<\/b><\/li>\n<li><b>Respecte<\/b> a tota la comunitat educativa.<\/li>\n<li>Prohibici\u00f3 d&#8217;objectes i subst\u00e0ncies nocives.<\/li>\n<li>Marcar els objectes personals per evitar p\u00e8rdues.<\/li>\n<\/ul>\n<p>Finalment, convidem tota la comunitat educativa a somiar i aconseguir els objectius compartits, fent de l&#8217;Institut Vallbona d&#8217;Anoia un lloc de creixement i aprenentatge per a tothom.<\/p>\n<p><a href=\"https:\/\/agora.xtec.cat\/sesvallbonadanoia\/wp-content\/uploads\/usu60\/2025\/07\/Tiptic_INS_Vallbona-25-26-1-1.pdf\">Tr\u00edptic_PEC_INS_Vallbona 25-26<\/a><\/p>\n<p><a href=\"https:\/\/agora.xtec.cat\/sesvallbonadanoia\/wp-content\/uploads\/usu60\/2025\/07\/1.png\"><img loading=\"lazy\" decoding=\"async\" class=\"alignnone size-full wp-image-12065\" src=\"https:\/\/agora.xtec.cat\/sesvallbonadanoia\/wp-content\/uploads\/usu60\/2025\/07\/1.png\" alt=\"\" width=\"1000\" height=\"707\" srcset=\"https:\/\/agora.xtec.cat\/sesvallbonadanoia\/wp-content\/uploads\/usu60\/2025\/07\/1.png 1000w, https:\/\/agora.xtec.cat\/sesvallbonadanoia\/wp-content\/uploads\/usu60\/2025\/07\/1-300x212.png 300w, https:\/\/agora.xtec.cat\/sesvallbonadanoia\/wp-content\/uploads\/usu60\/2025\/07\/1-768x543.png 768w\" sizes=\"auto, (max-width: 1000px) 100vw, 1000px\" \/><\/a><\/p>\n<p><a href=\"https:\/\/agora.xtec.cat\/sesvallbonadanoia\/wp-content\/uploads\/usu60\/2025\/07\/2.png\"><img loading=\"lazy\" decoding=\"async\" class=\"alignnone size-full wp-image-12066\" src=\"https:\/\/agora.xtec.cat\/sesvallbonadanoia\/wp-content\/uploads\/usu60\/2025\/07\/2.png\" alt=\"\" width=\"1000\" height=\"707\" srcset=\"https:\/\/agora.xtec.cat\/sesvallbonadanoia\/wp-content\/uploads\/usu60\/2025\/07\/2.png 1000w, https:\/\/agora.xtec.cat\/sesvallbonadanoia\/wp-content\/uploads\/usu60\/2025\/07\/2-300x212.png 300w, https:\/\/agora.xtec.cat\/sesvallbonadanoia\/wp-content\/uploads\/usu60\/2025\/07\/2-768x543.png 768w\" sizes=\"auto, (max-width: 1000px) 100vw, 1000px\" \/><\/a><\/p>\n","protected":false},"excerpt":{"rendered":"<p><a href=\"https:\/\/agora.xtec.cat\/sesvallbonadanoia\/wp-content\/uploads\/usu60\/2025\/01\/IMG_2282-scaled.jpeg\"><\/a><br \/>\nMotivaci\u00f3 del Projecte<br \/>\nEl nostre projecte educatiu es fonamenta en la pedagogia hol\u00edstica, integrant els \u00e0mbits social, human\u00edstic, art\u00edstic i cient\u00edfic. Personalitzem l&#8217;aprenentatge de l&#8217;alumnat, situant-lo al centre del seu proc\u00e9s, seguint la filosofia de Maria Montessori: &#8220;L&#8217;alegria, sentir la pr\u00f2pia v\u00e0lua, ser apreciat i&hellip;  <a href=\"https:\/\/agora.xtec.cat\/sesvallbonadanoia\/pec-projecte-educatiu-de-centre\/\" title=\"Read PEC. Projecte educatiu de centre 2025-29\">Llegeix m\u00e9s\u00bb<\/a><\/p>\n","protected":false},"author":1,"featured_media":0,"parent":0,"menu_order":0,"comment_status":"closed","ping_status":"closed","template":"","meta":{"_bbp_topic_count":0,"_bbp_reply_count":0,"_bbp_total_topic_count":0,"_bbp_total_reply_count":0,"_bbp_voice_count":0,"_bbp_anonymous_reply_count":0,"_bbp_topic_count_hidden":0,"_bbp_reply_count_hidden":0,"_bbp_forum_subforum_count":0,"footnotes":""},"class_list":["post-9752","page","type-page","status-publish","hentry"],"post_mailing_queue_ids":[],"_links":{"self":[{"href":"https:\/\/agora.xtec.cat\/sesvallbonadanoia\/wp-json\/wp\/v2\/pages\/9752","targetHints":{"allow":["GET"]}}],"collection":[{"href":"https:\/\/agora.xtec.cat\/sesvallbonadanoia\/wp-json\/wp\/v2\/pages"}],"about":[{"href":"https:\/\/agora.xtec.cat\/sesvallbonadanoia\/wp-json\/wp\/v2\/types\/page"}],"author":[{"embeddable":true,"href":"https:\/\/agora.xtec.cat\/sesvallbonadanoia\/wp-json\/wp\/v2\/users\/1"}],"replies":[{"embeddable":true,"href":"https:\/\/agora.xtec.cat\/sesvallbonadanoia\/wp-json\/wp\/v2\/comments?post=9752"}],"version-history":[{"count":6,"href":"https:\/\/agora.xtec.cat\/sesvallbonadanoia\/wp-json\/wp\/v2\/pages\/9752\/revisions"}],"predecessor-version":[{"id":12076,"href":"https:\/\/agora.xtec.cat\/sesvallbonadanoia\/wp-json\/wp\/v2\/pages\/9752\/revisions\/12076"}],"wp:attachment":[{"href":"https:\/\/agora.xtec.cat\/sesvallbonadanoia\/wp-json\/wp\/v2\/media?parent=9752"}],"curies":[{"name":"wp","href":"https:\/\/api.w.org\/{rel}","templated":true}]}}