{"id":9487,"date":"2023-11-22T14:14:28","date_gmt":"2023-11-22T13:14:28","guid":{"rendered":"https:\/\/agora.xtec.cat\/sesvallbonadanoia\/?page_id=9487"},"modified":"2024-06-26T11:26:26","modified_gmt":"2024-06-26T09:26:26","slug":"estrategia-digital-de-centre","status":"publish","type":"page","link":"https:\/\/agora.xtec.cat\/sesvallbonadanoia\/projecte-educatiu\/estrategia-digital-de-centre\/","title":{"rendered":"Estrat\u00e8gia digital de centre"},"content":{"rendered":"<p>L&#8217;estrat\u00e8gia digital de centre (EDC) defineix i concreta les l\u00ednies d&#8217;actuaci\u00f3 d&#8217;un centre que fan possible que docents, alumnat i centre assoleixin la compet\u00e8ncia digital. Per aconseguir aquesta compet\u00e8ncia digital, l&#8217;EDC compr\u00e8n tots els \u00e0mbits del centre: organitzatius, metodol\u00f2gics, curriculars i comunicatius, els quals s&#8217;han de veure necess\u00e0riament implicats i, si escau, transformats, des d\u2019una perspectiva d&#8217;innovaci\u00f3 i de millora cont\u00ednua.<\/p>\n<p><em><strong><a href=\"https:\/\/agora.xtec.cat\/sesvallbonadanoia\/projecte-educatiu\/estrategia-digital-de-centre\/estrategia-digital-del-centre\/\">Estrat\u00e8gia\u00a0<\/a><\/strong><\/em><\/p>\n<p>L&#8217;estrat\u00e8gia marca l\u2019horitz\u00f3 on vol arribar el centre a mitj\u00e0 termini en l\u2019\u00e0mbit\u00a0 digital. Inclou una diagnosi, la determinaci\u00f3 d\u2019objectius, la planificaci\u00f3 d\u2019actuacions concretes i fixa l\u2019avaluaci\u00f3 de la mateixa estrat\u00e8gia.<\/p>\n<p><em><strong><a href=\"https:\/\/agora.xtec.cat\/sesvallbonadanoia\/projecte-educatiu\/estrategia-digital-de-centre\/cultura-digital\/\">Cultura Digital<\/a><\/strong><\/em><\/p>\n<p>Recull de la cultura digital del centre, el qual permet tenir un coneixement global del centre en l\u2019\u00e0mbit digital. Inclou procediments, acords i accions que el centre ja est\u00e0 realitzant i que permeten tenir una visi\u00f3 completa de la cultura digital que el centre ja ha assolit.<\/p>\n<p>&nbsp;<\/p>\n","protected":false},"excerpt":{"rendered":"<p>L&#8217;estrat\u00e8gia digital de centre (EDC) defineix i concreta les l\u00ednies d&#8217;actuaci\u00f3 d&#8217;un centre que fan possible que docents, alumnat i centre assoleixin la compet\u00e8ncia digital. Per aconseguir aquesta compet\u00e8ncia digital, l&#8217;EDC compr\u00e8n tots els \u00e0mbits del centre: organitzatius, metodol\u00f2gics, curriculars i comunicatius, els quals s&#8217;han&hellip;  <a href=\"https:\/\/agora.xtec.cat\/sesvallbonadanoia\/projecte-educatiu\/estrategia-digital-de-centre\/\" title=\"Read Estrat\u00e8gia digital de centre\">Llegeix m\u00e9s\u00bb<\/a><\/p>\n","protected":false},"author":27,"featured_media":0,"parent":57,"menu_order":0,"comment_status":"closed","ping_status":"closed","template":"page-templates\/side-menu.php","meta":{"_bbp_topic_count":0,"_bbp_reply_count":0,"_bbp_total_topic_count":0,"_bbp_total_reply_count":0,"_bbp_voice_count":0,"_bbp_anonymous_reply_count":0,"_bbp_topic_count_hidden":0,"_bbp_reply_count_hidden":0,"_bbp_forum_subforum_count":0,"footnotes":""},"class_list":["post-9487","page","type-page","status-publish","hentry"],"post_mailing_queue_ids":[],"_links":{"self":[{"href":"https:\/\/agora.xtec.cat\/sesvallbonadanoia\/wp-json\/wp\/v2\/pages\/9487","targetHints":{"allow":["GET"]}}],"collection":[{"href":"https:\/\/agora.xtec.cat\/sesvallbonadanoia\/wp-json\/wp\/v2\/pages"}],"about":[{"href":"https:\/\/agora.xtec.cat\/sesvallbonadanoia\/wp-json\/wp\/v2\/types\/page"}],"author":[{"embeddable":true,"href":"https:\/\/agora.xtec.cat\/sesvallbonadanoia\/wp-json\/wp\/v2\/users\/27"}],"replies":[{"embeddable":true,"href":"https:\/\/agora.xtec.cat\/sesvallbonadanoia\/wp-json\/wp\/v2\/comments?post=9487"}],"version-history":[{"count":7,"href":"https:\/\/agora.xtec.cat\/sesvallbonadanoia\/wp-json\/wp\/v2\/pages\/9487\/revisions"}],"predecessor-version":[{"id":10251,"href":"https:\/\/agora.xtec.cat\/sesvallbonadanoia\/wp-json\/wp\/v2\/pages\/9487\/revisions\/10251"}],"up":[{"embeddable":true,"href":"https:\/\/agora.xtec.cat\/sesvallbonadanoia\/wp-json\/wp\/v2\/pages\/57"}],"wp:attachment":[{"href":"https:\/\/agora.xtec.cat\/sesvallbonadanoia\/wp-json\/wp\/v2\/media?parent=9487"}],"curies":[{"name":"wp","href":"https:\/\/api.w.org\/{rel}","templated":true}]}}