{"id":9106,"date":"2023-06-26T11:39:11","date_gmt":"2023-06-26T09:39:11","guid":{"rendered":"https:\/\/agora.xtec.cat\/sesvallbonadanoia\/?page_id=9106"},"modified":"2024-04-17T09:28:19","modified_gmt":"2024-04-17T07:28:19","slug":"desplegament-curricular-de-la-comissio-digital","status":"publish","type":"page","link":"https:\/\/agora.xtec.cat\/sesvallbonadanoia\/projecte-educatiu\/estrategia-digital-de-centre\/cultura-digital\/desplegament-curricular-de-la-comissio-digital\/","title":{"rendered":"Desplegament curricular de la Compet\u00e8ncia Digital"},"content":{"rendered":"<ul>\n<li><a href=\"https:\/\/docs.google.com\/spreadsheets\/d\/e\/2PACX-1vRxJPqb1pB6QmEbBohkfB8AAjBKh55uUxoATGPH3TRMOtt5qc5ir3wW5AuuOiEwNfS0l4w2ajiy7ddi\/pubhtml?gid=689930945&amp;single=true\" target=\"_blank\" rel=\"noopener\">COMPET\u00c8NCIES DIGITALS ESPEC\u00cdFIQUES I CRITERIS D&#8217;AVALUACI\u00d3.<\/a><\/li>\n<li><a href=\"https:\/\/docs.google.com\/spreadsheets\/d\/e\/2PACX-1vRxJPqb1pB6QmEbBohkfB8AAjBKh55uUxoATGPH3TRMOtt5qc5ir3wW5AuuOiEwNfS0l4w2ajiy7ddi\/pubhtml?gid=1459933687&amp;single=true\" target=\"_blank\" rel=\"noopener\">DESPLEGAMENT DELS CRITERIS D&#8217;AVALUACI\u00d3 DE LES MAT\u00c8RIES AMB ELS INDICADORS DE LA COMPET\u00c8NCIA DIGITAL ASSOCIADA.<\/a><\/li>\n<li><a href=\"https:\/\/docs.google.com\/document\/d\/e\/2PACX-1vTLZwsjwWuQiFFLdEeElNpG4ZqQm2y_rve0DsNo5OORds-SKPq7ehiVydZL6KM-MdBAxXyRkNV7vBQP\/pub\" target=\"_blank\" rel=\"noopener\">R\u00daBRICA D&#8217;AVALUACI\u00d3 DE LA COMPET\u00c8NCIA DIGITAL.<\/a><\/li>\n<\/ul>\n","protected":false},"excerpt":{"rendered":"<ul>\n<li><a href=\"https:\/\/docs.google.com\/spreadsheets\/d\/e\/2PACX-1vRxJPqb1pB6QmEbBohkfB8AAjBKh55uUxoATGPH3TRMOtt5qc5ir3wW5AuuOiEwNfS0l4w2ajiy7ddi\/pubhtml?gid=689930945&amp;single=true\" target=\"_blank\" rel=\"noopener\">COMPET\u00c8NCIES DIGITALS ESPEC\u00cdFIQUES I CRITERIS D&#8217;AVALUACI\u00d3.<\/a><\/li>\n<li><a href=\"https:\/\/docs.google.com\/spreadsheets\/d\/e\/2PACX-1vRxJPqb1pB6QmEbBohkfB8AAjBKh55uUxoATGPH3TRMOtt5qc5ir3wW5AuuOiEwNfS0l4w2ajiy7ddi\/pubhtml?gid=1459933687&amp;single=true\" target=\"_blank\" rel=\"noopener\">DESPLEGAMENT DELS CRITERIS D&#8217;AVALUACI\u00d3 DE LES MAT\u00c8RIES AMB ELS INDICADORS DE LA COMPET\u00c8NCIA DIGITAL ASSOCIADA.<\/a><\/li>\n<li><a href=\"https:\/\/docs.google.com\/document\/d\/e\/2PACX-1vTLZwsjwWuQiFFLdEeElNpG4ZqQm2y_rve0DsNo5OORds-SKPq7ehiVydZL6KM-MdBAxXyRkNV7vBQP\/pub\" target=\"_blank\" rel=\"noopener\">R\u00daBRICA D&#8217;AVALUACI\u00d3 DE LA COMPET\u00c8NCIA DIGITAL.<\/a><\/li>\n<\/ul>\n","protected":false},"author":1,"featured_media":0,"parent":9088,"menu_order":0,"comment_status":"closed","ping_status":"closed","template":"","meta":{"_bbp_topic_count":0,"_bbp_reply_count":0,"_bbp_total_topic_count":0,"_bbp_total_reply_count":0,"_bbp_voice_count":0,"_bbp_anonymous_reply_count":0,"_bbp_topic_count_hidden":0,"_bbp_reply_count_hidden":0,"_bbp_forum_subforum_count":0,"footnotes":""},"class_list":["post-9106","page","type-page","status-publish","hentry"],"post_mailing_queue_ids":[],"_links":{"self":[{"href":"https:\/\/agora.xtec.cat\/sesvallbonadanoia\/wp-json\/wp\/v2\/pages\/9106","targetHints":{"allow":["GET"]}}],"collection":[{"href":"https:\/\/agora.xtec.cat\/sesvallbonadanoia\/wp-json\/wp\/v2\/pages"}],"about":[{"href":"https:\/\/agora.xtec.cat\/sesvallbonadanoia\/wp-json\/wp\/v2\/types\/page"}],"author":[{"embeddable":true,"href":"https:\/\/agora.xtec.cat\/sesvallbonadanoia\/wp-json\/wp\/v2\/users\/1"}],"replies":[{"embeddable":true,"href":"https:\/\/agora.xtec.cat\/sesvallbonadanoia\/wp-json\/wp\/v2\/comments?post=9106"}],"version-history":[{"count":6,"href":"https:\/\/agora.xtec.cat\/sesvallbonadanoia\/wp-json\/wp\/v2\/pages\/9106\/revisions"}],"predecessor-version":[{"id":9964,"href":"https:\/\/agora.xtec.cat\/sesvallbonadanoia\/wp-json\/wp\/v2\/pages\/9106\/revisions\/9964"}],"up":[{"embeddable":true,"href":"https:\/\/agora.xtec.cat\/sesvallbonadanoia\/wp-json\/wp\/v2\/pages\/9088"}],"wp:attachment":[{"href":"https:\/\/agora.xtec.cat\/sesvallbonadanoia\/wp-json\/wp\/v2\/media?parent=9106"}],"curies":[{"name":"wp","href":"https:\/\/api.w.org\/{rel}","templated":true}]}}