{"id":9100,"date":"2023-06-26T11:36:48","date_gmt":"2023-06-26T09:36:48","guid":{"rendered":"https:\/\/agora.xtec.cat\/sesvallbonadanoia\/?page_id=9100"},"modified":"2025-06-15T05:41:01","modified_gmt":"2025-06-15T03:41:01","slug":"prestec-ordinadors","status":"publish","type":"page","link":"https:\/\/agora.xtec.cat\/sesvallbonadanoia\/projecte-educatiu\/estrategia-digital-de-centre\/cultura-digital\/prestec-ordinadors\/","title":{"rendered":"Pr\u00e9stec ordinadors"},"content":{"rendered":"<p><a href=\"https:\/\/agora.xtec.cat\/sesvallbonadanoia\/wp-content\/uploads\/usu60\/2025\/06\/Carta-families-Prestec-ordinadors-.docx-_24_25.pdf\">Carta fam\u00edlies &#8211; Pr\u00e9stec ordinadors .docx _24_25<\/a><\/p>\n<p><a href=\"https:\/\/youtu.be\/bYiWW8yu3kQ?si=2ekJaS596OQ5vZ7d\">Consells per la cura de l&#8217;ordinador<\/a><\/p>\n<p data-start=\"142\" data-end=\"224\"><strong>Casu\u00edstiques relacionades amb el no retorn d\u2019un ordinador cedit pel centre<\/strong><\/p>\n<p data-start=\"226\" data-end=\"436\">Els ordinadors assignats a l\u2019alumnat s\u00f3n propietat del Departament d\u2019Educaci\u00f3 i es cedeixen per a \u00fas educatiu durant l\u2019etapa escolar. En cas que no siguin retornats al centre, cal seguir els protocols seg\u00fcents:<\/p>\n<p style=\"padding-left: 40px;\" data-start=\"438\" data-end=\"715\"><strong data-start=\"438\" data-end=\"463\">a. P\u00e8rdua o robatori:<\/strong><br data-start=\"463\" data-end=\"466\" \/>En cas de p\u00e8rdua o robatori de l\u2019ordinador, la fam\u00edlia haur\u00e0 de presentar <strong data-start=\"540\" data-end=\"585\">una den\u00fancia formal als Mossos d\u2019Esquadra<\/strong> i lliurar-ne una c\u00f2pia al centre. Aquesta den\u00fancia ha d\u2019incloure, si \u00e9s possible, el n\u00famero de s\u00e8rie i\/o el codi SACE de l\u2019equip.<\/p>\n<p style=\"padding-left: 40px;\" data-start=\"717\" data-end=\"892\"><strong data-start=\"717\" data-end=\"764\">b. No retorn de l\u2019ordinador i\/o carregador:<\/strong><br data-start=\"764\" data-end=\"767\" \/>Si l\u2019alumne\/a no retorna l\u2019ordinador o el carregador, el centre requerir\u00e0 a la fam\u00edlia que procedeixi al seu retorn immediat.<\/p>\n<p style=\"padding-left: 40px;\" data-start=\"894\" data-end=\"1055\"><strong data-start=\"894\" data-end=\"951\">c. Incompareixen\u00e7a o negativa a retornar el material:<\/strong><br data-start=\"951\" data-end=\"954\" \/>Si la fam\u00edlia no respon als requeriments del centre o es nega a retornar el dispositiu:<\/p>\n<ul>\n<li style=\"list-style-type: none;\">\n<ul>\n<li style=\"list-style-type: none;\">\n<ul>\n<li style=\"list-style-type: none;\">\n<ul>\n<li style=\"list-style-type: none;\">\n<ul data-start=\"1057\" data-end=\"1316\">\n<li data-start=\"1057\" data-end=\"1170\">\n<p data-start=\"1059\" data-end=\"1170\">Caldr\u00e0 <strong data-start=\"1066\" data-end=\"1093\">interposar una den\u00fancia<\/strong> per part del centre, indicant el n\u00famero de s\u00e8rie i\/o codi SACE de l\u2019equip.<\/p>\n<\/li>\n<li data-start=\"1171\" data-end=\"1316\">\n<p data-start=\"1173\" data-end=\"1316\">Paral\u00b7lelament, s\u2019haur\u00e0 d\u2019<strong data-start=\"1199\" data-end=\"1223\">obrir una incid\u00e8ncia<\/strong> de tipus <em data-start=\"1233\" data-end=\"1261\">&#8220;Incid\u00e8ncia amb ordinador&#8221;<\/em> a l\u2019aplicatiu corresponent del Departament d\u2019Educaci\u00f3.<\/p>\n<\/li>\n<\/ul>\n<\/li>\n<\/ul>\n<\/li>\n<\/ul>\n<\/li>\n<\/ul>\n<\/li>\n<\/ul>\n<p style=\"padding-left: 40px;\" data-start=\"1318\" data-end=\"1481\">Aquest protocol t\u00e9 com a finalitat garantir la responsabilitat compartida sobre el material tecnol\u00f2gic cedit i assegurar el correcte seguiment en cas d\u2019incid\u00e8ncia.<\/p>\n","protected":false},"excerpt":{"rendered":"<p><a href=\"https:\/\/agora.xtec.cat\/sesvallbonadanoia\/wp-content\/uploads\/usu60\/2025\/06\/Carta-families-Prestec-ordinadors-.docx-_24_25.pdf\">Carta fam\u00edlies &#8211; Pr\u00e9stec ordinadors .docx _24_25<\/a><br \/>\n<a href=\"https:\/\/youtu.be\/bYiWW8yu3kQ?si=2ekJaS596OQ5vZ7d\">Consells per la cura de l&#8217;ordinador<\/a><br \/>\nCasu\u00edstiques relacionades amb el no retorn d\u2019un ordinador cedit pel centre<br \/>\nEls ordinadors assignats a l\u2019alumnat s\u00f3n propietat del Departament d\u2019Educaci\u00f3 i es cedeixen per a \u00fas educatiu durant l\u2019etapa escolar. En cas&hellip;  <a href=\"https:\/\/agora.xtec.cat\/sesvallbonadanoia\/projecte-educatiu\/estrategia-digital-de-centre\/cultura-digital\/prestec-ordinadors\/\" title=\"Read Pr\u00e9stec ordinadors\">Llegeix m\u00e9s\u00bb<\/a><\/p>\n","protected":false},"author":1,"featured_media":0,"parent":9088,"menu_order":0,"comment_status":"closed","ping_status":"closed","template":"","meta":{"_bbp_topic_count":0,"_bbp_reply_count":0,"_bbp_total_topic_count":0,"_bbp_total_reply_count":0,"_bbp_voice_count":0,"_bbp_anonymous_reply_count":0,"_bbp_topic_count_hidden":0,"_bbp_reply_count_hidden":0,"_bbp_forum_subforum_count":0,"footnotes":""},"class_list":["post-9100","page","type-page","status-publish","hentry"],"post_mailing_queue_ids":[],"_links":{"self":[{"href":"https:\/\/agora.xtec.cat\/sesvallbonadanoia\/wp-json\/wp\/v2\/pages\/9100","targetHints":{"allow":["GET"]}}],"collection":[{"href":"https:\/\/agora.xtec.cat\/sesvallbonadanoia\/wp-json\/wp\/v2\/pages"}],"about":[{"href":"https:\/\/agora.xtec.cat\/sesvallbonadanoia\/wp-json\/wp\/v2\/types\/page"}],"author":[{"embeddable":true,"href":"https:\/\/agora.xtec.cat\/sesvallbonadanoia\/wp-json\/wp\/v2\/users\/1"}],"replies":[{"embeddable":true,"href":"https:\/\/agora.xtec.cat\/sesvallbonadanoia\/wp-json\/wp\/v2\/comments?post=9100"}],"version-history":[{"count":6,"href":"https:\/\/agora.xtec.cat\/sesvallbonadanoia\/wp-json\/wp\/v2\/pages\/9100\/revisions"}],"predecessor-version":[{"id":11918,"href":"https:\/\/agora.xtec.cat\/sesvallbonadanoia\/wp-json\/wp\/v2\/pages\/9100\/revisions\/11918"}],"up":[{"embeddable":true,"href":"https:\/\/agora.xtec.cat\/sesvallbonadanoia\/wp-json\/wp\/v2\/pages\/9088"}],"wp:attachment":[{"href":"https:\/\/agora.xtec.cat\/sesvallbonadanoia\/wp-json\/wp\/v2\/media?parent=9100"}],"curies":[{"name":"wp","href":"https:\/\/api.w.org\/{rel}","templated":true}]}}